{"id":259,"date":"2018-03-31T12:14:53","date_gmt":"2018-03-31T05:14:53","guid":{"rendered":"http:\/\/denled.muathemewordpress.net\/?page_id=259"},"modified":"2024-08-08T08:45:51","modified_gmt":"2024-08-08T08:45:51","slug":"gioi-thieu","status":"publish","type":"page","link":"https:\/\/sunnysolar.vn\/en\/gioi-thieu\/","title":{"rendered":"Gi\u1edbi thi\u1ec7u"},"content":{"rendered":"<section class=\"section gioi-thieu\" id=\"section_1464333628\">\n\t\t<div class=\"bg section-bg fill bg-fill  bg-loaded\" >\n\n\t\t\t\n\t\t\t\n\t\t\t\n\n\t\t<\/div>\n\n\t\t<div class=\"section-content relative\">\n\t\t\t\n\n<div class=\"row\"  id=\"row-1452616691\">\n\n\n\t<div id=\"col-1122138072\" class=\"col medium-3 small-12 large-3\"  >\n\t\t<div class=\"col-inner\"  >\n\t\t\t\n\t\t\t\n\n<div class=\"line\">\u00a0<\/div>\n<h4>\u00a0<\/h4>\n\n\t\t<\/div>\n\t\t\t<\/div>\n\n\t\n\n\t<div id=\"col-1769777148\" class=\"col medium-6 small-12 large-6\"  >\n\t\t<div class=\"col-inner\"  >\n\t\t\t\n\t\t\t\n\n\t<div class=\"img has-hover x md-x lg-x y md-y lg-y\" id=\"image_1298897352\">\n\t\t\t\t\t\t\t\t<div class=\"img-inner dark\" >\n\t\t\t<img loading=\"lazy\" decoding=\"async\" width=\"637\" height=\"407\" src=\"https:\/\/sunnysolar.vn\/wp-content\/uploads\/2018\/03\/gioithieu.jpg\" class=\"attachment-original size-original\" alt=\"\" srcset=\"https:\/\/sunnysolar.vn\/wp-content\/uploads\/2018\/03\/gioithieu.jpg 637w, https:\/\/sunnysolar.vn\/wp-content\/uploads\/2018\/03\/gioithieu-600x383.jpg 600w, https:\/\/sunnysolar.vn\/wp-content\/uploads\/2018\/03\/gioithieu-300x192.jpg 300w\" sizes=\"auto, (max-width: 637px) 100vw, 637px\" \/>\t\t\t\t\t\t\n\t\t\t\t\t<\/div>\n\t\t\t\t\t\t\t\t\n<style>\n#image_1298897352 {\n  width: 100%;\n}\n<\/style>\n\t<\/div>\n\t\n\n<p>K\u00ednh g\u1eedi Qu\u00fd Kh\u00e1ch h\u00e0ng,<\/p>\n<p>\u1ee8ng d\u1ee5ng c\u00f4ng ngh\u1ec7 m\u1edbi ti\u1ebft ki\u1ec7m n\u0103ng l\u01b0\u1ee3ng v\u00e0 n\u0103ng l\u01b0\u1ee3ng t\u00e1i t\u1ea1o kh\u00f4ng ch\u1ec9 l\u00e0 l\u1ef1a ch\u1ecdn h\u00e0ng \u0111\u1ea7u \u0111\u1ec3 n\u00e2ng cao n\u0103ng l\u1ef1c c\u1ea1nh tranh c\u1ee7a doanh nghi\u1ec7p m\u00e0 c\u00f2n l\u00e0 c\u00e1ch t\u1ed1t nh\u1ea5t \u0111\u1ec3 th\u1ec3 hi\u1ec7n cam k\u1ebft b\u1ea3o v\u1ec7 m\u00f4i tr\u01b0\u1eddng c\u0169ng nh\u01b0 tr\u00e1ch nhi\u1ec7m \u0111\u1ed1i v\u1edbi th\u1ebf h\u1ec7 mai sau.<br \/>H\u1ed9i ngh\u1ecb li\u00ean hi\u1ec7p qu\u1ed1c t\u1ebf v\u1ec1 bi\u1ebfn \u0111\u1ed5i kh\u00ed h\u1eadu (COP) nhi\u1ec1u n\u0103m qua \u0111\u00e3 \u0111\u00e1nh l\u00ean h\u1ed3i chu\u00f4ng c\u1ea3nh b\u00e1o v\u1ec1 bi\u1ebfn \u0111\u1ed5i kh\u00ed h\u1eadu tr\u00ean to\u00e0n c\u1ea7u, trong \u0111\u00f3 c\u00f3 Vi\u1ec7t Nam. N\u1ebfu nh\u1eefng xu h\u01b0\u1edbng kinh t\u1ebf m\u1edbi nh\u01b0 tham gia CPTPP (Hi\u1ec7p \u0111\u1ecbnh \u0111\u1ed1i t\u00e1c kinh t\u1ebf xuy\u00ean Th\u00e1i B\u00ecnh D\u01b0\u01a1ng) hay gia nh\u1eadp C\u1ed9ng \u0111\u1ed3ng Kinh t\u1ebf ASEAN s\u1ebd gi\u00fap Vi\u1ec7t Nam t\u0103ng tr\u01b0\u1edfng GPD tr\u00ean 5% th\u00ec \u00edt ai \u0111\u1ec3 \u00fd r\u1eb1ng bi\u1ebfn \u0111\u1ed5i kh\u00ed h\u1eadu \u0111ang l\u00e0m Vi\u1ec7t Nam m\u1ea5t \u0111i kh\u00f4ng d\u01b0\u1edbi 5% GDP m\u1ed7i n\u0103m.<\/p>\n<p>Th\u1ea5u hi\u1ec3u \u0111\u01b0\u1ee3c nh\u1eefng \u0111i\u1ec1u n\u00eau tr\u00ean, C\u00f4ng ty TNHH K\u1ef9 Thu\u1eadt v\u00e0 Th\u01b0\u01a1ng M\u1ea1i SUNNY (C\u00f4ng ty SUNNY) lu\u00f4n quan t\u00e2m v\u00e0 \u0111\u1ea9y m\u1ea1nh vi\u1ec7c nghi\u00ean c\u1ee9u v\u00e0 ph\u00e1t tri\u1ec3n c\u00f4ng ngh\u1ec7, k\u1ef9 thu\u1eadt,&#8230; th\u1ef1c hi\u1ec7n s\u1ee9 m\u1ec7nh c\u1ee7a m\u00ecnh l\u00e0 mang ngu\u1ed3n n\u0103ng l\u01b0\u1ee3ng s\u1ea1ch v\u00e0o cu\u1ed9c s\u1ed1ng qua c\u00e1c \u1ee9ng d\u1ee5ng \u0111a d\u1ea1ng, ti\u1ec7n d\u1ee5ng v\u1edbi chi ph\u00ed th\u1ea5p \u0111\u1ec3 gi\u1ea3i quy\u1ebft c\u00e1c v\u1ea5n \u0111\u1ec1 li\u00ean quan kh\u00f4ng ch\u1ec9 \u1ea3nh h\u01b0\u1edfng \u0111\u1ebfn doanh nghi\u1ec7p n\u00f3i chung m\u00e0 c\u00f2n \u1ea3nh h\u01b0\u1edfng \u0111\u1ebfn t\u1eebng kh\u00e1ch h\u00e0ng c\u00e1 nh\u00e2n n\u00f3i ri\u00eang.<\/p>\n<p>\u0110\u1ed3ng h\u00e0nh theo s\u1ef1 ph\u00e1t tri\u1ec3n c\u1ee7a c\u00f4ng ngh\u1ec7 tr\u00ean th\u1ebf gi\u1edbi, c\u0169ng nh\u01b0 v\u1edbi h\u01a1n 10 n\u0103m kinh nghi\u1ec7m c\u1ee7a \u0111\u1ed9i ng\u0169 qu\u1ea3n l\u00fd v\u00e0 k\u1ef9 thu\u1eadt, C\u00f4ng ty SUNNY \u0111\u00e3 th\u1ef1c hi\u1ec7n nhi\u1ec1u d\u1ef1 \u00e1n l\u1edbn, \u0111\u1ec1 t\u00e0i c\u1ea5p qu\u1ed1c gia nh\u01b0: D\u1ef1 \u00e1n c\u1ea3i t\u1ea1o chi\u1ebfu s\u00e1ng di t\u00edch C\u1ed1 \u0110\u00f4 Hu\u1ebf, H\u1ec7 th\u1ed1ng \u0111i\u1ec7n n\u0103ng l\u01b0\u1ee3ng m\u1eb7t tr\u1eddi cho c\u00e1c nh\u00e0 m\u00e1y nh\u01b0 \u0110\u1ea1m Ph\u00fa M\u1ef9, S\u1ee3i Qu\u00e3ng \u0110\u00e0, N\u00f4ng tr\u01b0\u1eddng L\u00e2m Giang v\u00e0 c\u00e1c kh\u00e1ch h\u00e0ng c\u00e1 nh\u00e2n tr\u00ean c\u1ea3 n\u01b0\u1edbc Vi\u1ec7t Nam&#8230; C\u00f4ng ty ch\u00fang t\u00f4i m\u1ea1nh d\u1ea1n t\u01b0 v\u1ea5n v\u00e0 cung c\u1ea5p cho kh\u00e1ch h\u00e0ng c\u00e1c gi\u1ea3i ph\u00e1p ti\u1ebft ki\u1ec7m k\u00e8m cam k\u1ebft \u201c V\u1eeba mang l\u1ea1i hi\u1ec7u qu\u1ea3 t\u1ed1i \u01b0u cho kh\u00e1ch h\u00e0ng, v\u1eeba g\u00f3p ph\u1ea7n x\u00e2y d\u1ef1ng m\u00f4i tr\u01b0\u1eddng xanh s\u1ea1ch \u0111\u1eb9p\u201d<\/p>\n<p>K\u00ednh ch\u00fac Qu\u00fd Kh\u00e1ch h\u00e0ng th\u00e0nh c\u00f4ng v\u00e0 ph\u00e1t tri\u1ec3n b\u1ec1n v\u1eefng.<\/p>\n<p>Tr\u00e2n tr\u1ecdng.\/.<\/p>\n<div class=\"line2\">\u00a0<\/div>\n<h4><span style=\"color: #0099ff; font-size: 100%;\">CHIA S\u1eba NHU C\u1ea6U C\u1ee6A B\u1ea0N<\/span><\/h4>\n<p>H\u00e3y li\u00ean h\u1ec7 v\u1edbi ch\u00fang t\u00f4i, m\u1ecdi mong mu\u1ed1n c\u1ee7a b\u1ea1n \u0111\u1ec1u \u0111\u01b0\u1ee3c l\u1eafng nghe.<\/p>\n<div class=\"row\"  id=\"row-2092257446\">\n\n\n\t<div id=\"col-33117579\" class=\"col medium-5 small-12 large-5\"  >\n\t\t<div class=\"col-inner\"  >\n\t\t\t\n\t\t\t\n\n<a rel=\"noopener noreferrer\" href=\"#\" target=\"_blank\" class=\"button primary is-large expand\"  style=\"border-radius:4px;\">\n    <span>0989.890.142<\/span>\n  <\/a>\n\n\n\n\t\t<\/div>\n\t\t\t<\/div>\n\n\t\n\n\t<div id=\"col-610950548\" class=\"col medium-5 small-12 large-5\"  >\n\t\t<div class=\"col-inner\"  >\n\t\t\t\n\t\t\t\n\n<a rel=\"noopener noreferrer\" href=\"\/en\/lien-he\/\" target=\"_blank\" class=\"button success is-large lowercase expand\"  style=\"border-radius:4px;\">\n    <span>Y\u00eau c\u1ea7u t\u01b0 v\u1ea5n<\/span>\n  <\/a>\n\n\n\n\t\t<\/div>\n\t\t\t<\/div>\n\n\t\n\n<\/div>\n\n\t\t<\/div>\n\t\t\t<\/div>\n\n\t\n\n\t<div id=\"col-1347538419\" class=\"col cot3 medium-3 small-12 large-3\"  >\n\t\t<div class=\"col-inner\" style=\"background-color:rgb(242, 242, 242);\" >\n\t\t\t\n\t\t\t\n\n<h3><strong>GI\u1edaI THI\u1ec6U<\/strong><\/h3>\n<p><a href=\"\/en\/gioi-thieu-sunny\/\">Gi\u1edbi thi\u1ec7u Sunny<\/a><br \/><a href=\"\/en\/tam-nhin\/\">T\u1ea7m nh\u00ecn<\/a><br \/><a href=\"\/en\/chien-luoc-phat-trien\/\">Chi\u1ebfn l\u01b0\u1ee3c<\/a><br \/><a href=\"\/en\/chang-duong-phat-trien\/\">Ch\u1eb7ng \u0111\u01b0\u1eddng ph\u00e1t tri\u1ec3n<\/a><br \/><a href=\"\/en\/tai-sao-chon-ficosan\/\">T\u1ea1i sao ch\u1ecdn Sunny<\/a><\/p>\n<a href=\"#\" target=\"_self\" class=\"button primary is-larger lowercase expand\"  >\n  <i class=\"icon-star-o\" ><\/i>  <span>D\u1ef1 to\u00e1n h\u1ec7 th\u1ed1ng<\/span>\n  <\/a>\n\n\n<a href=\"#\" target=\"_self\" class=\"button success is-larger lowercase expand\"  >\n  <i class=\"icon-user\" ><\/i>  <span>T\u01b0 v\u1ea5n & b\u00e1o gi\u00e1<\/span>\n  <\/a>\n\n\n<h3><strong>H\u1ed6 TR\u1ee2 ONLINE<\/strong><\/h3>\n\n\t\t<div class=\"icon-box featured-box icon-box-left text-left\"  >\n\t\t\t\t\t<div class=\"icon-box-img\" style=\"width: 70px\">\n\t\t\t\t<div class=\"icon\">\n\t\t\t\t\t<div class=\"icon-inner\" >\n\t\t\t\t\t\t<img loading=\"lazy\" decoding=\"async\" width=\"70\" height=\"70\" src=\"https:\/\/sunnysolar.vn\/wp-content\/uploads\/2018\/03\/support-1.png\" class=\"attachment-medium size-medium\" alt=\"\" \/>\t\t\t\t\t<\/div>\n\t\t\t\t<\/div>\n\t\t\t<\/div>\n\t\t\t\t<div class=\"icon-box-text last-reset\">\n\t\t\t\t\t\t\t\t\t\n\n<p><span style=\"font-size: 95%;\"><strong>Ph\u00f2ng kinh doanh<\/strong><\/span><br \/><span style=\"font-size: 95%;\">0989.891.420<\/span><br \/><span style=\"font-size: 95%;\">info@sunnysolar.vn<\/span><\/p>\n\n\t\t<\/div>\n\t<\/div>\n\t\n\t\n\t<div id=\"gap-846374089\" class=\"gap-element clearfix\" style=\"display:block; height:auto;\">\n\t\t\n<style>\n#gap-846374089 {\n  padding-top: 20px;\n}\n<\/style>\n\t<\/div>\n\t\n\n\n\t\t<div class=\"icon-box featured-box icon-box-left text-left\"  >\n\t\t\t\t\t<div class=\"icon-box-img\" style=\"width: 70px\">\n\t\t\t\t<div class=\"icon\">\n\t\t\t\t\t<div class=\"icon-inner\" >\n\t\t\t\t\t\t<img loading=\"lazy\" decoding=\"async\" width=\"70\" height=\"70\" src=\"https:\/\/sunnysolar.vn\/wp-content\/uploads\/2018\/03\/support2.png\" class=\"attachment-medium size-medium\" alt=\"\" \/>\t\t\t\t\t<\/div>\n\t\t\t\t<\/div>\n\t\t\t<\/div>\n\t\t\t\t<div class=\"icon-box-text last-reset\">\n\t\t\t\t\t\t\t\t\t\n\n<p><span style=\"font-size: 95%;\"><strong>Ph\u00f2ng k\u1ef9 thu\u1eadt<\/strong><\/span><br \/><span style=\"font-size: 95%;\">0989.890.142<\/span><br \/><span style=\"font-size: 95%;\">kythuat@sunnysolar.vn<\/span><\/p>\n\n\t\t<\/div>\n\t<\/div>\n\t\n\t\n\t<div id=\"gap-936220189\" class=\"gap-element clearfix\" style=\"display:block; height:auto;\">\n\t\t\n<style>\n#gap-936220189 {\n  padding-top: 31px;\n}\n<\/style>\n\t<\/div>\n\t\n\n<h3><strong>S\u1ea2N PH\u1ea8M &#8211; GI\u1ea2I PH\u00c1P<\/strong><\/h3>\n<ul class=\"sidebar-wrapper ul-reset\"><li id=\"nav_menu-2\" class=\"widget widget_nav_menu\"><div class=\"menu-giai-phap-container\"><ul id=\"menu-giai-phap\" class=\"menu\"><li id=\"menu-item-1449\" class=\"menu-item menu-item-type-custom menu-item-object-custom menu-item-1449\"><a href=\"#\">Ti\u1ebft ki\u1ec7m n\u0103ng l\u01b0\u1ee3ng th\u00f4ng minh<\/a><\/li>\n<li id=\"menu-item-1450\" class=\"menu-item menu-item-type-custom menu-item-object-custom menu-item-1450\"><a href=\"#\">Gi\u1ea3i ph\u00e1p h\u1ed9 gia \u0111\u00ecnh<\/a><\/li>\n<li id=\"menu-item-1451\" class=\"menu-item menu-item-type-custom menu-item-object-custom menu-item-1451\"><a href=\"#\">Gi\u1ea3i ph\u00e1p v\u0103n ph\u00f2ng c\u00f4ng ty<\/a><\/li>\n<li id=\"menu-item-1452\" class=\"menu-item menu-item-type-custom menu-item-object-custom menu-item-1452\"><a href=\"#\">Gi\u1ea3i ph\u00e1p c\u00f4ng x\u01b0\u1edfng, nh\u00e0 m\u00e1y<\/a><\/li>\n<li id=\"menu-item-1453\" class=\"menu-item menu-item-type-custom menu-item-object-custom menu-item-1453\"><a href=\"#\">Pin n\u0103ng l\u01b0\u1ee3ng m\u1eb7t tr\u1eddi<\/a><\/li>\n<li id=\"menu-item-1454\" class=\"menu-item menu-item-type-custom menu-item-object-custom menu-item-1454\"><a href=\"#\">Gi\u1ea3i ph\u00e1p t\u00e1i ch\u1ebf c\u01a1 c\u1ea5u<\/a><\/li>\n<li id=\"menu-item-1455\" class=\"menu-item menu-item-type-custom menu-item-object-custom menu-item-1455\"><a href=\"#\">Gi\u1ea3i ph\u00e1p x\u1eed l\u00ed ch\u1ea5t th\u1ea3i<\/a><\/li>\n<li id=\"menu-item-1456\" class=\"menu-item menu-item-type-custom menu-item-object-custom menu-item-1456\"><a href=\"#\">Gi\u1ea3i ph\u00e1p ti\u1ebft ki\u1ec7m n\u0103ng l\u01b0\u1ee3ng m\u1edbi<\/a><\/li>\n<li id=\"menu-item-1457\" class=\"menu-item menu-item-type-custom menu-item-object-custom menu-item-1457\"><a href=\"#\">Gi\u1ea3i ph\u00e1p quy ho\u1ea1ch m\u1eb7t b\u1eb1ng<\/a><\/li>\n<\/ul><\/div><\/li><\/ul>\n\n\n\t\t<\/div>\n\t\t\n<style>\n#col-1347538419 > .col-inner {\n  padding: 10px 15px 10px 15px;\n}\n<\/style>\n\t<\/div>\n\n\t\n\n<\/div>\n\n\t\t<\/div>\n\n\t\t\n<style>\n#section_1464333628 {\n  padding-top: 30px;\n  padding-bottom: 30px;\n}\n<\/style>\n\t<\/section>","protected":false},"excerpt":{"rendered":"","protected":false},"author":1,"featured_media":0,"parent":0,"menu_order":0,"comment_status":"closed","ping_status":"closed","template":"page-blank.php","meta":{"footnotes":""},"class_list":["post-259","page","type-page","status-publish","hentry"],"yoast_head":"<!-- This site is optimized with the Yoast SEO plugin v27.4 - https:\/\/yoast.com\/product\/yoast-seo-wordpress\/ -->\n<title>Gi\u1edbi thi\u1ec7u - Sunny Solar<\/title>\n<meta name=\"robots\" content=\"index, follow, max-snippet:-1, max-image-preview:large, max-video-preview:-1\" \/>\n<link rel=\"canonical\" href=\"https:\/\/sunnysolar.vn\/en\/gioi-thieu\/\" \/>\n<meta property=\"og:locale\" content=\"en_US\" \/>\n<meta property=\"og:type\" content=\"article\" \/>\n<meta property=\"og:title\" content=\"Gi\u1edbi thi\u1ec7u - Sunny Solar\" \/>\n<meta property=\"og:url\" content=\"https:\/\/sunnysolar.vn\/en\/gioi-thieu\/\" \/>\n<meta property=\"og:site_name\" content=\"Sunny Solar\" \/>\n<meta property=\"article:publisher\" content=\"https:\/\/www.facebook.com\/profile.php?id=100064195922650\" \/>\n<meta property=\"article:modified_time\" content=\"2024-08-08T08:45:51+00:00\" \/>\n<meta property=\"og:image\" content=\"https:\/\/sunnysolar.vn\/wp-content\/uploads\/2025\/04\/LOGO-SUNNYSOLAR.png\" \/>\n\t<meta property=\"og:image:width\" content=\"783\" \/>\n\t<meta property=\"og:image:height\" content=\"438\" \/>\n\t<meta property=\"og:image:type\" content=\"image\/png\" \/>\n<meta name=\"twitter:card\" content=\"summary_large_image\" \/>\n<meta name=\"twitter:label1\" content=\"Est. reading time\" \/>\n\t<meta name=\"twitter:data1\" content=\"4 minutes\" \/>\n<script type=\"application\/ld+json\" class=\"yoast-schema-graph\">{\"@context\":\"https:\\\/\\\/schema.org\",\"@graph\":[{\"@type\":\"WebPage\",\"@id\":\"https:\\\/\\\/sunnysolar.vn\\\/gioi-thieu\\\/\",\"url\":\"https:\\\/\\\/sunnysolar.vn\\\/gioi-thieu\\\/\",\"name\":\"Gi\u1edbi thi\u1ec7u - Sunny Solar\",\"isPartOf\":{\"@id\":\"https:\\\/\\\/sunnysolar.vn\\\/#website\"},\"datePublished\":\"2018-03-31T05:14:53+00:00\",\"dateModified\":\"2024-08-08T08:45:51+00:00\",\"breadcrumb\":{\"@id\":\"https:\\\/\\\/sunnysolar.vn\\\/gioi-thieu\\\/#breadcrumb\"},\"inLanguage\":\"en-US\",\"potentialAction\":[{\"@type\":\"ReadAction\",\"target\":[\"https:\\\/\\\/sunnysolar.vn\\\/gioi-thieu\\\/\"]}]},{\"@type\":\"BreadcrumbList\",\"@id\":\"https:\\\/\\\/sunnysolar.vn\\\/gioi-thieu\\\/#breadcrumb\",\"itemListElement\":[{\"@type\":\"ListItem\",\"position\":1,\"name\":\"Trang ch\u1ee7\",\"item\":\"https:\\\/\\\/sunnysolar.vn\\\/\"},{\"@type\":\"ListItem\",\"position\":2,\"name\":\"Gi\u1edbi thi\u1ec7u\"}]},{\"@type\":\"WebSite\",\"@id\":\"https:\\\/\\\/sunnysolar.vn\\\/#website\",\"url\":\"https:\\\/\\\/sunnysolar.vn\\\/\",\"name\":\"NANG LUONG THONG MINH\",\"description\":\"H\u00e0ng ch\u00ednh h\u00e3ng - Giao h\u00e0ng nhanh - Gi\u00e1 t\u1ed1t\",\"publisher\":{\"@id\":\"https:\\\/\\\/sunnysolar.vn\\\/#organization\"},\"potentialAction\":[{\"@type\":\"SearchAction\",\"target\":{\"@type\":\"EntryPoint\",\"urlTemplate\":\"https:\\\/\\\/sunnysolar.vn\\\/?s={search_term_string}\"},\"query-input\":{\"@type\":\"PropertyValueSpecification\",\"valueRequired\":true,\"valueName\":\"search_term_string\"}}],\"inLanguage\":\"en-US\"},{\"@type\":\"Organization\",\"@id\":\"https:\\\/\\\/sunnysolar.vn\\\/#organization\",\"name\":\"C\u00d4NG TY TNHH K\u1ef8 THU\u1eacT V\u00c0 TH\u01af\u01a0NG M\u1ea0I SUNNY\",\"url\":\"https:\\\/\\\/sunnysolar.vn\\\/\",\"logo\":{\"@type\":\"ImageObject\",\"inLanguage\":\"en-US\",\"@id\":\"https:\\\/\\\/sunnysolar.vn\\\/#\\\/schema\\\/logo\\\/image\\\/\",\"url\":\"http:\\\/\\\/sunnysolar.vn\\\/wp-content\\\/uploads\\\/2024\\\/11\\\/LOGO-SUNNYSOLAR.png\",\"contentUrl\":\"http:\\\/\\\/sunnysolar.vn\\\/wp-content\\\/uploads\\\/2024\\\/11\\\/LOGO-SUNNYSOLAR.png\",\"width\":783,\"height\":438,\"caption\":\"C\u00d4NG TY TNHH K\u1ef8 THU\u1eacT V\u00c0 TH\u01af\u01a0NG M\u1ea0I SUNNY\"},\"image\":{\"@id\":\"https:\\\/\\\/sunnysolar.vn\\\/#\\\/schema\\\/logo\\\/image\\\/\"},\"sameAs\":[\"https:\\\/\\\/www.facebook.com\\\/profile.php?id=100064195922650\"]}]}<\/script>\n<!-- \/ Yoast SEO plugin. -->","yoast_head_json":{"title":"Gi\u1edbi thi\u1ec7u - Sunny Solar","robots":{"index":"index","follow":"follow","max-snippet":"max-snippet:-1","max-image-preview":"max-image-preview:large","max-video-preview":"max-video-preview:-1"},"canonical":"https:\/\/sunnysolar.vn\/en\/gioi-thieu\/","og_locale":"en_US","og_type":"article","og_title":"Gi\u1edbi thi\u1ec7u - Sunny Solar","og_url":"https:\/\/sunnysolar.vn\/en\/gioi-thieu\/","og_site_name":"Sunny Solar","article_publisher":"https:\/\/www.facebook.com\/profile.php?id=100064195922650","article_modified_time":"2024-08-08T08:45:51+00:00","og_image":[{"width":783,"height":438,"url":"https:\/\/sunnysolar.vn\/wp-content\/uploads\/2025\/04\/LOGO-SUNNYSOLAR.png","type":"image\/png"}],"twitter_card":"summary_large_image","twitter_misc":{"Est. reading time":"4 minutes"},"schema":{"@context":"https:\/\/schema.org","@graph":[{"@type":"WebPage","@id":"https:\/\/sunnysolar.vn\/gioi-thieu\/","url":"https:\/\/sunnysolar.vn\/gioi-thieu\/","name":"Gi\u1edbi thi\u1ec7u - Sunny Solar","isPartOf":{"@id":"https:\/\/sunnysolar.vn\/#website"},"datePublished":"2018-03-31T05:14:53+00:00","dateModified":"2024-08-08T08:45:51+00:00","breadcrumb":{"@id":"https:\/\/sunnysolar.vn\/gioi-thieu\/#breadcrumb"},"inLanguage":"en-US","potentialAction":[{"@type":"ReadAction","target":["https:\/\/sunnysolar.vn\/gioi-thieu\/"]}]},{"@type":"BreadcrumbList","@id":"https:\/\/sunnysolar.vn\/gioi-thieu\/#breadcrumb","itemListElement":[{"@type":"ListItem","position":1,"name":"Trang ch\u1ee7","item":"https:\/\/sunnysolar.vn\/"},{"@type":"ListItem","position":2,"name":"Gi\u1edbi thi\u1ec7u"}]},{"@type":"WebSite","@id":"https:\/\/sunnysolar.vn\/#website","url":"https:\/\/sunnysolar.vn\/","name":"NANG LUONG THONG MINH","description":"H\u00e0ng ch\u00ednh h\u00e3ng - Giao h\u00e0ng nhanh - Gi\u00e1 t\u1ed1t","publisher":{"@id":"https:\/\/sunnysolar.vn\/#organization"},"potentialAction":[{"@type":"SearchAction","target":{"@type":"EntryPoint","urlTemplate":"https:\/\/sunnysolar.vn\/?s={search_term_string}"},"query-input":{"@type":"PropertyValueSpecification","valueRequired":true,"valueName":"search_term_string"}}],"inLanguage":"en-US"},{"@type":"Organization","@id":"https:\/\/sunnysolar.vn\/#organization","name":"C\u00d4NG TY TNHH K\u1ef8 THU\u1eacT V\u00c0 TH\u01af\u01a0NG M\u1ea0I SUNNY","url":"https:\/\/sunnysolar.vn\/","logo":{"@type":"ImageObject","inLanguage":"en-US","@id":"https:\/\/sunnysolar.vn\/#\/schema\/logo\/image\/","url":"http:\/\/sunnysolar.vn\/wp-content\/uploads\/2024\/11\/LOGO-SUNNYSOLAR.png","contentUrl":"http:\/\/sunnysolar.vn\/wp-content\/uploads\/2024\/11\/LOGO-SUNNYSOLAR.png","width":783,"height":438,"caption":"C\u00d4NG TY TNHH K\u1ef8 THU\u1eacT V\u00c0 TH\u01af\u01a0NG M\u1ea0I SUNNY"},"image":{"@id":"https:\/\/sunnysolar.vn\/#\/schema\/logo\/image\/"},"sameAs":["https:\/\/www.facebook.com\/profile.php?id=100064195922650"]}]}},"_links":{"self":[{"href":"https:\/\/sunnysolar.vn\/en\/wp-json\/wp\/v2\/pages\/259","targetHints":{"allow":["GET"]}}],"collection":[{"href":"https:\/\/sunnysolar.vn\/en\/wp-json\/wp\/v2\/pages"}],"about":[{"href":"https:\/\/sunnysolar.vn\/en\/wp-json\/wp\/v2\/types\/page"}],"author":[{"embeddable":true,"href":"https:\/\/sunnysolar.vn\/en\/wp-json\/wp\/v2\/users\/1"}],"replies":[{"embeddable":true,"href":"https:\/\/sunnysolar.vn\/en\/wp-json\/wp\/v2\/comments?post=259"}],"version-history":[{"count":0,"href":"https:\/\/sunnysolar.vn\/en\/wp-json\/wp\/v2\/pages\/259\/revisions"}],"wp:attachment":[{"href":"https:\/\/sunnysolar.vn\/en\/wp-json\/wp\/v2\/media?parent=259"}],"curies":[{"name":"wp","href":"https:\/\/api.w.org\/{rel}","templated":true}]}}