{"id":3330,"date":"2025-11-26T15:37:43","date_gmt":"2025-11-26T08:37:43","guid":{"rendered":"https:\/\/sunnysolar.vn\/?page_id=3330"},"modified":"2025-12-01T09:04:48","modified_gmt":"2025-12-01T02:04:48","slug":"bang-gia-may-nuoc-nong-ariston","status":"publish","type":"page","link":"https:\/\/sunnysolar.vn\/en\/bang-gia-may-nuoc-nong-ariston\/","title":{"rendered":"H\u1ed3 s\u01a1 n\u0103ng l\u1ef1c Ariston 2025"},"content":{"rendered":"<div class=\"_df_book df-lite\" id=\"df_3537\"  _slug=\"bang-gia-may-nuoc-nong-ariston-2025\" data-title=\"ho-so-nang-luc-ariston-2025\" wpoptions=\"true\" thumbtype=\"\" ><\/div><script class=\"df-shortcode-script\" nowprocket type=\"application\/javascript\">window.option_df_3537 = {\"outline\":[],\"autoEnableOutline\":\"false\",\"autoEnableThumbnail\":\"false\",\"overwritePDFOutline\":\"false\",\"direction\":\"1\",\"pageSize\":\"0\",\"source\":\"http:\\\/\\\/sunnysolar.vn\\\/wp-content\\\/uploads\\\/2025\\\/11\\\/Ariston-ho-so-nang-luc-2025-sunnysolar.pdf\",\"wpOptions\":\"true\"}; if(window.DFLIP && window.DFLIP.parseBooks){window.DFLIP.parseBooks();}<\/script>","protected":false},"excerpt":{"rendered":"","protected":false},"author":1,"featured_media":0,"parent":0,"menu_order":0,"comment_status":"closed","ping_status":"closed","template":"","meta":{"footnotes":""},"class_list":["post-3330","page","type-page","status-publish","hentry"],"yoast_head":"<!-- This site is optimized with the Yoast SEO plugin v27.4 - https:\/\/yoast.com\/product\/yoast-seo-wordpress\/ -->\n<title>H\u1ed3 s\u01a1 n\u0103ng l\u1ef1c Ariston 2025 - Sunny Solar<\/title>\n<meta name=\"robots\" content=\"index, follow, max-snippet:-1, max-image-preview:large, max-video-preview:-1\" \/>\n<link rel=\"canonical\" href=\"https:\/\/sunnysolar.vn\/en\/bang-gia-may-nuoc-nong-ariston\/\" \/>\n<meta property=\"og:locale\" content=\"en_US\" \/>\n<meta property=\"og:type\" content=\"article\" \/>\n<meta property=\"og:title\" content=\"H\u1ed3 s\u01a1 n\u0103ng l\u1ef1c Ariston 2025 - Sunny Solar\" \/>\n<meta property=\"og:url\" content=\"https:\/\/sunnysolar.vn\/en\/bang-gia-may-nuoc-nong-ariston\/\" \/>\n<meta property=\"og:site_name\" content=\"Sunny Solar\" \/>\n<meta property=\"article:publisher\" content=\"https:\/\/www.facebook.com\/profile.php?id=100064195922650\" \/>\n<meta property=\"article:modified_time\" content=\"2025-12-01T02:04:48+00:00\" \/>\n<meta property=\"og:image\" content=\"https:\/\/sunnysolar.vn\/wp-content\/uploads\/2025\/04\/LOGO-SUNNYSOLAR.png\" \/>\n\t<meta property=\"og:image:width\" content=\"783\" \/>\n\t<meta property=\"og:image:height\" content=\"438\" \/>\n\t<meta property=\"og:image:type\" content=\"image\/png\" \/>\n<meta name=\"twitter:card\" content=\"summary_large_image\" \/>\n<script type=\"application\/ld+json\" class=\"yoast-schema-graph\">{\"@context\":\"https:\\\/\\\/schema.org\",\"@graph\":[{\"@type\":\"WebPage\",\"@id\":\"https:\\\/\\\/sunnysolar.vn\\\/bang-gia-may-nuoc-nong-ariston\\\/\",\"url\":\"https:\\\/\\\/sunnysolar.vn\\\/bang-gia-may-nuoc-nong-ariston\\\/\",\"name\":\"H\u1ed3 s\u01a1 n\u0103ng l\u1ef1c Ariston 2025 - Sunny Solar\",\"isPartOf\":{\"@id\":\"https:\\\/\\\/sunnysolar.vn\\\/#website\"},\"datePublished\":\"2025-11-26T08:37:43+00:00\",\"dateModified\":\"2025-12-01T02:04:48+00:00\",\"breadcrumb\":{\"@id\":\"https:\\\/\\\/sunnysolar.vn\\\/bang-gia-may-nuoc-nong-ariston\\\/#breadcrumb\"},\"inLanguage\":\"en-US\",\"potentialAction\":[{\"@type\":\"ReadAction\",\"target\":[\"https:\\\/\\\/sunnysolar.vn\\\/bang-gia-may-nuoc-nong-ariston\\\/\"]}]},{\"@type\":\"BreadcrumbList\",\"@id\":\"https:\\\/\\\/sunnysolar.vn\\\/bang-gia-may-nuoc-nong-ariston\\\/#breadcrumb\",\"itemListElement\":[{\"@type\":\"ListItem\",\"position\":1,\"name\":\"Trang ch\u1ee7\",\"item\":\"https:\\\/\\\/sunnysolar.vn\\\/\"},{\"@type\":\"ListItem\",\"position\":2,\"name\":\"H\u1ed3 s\u01a1 n\u0103ng l\u1ef1c Ariston 2025\"}]},{\"@type\":\"WebSite\",\"@id\":\"https:\\\/\\\/sunnysolar.vn\\\/#website\",\"url\":\"https:\\\/\\\/sunnysolar.vn\\\/\",\"name\":\"NANG LUONG THONG MINH\",\"description\":\"H\u00e0ng ch\u00ednh h\u00e3ng - Giao h\u00e0ng nhanh - Gi\u00e1 t\u1ed1t\",\"publisher\":{\"@id\":\"https:\\\/\\\/sunnysolar.vn\\\/#organization\"},\"potentialAction\":[{\"@type\":\"SearchAction\",\"target\":{\"@type\":\"EntryPoint\",\"urlTemplate\":\"https:\\\/\\\/sunnysolar.vn\\\/?s={search_term_string}\"},\"query-input\":{\"@type\":\"PropertyValueSpecification\",\"valueRequired\":true,\"valueName\":\"search_term_string\"}}],\"inLanguage\":\"en-US\"},{\"@type\":\"Organization\",\"@id\":\"https:\\\/\\\/sunnysolar.vn\\\/#organization\",\"name\":\"C\u00d4NG TY TNHH K\u1ef8 THU\u1eacT V\u00c0 TH\u01af\u01a0NG M\u1ea0I SUNNY\",\"url\":\"https:\\\/\\\/sunnysolar.vn\\\/\",\"logo\":{\"@type\":\"ImageObject\",\"inLanguage\":\"en-US\",\"@id\":\"https:\\\/\\\/sunnysolar.vn\\\/#\\\/schema\\\/logo\\\/image\\\/\",\"url\":\"http:\\\/\\\/sunnysolar.vn\\\/wp-content\\\/uploads\\\/2024\\\/11\\\/LOGO-SUNNYSOLAR.png\",\"contentUrl\":\"http:\\\/\\\/sunnysolar.vn\\\/wp-content\\\/uploads\\\/2024\\\/11\\\/LOGO-SUNNYSOLAR.png\",\"width\":783,\"height\":438,\"caption\":\"C\u00d4NG TY TNHH K\u1ef8 THU\u1eacT V\u00c0 TH\u01af\u01a0NG M\u1ea0I SUNNY\"},\"image\":{\"@id\":\"https:\\\/\\\/sunnysolar.vn\\\/#\\\/schema\\\/logo\\\/image\\\/\"},\"sameAs\":[\"https:\\\/\\\/www.facebook.com\\\/profile.php?id=100064195922650\"]}]}<\/script>\n<!-- \/ Yoast SEO plugin. -->","yoast_head_json":{"title":"H\u1ed3 s\u01a1 n\u0103ng l\u1ef1c Ariston 2025 - Sunny Solar","robots":{"index":"index","follow":"follow","max-snippet":"max-snippet:-1","max-image-preview":"max-image-preview:large","max-video-preview":"max-video-preview:-1"},"canonical":"https:\/\/sunnysolar.vn\/en\/bang-gia-may-nuoc-nong-ariston\/","og_locale":"en_US","og_type":"article","og_title":"H\u1ed3 s\u01a1 n\u0103ng l\u1ef1c Ariston 2025 - Sunny Solar","og_url":"https:\/\/sunnysolar.vn\/en\/bang-gia-may-nuoc-nong-ariston\/","og_site_name":"Sunny Solar","article_publisher":"https:\/\/www.facebook.com\/profile.php?id=100064195922650","article_modified_time":"2025-12-01T02:04:48+00:00","og_image":[{"width":783,"height":438,"url":"https:\/\/sunnysolar.vn\/wp-content\/uploads\/2025\/04\/LOGO-SUNNYSOLAR.png","type":"image\/png"}],"twitter_card":"summary_large_image","schema":{"@context":"https:\/\/schema.org","@graph":[{"@type":"WebPage","@id":"https:\/\/sunnysolar.vn\/bang-gia-may-nuoc-nong-ariston\/","url":"https:\/\/sunnysolar.vn\/bang-gia-may-nuoc-nong-ariston\/","name":"H\u1ed3 s\u01a1 n\u0103ng l\u1ef1c Ariston 2025 - Sunny Solar","isPartOf":{"@id":"https:\/\/sunnysolar.vn\/#website"},"datePublished":"2025-11-26T08:37:43+00:00","dateModified":"2025-12-01T02:04:48+00:00","breadcrumb":{"@id":"https:\/\/sunnysolar.vn\/bang-gia-may-nuoc-nong-ariston\/#breadcrumb"},"inLanguage":"en-US","potentialAction":[{"@type":"ReadAction","target":["https:\/\/sunnysolar.vn\/bang-gia-may-nuoc-nong-ariston\/"]}]},{"@type":"BreadcrumbList","@id":"https:\/\/sunnysolar.vn\/bang-gia-may-nuoc-nong-ariston\/#breadcrumb","itemListElement":[{"@type":"ListItem","position":1,"name":"Trang ch\u1ee7","item":"https:\/\/sunnysolar.vn\/"},{"@type":"ListItem","position":2,"name":"H\u1ed3 s\u01a1 n\u0103ng l\u1ef1c Ariston 2025"}]},{"@type":"WebSite","@id":"https:\/\/sunnysolar.vn\/#website","url":"https:\/\/sunnysolar.vn\/","name":"NANG LUONG THONG MINH","description":"H\u00e0ng ch\u00ednh h\u00e3ng - Giao h\u00e0ng nhanh - Gi\u00e1 t\u1ed1t","publisher":{"@id":"https:\/\/sunnysolar.vn\/#organization"},"potentialAction":[{"@type":"SearchAction","target":{"@type":"EntryPoint","urlTemplate":"https:\/\/sunnysolar.vn\/?s={search_term_string}"},"query-input":{"@type":"PropertyValueSpecification","valueRequired":true,"valueName":"search_term_string"}}],"inLanguage":"en-US"},{"@type":"Organization","@id":"https:\/\/sunnysolar.vn\/#organization","name":"C\u00d4NG TY TNHH K\u1ef8 THU\u1eacT V\u00c0 TH\u01af\u01a0NG M\u1ea0I SUNNY","url":"https:\/\/sunnysolar.vn\/","logo":{"@type":"ImageObject","inLanguage":"en-US","@id":"https:\/\/sunnysolar.vn\/#\/schema\/logo\/image\/","url":"http:\/\/sunnysolar.vn\/wp-content\/uploads\/2024\/11\/LOGO-SUNNYSOLAR.png","contentUrl":"http:\/\/sunnysolar.vn\/wp-content\/uploads\/2024\/11\/LOGO-SUNNYSOLAR.png","width":783,"height":438,"caption":"C\u00d4NG TY TNHH K\u1ef8 THU\u1eacT V\u00c0 TH\u01af\u01a0NG M\u1ea0I SUNNY"},"image":{"@id":"https:\/\/sunnysolar.vn\/#\/schema\/logo\/image\/"},"sameAs":["https:\/\/www.facebook.com\/profile.php?id=100064195922650"]}]}},"_links":{"self":[{"href":"https:\/\/sunnysolar.vn\/en\/wp-json\/wp\/v2\/pages\/3330","targetHints":{"allow":["GET"]}}],"collection":[{"href":"https:\/\/sunnysolar.vn\/en\/wp-json\/wp\/v2\/pages"}],"about":[{"href":"https:\/\/sunnysolar.vn\/en\/wp-json\/wp\/v2\/types\/page"}],"author":[{"embeddable":true,"href":"https:\/\/sunnysolar.vn\/en\/wp-json\/wp\/v2\/users\/1"}],"replies":[{"embeddable":true,"href":"https:\/\/sunnysolar.vn\/en\/wp-json\/wp\/v2\/comments?post=3330"}],"version-history":[{"count":0,"href":"https:\/\/sunnysolar.vn\/en\/wp-json\/wp\/v2\/pages\/3330\/revisions"}],"wp:attachment":[{"href":"https:\/\/sunnysolar.vn\/en\/wp-json\/wp\/v2\/media?parent=3330"}],"curies":[{"name":"wp","href":"https:\/\/api.w.org\/{rel}","templated":true}]}}