{"id":509,"date":"2018-04-03T00:31:44","date_gmt":"2018-04-02T17:31:44","guid":{"rendered":"http:\/\/denled.muathemewordpress.net\/?page_id=509"},"modified":"2024-08-10T08:56:50","modified_gmt":"2024-08-10T08:56:50","slug":"lien-he","status":"publish","type":"page","link":"https:\/\/sunnysolar.vn\/en\/lien-he\/","title":{"rendered":"Li\u00ean h\u1ec7"},"content":{"rendered":"<div class=\"row\"  id=\"row-345649603\">\n\n\n\t<div id=\"col-1549066680\" class=\"col medium-6 small-12 large-6\"  >\n\t\t<div class=\"col-inner\"  >\n\t\t\t\n\t\t\t\n\n<h2>Li\u00ean h\u1ec7 v\u1edbi ch\u00fang t\u00f4i<\/h2>\n<p>Sunny l\u00e0 m\u1ed9t trong nh\u1eefng \u0111\u01a1n v\u1ecb ti\u00ean phong trong l\u0129nh v\u1ef1c cung c\u1ea5p c\u00e1c thi\u1ebft b\u1ecb s\u1eed d\u1ee5ng n\u0103ng l\u01b0\u1ee3ng m\u1eb7t tr\u1eddi th\u00f4ng minh nh\u01b0: \u0111\u00e8n pha, \u0111\u00e8n tr\u1ee5, \u0111\u00e8n trang tr\u00ed s\u00e2n v\u01b0\u1eddn,&#8230; B\u00ean c\u1ea1nh \u0111\u00f3, ch\u00fang t\u00f4i nh\u1eadn thi c\u00f4ng c\u00e1c h\u1ec7 th\u1ed1ng n\u0103ng l\u01b0\u1ee3ng m\u1eb7t tr\u1eddi, \u0111i\u1ec7n n\u1ed1i l\u01b0\u1edbi, \u0111i\u1ec7n n\u0103ng l\u01b0\u1ee3ng m\u1eb7t tr\u1eddi d\u00e2n d\u1ee5ng,&#8230;<\/p>\n<h2>Th\u00f4ng tin li\u00ean h\u1ec7<\/h2>\n<p>M\u1ecdi y\u00eau c\u1ea7u b\u00e1o gi\u00e1 ho\u1eb7c g\u00f3p \u00fd, vui l\u00f2ng li\u00ean h\u1ec7 v\u1edbi ch\u00fang t\u00f4i:<\/p>\n<p>\u2013<strong> \u0110\u1ecba ch\u1ec9:<\/strong> 73 Qu\u1ed1c L\u1ed9 13, P.Hi\u1ec7p B\u00ecnh Ch\u00e1nh, TP Th\u1ee7 \u0110\u1ee9c, Tp. HCM<br \/>\u2013 <strong>S\u0110T:<\/strong> 0989.890.142<br \/>\u2013 <strong>Website:<\/strong> www.sunnysolar.vn<\/p>\n\n\t\t<\/div>\n\t\t\t<\/div>\n\n\t\n\n\t<div id=\"col-13239354\" class=\"col medium-6 small-12 large-6\"  >\n\t\t<div class=\"col-inner\"  >\n\t\t\t\n\t\t\t\n\n<h2>\u0110\u0103ng k\u00fd nh\u1eadn t\u01b0 v\u1ea5n mi\u1ec5n ph\u00ed<\/h2>\n\n<div class=\"wpcf7 no-js\" id=\"wpcf7-f203-o1\" lang=\"vi\" dir=\"ltr\" data-wpcf7-id=\"203\">\n<div class=\"screen-reader-response\"><p role=\"status\" aria-live=\"polite\" aria-atomic=\"true\"><\/p> <ul><\/ul><\/div>\n<form action=\"\/en\/wp-json\/wp\/v2\/pages\/509#wpcf7-f203-o1\" method=\"post\" class=\"wpcf7-form init\" aria-label=\"Form li\u00ean h\u1ec7\" novalidate=\"novalidate\" data-status=\"init\" data-trp-original-action=\"\/en\/wp-json\/wp\/v2\/pages\/509#wpcf7-f203-o1\">\n<fieldset class=\"hidden-fields-container\"><input type=\"hidden\" name=\"_wpcf7\" value=\"203\" \/><input type=\"hidden\" name=\"_wpcf7_version\" value=\"6.1.4\" \/><input type=\"hidden\" name=\"_wpcf7_locale\" value=\"vi\" \/><input type=\"hidden\" name=\"_wpcf7_unit_tag\" value=\"wpcf7-f203-o1\" \/><input type=\"hidden\" name=\"_wpcf7_container_post\" value=\"0\" \/><input type=\"hidden\" name=\"_wpcf7_posted_data_hash\" value=\"\" \/>\n<\/fieldset>\n<p><span class=\"wpcf7-form-control-wrap\" data-name=\"text-349\"><input size=\"40\" maxlength=\"400\" class=\"wpcf7-form-control wpcf7-text wpcf7-validates-as-required\" aria-required=\"true\" aria-invalid=\"false\" placeholder=\"H\u1ecd t\u00ean c\u1ee7a b\u1ea1n...\" value=\"\" type=\"text\" name=\"text-349\" \/><\/span><br \/>\n<span class=\"wpcf7-form-control-wrap\" data-name=\"email-741\"><input size=\"40\" maxlength=\"400\" class=\"wpcf7-form-control wpcf7-email wpcf7-validates-as-required wpcf7-text wpcf7-validates-as-email\" aria-required=\"true\" aria-invalid=\"false\" placeholder=\"Email c\u1ee7a b\u1ea1n...\" value=\"\" type=\"email\" name=\"email-741\" \/><\/span><br \/>\n<span class=\"wpcf7-form-control-wrap\" data-name=\"tel-255\"><input size=\"40\" maxlength=\"400\" class=\"wpcf7-form-control wpcf7-tel wpcf7-validates-as-required wpcf7-text wpcf7-validates-as-tel\" aria-required=\"true\" aria-invalid=\"false\" placeholder=\"S\u1ed1 \u0111i\u1ec7n tho\u1ea1i...\" value=\"\" type=\"tel\" name=\"tel-255\" \/><\/span><br \/>\n<span class=\"wpcf7-form-control-wrap\" data-name=\"text-346\"><input size=\"40\" maxlength=\"400\" class=\"wpcf7-form-control wpcf7-text wpcf7-validates-as-required\" aria-required=\"true\" aria-invalid=\"false\" placeholder=\"D\u1ecbch v\u1ee5, s\u1ea3n ph\u1ea9m c\u1ea7n t\u01b0 v\u1ea5n...\" value=\"\" type=\"text\" name=\"text-346\" \/><\/span><br \/>\n<span class=\"wpcf7-form-control-wrap\" data-name=\"textarea-554\"><textarea cols=\"40\" rows=\"10\" maxlength=\"2000\" class=\"wpcf7-form-control wpcf7-textarea wpcf7-validates-as-required\" aria-required=\"true\" aria-invalid=\"false\" placeholder=\"Th\u00f4ng tin th\u00eam...\" name=\"textarea-554\"><\/textarea><\/span><br \/>\n<input class=\"wpcf7-form-control wpcf7-submit has-spinner\" type=\"submit\" value=\"G\u1eedi li\u00ean h\u1ec7\" \/>\n<\/p><div class=\"wpcf7-response-output\" aria-hidden=\"true\"><\/div>\n<input type=\"hidden\" name=\"trp-form-language\" value=\"en\"\/><\/form>\n<\/div>\n\n\n\n\t\t<\/div>\n\t\t\t<\/div>\n\n\t\n\n<\/div>","protected":false},"excerpt":{"rendered":"","protected":false},"author":1,"featured_media":0,"parent":0,"menu_order":0,"comment_status":"closed","ping_status":"closed","template":"","meta":{"footnotes":""},"class_list":["post-509","page","type-page","status-publish","hentry"],"yoast_head":"<!-- This site is optimized with the Yoast SEO plugin v27.4 - https:\/\/yoast.com\/product\/yoast-seo-wordpress\/ -->\n<title>Li\u00ean h\u1ec7 - Sunny Solar<\/title>\n<meta name=\"robots\" content=\"index, follow, max-snippet:-1, max-image-preview:large, max-video-preview:-1\" \/>\n<link rel=\"canonical\" href=\"https:\/\/sunnysolar.vn\/en\/lien-he\/\" \/>\n<meta property=\"og:locale\" content=\"en_US\" \/>\n<meta property=\"og:type\" content=\"article\" \/>\n<meta property=\"og:title\" content=\"Li\u00ean h\u1ec7 - Sunny Solar\" \/>\n<meta property=\"og:url\" content=\"https:\/\/sunnysolar.vn\/en\/lien-he\/\" \/>\n<meta property=\"og:site_name\" content=\"Sunny Solar\" \/>\n<meta property=\"article:publisher\" content=\"https:\/\/www.facebook.com\/profile.php?id=100064195922650\" \/>\n<meta property=\"article:modified_time\" content=\"2024-08-10T08:56:50+00:00\" \/>\n<meta property=\"og:image\" content=\"https:\/\/sunnysolar.vn\/wp-content\/uploads\/2025\/04\/LOGO-SUNNYSOLAR.png\" \/>\n\t<meta property=\"og:image:width\" content=\"783\" \/>\n\t<meta property=\"og:image:height\" content=\"438\" \/>\n\t<meta property=\"og:image:type\" content=\"image\/png\" \/>\n<meta name=\"twitter:card\" content=\"summary_large_image\" \/>\n<meta name=\"twitter:label1\" content=\"Est. reading time\" \/>\n\t<meta name=\"twitter:data1\" content=\"1 minute\" \/>\n<script type=\"application\/ld+json\" class=\"yoast-schema-graph\">{\"@context\":\"https:\\\/\\\/schema.org\",\"@graph\":[{\"@type\":\"WebPage\",\"@id\":\"https:\\\/\\\/sunnysolar.vn\\\/lien-he\\\/\",\"url\":\"https:\\\/\\\/sunnysolar.vn\\\/lien-he\\\/\",\"name\":\"Li\u00ean h\u1ec7 - Sunny Solar\",\"isPartOf\":{\"@id\":\"https:\\\/\\\/sunnysolar.vn\\\/#website\"},\"datePublished\":\"2018-04-02T17:31:44+00:00\",\"dateModified\":\"2024-08-10T08:56:50+00:00\",\"breadcrumb\":{\"@id\":\"https:\\\/\\\/sunnysolar.vn\\\/lien-he\\\/#breadcrumb\"},\"inLanguage\":\"en-US\",\"potentialAction\":[{\"@type\":\"ReadAction\",\"target\":[\"https:\\\/\\\/sunnysolar.vn\\\/lien-he\\\/\"]}]},{\"@type\":\"BreadcrumbList\",\"@id\":\"https:\\\/\\\/sunnysolar.vn\\\/lien-he\\\/#breadcrumb\",\"itemListElement\":[{\"@type\":\"ListItem\",\"position\":1,\"name\":\"Trang ch\u1ee7\",\"item\":\"https:\\\/\\\/sunnysolar.vn\\\/\"},{\"@type\":\"ListItem\",\"position\":2,\"name\":\"Li\u00ean h\u1ec7\"}]},{\"@type\":\"WebSite\",\"@id\":\"https:\\\/\\\/sunnysolar.vn\\\/#website\",\"url\":\"https:\\\/\\\/sunnysolar.vn\\\/\",\"name\":\"NANG LUONG THONG MINH\",\"description\":\"H\u00e0ng ch\u00ednh h\u00e3ng - Giao h\u00e0ng nhanh - Gi\u00e1 t\u1ed1t\",\"publisher\":{\"@id\":\"https:\\\/\\\/sunnysolar.vn\\\/#organization\"},\"potentialAction\":[{\"@type\":\"SearchAction\",\"target\":{\"@type\":\"EntryPoint\",\"urlTemplate\":\"https:\\\/\\\/sunnysolar.vn\\\/?s={search_term_string}\"},\"query-input\":{\"@type\":\"PropertyValueSpecification\",\"valueRequired\":true,\"valueName\":\"search_term_string\"}}],\"inLanguage\":\"en-US\"},{\"@type\":\"Organization\",\"@id\":\"https:\\\/\\\/sunnysolar.vn\\\/#organization\",\"name\":\"C\u00d4NG TY TNHH K\u1ef8 THU\u1eacT V\u00c0 TH\u01af\u01a0NG M\u1ea0I SUNNY\",\"url\":\"https:\\\/\\\/sunnysolar.vn\\\/\",\"logo\":{\"@type\":\"ImageObject\",\"inLanguage\":\"en-US\",\"@id\":\"https:\\\/\\\/sunnysolar.vn\\\/#\\\/schema\\\/logo\\\/image\\\/\",\"url\":\"http:\\\/\\\/sunnysolar.vn\\\/wp-content\\\/uploads\\\/2024\\\/11\\\/LOGO-SUNNYSOLAR.png\",\"contentUrl\":\"http:\\\/\\\/sunnysolar.vn\\\/wp-content\\\/uploads\\\/2024\\\/11\\\/LOGO-SUNNYSOLAR.png\",\"width\":783,\"height\":438,\"caption\":\"C\u00d4NG TY TNHH K\u1ef8 THU\u1eacT V\u00c0 TH\u01af\u01a0NG M\u1ea0I SUNNY\"},\"image\":{\"@id\":\"https:\\\/\\\/sunnysolar.vn\\\/#\\\/schema\\\/logo\\\/image\\\/\"},\"sameAs\":[\"https:\\\/\\\/www.facebook.com\\\/profile.php?id=100064195922650\"]}]}<\/script>\n<!-- \/ Yoast SEO plugin. -->","yoast_head_json":{"title":"Li\u00ean h\u1ec7 - Sunny Solar","robots":{"index":"index","follow":"follow","max-snippet":"max-snippet:-1","max-image-preview":"max-image-preview:large","max-video-preview":"max-video-preview:-1"},"canonical":"https:\/\/sunnysolar.vn\/en\/lien-he\/","og_locale":"en_US","og_type":"article","og_title":"Li\u00ean h\u1ec7 - Sunny Solar","og_url":"https:\/\/sunnysolar.vn\/en\/lien-he\/","og_site_name":"Sunny Solar","article_publisher":"https:\/\/www.facebook.com\/profile.php?id=100064195922650","article_modified_time":"2024-08-10T08:56:50+00:00","og_image":[{"width":783,"height":438,"url":"https:\/\/sunnysolar.vn\/wp-content\/uploads\/2025\/04\/LOGO-SUNNYSOLAR.png","type":"image\/png"}],"twitter_card":"summary_large_image","twitter_misc":{"Est. reading time":"1 minute"},"schema":{"@context":"https:\/\/schema.org","@graph":[{"@type":"WebPage","@id":"https:\/\/sunnysolar.vn\/lien-he\/","url":"https:\/\/sunnysolar.vn\/lien-he\/","name":"Li\u00ean h\u1ec7 - Sunny Solar","isPartOf":{"@id":"https:\/\/sunnysolar.vn\/#website"},"datePublished":"2018-04-02T17:31:44+00:00","dateModified":"2024-08-10T08:56:50+00:00","breadcrumb":{"@id":"https:\/\/sunnysolar.vn\/lien-he\/#breadcrumb"},"inLanguage":"en-US","potentialAction":[{"@type":"ReadAction","target":["https:\/\/sunnysolar.vn\/lien-he\/"]}]},{"@type":"BreadcrumbList","@id":"https:\/\/sunnysolar.vn\/lien-he\/#breadcrumb","itemListElement":[{"@type":"ListItem","position":1,"name":"Trang ch\u1ee7","item":"https:\/\/sunnysolar.vn\/"},{"@type":"ListItem","position":2,"name":"Li\u00ean h\u1ec7"}]},{"@type":"WebSite","@id":"https:\/\/sunnysolar.vn\/#website","url":"https:\/\/sunnysolar.vn\/","name":"NANG LUONG THONG MINH","description":"H\u00e0ng ch\u00ednh h\u00e3ng - Giao h\u00e0ng nhanh - Gi\u00e1 t\u1ed1t","publisher":{"@id":"https:\/\/sunnysolar.vn\/#organization"},"potentialAction":[{"@type":"SearchAction","target":{"@type":"EntryPoint","urlTemplate":"https:\/\/sunnysolar.vn\/?s={search_term_string}"},"query-input":{"@type":"PropertyValueSpecification","valueRequired":true,"valueName":"search_term_string"}}],"inLanguage":"en-US"},{"@type":"Organization","@id":"https:\/\/sunnysolar.vn\/#organization","name":"C\u00d4NG TY TNHH K\u1ef8 THU\u1eacT V\u00c0 TH\u01af\u01a0NG M\u1ea0I SUNNY","url":"https:\/\/sunnysolar.vn\/","logo":{"@type":"ImageObject","inLanguage":"en-US","@id":"https:\/\/sunnysolar.vn\/#\/schema\/logo\/image\/","url":"http:\/\/sunnysolar.vn\/wp-content\/uploads\/2024\/11\/LOGO-SUNNYSOLAR.png","contentUrl":"http:\/\/sunnysolar.vn\/wp-content\/uploads\/2024\/11\/LOGO-SUNNYSOLAR.png","width":783,"height":438,"caption":"C\u00d4NG TY TNHH K\u1ef8 THU\u1eacT V\u00c0 TH\u01af\u01a0NG M\u1ea0I SUNNY"},"image":{"@id":"https:\/\/sunnysolar.vn\/#\/schema\/logo\/image\/"},"sameAs":["https:\/\/www.facebook.com\/profile.php?id=100064195922650"]}]}},"_links":{"self":[{"href":"https:\/\/sunnysolar.vn\/en\/wp-json\/wp\/v2\/pages\/509","targetHints":{"allow":["GET"]}}],"collection":[{"href":"https:\/\/sunnysolar.vn\/en\/wp-json\/wp\/v2\/pages"}],"about":[{"href":"https:\/\/sunnysolar.vn\/en\/wp-json\/wp\/v2\/types\/page"}],"author":[{"embeddable":true,"href":"https:\/\/sunnysolar.vn\/en\/wp-json\/wp\/v2\/users\/1"}],"replies":[{"embeddable":true,"href":"https:\/\/sunnysolar.vn\/en\/wp-json\/wp\/v2\/comments?post=509"}],"version-history":[{"count":0,"href":"https:\/\/sunnysolar.vn\/en\/wp-json\/wp\/v2\/pages\/509\/revisions"}],"wp:attachment":[{"href":"https:\/\/sunnysolar.vn\/en\/wp-json\/wp\/v2\/media?parent=509"}],"curies":[{"name":"wp","href":"https:\/\/api.w.org\/{rel}","templated":true}]}}