{"id":897,"date":"2018-04-04T10:26:42","date_gmt":"2018-04-04T03:26:42","guid":{"rendered":"http:\/\/denled.muathemewordpress.net\/?page_id=897"},"modified":"2018-04-04T10:26:42","modified_gmt":"2018-04-04T03:26:42","slug":"khi-dien-luoi-cup-he-thong-co-hoat-dong-duoc-khong-trong-nhung-ngay-may-mu-mua-lieu-co-du-dien-de-su-dung-sinh-hoat","status":"publish","type":"page","link":"https:\/\/sunnysolar.vn\/en\/hoi-dap\/khi-dien-luoi-cup-he-thong-co-hoat-dong-duoc-khong-trong-nhung-ngay-may-mu-mua-lieu-co-du-dien-de-su-dung-sinh-hoat\/","title":{"rendered":"Khi \u0111i\u1ec7n l\u01b0\u1edbi c\u00fap, h\u1ec7 th\u1ed1ng c\u00f3 ho\u1ea1t \u0111\u1ed9ng \u0111\u01b0\u1ee3c kh\u00f4ng? Trong nh\u1eefng ng\u00e0y m\u00e2y m\u00f9, m\u01b0a, li\u1ec7u c\u00f3 \u0111\u1ee7 \u0111i\u1ec7n \u0111\u1ec3 s\u1eed d\u1ee5ng sinh ho\u1ea1t?"},"content":{"rendered":"<h3 class=\"ans-tit\"><span style=\"color: #ff6600;\">C\u00e2u h\u1ecfi<\/span><\/h3>\n<div class=\"body_detail\">Khi \u0111i\u1ec7n l\u01b0\u1edbi c\u00fap, h\u1ec7 th\u1ed1ng c\u00f3 ho\u1ea1t \u0111\u1ed9ng \u0111\u01b0\u1ee3c kh\u00f4ng? Trong nh\u1eefng ng\u00e0y m\u00e2y m\u00f9, m\u01b0a, li\u1ec7u c\u00f3 \u0111\u1ee7 \u0111i\u1ec7n \u0111\u1ec3 s\u1eed d\u1ee5ng sinh ho\u1ea1t?<\/div>\n<h3 class=\"ans-tit\"><span style=\"color: #ff6600;\">Tr\u1ea3 l\u1eddi<\/span><\/h3>\n<div class=\"body_detail\">\n<div>\nV\u1ec1 m\u1eb7t k\u1ef9 thu\u1eadt, khi l\u01b0\u1edbi \u0111i\u1ec7n c\u00fap, h\u1ec7 th\u1ed1ng s\u1ebd kh\u00f4ng th\u1ec3 \u0111o c\u00e1c th\u00f4ng s\u1ed1 t\u1eeb \u0111i\u1ec7n l\u01b0\u1edbi n\u00ean t\u1eeb \u0111\u00f3 c\u0169ng t\u1ef1 \u0111\u1ed9ng d\u1eebng ho\u1ea1t \u0111\u1ed9ng (ngay c\u1ea3 khi \u0111ang c\u00f3 n\u1eafng). V\u1edbi c\u01a1 s\u1edf h\u1ea1 t\u1ea7ng \u0111i\u1ec7n hi\u1ec7n nay, vi\u1ec7c \u0111i\u1ec7n l\u01b0\u1edbi c\u00fap \u1edf c\u00e1c th\u00e0nh ph\u1ed1 l\u00e0 r\u1ea5t h\u1ea1n ch\u1ebf n\u00ean kh\u00f4ng \u1ea3nh h\u01b0\u1edfng \u0111\u00e1ng k\u1ec3 \u0111\u1ebfn hi\u1ec7u qu\u1ea3 \u0111\u1ea7u t\u01b0 c\u1ee7a h\u1ec7 th\u1ed1ng.<br \/>\nTrong nh\u1eefng ng\u00e0y m\u00e2y m\u01b0a, h\u1ec7 th\u1ed1ng v\u1eabn ho\u1ea1t \u0111\u1ed9ng li\u00ean t\u1ee5c nh\u01b0ng l\u01b0\u1ee3ng\u00a0\u0111i\u1ec7n n\u0103ng ph\u00e1t\u00a0s\u1ebd gi\u1ea3m theo c\u01b0\u1eddng \u0111\u1ed9 \u00e1nh s\u00e1ng. L\u00fac n\u00e0y \u0111i\u1ec7n l\u01b0\u1edbi s\u1ebd t\u1ef1 \u0111\u1ed9ng h\u00f2a v\u00e0o \u0111\u1ec3 b\u1ed5 sung l\u01b0\u1ee3ng \u0111i\u1ec7n\u00a0c\u00f2n thi\u1ebfu, \u0111\u1ea3m b\u1ea3o cung c\u1ea5p t\u1ea3i \u1ed5n \u0111\u1ecbnh v\u00e0 li\u00ean t\u1ee5c, vi\u1ec7c sinh ho\u1ea1t, s\u1ea3n xu\u1ea5t ho\u00e0n to\u00e0n kh\u00f4ng b\u1ecb \u1ea3nh h\u01b0\u1edfng, gi\u00e1n \u0111o\u1ea1n trong m\u1ecdi \u0111i\u1ec1u ki\u1ec7n th\u1eddi ti\u1ebft.<\/p>\n<h3 class=\"ans-tit\"><span style=\"color: #ff6600;\">C\u00e1c c\u00e2u h\u1ecfi kh\u00e1c:<\/span><\/h3>\n<\/div>\n<\/div>\n\n  \n    <div class=\"row large-columns-1 medium-columns- small-columns-\">\n          <div class=\"page-col col\" >\n          <div class=\"col-inner\" >\n          <a class=\"plain\" href=\"https:\/\/sunnysolar.vn\/en\/hoi-dap\/khi-dien-luoi-cup-he-thong-co-hoat-dong-duoc-khong-trong-nhung-ngay-may-mu-mua-lieu-co-du-dien-de-su-dung-sinh-hoat\/\" title=\"Khi \u0111i\u1ec7n l\u01b0\u1edbi c\u00fap, h\u1ec7 th\u1ed1ng c\u00f3 ho\u1ea1t \u0111\u1ed9ng \u0111\u01b0\u1ee3c kh\u00f4ng? Trong nh\u1eefng ng\u00e0y m\u00e2y m\u00f9, m\u01b0a, li\u1ec7u c\u00f3 \u0111\u1ee7 \u0111i\u1ec7n \u0111\u1ec3 s\u1eed d\u1ee5ng sinh ho\u1ea1t?\" target=\"\">\n            <div class=\"page-box box has-hover\">\n                  <div class=\"box-image\" >\n                      <div class=\"box-image\" >\n                                            <\/div>\n                                                              <\/div>\n                  <div class=\"box-text text-left\" >\n                        <div class=\"box-text-inner\">\n                            <p>Khi \u0111i\u1ec7n l\u01b0\u1edbi c\u00fap, h\u1ec7 th\u1ed1ng c\u00f3 ho\u1ea1t \u0111\u1ed9ng \u0111\u01b0\u1ee3c kh\u00f4ng? Trong nh\u1eefng ng\u00e0y m\u00e2y m\u00f9, m\u01b0a, li\u1ec7u c\u00f3 \u0111\u1ee7 \u0111i\u1ec7n \u0111\u1ec3 s\u1eed d\u1ee5ng sinh ho\u1ea1t?<\/p>\n                        <\/div>\n                  <\/div>\n              <\/div>\n            <\/a>\n            <\/div>\n          <\/div>\n                 <div class=\"page-col col\" >\n          <div class=\"col-inner\" >\n          <a class=\"plain\" href=\"https:\/\/sunnysolar.vn\/en\/hoi-dap\/he-thong-dien-mat-troi-hoa-luoi-cho-ho-gia-dinh-co-hieu-qua-ve-dau-tu-chi-phi-bao-tri-cao-khong\/\" title=\"H\u1ec7 th\u1ed1ng \u0111i\u1ec7n m\u1eb7t tr\u1eddi h\u00f2a l\u01b0\u1edbi cho h\u1ed9 gia \u0111\u00ecnh c\u00f3 hi\u1ec7u qu\u1ea3 v\u1ec1 \u0111\u1ea7u t\u01b0? Chi ph\u00ed b\u1ea3o tr\u00ec cao kh\u00f4ng?\" target=\"\">\n            <div class=\"page-box box has-hover\">\n                  <div class=\"box-image\" >\n                      <div class=\"box-image\" >\n                                            <\/div>\n                                                              <\/div>\n                  <div class=\"box-text text-left\" >\n                        <div class=\"box-text-inner\">\n                            <p>H\u1ec7 th\u1ed1ng \u0111i\u1ec7n m\u1eb7t tr\u1eddi h\u00f2a l\u01b0\u1edbi cho h\u1ed9 gia \u0111\u00ecnh c\u00f3 hi\u1ec7u qu\u1ea3 v\u1ec1 \u0111\u1ea7u t\u01b0? Chi ph\u00ed b\u1ea3o tr\u00ec cao kh\u00f4ng?<\/p>\n                        <\/div>\n                  <\/div>\n              <\/div>\n            <\/a>\n            <\/div>\n          <\/div>\n                 <div class=\"page-col col\" >\n          <div class=\"col-inner\" >\n          <a class=\"plain\" href=\"https:\/\/sunnysolar.vn\/en\/hoi-dap\/can-phai-bao-tri-van-hanh-he-thong-nhu-the-nao\/\" title=\"C\u1ea7n ph\u1ea3i b\u1ea3o tr\u00ec, v\u1eadn h\u00e0nh h\u1ec7 th\u1ed1ng nh\u01b0 th\u1ebf n\u00e0o?\" target=\"\">\n            <div class=\"page-box box has-hover\">\n                  <div class=\"box-image\" >\n                      <div class=\"box-image\" >\n                                            <\/div>\n                                                              <\/div>\n                  <div class=\"box-text text-left\" >\n                        <div class=\"box-text-inner\">\n                            <p>C\u1ea7n ph\u1ea3i b\u1ea3o tr\u00ec, v\u1eadn h\u00e0nh h\u1ec7 th\u1ed1ng nh\u01b0 th\u1ebf n\u00e0o?<\/p>\n                        <\/div>\n                  <\/div>\n              <\/div>\n            <\/a>\n            <\/div>\n          <\/div>\n                 <div class=\"page-col col\" >\n          <div class=\"col-inner\" >\n          <a class=\"plain\" href=\"https:\/\/sunnysolar.vn\/en\/hoi-dap\/he-thong-co-can-tru-ac-quy-co-the-su-dung-vao-buoi-toi\/\" title=\"H\u1ec7 th\u1ed1ng c\u00f3 c\u1ea7n tr\u1eef \u1eafc quy, c\u00f3 th\u1ec3 s\u1eed d\u1ee5ng v\u00e0o bu\u1ed5i t\u1ed1i.\" target=\"\">\n            <div class=\"page-box box has-hover\">\n                  <div class=\"box-image\" >\n                      <div class=\"box-image\" >\n                                            <\/div>\n                                                              <\/div>\n                  <div class=\"box-text text-left\" >\n                        <div class=\"box-text-inner\">\n                            <p>H\u1ec7 th\u1ed1ng c\u00f3 c\u1ea7n tr\u1eef \u1eafc quy, c\u00f3 th\u1ec3 s\u1eed d\u1ee5ng v\u00e0o bu\u1ed5i t\u1ed1i.<\/p>\n                        <\/div>\n                  <\/div>\n              <\/div>\n            <\/a>\n            <\/div>\n          <\/div>\n                 <div class=\"page-col col\" >\n          <div class=\"col-inner\" >\n          <a class=\"plain\" href=\"https:\/\/sunnysolar.vn\/en\/hoi-dap\/he-thong-hoa-luoi-co-anh-huong-den-ket-cau-va-tham-my-cua-ngoi-nha\/\" title=\"H\u1ec7 th\u1ed1ng h\u00f2a l\u01b0\u1edbi c\u00f3 \u1ea3nh h\u01b0\u1edfng \u0111\u1ebfn k\u1ebft c\u1ea5u v\u00e0 th\u1ea9m m\u1ef9 c\u1ee7a ng\u00f4i nh\u00e0?\" target=\"\">\n            <div class=\"page-box box has-hover\">\n                  <div class=\"box-image\" >\n                      <div class=\"box-image\" >\n                                            <\/div>\n                                                              <\/div>\n                  <div class=\"box-text text-left\" >\n                        <div class=\"box-text-inner\">\n                            <p>H\u1ec7 th\u1ed1ng h\u00f2a l\u01b0\u1edbi c\u00f3 \u1ea3nh h\u01b0\u1edfng \u0111\u1ebfn k\u1ebft c\u1ea5u v\u00e0 th\u1ea9m m\u1ef9 c\u1ee7a ng\u00f4i nh\u00e0?<\/p>\n                        <\/div>\n                  <\/div>\n              <\/div>\n            <\/a>\n            <\/div>\n          <\/div>\n                 <div class=\"page-col col\" >\n          <div class=\"col-inner\" >\n          <a class=\"plain\" href=\"https:\/\/sunnysolar.vn\/en\/hoi-dap\/he-thong-hoa-luoi-doanh-nghiep-co-hieu-qua-ve-dau-tu\/\" title=\"H\u1ec7 th\u1ed1ng h\u00f2a l\u01b0\u1edbi doanh nghi\u1ec7p c\u00f3 hi\u1ec7u qu\u1ea3 v\u1ec1 \u0111\u1ea7u t\u01b0?\" target=\"\">\n            <div class=\"page-box box has-hover\">\n                  <div class=\"box-image\" >\n                      <div class=\"box-image\" >\n                                            <\/div>\n                                                              <\/div>\n                  <div class=\"box-text text-left\" >\n                        <div class=\"box-text-inner\">\n                            <p>H\u1ec7 th\u1ed1ng h\u00f2a l\u01b0\u1edbi doanh nghi\u1ec7p c\u00f3 hi\u1ec7u qu\u1ea3 v\u1ec1 \u0111\u1ea7u t\u01b0?<\/p>\n                        <\/div>\n                  <\/div>\n              <\/div>\n            <\/a>\n            <\/div>\n          <\/div>\n                 <div class=\"page-col col\" >\n          <div class=\"col-inner\" >\n          <a class=\"plain\" href=\"https:\/\/sunnysolar.vn\/en\/hoi-dap\/he-thong-hoa-luoi-van-hanh-ra-sao\/\" title=\"H\u1ec7 th\u1ed1ng h\u00f2a l\u01b0\u1edbi v\u1eadn h\u00e0nh ra sao?\" target=\"\">\n            <div class=\"page-box box has-hover\">\n                  <div class=\"box-image\" >\n                      <div class=\"box-image\" >\n                                            <\/div>\n                                                              <\/div>\n                  <div class=\"box-text text-left\" >\n                        <div class=\"box-text-inner\">\n                            <p>H\u1ec7 th\u1ed1ng h\u00f2a l\u01b0\u1edbi v\u1eadn h\u00e0nh ra sao?<\/p>\n                        <\/div>\n                  <\/div>\n              <\/div>\n            <\/a>\n            <\/div>\n          <\/div>\n                 <div class=\"page-col col\" >\n          <div class=\"col-inner\" >\n          <a class=\"plain\" href=\"https:\/\/sunnysolar.vn\/en\/hoi-dap\/lam-sao-chung-toi-biet-da-tiet-kiem-duoc-bao-nhieu-dien-khi-su-dung-he-thong-nlmt\/\" title=\"L\u00e0m sao ch\u00fang t\u00f4i bi\u1ebft \u0111\u00e3 ti\u1ebft ki\u1ec7m \u0111\u01b0\u1ee3c bao nhi\u00eau \u0111i\u1ec7n khi s\u1eed d\u1ee5ng h\u1ec7 th\u1ed1ng NLMT ?\" target=\"\">\n            <div class=\"page-box box has-hover\">\n                  <div class=\"box-image\" >\n                      <div class=\"box-image\" >\n                                            <\/div>\n                                                              <\/div>\n                  <div class=\"box-text text-left\" >\n                        <div class=\"box-text-inner\">\n                            <p>L\u00e0m sao ch\u00fang t\u00f4i bi\u1ebft \u0111\u00e3 ti\u1ebft ki\u1ec7m \u0111\u01b0\u1ee3c bao nhi\u00eau \u0111i\u1ec7n khi s\u1eed d\u1ee5ng h\u1ec7 th\u1ed1ng NLMT ?<\/p>\n                        <\/div>\n                  <\/div>\n              <\/div>\n            <\/a>\n            <\/div>\n          <\/div>\n         <\/div>","protected":false},"excerpt":{"rendered":"<p>C\u00e2u h\u1ecfi Khi \u0111i\u1ec7n l\u01b0\u1edbi c\u00fap, h\u1ec7 th\u1ed1ng c\u00f3 ho\u1ea1t \u0111\u1ed9ng \u0111\u01b0\u1ee3c kh\u00f4ng? Trong nh\u1eefng ng\u00e0y m\u00e2y m\u00f9, m\u01b0a, li\u1ec7u c\u00f3 \u0111\u1ee7 \u0111i\u1ec7n \u0111\u1ec3 s\u1eed d\u1ee5ng sinh ho\u1ea1t? Tr\u1ea3 l\u1eddi V\u1ec1 m\u1eb7t k\u1ef9 thu\u1eadt, khi l\u01b0\u1edbi \u0111i\u1ec7n c\u00fap, h\u1ec7 th\u1ed1ng s\u1ebd kh\u00f4ng th\u1ec3 \u0111o c\u00e1c th\u00f4ng s\u1ed1 t\u1eeb \u0111i\u1ec7n l\u01b0\u1edbi n\u00ean t\u1eeb \u0111\u00f3 c\u0169ng t\u1ef1 [&#8230;]","protected":false},"author":1,"featured_media":0,"parent":878,"menu_order":0,"comment_status":"closed","ping_status":"closed","template":"page-right-sidebar.php","meta":{"footnotes":""},"class_list":["post-897","page","type-page","status-publish","hentry"],"yoast_head":"<!-- This site is optimized with the Yoast SEO plugin v27.4 - https:\/\/yoast.com\/product\/yoast-seo-wordpress\/ -->\n<title>Khi \u0111i\u1ec7n l\u01b0\u1edbi c\u00fap, h\u1ec7 th\u1ed1ng c\u00f3 ho\u1ea1t \u0111\u1ed9ng \u0111\u01b0\u1ee3c kh\u00f4ng? Trong nh\u1eefng ng\u00e0y m\u00e2y m\u00f9, m\u01b0a, li\u1ec7u c\u00f3 \u0111\u1ee7 \u0111i\u1ec7n \u0111\u1ec3 s\u1eed d\u1ee5ng sinh ho\u1ea1t? - Sunny Solar<\/title>\n<meta name=\"robots\" content=\"index, follow, max-snippet:-1, max-image-preview:large, max-video-preview:-1\" \/>\n<link rel=\"canonical\" href=\"https:\/\/sunnysolar.vn\/en\/hoi-dap\/khi-dien-luoi-cup-he-thong-co-hoat-dong-duoc-khong-trong-nhung-ngay-may-mu-mua-lieu-co-du-dien-de-su-dung-sinh-hoat\/\" \/>\n<meta property=\"og:locale\" content=\"en_US\" \/>\n<meta property=\"og:type\" content=\"article\" \/>\n<meta property=\"og:title\" content=\"Khi \u0111i\u1ec7n l\u01b0\u1edbi c\u00fap, h\u1ec7 th\u1ed1ng c\u00f3 ho\u1ea1t \u0111\u1ed9ng \u0111\u01b0\u1ee3c kh\u00f4ng? Trong nh\u1eefng ng\u00e0y m\u00e2y m\u00f9, m\u01b0a, li\u1ec7u c\u00f3 \u0111\u1ee7 \u0111i\u1ec7n \u0111\u1ec3 s\u1eed d\u1ee5ng sinh ho\u1ea1t? - Sunny Solar\" \/>\n<meta property=\"og:description\" content=\"C\u00e2u h\u1ecfi Khi \u0111i\u1ec7n l\u01b0\u1edbi c\u00fap, h\u1ec7 th\u1ed1ng c\u00f3 ho\u1ea1t \u0111\u1ed9ng \u0111\u01b0\u1ee3c kh\u00f4ng? Trong nh\u1eefng ng\u00e0y m\u00e2y m\u00f9, m\u01b0a, li\u1ec7u c\u00f3 \u0111\u1ee7 \u0111i\u1ec7n \u0111\u1ec3 s\u1eed d\u1ee5ng sinh ho\u1ea1t? Tr\u1ea3 l\u1eddi V\u1ec1 m\u1eb7t k\u1ef9 thu\u1eadt, khi l\u01b0\u1edbi \u0111i\u1ec7n c\u00fap, h\u1ec7 th\u1ed1ng s\u1ebd kh\u00f4ng th\u1ec3 \u0111o c\u00e1c th\u00f4ng s\u1ed1 t\u1eeb \u0111i\u1ec7n l\u01b0\u1edbi n\u00ean t\u1eeb \u0111\u00f3 c\u0169ng t\u1ef1 [...]\" \/>\n<meta property=\"og:url\" content=\"https:\/\/sunnysolar.vn\/en\/hoi-dap\/khi-dien-luoi-cup-he-thong-co-hoat-dong-duoc-khong-trong-nhung-ngay-may-mu-mua-lieu-co-du-dien-de-su-dung-sinh-hoat\/\" \/>\n<meta property=\"og:site_name\" content=\"Sunny Solar\" \/>\n<meta property=\"article:publisher\" content=\"https:\/\/www.facebook.com\/profile.php?id=100064195922650\" \/>\n<meta property=\"og:image\" content=\"https:\/\/sunnysolar.vn\/wp-content\/uploads\/2025\/04\/LOGO-SUNNYSOLAR.png\" \/>\n\t<meta property=\"og:image:width\" content=\"783\" \/>\n\t<meta property=\"og:image:height\" content=\"438\" \/>\n\t<meta property=\"og:image:type\" content=\"image\/png\" \/>\n<meta name=\"twitter:card\" content=\"summary_large_image\" \/>\n<meta name=\"twitter:label1\" content=\"Est. reading time\" \/>\n\t<meta name=\"twitter:data1\" content=\"1 minute\" \/>\n<script type=\"application\/ld+json\" class=\"yoast-schema-graph\">{\"@context\":\"https:\\\/\\\/schema.org\",\"@graph\":[{\"@type\":\"WebPage\",\"@id\":\"https:\\\/\\\/sunnysolar.vn\\\/hoi-dap\\\/khi-dien-luoi-cup-he-thong-co-hoat-dong-duoc-khong-trong-nhung-ngay-may-mu-mua-lieu-co-du-dien-de-su-dung-sinh-hoat\\\/\",\"url\":\"https:\\\/\\\/sunnysolar.vn\\\/hoi-dap\\\/khi-dien-luoi-cup-he-thong-co-hoat-dong-duoc-khong-trong-nhung-ngay-may-mu-mua-lieu-co-du-dien-de-su-dung-sinh-hoat\\\/\",\"name\":\"Khi \u0111i\u1ec7n l\u01b0\u1edbi c\u00fap, h\u1ec7 th\u1ed1ng c\u00f3 ho\u1ea1t \u0111\u1ed9ng \u0111\u01b0\u1ee3c kh\u00f4ng? Trong nh\u1eefng ng\u00e0y m\u00e2y m\u00f9, m\u01b0a, li\u1ec7u c\u00f3 \u0111\u1ee7 \u0111i\u1ec7n \u0111\u1ec3 s\u1eed d\u1ee5ng sinh ho\u1ea1t? - Sunny Solar\",\"isPartOf\":{\"@id\":\"https:\\\/\\\/sunnysolar.vn\\\/#website\"},\"datePublished\":\"2018-04-04T03:26:42+00:00\",\"breadcrumb\":{\"@id\":\"https:\\\/\\\/sunnysolar.vn\\\/hoi-dap\\\/khi-dien-luoi-cup-he-thong-co-hoat-dong-duoc-khong-trong-nhung-ngay-may-mu-mua-lieu-co-du-dien-de-su-dung-sinh-hoat\\\/#breadcrumb\"},\"inLanguage\":\"en-US\",\"potentialAction\":[{\"@type\":\"ReadAction\",\"target\":[\"https:\\\/\\\/sunnysolar.vn\\\/hoi-dap\\\/khi-dien-luoi-cup-he-thong-co-hoat-dong-duoc-khong-trong-nhung-ngay-may-mu-mua-lieu-co-du-dien-de-su-dung-sinh-hoat\\\/\"]}]},{\"@type\":\"BreadcrumbList\",\"@id\":\"https:\\\/\\\/sunnysolar.vn\\\/hoi-dap\\\/khi-dien-luoi-cup-he-thong-co-hoat-dong-duoc-khong-trong-nhung-ngay-may-mu-mua-lieu-co-du-dien-de-su-dung-sinh-hoat\\\/#breadcrumb\",\"itemListElement\":[{\"@type\":\"ListItem\",\"position\":1,\"name\":\"Trang ch\u1ee7\",\"item\":\"https:\\\/\\\/sunnysolar.vn\\\/\"},{\"@type\":\"ListItem\",\"position\":2,\"name\":\"H\u1ecfi \u0111\u00e1p\",\"item\":\"https:\\\/\\\/sunnysolar.vn\\\/hoi-dap\\\/\"},{\"@type\":\"ListItem\",\"position\":3,\"name\":\"Khi \u0111i\u1ec7n l\u01b0\u1edbi c\u00fap, h\u1ec7 th\u1ed1ng c\u00f3 ho\u1ea1t \u0111\u1ed9ng \u0111\u01b0\u1ee3c kh\u00f4ng? Trong nh\u1eefng ng\u00e0y m\u00e2y m\u00f9, m\u01b0a, li\u1ec7u c\u00f3 \u0111\u1ee7 \u0111i\u1ec7n \u0111\u1ec3 s\u1eed d\u1ee5ng sinh ho\u1ea1t?\"}]},{\"@type\":\"WebSite\",\"@id\":\"https:\\\/\\\/sunnysolar.vn\\\/#website\",\"url\":\"https:\\\/\\\/sunnysolar.vn\\\/\",\"name\":\"NANG LUONG THONG MINH\",\"description\":\"H\u00e0ng ch\u00ednh h\u00e3ng - Giao h\u00e0ng nhanh - Gi\u00e1 t\u1ed1t\",\"publisher\":{\"@id\":\"https:\\\/\\\/sunnysolar.vn\\\/#organization\"},\"potentialAction\":[{\"@type\":\"SearchAction\",\"target\":{\"@type\":\"EntryPoint\",\"urlTemplate\":\"https:\\\/\\\/sunnysolar.vn\\\/?s={search_term_string}\"},\"query-input\":{\"@type\":\"PropertyValueSpecification\",\"valueRequired\":true,\"valueName\":\"search_term_string\"}}],\"inLanguage\":\"en-US\"},{\"@type\":\"Organization\",\"@id\":\"https:\\\/\\\/sunnysolar.vn\\\/#organization\",\"name\":\"C\u00d4NG TY TNHH K\u1ef8 THU\u1eacT V\u00c0 TH\u01af\u01a0NG M\u1ea0I SUNNY\",\"url\":\"https:\\\/\\\/sunnysolar.vn\\\/\",\"logo\":{\"@type\":\"ImageObject\",\"inLanguage\":\"en-US\",\"@id\":\"https:\\\/\\\/sunnysolar.vn\\\/#\\\/schema\\\/logo\\\/image\\\/\",\"url\":\"http:\\\/\\\/sunnysolar.vn\\\/wp-content\\\/uploads\\\/2024\\\/11\\\/LOGO-SUNNYSOLAR.png\",\"contentUrl\":\"http:\\\/\\\/sunnysolar.vn\\\/wp-content\\\/uploads\\\/2024\\\/11\\\/LOGO-SUNNYSOLAR.png\",\"width\":783,\"height\":438,\"caption\":\"C\u00d4NG TY TNHH K\u1ef8 THU\u1eacT V\u00c0 TH\u01af\u01a0NG M\u1ea0I SUNNY\"},\"image\":{\"@id\":\"https:\\\/\\\/sunnysolar.vn\\\/#\\\/schema\\\/logo\\\/image\\\/\"},\"sameAs\":[\"https:\\\/\\\/www.facebook.com\\\/profile.php?id=100064195922650\"]}]}<\/script>\n<!-- \/ Yoast SEO plugin. -->","yoast_head_json":{"title":"Khi \u0111i\u1ec7n l\u01b0\u1edbi c\u00fap, h\u1ec7 th\u1ed1ng c\u00f3 ho\u1ea1t \u0111\u1ed9ng \u0111\u01b0\u1ee3c kh\u00f4ng? Trong nh\u1eefng ng\u00e0y m\u00e2y m\u00f9, m\u01b0a, li\u1ec7u c\u00f3 \u0111\u1ee7 \u0111i\u1ec7n \u0111\u1ec3 s\u1eed d\u1ee5ng sinh ho\u1ea1t? - Sunny Solar","robots":{"index":"index","follow":"follow","max-snippet":"max-snippet:-1","max-image-preview":"max-image-preview:large","max-video-preview":"max-video-preview:-1"},"canonical":"https:\/\/sunnysolar.vn\/en\/hoi-dap\/khi-dien-luoi-cup-he-thong-co-hoat-dong-duoc-khong-trong-nhung-ngay-may-mu-mua-lieu-co-du-dien-de-su-dung-sinh-hoat\/","og_locale":"en_US","og_type":"article","og_title":"Khi \u0111i\u1ec7n l\u01b0\u1edbi c\u00fap, h\u1ec7 th\u1ed1ng c\u00f3 ho\u1ea1t \u0111\u1ed9ng \u0111\u01b0\u1ee3c kh\u00f4ng? Trong nh\u1eefng ng\u00e0y m\u00e2y m\u00f9, m\u01b0a, li\u1ec7u c\u00f3 \u0111\u1ee7 \u0111i\u1ec7n \u0111\u1ec3 s\u1eed d\u1ee5ng sinh ho\u1ea1t? - Sunny Solar","og_description":"C\u00e2u h\u1ecfi Khi \u0111i\u1ec7n l\u01b0\u1edbi c\u00fap, h\u1ec7 th\u1ed1ng c\u00f3 ho\u1ea1t \u0111\u1ed9ng \u0111\u01b0\u1ee3c kh\u00f4ng? Trong nh\u1eefng ng\u00e0y m\u00e2y m\u00f9, m\u01b0a, li\u1ec7u c\u00f3 \u0111\u1ee7 \u0111i\u1ec7n \u0111\u1ec3 s\u1eed d\u1ee5ng sinh ho\u1ea1t? Tr\u1ea3 l\u1eddi V\u1ec1 m\u1eb7t k\u1ef9 thu\u1eadt, khi l\u01b0\u1edbi \u0111i\u1ec7n c\u00fap, h\u1ec7 th\u1ed1ng s\u1ebd kh\u00f4ng th\u1ec3 \u0111o c\u00e1c th\u00f4ng s\u1ed1 t\u1eeb \u0111i\u1ec7n l\u01b0\u1edbi n\u00ean t\u1eeb \u0111\u00f3 c\u0169ng t\u1ef1 [...]","og_url":"https:\/\/sunnysolar.vn\/en\/hoi-dap\/khi-dien-luoi-cup-he-thong-co-hoat-dong-duoc-khong-trong-nhung-ngay-may-mu-mua-lieu-co-du-dien-de-su-dung-sinh-hoat\/","og_site_name":"Sunny Solar","article_publisher":"https:\/\/www.facebook.com\/profile.php?id=100064195922650","og_image":[{"width":783,"height":438,"url":"https:\/\/sunnysolar.vn\/wp-content\/uploads\/2025\/04\/LOGO-SUNNYSOLAR.png","type":"image\/png"}],"twitter_card":"summary_large_image","twitter_misc":{"Est. reading time":"1 minute"},"schema":{"@context":"https:\/\/schema.org","@graph":[{"@type":"WebPage","@id":"https:\/\/sunnysolar.vn\/hoi-dap\/khi-dien-luoi-cup-he-thong-co-hoat-dong-duoc-khong-trong-nhung-ngay-may-mu-mua-lieu-co-du-dien-de-su-dung-sinh-hoat\/","url":"https:\/\/sunnysolar.vn\/hoi-dap\/khi-dien-luoi-cup-he-thong-co-hoat-dong-duoc-khong-trong-nhung-ngay-may-mu-mua-lieu-co-du-dien-de-su-dung-sinh-hoat\/","name":"Khi \u0111i\u1ec7n l\u01b0\u1edbi c\u00fap, h\u1ec7 th\u1ed1ng c\u00f3 ho\u1ea1t \u0111\u1ed9ng \u0111\u01b0\u1ee3c kh\u00f4ng? Trong nh\u1eefng ng\u00e0y m\u00e2y m\u00f9, m\u01b0a, li\u1ec7u c\u00f3 \u0111\u1ee7 \u0111i\u1ec7n \u0111\u1ec3 s\u1eed d\u1ee5ng sinh ho\u1ea1t? - Sunny Solar","isPartOf":{"@id":"https:\/\/sunnysolar.vn\/#website"},"datePublished":"2018-04-04T03:26:42+00:00","breadcrumb":{"@id":"https:\/\/sunnysolar.vn\/hoi-dap\/khi-dien-luoi-cup-he-thong-co-hoat-dong-duoc-khong-trong-nhung-ngay-may-mu-mua-lieu-co-du-dien-de-su-dung-sinh-hoat\/#breadcrumb"},"inLanguage":"en-US","potentialAction":[{"@type":"ReadAction","target":["https:\/\/sunnysolar.vn\/hoi-dap\/khi-dien-luoi-cup-he-thong-co-hoat-dong-duoc-khong-trong-nhung-ngay-may-mu-mua-lieu-co-du-dien-de-su-dung-sinh-hoat\/"]}]},{"@type":"BreadcrumbList","@id":"https:\/\/sunnysolar.vn\/hoi-dap\/khi-dien-luoi-cup-he-thong-co-hoat-dong-duoc-khong-trong-nhung-ngay-may-mu-mua-lieu-co-du-dien-de-su-dung-sinh-hoat\/#breadcrumb","itemListElement":[{"@type":"ListItem","position":1,"name":"Trang ch\u1ee7","item":"https:\/\/sunnysolar.vn\/"},{"@type":"ListItem","position":2,"name":"H\u1ecfi \u0111\u00e1p","item":"https:\/\/sunnysolar.vn\/hoi-dap\/"},{"@type":"ListItem","position":3,"name":"Khi \u0111i\u1ec7n l\u01b0\u1edbi c\u00fap, h\u1ec7 th\u1ed1ng c\u00f3 ho\u1ea1t \u0111\u1ed9ng \u0111\u01b0\u1ee3c kh\u00f4ng? Trong nh\u1eefng ng\u00e0y m\u00e2y m\u00f9, m\u01b0a, li\u1ec7u c\u00f3 \u0111\u1ee7 \u0111i\u1ec7n \u0111\u1ec3 s\u1eed d\u1ee5ng sinh ho\u1ea1t?"}]},{"@type":"WebSite","@id":"https:\/\/sunnysolar.vn\/#website","url":"https:\/\/sunnysolar.vn\/","name":"NANG LUONG THONG MINH","description":"H\u00e0ng ch\u00ednh h\u00e3ng - Giao h\u00e0ng nhanh - Gi\u00e1 t\u1ed1t","publisher":{"@id":"https:\/\/sunnysolar.vn\/#organization"},"potentialAction":[{"@type":"SearchAction","target":{"@type":"EntryPoint","urlTemplate":"https:\/\/sunnysolar.vn\/?s={search_term_string}"},"query-input":{"@type":"PropertyValueSpecification","valueRequired":true,"valueName":"search_term_string"}}],"inLanguage":"en-US"},{"@type":"Organization","@id":"https:\/\/sunnysolar.vn\/#organization","name":"C\u00d4NG TY TNHH K\u1ef8 THU\u1eacT V\u00c0 TH\u01af\u01a0NG M\u1ea0I SUNNY","url":"https:\/\/sunnysolar.vn\/","logo":{"@type":"ImageObject","inLanguage":"en-US","@id":"https:\/\/sunnysolar.vn\/#\/schema\/logo\/image\/","url":"http:\/\/sunnysolar.vn\/wp-content\/uploads\/2024\/11\/LOGO-SUNNYSOLAR.png","contentUrl":"http:\/\/sunnysolar.vn\/wp-content\/uploads\/2024\/11\/LOGO-SUNNYSOLAR.png","width":783,"height":438,"caption":"C\u00d4NG TY TNHH K\u1ef8 THU\u1eacT V\u00c0 TH\u01af\u01a0NG M\u1ea0I SUNNY"},"image":{"@id":"https:\/\/sunnysolar.vn\/#\/schema\/logo\/image\/"},"sameAs":["https:\/\/www.facebook.com\/profile.php?id=100064195922650"]}]}},"_links":{"self":[{"href":"https:\/\/sunnysolar.vn\/en\/wp-json\/wp\/v2\/pages\/897","targetHints":{"allow":["GET"]}}],"collection":[{"href":"https:\/\/sunnysolar.vn\/en\/wp-json\/wp\/v2\/pages"}],"about":[{"href":"https:\/\/sunnysolar.vn\/en\/wp-json\/wp\/v2\/types\/page"}],"author":[{"embeddable":true,"href":"https:\/\/sunnysolar.vn\/en\/wp-json\/wp\/v2\/users\/1"}],"replies":[{"embeddable":true,"href":"https:\/\/sunnysolar.vn\/en\/wp-json\/wp\/v2\/comments?post=897"}],"version-history":[{"count":0,"href":"https:\/\/sunnysolar.vn\/en\/wp-json\/wp\/v2\/pages\/897\/revisions"}],"up":[{"embeddable":true,"href":"https:\/\/sunnysolar.vn\/en\/wp-json\/wp\/v2\/pages\/878"}],"wp:attachment":[{"href":"https:\/\/sunnysolar.vn\/en\/wp-json\/wp\/v2\/media?parent=897"}],"curies":[{"name":"wp","href":"https:\/\/api.w.org\/{rel}","templated":true}]}}