{"id":1876,"date":"2024-11-28T15:04:00","date_gmt":"2024-11-28T08:04:00","guid":{"rendered":"http:\/\/sunnysolar.vn\/?post_type=product&#038;p=1876"},"modified":"2026-04-01T08:54:24","modified_gmt":"2026-04-01T01:54:24","slug":"den-pha-led-nang-luong-mat-troi-1000w-wawa-light-6-0","status":"publish","type":"product","link":"https:\/\/sunnysolar.vn\/en\/product\/den-pha-led-nang-luong-mat-troi-1000w-wawa-light-6-0\/","title":{"rendered":"\u0110\u00e8n pha led n\u0103ng l\u01b0\u1ee3ng m\u1eb7t tr\u1eddi 1000W Wawa Light 6.0"},"content":{"rendered":"<div id=\"text-3105901596\" class=\"text\">\n\t\t\t\t\n<style>\n#text-3105901596 {\n  line-height: 2.5;\n}\n<\/style>\n\t<\/div>\n\t\n<p><strong>\u0110\u00e8n Led Pha n\u0103ng l\u01b0\u1ee3ng m\u1eb7t tr\u1eddi<\/strong>\u00a0l\u00e0 lo\u1ea1i \u0111\u00e8n chuy\u00ean d\u00f9ng \u0111\u1ec3 chi\u1ebfu s\u00e1ng b\u00ean trong nh\u1eefng khu v\u1ef1c r\u1ed9ng v\u00e0 xa, th\u01b0\u1eddng c\u00f3 c\u00f4ng su\u1ea5t l\u1edbn, th\u01b0\u1eddng \u0111\u01b0\u1ee3c s\u1eed d\u1ee5ng thay th\u1ebf cho c\u00e1c lo\u1ea1i \u0111\u00e8n b\u00ecnh th\u01b0\u1eddng nh\u01b0 \u0111\u00e8n halogen, \u0111\u00e8n cao \u00e1p.<br \/>\nV\u1edbi thi\u1ebft k\u1ebf nh\u1ecf g\u1ecdn, s\u1eed d\u1ee5ng v\u1eadt li\u1ec7u b\u1eb1ng kim lo\u1ea1i cao c\u1ea5p, \u0111\u01b0\u1ee3c ph\u1ee7 l\u1edbp s\u01a1n t\u0129nh \u0111i\u1ec7n v\u1edbi th\u00e2n h\u00ecnh vu\u00f4ng k\u00e8m theo gi\u00e1 \u0111\u1ee1 c\u00f3 th\u1ec3 xoay 180 \u0111\u1ed9 v\u00f4 c\u00f9ng ch\u1eafc ch\u1eafn, gi\u00fap d\u1ec5 d\u00e0ng l\u1eafp \u0111\u1eb7t \u1edf m\u1ecdi v\u1ecb tr\u00ed.<\/p>\n<h2><strong>Th\u00f4ng s\u1ed1 k\u1ef9 thu\u1eadt:<\/strong><\/h2>\n\n<table id=\"tablepress-18\" class=\"tablepress tablepress-id-18\">\n<tbody class=\"row-striping row-hover\">\n<tr class=\"row-1\">\n\t<td class=\"column-1\"><strong>Model<\/strong><\/td><td class=\"column-2\">Wawa Light 6.0 plus<\/td><td class=\"column-3\"><strong>Chip LED<\/strong><\/td><td class=\"column-4\">SMD CREE (USA)<\/td>\n<\/tr>\n<tr class=\"row-2\">\n\t<td class=\"column-1\"><strong>Th\u01b0\u01a1ng hi\u1ec7u<\/strong><\/td><td class=\"column-2\">Euler Energy<\/td><td class=\"column-3\"><strong>Nhi\u1ec7t \u0111\u1ed9 m\u00e0u<\/strong><\/td><td class=\"column-4\">6000K<\/td>\n<\/tr>\n<tr class=\"row-3\">\n\t<td class=\"column-1\"><strong>Xu\u1ea5t x\u1ee9<\/strong><\/td><td class=\"column-2\">Trung Qu\u1ed1c<\/td><td class=\"column-3\"><strong>V\u1eadt li\u1ec7u \u0111\u00e8n<\/strong><\/td><td class=\"column-4\">H\u1ee3p kim nh\u00f4m Magie<\/td>\n<\/tr>\n<tr class=\"row-4\">\n\t<td class=\"column-1\"><strong>C\u00f4ng su\u1ea5t \u0111\u00e8n (W)<\/strong><\/td><td class=\"column-2\">1000W<\/td><td class=\"column-3\"><strong>Chi\u1ec1u cao l\u1eafp \u0111\u1eb7t<\/strong><\/td><td class=\"column-4\">6-8m<\/td>\n<\/tr>\n<tr class=\"row-5\">\n\t<td class=\"column-1\"><strong>C\u00f4ng su\u1ea5t t\u1ea5m Pin (W)<\/strong><\/td><td class=\"column-2\">5V\/105W Monocrystalline Silicon<\/td><td class=\"column-3\"><strong>Th\u1eddi gian chi\u1ebfu s\u00e1ng<\/strong><\/td><td class=\"column-4\">2-3 ng\u00e0y<\/td>\n<\/tr>\n<tr class=\"row-6\">\n\t<td class=\"column-1\"><strong>Dung l\u01b0\u1ee3ng acquy l\u01b0u tr\u1eef <\/strong><\/td><td class=\"column-2\">3.2V\/80Ah LiFePo4<\/td><td class=\"column-3\"><strong>Th\u1eddi gian s\u1ea1c<\/strong><\/td><td class=\"column-4\">6-8h<\/td>\n<\/tr>\n<tr class=\"row-7\">\n\t<td class=\"column-1\"><strong>K\u00edch th\u01b0\u1edbc \u0111\u00e8n led DxRxC (mm)<\/strong><\/td><td class=\"column-2\">320x285x95<\/td><td class=\"column-3\"><strong>Ch\u1ebf \u0111\u1ed9 ho\u1ea1t \u0111\u1ed9ng<\/strong><\/td><td class=\"column-4\">6+X\/T\u1ef1 \u0111i\u1ec1u ch\u1ec9nh CS<\/td>\n<\/tr>\n<tr class=\"row-8\">\n\t<td class=\"column-1\"><strong>Quang th\u00f4ng <\/strong><\/td><td class=\"column-2\">5,600 lumen<\/td><td class=\"column-3\"><strong>K\u00edch th\u01b0\u1edbc t\u1ea5m Pin DxRxC (mm)<\/strong><\/td><td class=\"column-4\">780x680x30<\/td>\n<\/tr>\n<tr class=\"row-9\">\n\t<td class=\"column-1\"><strong>S\u1ea3n ph\u1ea9m g\u1ed3m<\/strong><\/td><td class=\"column-2\">\u0110\u00e8n + T\u1ea5m Pin NLMT + Remote<\/td><td class=\"column-3\"><\/td><td class=\"column-4\"><\/td>\n<\/tr>\n<\/tbody>\n<\/table>\n<!-- #tablepress-18 from cache -->\n<h2><b>M\u00f4 t\u1ea3 \u0111\u00e8n pha LED n\u0103ng l\u01b0\u1ee3ng m\u1eb7t tr\u1eddi 1000W WaWa Light 6.0 \u00a0Plus<\/b><\/h2>\n<p><img loading=\"lazy\" decoding=\"async\" class=\"alignnone size-full wp-image-4229\" src=\"http:\/\/sunnysolar.vn\/wp-content\/uploads\/2024\/11\/Den-pha-nang-luong-mat-troi-WAWA-LIGHT-6.01.jpeg\" alt=\"\" width=\"1080\" height=\"1080\" srcset=\"https:\/\/sunnysolar.vn\/wp-content\/uploads\/2024\/11\/Den-pha-nang-luong-mat-troi-WAWA-LIGHT-6.01.jpeg 1080w, https:\/\/sunnysolar.vn\/wp-content\/uploads\/2024\/11\/Den-pha-nang-luong-mat-troi-WAWA-LIGHT-6.01-300x300.jpeg 300w, https:\/\/sunnysolar.vn\/wp-content\/uploads\/2024\/11\/Den-pha-nang-luong-mat-troi-WAWA-LIGHT-6.01-1024x1024.jpeg 1024w, https:\/\/sunnysolar.vn\/wp-content\/uploads\/2024\/11\/Den-pha-nang-luong-mat-troi-WAWA-LIGHT-6.01-150x150.jpeg 150w, https:\/\/sunnysolar.vn\/wp-content\/uploads\/2024\/11\/Den-pha-nang-luong-mat-troi-WAWA-LIGHT-6.01-768x768.jpeg 768w, https:\/\/sunnysolar.vn\/wp-content\/uploads\/2024\/11\/Den-pha-nang-luong-mat-troi-WAWA-LIGHT-6.01-12x12.jpeg 12w, https:\/\/sunnysolar.vn\/wp-content\/uploads\/2024\/11\/Den-pha-nang-luong-mat-troi-WAWA-LIGHT-6.01-600x600.jpeg 600w, https:\/\/sunnysolar.vn\/wp-content\/uploads\/2024\/11\/Den-pha-nang-luong-mat-troi-WAWA-LIGHT-6.01-100x100.jpeg 100w\" sizes=\"auto, (max-width: 1080px) 100vw, 1080px\" \/><\/p>\n<p><img loading=\"lazy\" decoding=\"async\" class=\"alignnone size-full wp-image-4226\" src=\"http:\/\/sunnysolar.vn\/wp-content\/uploads\/2024\/11\/Den-pha-nang-luong-mat-troi-WAWA-LIGHT-6.0-2.jpeg\" alt=\"\" width=\"1080\" height=\"1080\" srcset=\"https:\/\/sunnysolar.vn\/wp-content\/uploads\/2024\/11\/Den-pha-nang-luong-mat-troi-WAWA-LIGHT-6.0-2.jpeg 1080w, https:\/\/sunnysolar.vn\/wp-content\/uploads\/2024\/11\/Den-pha-nang-luong-mat-troi-WAWA-LIGHT-6.0-2-300x300.jpeg 300w, https:\/\/sunnysolar.vn\/wp-content\/uploads\/2024\/11\/Den-pha-nang-luong-mat-troi-WAWA-LIGHT-6.0-2-1024x1024.jpeg 1024w, https:\/\/sunnysolar.vn\/wp-content\/uploads\/2024\/11\/Den-pha-nang-luong-mat-troi-WAWA-LIGHT-6.0-2-150x150.jpeg 150w, https:\/\/sunnysolar.vn\/wp-content\/uploads\/2024\/11\/Den-pha-nang-luong-mat-troi-WAWA-LIGHT-6.0-2-768x768.jpeg 768w, https:\/\/sunnysolar.vn\/wp-content\/uploads\/2024\/11\/Den-pha-nang-luong-mat-troi-WAWA-LIGHT-6.0-2-12x12.jpeg 12w, https:\/\/sunnysolar.vn\/wp-content\/uploads\/2024\/11\/Den-pha-nang-luong-mat-troi-WAWA-LIGHT-6.0-2-600x600.jpeg 600w, https:\/\/sunnysolar.vn\/wp-content\/uploads\/2024\/11\/Den-pha-nang-luong-mat-troi-WAWA-LIGHT-6.0-2-100x100.jpeg 100w\" sizes=\"auto, (max-width: 1080px) 100vw, 1080px\" \/> <img loading=\"lazy\" decoding=\"async\" class=\"alignnone size-full wp-image-4227\" src=\"http:\/\/sunnysolar.vn\/wp-content\/uploads\/2024\/11\/Den-pha-nang-luong-mat-troi-WAWA-LIGHT-6.0-3.jpeg\" alt=\"\" width=\"1080\" height=\"1080\" srcset=\"https:\/\/sunnysolar.vn\/wp-content\/uploads\/2024\/11\/Den-pha-nang-luong-mat-troi-WAWA-LIGHT-6.0-3.jpeg 1080w, https:\/\/sunnysolar.vn\/wp-content\/uploads\/2024\/11\/Den-pha-nang-luong-mat-troi-WAWA-LIGHT-6.0-3-300x300.jpeg 300w, https:\/\/sunnysolar.vn\/wp-content\/uploads\/2024\/11\/Den-pha-nang-luong-mat-troi-WAWA-LIGHT-6.0-3-1024x1024.jpeg 1024w, https:\/\/sunnysolar.vn\/wp-content\/uploads\/2024\/11\/Den-pha-nang-luong-mat-troi-WAWA-LIGHT-6.0-3-150x150.jpeg 150w, https:\/\/sunnysolar.vn\/wp-content\/uploads\/2024\/11\/Den-pha-nang-luong-mat-troi-WAWA-LIGHT-6.0-3-768x768.jpeg 768w, https:\/\/sunnysolar.vn\/wp-content\/uploads\/2024\/11\/Den-pha-nang-luong-mat-troi-WAWA-LIGHT-6.0-3-12x12.jpeg 12w, https:\/\/sunnysolar.vn\/wp-content\/uploads\/2024\/11\/Den-pha-nang-luong-mat-troi-WAWA-LIGHT-6.0-3-600x600.jpeg 600w, https:\/\/sunnysolar.vn\/wp-content\/uploads\/2024\/11\/Den-pha-nang-luong-mat-troi-WAWA-LIGHT-6.0-3-100x100.jpeg 100w\" sizes=\"auto, (max-width: 1080px) 100vw, 1080px\" \/> <img loading=\"lazy\" decoding=\"async\" class=\"alignnone size-full wp-image-4228\" src=\"http:\/\/sunnysolar.vn\/wp-content\/uploads\/2024\/11\/Den-pha-nang-luong-mat-troi-WAWA-LIGHT-6.0-4.jpeg\" alt=\"\" width=\"1080\" height=\"1080\" srcset=\"https:\/\/sunnysolar.vn\/wp-content\/uploads\/2024\/11\/Den-pha-nang-luong-mat-troi-WAWA-LIGHT-6.0-4.jpeg 1080w, https:\/\/sunnysolar.vn\/wp-content\/uploads\/2024\/11\/Den-pha-nang-luong-mat-troi-WAWA-LIGHT-6.0-4-300x300.jpeg 300w, https:\/\/sunnysolar.vn\/wp-content\/uploads\/2024\/11\/Den-pha-nang-luong-mat-troi-WAWA-LIGHT-6.0-4-1024x1024.jpeg 1024w, https:\/\/sunnysolar.vn\/wp-content\/uploads\/2024\/11\/Den-pha-nang-luong-mat-troi-WAWA-LIGHT-6.0-4-150x150.jpeg 150w, https:\/\/sunnysolar.vn\/wp-content\/uploads\/2024\/11\/Den-pha-nang-luong-mat-troi-WAWA-LIGHT-6.0-4-768x768.jpeg 768w, https:\/\/sunnysolar.vn\/wp-content\/uploads\/2024\/11\/Den-pha-nang-luong-mat-troi-WAWA-LIGHT-6.0-4-12x12.jpeg 12w, https:\/\/sunnysolar.vn\/wp-content\/uploads\/2024\/11\/Den-pha-nang-luong-mat-troi-WAWA-LIGHT-6.0-4-600x600.jpeg 600w, https:\/\/sunnysolar.vn\/wp-content\/uploads\/2024\/11\/Den-pha-nang-luong-mat-troi-WAWA-LIGHT-6.0-4-100x100.jpeg 100w\" sizes=\"auto, (max-width: 1080px) 100vw, 1080px\" \/><\/p>","protected":false},"excerpt":{"rendered":"<p><b>Model: Wawa Light 6.0 Plus<\/b><\/p>\n<p>Th\u01b0\u01a1ng hi\u1ec7u: Euler Energy<\/p>\n<p>C\u00f4ng su\u1ea5t: 1000W<\/p>\n<p>B\u1ea3o h\u00e0nh: 5 n\u0103m<\/p>","protected":false},"featured_media":4103,"comment_status":"open","ping_status":"closed","template":"","meta":[],"product_brand":[],"product_cat":[40],"product_tag":[39],"class_list":{"0":"post-1876","1":"product","2":"type-product","3":"status-publish","4":"has-post-thumbnail","6":"product_cat-den-pha-nang-luong-mat-troi","7":"product_tag-den-pha","9":"first","10":"instock","11":"sale","12":"taxable","13":"shipping-taxable","14":"purchasable","15":"product-type-simple"},"yoast_head":"<!-- This site is optimized with the Yoast SEO plugin v27.4 - https:\/\/yoast.com\/product\/yoast-seo-wordpress\/ -->\n<title>\u0110\u00e8n pha led n\u0103ng l\u01b0\u1ee3ng m\u1eb7t tr\u1eddi 1000W Wawa Light 6.0 - Sunny Solar<\/title>\n<meta name=\"robots\" content=\"index, follow, max-snippet:-1, max-image-preview:large, max-video-preview:-1\" \/>\n<link rel=\"canonical\" href=\"https:\/\/sunnysolar.vn\/en\/product\/den-pha-led-nang-luong-mat-troi-1000w-wawa-light-6-0\/\" \/>\n<meta property=\"og:locale\" content=\"en_US\" \/>\n<meta property=\"og:type\" content=\"article\" \/>\n<meta property=\"og:title\" content=\"\u0110\u00e8n pha led n\u0103ng l\u01b0\u1ee3ng m\u1eb7t tr\u1eddi 1000W Wawa Light 6.0 - Sunny Solar\" \/>\n<meta property=\"og:description\" content=\"Model: Wawa Light 6.0 Plus  Th\u01b0\u01a1ng hi\u1ec7u: Euler Energy  C\u00f4ng su\u1ea5t: 1000W  B\u1ea3o h\u00e0nh: 5 n\u0103m\" \/>\n<meta property=\"og:url\" content=\"https:\/\/sunnysolar.vn\/en\/product\/den-pha-led-nang-luong-mat-troi-1000w-wawa-light-6-0\/\" \/>\n<meta property=\"og:site_name\" content=\"Sunny Solar\" \/>\n<meta property=\"article:publisher\" content=\"https:\/\/www.facebook.com\/profile.php?id=100064195922650\" \/>\n<meta property=\"article:modified_time\" content=\"2026-04-01T01:54:24+00:00\" \/>\n<meta property=\"og:image\" content=\"https:\/\/sunnysolar.vn\/wp-content\/uploads\/2024\/11\/den-nang-luong-euler-energy-02.png\" \/>\n\t<meta property=\"og:image:width\" content=\"1842\" \/>\n\t<meta property=\"og:image:height\" content=\"1819\" \/>\n\t<meta property=\"og:image:type\" content=\"image\/png\" \/>\n<meta name=\"twitter:card\" content=\"summary_large_image\" \/>\n<meta name=\"twitter:label1\" content=\"Est. reading time\" \/>\n\t<meta name=\"twitter:data1\" content=\"1 minute\" \/>\n<script type=\"application\/ld+json\" class=\"yoast-schema-graph\">{\"@context\":\"https:\\\/\\\/schema.org\",\"@graph\":[{\"@type\":\"WebPage\",\"@id\":\"https:\\\/\\\/sunnysolar.vn\\\/san-pham\\\/den-pha-led-nang-luong-mat-troi-1000w-wawa-light-6-0\\\/\",\"url\":\"https:\\\/\\\/sunnysolar.vn\\\/san-pham\\\/den-pha-led-nang-luong-mat-troi-1000w-wawa-light-6-0\\\/\",\"name\":\"\u0110\u00e8n pha led n\u0103ng l\u01b0\u1ee3ng m\u1eb7t tr\u1eddi 1000W Wawa Light 6.0 - Sunny Solar\",\"isPartOf\":{\"@id\":\"https:\\\/\\\/sunnysolar.vn\\\/#website\"},\"primaryImageOfPage\":{\"@id\":\"https:\\\/\\\/sunnysolar.vn\\\/san-pham\\\/den-pha-led-nang-luong-mat-troi-1000w-wawa-light-6-0\\\/#primaryimage\"},\"image\":{\"@id\":\"https:\\\/\\\/sunnysolar.vn\\\/san-pham\\\/den-pha-led-nang-luong-mat-troi-1000w-wawa-light-6-0\\\/#primaryimage\"},\"thumbnailUrl\":\"https:\\\/\\\/sunnysolar.vn\\\/wp-content\\\/uploads\\\/2024\\\/11\\\/den-nang-luong-euler-energy-02.png\",\"datePublished\":\"2024-11-28T08:04:00+00:00\",\"dateModified\":\"2026-04-01T01:54:24+00:00\",\"breadcrumb\":{\"@id\":\"https:\\\/\\\/sunnysolar.vn\\\/san-pham\\\/den-pha-led-nang-luong-mat-troi-1000w-wawa-light-6-0\\\/#breadcrumb\"},\"inLanguage\":\"en-US\",\"potentialAction\":[{\"@type\":\"ReadAction\",\"target\":[\"https:\\\/\\\/sunnysolar.vn\\\/san-pham\\\/den-pha-led-nang-luong-mat-troi-1000w-wawa-light-6-0\\\/\"]}]},{\"@type\":\"ImageObject\",\"inLanguage\":\"en-US\",\"@id\":\"https:\\\/\\\/sunnysolar.vn\\\/san-pham\\\/den-pha-led-nang-luong-mat-troi-1000w-wawa-light-6-0\\\/#primaryimage\",\"url\":\"https:\\\/\\\/sunnysolar.vn\\\/wp-content\\\/uploads\\\/2024\\\/11\\\/den-nang-luong-euler-energy-02.png\",\"contentUrl\":\"https:\\\/\\\/sunnysolar.vn\\\/wp-content\\\/uploads\\\/2024\\\/11\\\/den-nang-luong-euler-energy-02.png\",\"width\":1842,\"height\":1819},{\"@type\":\"BreadcrumbList\",\"@id\":\"https:\\\/\\\/sunnysolar.vn\\\/san-pham\\\/den-pha-led-nang-luong-mat-troi-1000w-wawa-light-6-0\\\/#breadcrumb\",\"itemListElement\":[{\"@type\":\"ListItem\",\"position\":1,\"name\":\"Trang ch\u1ee7\",\"item\":\"https:\\\/\\\/sunnysolar.vn\\\/\"},{\"@type\":\"ListItem\",\"position\":2,\"name\":\"S\u1ea3n ph\u1ea9m\",\"item\":\"https:\\\/\\\/sunnysolar.vn\\\/san-pham\\\/\"},{\"@type\":\"ListItem\",\"position\":3,\"name\":\"\u0110\u00e8n pha led n\u0103ng l\u01b0\u1ee3ng m\u1eb7t tr\u1eddi 1000W Wawa Light 6.0\"}]},{\"@type\":\"WebSite\",\"@id\":\"https:\\\/\\\/sunnysolar.vn\\\/#website\",\"url\":\"https:\\\/\\\/sunnysolar.vn\\\/\",\"name\":\"NANG LUONG THONG MINH\",\"description\":\"H\u00e0ng ch\u00ednh h\u00e3ng - Giao h\u00e0ng nhanh - Gi\u00e1 t\u1ed1t\",\"publisher\":{\"@id\":\"https:\\\/\\\/sunnysolar.vn\\\/#organization\"},\"potentialAction\":[{\"@type\":\"SearchAction\",\"target\":{\"@type\":\"EntryPoint\",\"urlTemplate\":\"https:\\\/\\\/sunnysolar.vn\\\/?s={search_term_string}\"},\"query-input\":{\"@type\":\"PropertyValueSpecification\",\"valueRequired\":true,\"valueName\":\"search_term_string\"}}],\"inLanguage\":\"en-US\"},{\"@type\":\"Organization\",\"@id\":\"https:\\\/\\\/sunnysolar.vn\\\/#organization\",\"name\":\"C\u00d4NG TY TNHH K\u1ef8 THU\u1eacT V\u00c0 TH\u01af\u01a0NG M\u1ea0I SUNNY\",\"url\":\"https:\\\/\\\/sunnysolar.vn\\\/\",\"logo\":{\"@type\":\"ImageObject\",\"inLanguage\":\"en-US\",\"@id\":\"https:\\\/\\\/sunnysolar.vn\\\/#\\\/schema\\\/logo\\\/image\\\/\",\"url\":\"http:\\\/\\\/sunnysolar.vn\\\/wp-content\\\/uploads\\\/2024\\\/11\\\/LOGO-SUNNYSOLAR.png\",\"contentUrl\":\"http:\\\/\\\/sunnysolar.vn\\\/wp-content\\\/uploads\\\/2024\\\/11\\\/LOGO-SUNNYSOLAR.png\",\"width\":783,\"height\":438,\"caption\":\"C\u00d4NG TY TNHH K\u1ef8 THU\u1eacT V\u00c0 TH\u01af\u01a0NG M\u1ea0I SUNNY\"},\"image\":{\"@id\":\"https:\\\/\\\/sunnysolar.vn\\\/#\\\/schema\\\/logo\\\/image\\\/\"},\"sameAs\":[\"https:\\\/\\\/www.facebook.com\\\/profile.php?id=100064195922650\"]}]}<\/script>\n<!-- \/ Yoast SEO plugin. -->","yoast_head_json":{"title":"\u0110\u00e8n pha led n\u0103ng l\u01b0\u1ee3ng m\u1eb7t tr\u1eddi 1000W Wawa Light 6.0 - Sunny Solar","robots":{"index":"index","follow":"follow","max-snippet":"max-snippet:-1","max-image-preview":"max-image-preview:large","max-video-preview":"max-video-preview:-1"},"canonical":"https:\/\/sunnysolar.vn\/en\/product\/den-pha-led-nang-luong-mat-troi-1000w-wawa-light-6-0\/","og_locale":"en_US","og_type":"article","og_title":"\u0110\u00e8n pha led n\u0103ng l\u01b0\u1ee3ng m\u1eb7t tr\u1eddi 1000W Wawa Light 6.0 - Sunny Solar","og_description":"Model: Wawa Light 6.0 Plus  Th\u01b0\u01a1ng hi\u1ec7u: Euler Energy  C\u00f4ng su\u1ea5t: 1000W  B\u1ea3o h\u00e0nh: 5 n\u0103m","og_url":"https:\/\/sunnysolar.vn\/en\/product\/den-pha-led-nang-luong-mat-troi-1000w-wawa-light-6-0\/","og_site_name":"Sunny Solar","article_publisher":"https:\/\/www.facebook.com\/profile.php?id=100064195922650","article_modified_time":"2026-04-01T01:54:24+00:00","og_image":[{"width":1842,"height":1819,"url":"https:\/\/sunnysolar.vn\/wp-content\/uploads\/2024\/11\/den-nang-luong-euler-energy-02.png","type":"image\/png"}],"twitter_card":"summary_large_image","twitter_misc":{"Est. reading time":"1 minute"},"schema":{"@context":"https:\/\/schema.org","@graph":[{"@type":"WebPage","@id":"https:\/\/sunnysolar.vn\/san-pham\/den-pha-led-nang-luong-mat-troi-1000w-wawa-light-6-0\/","url":"https:\/\/sunnysolar.vn\/san-pham\/den-pha-led-nang-luong-mat-troi-1000w-wawa-light-6-0\/","name":"\u0110\u00e8n pha led n\u0103ng l\u01b0\u1ee3ng m\u1eb7t tr\u1eddi 1000W Wawa Light 6.0 - Sunny Solar","isPartOf":{"@id":"https:\/\/sunnysolar.vn\/#website"},"primaryImageOfPage":{"@id":"https:\/\/sunnysolar.vn\/san-pham\/den-pha-led-nang-luong-mat-troi-1000w-wawa-light-6-0\/#primaryimage"},"image":{"@id":"https:\/\/sunnysolar.vn\/san-pham\/den-pha-led-nang-luong-mat-troi-1000w-wawa-light-6-0\/#primaryimage"},"thumbnailUrl":"https:\/\/sunnysolar.vn\/wp-content\/uploads\/2024\/11\/den-nang-luong-euler-energy-02.png","datePublished":"2024-11-28T08:04:00+00:00","dateModified":"2026-04-01T01:54:24+00:00","breadcrumb":{"@id":"https:\/\/sunnysolar.vn\/san-pham\/den-pha-led-nang-luong-mat-troi-1000w-wawa-light-6-0\/#breadcrumb"},"inLanguage":"en-US","potentialAction":[{"@type":"ReadAction","target":["https:\/\/sunnysolar.vn\/san-pham\/den-pha-led-nang-luong-mat-troi-1000w-wawa-light-6-0\/"]}]},{"@type":"ImageObject","inLanguage":"en-US","@id":"https:\/\/sunnysolar.vn\/san-pham\/den-pha-led-nang-luong-mat-troi-1000w-wawa-light-6-0\/#primaryimage","url":"https:\/\/sunnysolar.vn\/wp-content\/uploads\/2024\/11\/den-nang-luong-euler-energy-02.png","contentUrl":"https:\/\/sunnysolar.vn\/wp-content\/uploads\/2024\/11\/den-nang-luong-euler-energy-02.png","width":1842,"height":1819},{"@type":"BreadcrumbList","@id":"https:\/\/sunnysolar.vn\/san-pham\/den-pha-led-nang-luong-mat-troi-1000w-wawa-light-6-0\/#breadcrumb","itemListElement":[{"@type":"ListItem","position":1,"name":"Trang ch\u1ee7","item":"https:\/\/sunnysolar.vn\/"},{"@type":"ListItem","position":2,"name":"S\u1ea3n ph\u1ea9m","item":"https:\/\/sunnysolar.vn\/san-pham\/"},{"@type":"ListItem","position":3,"name":"\u0110\u00e8n pha led n\u0103ng l\u01b0\u1ee3ng m\u1eb7t tr\u1eddi 1000W Wawa Light 6.0"}]},{"@type":"WebSite","@id":"https:\/\/sunnysolar.vn\/#website","url":"https:\/\/sunnysolar.vn\/","name":"NANG LUONG THONG MINH","description":"H\u00e0ng ch\u00ednh h\u00e3ng - Giao h\u00e0ng nhanh - Gi\u00e1 t\u1ed1t","publisher":{"@id":"https:\/\/sunnysolar.vn\/#organization"},"potentialAction":[{"@type":"SearchAction","target":{"@type":"EntryPoint","urlTemplate":"https:\/\/sunnysolar.vn\/?s={search_term_string}"},"query-input":{"@type":"PropertyValueSpecification","valueRequired":true,"valueName":"search_term_string"}}],"inLanguage":"en-US"},{"@type":"Organization","@id":"https:\/\/sunnysolar.vn\/#organization","name":"C\u00d4NG TY TNHH K\u1ef8 THU\u1eacT V\u00c0 TH\u01af\u01a0NG M\u1ea0I SUNNY","url":"https:\/\/sunnysolar.vn\/","logo":{"@type":"ImageObject","inLanguage":"en-US","@id":"https:\/\/sunnysolar.vn\/#\/schema\/logo\/image\/","url":"http:\/\/sunnysolar.vn\/wp-content\/uploads\/2024\/11\/LOGO-SUNNYSOLAR.png","contentUrl":"http:\/\/sunnysolar.vn\/wp-content\/uploads\/2024\/11\/LOGO-SUNNYSOLAR.png","width":783,"height":438,"caption":"C\u00d4NG TY TNHH K\u1ef8 THU\u1eacT V\u00c0 TH\u01af\u01a0NG M\u1ea0I SUNNY"},"image":{"@id":"https:\/\/sunnysolar.vn\/#\/schema\/logo\/image\/"},"sameAs":["https:\/\/www.facebook.com\/profile.php?id=100064195922650"]}]}},"_links":{"self":[{"href":"https:\/\/sunnysolar.vn\/en\/wp-json\/wp\/v2\/product\/1876","targetHints":{"allow":["GET"]}}],"collection":[{"href":"https:\/\/sunnysolar.vn\/en\/wp-json\/wp\/v2\/product"}],"about":[{"href":"https:\/\/sunnysolar.vn\/en\/wp-json\/wp\/v2\/types\/product"}],"replies":[{"embeddable":true,"href":"https:\/\/sunnysolar.vn\/en\/wp-json\/wp\/v2\/comments?post=1876"}],"wp:featuredmedia":[{"embeddable":true,"href":"https:\/\/sunnysolar.vn\/en\/wp-json\/wp\/v2\/media\/4103"}],"wp:attachment":[{"href":"https:\/\/sunnysolar.vn\/en\/wp-json\/wp\/v2\/media?parent=1876"}],"wp:term":[{"taxonomy":"product_brand","embeddable":true,"href":"https:\/\/sunnysolar.vn\/en\/wp-json\/wp\/v2\/product_brand?post=1876"},{"taxonomy":"product_cat","embeddable":true,"href":"https:\/\/sunnysolar.vn\/en\/wp-json\/wp\/v2\/product_cat?post=1876"},{"taxonomy":"product_tag","embeddable":true,"href":"https:\/\/sunnysolar.vn\/en\/wp-json\/wp\/v2\/product_tag?post=1876"}],"curies":[{"name":"wp","href":"https:\/\/api.w.org\/{rel}","templated":true}]}}