{"id":2038,"date":"2025-06-03T15:58:00","date_gmt":"2025-06-03T08:58:00","guid":{"rendered":"https:\/\/sunnysolar.vn\/?post_type=product&#038;p=2038"},"modified":"2026-04-05T03:28:36","modified_gmt":"2026-04-04T20:28:36","slug":"may-nuoc-nong-nang-luong-mat-troi-tam-phang-ariston-eco2-160l","status":"publish","type":"product","link":"https:\/\/sunnysolar.vn\/en\/product\/may-nuoc-nong-nang-luong-mat-troi-tam-phang-ariston-eco2-160l\/","title":{"rendered":"M\u00e1y n\u01b0\u1edbc n\u00f3ng n\u0103ng l\u01b0\u1ee3ng m\u1eb7t tr\u1eddi Ariston ECO2 160L"},"content":{"rendered":"<h3 style=\"font-weight: 400\"><img loading=\"lazy\" decoding=\"async\" class=\"alignnone size-full wp-image-3915\" src=\"http:\/\/sunnysolar.vn\/wp-content\/uploads\/2025\/06\/ARISTON-QUYEN-LOI-hinh-anh-41.jpg\" alt=\"\" width=\"1749\" height=\"1241\" srcset=\"https:\/\/sunnysolar.vn\/wp-content\/uploads\/2025\/06\/ARISTON-QUYEN-LOI-hinh-anh-41.jpg 1749w, https:\/\/sunnysolar.vn\/wp-content\/uploads\/2025\/06\/ARISTON-QUYEN-LOI-hinh-anh-41-300x213.jpg 300w, https:\/\/sunnysolar.vn\/wp-content\/uploads\/2025\/06\/ARISTON-QUYEN-LOI-hinh-anh-41-1024x727.jpg 1024w, https:\/\/sunnysolar.vn\/wp-content\/uploads\/2025\/06\/ARISTON-QUYEN-LOI-hinh-anh-41-768x545.jpg 768w, https:\/\/sunnysolar.vn\/wp-content\/uploads\/2025\/06\/ARISTON-QUYEN-LOI-hinh-anh-41-1536x1090.jpg 1536w, https:\/\/sunnysolar.vn\/wp-content\/uploads\/2025\/06\/ARISTON-QUYEN-LOI-hinh-anh-41-18x12.jpg 18w, https:\/\/sunnysolar.vn\/wp-content\/uploads\/2025\/06\/ARISTON-QUYEN-LOI-hinh-anh-41-600x426.jpg 600w\" sizes=\"auto, (max-width: 1749px) 100vw, 1749px\" \/> <img loading=\"lazy\" decoding=\"async\" class=\"alignnone size-full wp-image-3916\" src=\"http:\/\/sunnysolar.vn\/wp-content\/uploads\/2025\/06\/ARISTON-QUYEN-LOI-hinh-anh-42.jpg\" alt=\"\" width=\"1749\" height=\"1241\" srcset=\"https:\/\/sunnysolar.vn\/wp-content\/uploads\/2025\/06\/ARISTON-QUYEN-LOI-hinh-anh-42.jpg 1749w, https:\/\/sunnysolar.vn\/wp-content\/uploads\/2025\/06\/ARISTON-QUYEN-LOI-hinh-anh-42-300x213.jpg 300w, https:\/\/sunnysolar.vn\/wp-content\/uploads\/2025\/06\/ARISTON-QUYEN-LOI-hinh-anh-42-1024x727.jpg 1024w, https:\/\/sunnysolar.vn\/wp-content\/uploads\/2025\/06\/ARISTON-QUYEN-LOI-hinh-anh-42-768x545.jpg 768w, https:\/\/sunnysolar.vn\/wp-content\/uploads\/2025\/06\/ARISTON-QUYEN-LOI-hinh-anh-42-1536x1090.jpg 1536w, https:\/\/sunnysolar.vn\/wp-content\/uploads\/2025\/06\/ARISTON-QUYEN-LOI-hinh-anh-42-18x12.jpg 18w, https:\/\/sunnysolar.vn\/wp-content\/uploads\/2025\/06\/ARISTON-QUYEN-LOI-hinh-anh-42-600x426.jpg 600w\" sizes=\"auto, (max-width: 1749px) 100vw, 1749px\" \/> <img loading=\"lazy\" decoding=\"async\" class=\"alignnone size-full wp-image-3917\" src=\"http:\/\/sunnysolar.vn\/wp-content\/uploads\/2025\/06\/ARISTON-QUYEN-LOI-hinh-anh-43.jpg\" alt=\"\" width=\"1749\" height=\"1241\" srcset=\"https:\/\/sunnysolar.vn\/wp-content\/uploads\/2025\/06\/ARISTON-QUYEN-LOI-hinh-anh-43.jpg 1749w, https:\/\/sunnysolar.vn\/wp-content\/uploads\/2025\/06\/ARISTON-QUYEN-LOI-hinh-anh-43-300x213.jpg 300w, https:\/\/sunnysolar.vn\/wp-content\/uploads\/2025\/06\/ARISTON-QUYEN-LOI-hinh-anh-43-1024x727.jpg 1024w, https:\/\/sunnysolar.vn\/wp-content\/uploads\/2025\/06\/ARISTON-QUYEN-LOI-hinh-anh-43-768x545.jpg 768w, https:\/\/sunnysolar.vn\/wp-content\/uploads\/2025\/06\/ARISTON-QUYEN-LOI-hinh-anh-43-1536x1090.jpg 1536w, https:\/\/sunnysolar.vn\/wp-content\/uploads\/2025\/06\/ARISTON-QUYEN-LOI-hinh-anh-43-18x12.jpg 18w, https:\/\/sunnysolar.vn\/wp-content\/uploads\/2025\/06\/ARISTON-QUYEN-LOI-hinh-anh-43-600x426.jpg 600w\" sizes=\"auto, (max-width: 1749px) 100vw, 1749px\" \/> <img loading=\"lazy\" decoding=\"async\" class=\"alignnone size-full wp-image-3918\" src=\"http:\/\/sunnysolar.vn\/wp-content\/uploads\/2025\/06\/ARISTON-QUYEN-LOI-hinh-anh-44.jpg\" alt=\"\" width=\"1749\" height=\"1241\" srcset=\"https:\/\/sunnysolar.vn\/wp-content\/uploads\/2025\/06\/ARISTON-QUYEN-LOI-hinh-anh-44.jpg 1749w, https:\/\/sunnysolar.vn\/wp-content\/uploads\/2025\/06\/ARISTON-QUYEN-LOI-hinh-anh-44-300x213.jpg 300w, https:\/\/sunnysolar.vn\/wp-content\/uploads\/2025\/06\/ARISTON-QUYEN-LOI-hinh-anh-44-1024x727.jpg 1024w, https:\/\/sunnysolar.vn\/wp-content\/uploads\/2025\/06\/ARISTON-QUYEN-LOI-hinh-anh-44-768x545.jpg 768w, https:\/\/sunnysolar.vn\/wp-content\/uploads\/2025\/06\/ARISTON-QUYEN-LOI-hinh-anh-44-1536x1090.jpg 1536w, https:\/\/sunnysolar.vn\/wp-content\/uploads\/2025\/06\/ARISTON-QUYEN-LOI-hinh-anh-44-18x12.jpg 18w, https:\/\/sunnysolar.vn\/wp-content\/uploads\/2025\/06\/ARISTON-QUYEN-LOI-hinh-anh-44-600x426.jpg 600w\" sizes=\"auto, (max-width: 1749px) 100vw, 1749px\" \/> <img loading=\"lazy\" decoding=\"async\" class=\"alignnone size-full wp-image-3919\" src=\"http:\/\/sunnysolar.vn\/wp-content\/uploads\/2025\/06\/ARISTON-QUYEN-LOI-hinh-anh-45.jpg\" alt=\"\" width=\"1749\" height=\"1241\" srcset=\"https:\/\/sunnysolar.vn\/wp-content\/uploads\/2025\/06\/ARISTON-QUYEN-LOI-hinh-anh-45.jpg 1749w, https:\/\/sunnysolar.vn\/wp-content\/uploads\/2025\/06\/ARISTON-QUYEN-LOI-hinh-anh-45-300x213.jpg 300w, https:\/\/sunnysolar.vn\/wp-content\/uploads\/2025\/06\/ARISTON-QUYEN-LOI-hinh-anh-45-1024x727.jpg 1024w, https:\/\/sunnysolar.vn\/wp-content\/uploads\/2025\/06\/ARISTON-QUYEN-LOI-hinh-anh-45-768x545.jpg 768w, https:\/\/sunnysolar.vn\/wp-content\/uploads\/2025\/06\/ARISTON-QUYEN-LOI-hinh-anh-45-1536x1090.jpg 1536w, https:\/\/sunnysolar.vn\/wp-content\/uploads\/2025\/06\/ARISTON-QUYEN-LOI-hinh-anh-45-18x12.jpg 18w, https:\/\/sunnysolar.vn\/wp-content\/uploads\/2025\/06\/ARISTON-QUYEN-LOI-hinh-anh-45-600x426.jpg 600w\" sizes=\"auto, (max-width: 1749px) 100vw, 1749px\" \/> <img loading=\"lazy\" decoding=\"async\" class=\"alignnone size-full wp-image-3920\" src=\"http:\/\/sunnysolar.vn\/wp-content\/uploads\/2025\/06\/ARISTON-QUYEN-LOI-hinh-anh-46.jpg\" alt=\"\" width=\"1749\" height=\"1241\" srcset=\"https:\/\/sunnysolar.vn\/wp-content\/uploads\/2025\/06\/ARISTON-QUYEN-LOI-hinh-anh-46.jpg 1749w, https:\/\/sunnysolar.vn\/wp-content\/uploads\/2025\/06\/ARISTON-QUYEN-LOI-hinh-anh-46-300x213.jpg 300w, https:\/\/sunnysolar.vn\/wp-content\/uploads\/2025\/06\/ARISTON-QUYEN-LOI-hinh-anh-46-1024x727.jpg 1024w, https:\/\/sunnysolar.vn\/wp-content\/uploads\/2025\/06\/ARISTON-QUYEN-LOI-hinh-anh-46-768x545.jpg 768w, https:\/\/sunnysolar.vn\/wp-content\/uploads\/2025\/06\/ARISTON-QUYEN-LOI-hinh-anh-46-1536x1090.jpg 1536w, https:\/\/sunnysolar.vn\/wp-content\/uploads\/2025\/06\/ARISTON-QUYEN-LOI-hinh-anh-46-18x12.jpg 18w, https:\/\/sunnysolar.vn\/wp-content\/uploads\/2025\/06\/ARISTON-QUYEN-LOI-hinh-anh-46-600x426.jpg 600w\" sizes=\"auto, (max-width: 1749px) 100vw, 1749px\" \/> <img loading=\"lazy\" decoding=\"async\" class=\"alignnone size-full wp-image-3921\" src=\"http:\/\/sunnysolar.vn\/wp-content\/uploads\/2025\/06\/ARISTON-QUYEN-LOI-hinh-anh-47.jpg\" alt=\"\" width=\"1749\" height=\"1241\" srcset=\"https:\/\/sunnysolar.vn\/wp-content\/uploads\/2025\/06\/ARISTON-QUYEN-LOI-hinh-anh-47.jpg 1749w, https:\/\/sunnysolar.vn\/wp-content\/uploads\/2025\/06\/ARISTON-QUYEN-LOI-hinh-anh-47-300x213.jpg 300w, https:\/\/sunnysolar.vn\/wp-content\/uploads\/2025\/06\/ARISTON-QUYEN-LOI-hinh-anh-47-1024x727.jpg 1024w, https:\/\/sunnysolar.vn\/wp-content\/uploads\/2025\/06\/ARISTON-QUYEN-LOI-hinh-anh-47-768x545.jpg 768w, https:\/\/sunnysolar.vn\/wp-content\/uploads\/2025\/06\/ARISTON-QUYEN-LOI-hinh-anh-47-1536x1090.jpg 1536w, https:\/\/sunnysolar.vn\/wp-content\/uploads\/2025\/06\/ARISTON-QUYEN-LOI-hinh-anh-47-18x12.jpg 18w, https:\/\/sunnysolar.vn\/wp-content\/uploads\/2025\/06\/ARISTON-QUYEN-LOI-hinh-anh-47-600x426.jpg 600w\" sizes=\"auto, (max-width: 1749px) 100vw, 1749px\" \/> <img loading=\"lazy\" decoding=\"async\" class=\"alignnone size-full wp-image-3922\" src=\"http:\/\/sunnysolar.vn\/wp-content\/uploads\/2025\/06\/ARISTON-QUYEN-LOI-hinh-anh-48.jpg\" alt=\"\" width=\"1749\" height=\"1241\" srcset=\"https:\/\/sunnysolar.vn\/wp-content\/uploads\/2025\/06\/ARISTON-QUYEN-LOI-hinh-anh-48.jpg 1749w, https:\/\/sunnysolar.vn\/wp-content\/uploads\/2025\/06\/ARISTON-QUYEN-LOI-hinh-anh-48-300x213.jpg 300w, https:\/\/sunnysolar.vn\/wp-content\/uploads\/2025\/06\/ARISTON-QUYEN-LOI-hinh-anh-48-1024x727.jpg 1024w, https:\/\/sunnysolar.vn\/wp-content\/uploads\/2025\/06\/ARISTON-QUYEN-LOI-hinh-anh-48-768x545.jpg 768w, https:\/\/sunnysolar.vn\/wp-content\/uploads\/2025\/06\/ARISTON-QUYEN-LOI-hinh-anh-48-1536x1090.jpg 1536w, https:\/\/sunnysolar.vn\/wp-content\/uploads\/2025\/06\/ARISTON-QUYEN-LOI-hinh-anh-48-18x12.jpg 18w, https:\/\/sunnysolar.vn\/wp-content\/uploads\/2025\/06\/ARISTON-QUYEN-LOI-hinh-anh-48-600x426.jpg 600w\" sizes=\"auto, (max-width: 1749px) 100vw, 1749px\" \/> <img loading=\"lazy\" decoding=\"async\" class=\"alignnone size-full wp-image-3923\" src=\"http:\/\/sunnysolar.vn\/wp-content\/uploads\/2025\/06\/ARISTON-QUYEN-LOI-hinh-anh-49.jpg\" alt=\"\" width=\"1749\" height=\"1241\" srcset=\"https:\/\/sunnysolar.vn\/wp-content\/uploads\/2025\/06\/ARISTON-QUYEN-LOI-hinh-anh-49.jpg 1749w, https:\/\/sunnysolar.vn\/wp-content\/uploads\/2025\/06\/ARISTON-QUYEN-LOI-hinh-anh-49-300x213.jpg 300w, https:\/\/sunnysolar.vn\/wp-content\/uploads\/2025\/06\/ARISTON-QUYEN-LOI-hinh-anh-49-1024x727.jpg 1024w, https:\/\/sunnysolar.vn\/wp-content\/uploads\/2025\/06\/ARISTON-QUYEN-LOI-hinh-anh-49-768x545.jpg 768w, https:\/\/sunnysolar.vn\/wp-content\/uploads\/2025\/06\/ARISTON-QUYEN-LOI-hinh-anh-49-1536x1090.jpg 1536w, https:\/\/sunnysolar.vn\/wp-content\/uploads\/2025\/06\/ARISTON-QUYEN-LOI-hinh-anh-49-18x12.jpg 18w, https:\/\/sunnysolar.vn\/wp-content\/uploads\/2025\/06\/ARISTON-QUYEN-LOI-hinh-anh-49-600x426.jpg 600w\" sizes=\"auto, (max-width: 1749px) 100vw, 1749px\" \/> <img loading=\"lazy\" decoding=\"async\" class=\"alignnone size-full wp-image-3924\" src=\"http:\/\/sunnysolar.vn\/wp-content\/uploads\/2025\/06\/ARISTON-QUYEN-LOI-hinh-anh-50.jpg\" alt=\"\" width=\"1749\" height=\"1241\" srcset=\"https:\/\/sunnysolar.vn\/wp-content\/uploads\/2025\/06\/ARISTON-QUYEN-LOI-hinh-anh-50.jpg 1749w, https:\/\/sunnysolar.vn\/wp-content\/uploads\/2025\/06\/ARISTON-QUYEN-LOI-hinh-anh-50-300x213.jpg 300w, https:\/\/sunnysolar.vn\/wp-content\/uploads\/2025\/06\/ARISTON-QUYEN-LOI-hinh-anh-50-1024x727.jpg 1024w, https:\/\/sunnysolar.vn\/wp-content\/uploads\/2025\/06\/ARISTON-QUYEN-LOI-hinh-anh-50-768x545.jpg 768w, https:\/\/sunnysolar.vn\/wp-content\/uploads\/2025\/06\/ARISTON-QUYEN-LOI-hinh-anh-50-1536x1090.jpg 1536w, https:\/\/sunnysolar.vn\/wp-content\/uploads\/2025\/06\/ARISTON-QUYEN-LOI-hinh-anh-50-18x12.jpg 18w, https:\/\/sunnysolar.vn\/wp-content\/uploads\/2025\/06\/ARISTON-QUYEN-LOI-hinh-anh-50-600x426.jpg 600w\" sizes=\"auto, (max-width: 1749px) 100vw, 1749px\" \/><\/h3>","protected":false},"excerpt":{"rendered":"<p><b>Model: ECO2 1815 25<\/b><\/p>\n<p>Th\u01b0\u01a1ng hi\u1ec7u: ARISTON<\/p>\n<p>Dung t\u00edch: 160 L\u00edt<\/p>\n<p>Xu\u1ea5t x\u1ee9: ch\u00ednh h\u00e3ng<\/p>\n<p>B\u1ea3o h\u00e0nh: 5 n\u0103m<\/p>","protected":false},"featured_media":2034,"comment_status":"open","ping_status":"closed","template":"","meta":[],"product_brand":[],"product_cat":[51],"product_tag":[53],"class_list":{"0":"post-2038","1":"product","2":"type-product","3":"status-publish","4":"has-post-thumbnail","6":"product_cat-may-nuoc-nong-nang-luong-mat-troi","7":"product_tag-may-nuoc-nong-nang-luong-mat-troi-ariston","9":"first","10":"instock","11":"sale","12":"taxable","13":"shipping-taxable","14":"purchasable","15":"product-type-simple"},"yoast_head":"<!-- This site is optimized with the Yoast SEO plugin v27.4 - https:\/\/yoast.com\/product\/yoast-seo-wordpress\/ -->\n<title>M\u00e1y n\u01b0\u1edbc n\u00f3ng n\u0103ng l\u01b0\u1ee3ng m\u1eb7t tr\u1eddi Ariston ECO2 160L - Sunny Solar<\/title>\n<meta name=\"description\" content=\"Sunny Solar chuy\u00ean cung c\u1ea5p m\u00e1y n\u01b0\u1edbc n\u00f3ng n\u0103ng l\u01b0\u1ee3ng m\u1eb7t tr\u1eddi Ariston ch\u00ednh h\u00e3ng, gi\u00e1 t\u1ed1t.\" \/>\n<meta name=\"robots\" content=\"index, follow, max-snippet:-1, max-image-preview:large, max-video-preview:-1\" \/>\n<link rel=\"canonical\" href=\"https:\/\/sunnysolar.vn\/en\/product\/may-nuoc-nong-nang-luong-mat-troi-tam-phang-ariston-eco2-160l\/\" \/>\n<meta property=\"og:locale\" content=\"en_US\" \/>\n<meta property=\"og:type\" content=\"article\" \/>\n<meta property=\"og:title\" content=\"M\u00e1y n\u01b0\u1edbc n\u00f3ng n\u0103ng l\u01b0\u1ee3ng m\u1eb7t tr\u1eddi Ariston ECO2 160L - Sunny Solar\" \/>\n<meta property=\"og:description\" content=\"Sunny Solar chuy\u00ean cung c\u1ea5p m\u00e1y n\u01b0\u1edbc n\u00f3ng n\u0103ng l\u01b0\u1ee3ng m\u1eb7t tr\u1eddi Ariston ch\u00ednh h\u00e3ng, gi\u00e1 t\u1ed1t.\" \/>\n<meta property=\"og:url\" content=\"https:\/\/sunnysolar.vn\/en\/product\/may-nuoc-nong-nang-luong-mat-troi-tam-phang-ariston-eco2-160l\/\" \/>\n<meta property=\"og:site_name\" content=\"Sunny Solar\" \/>\n<meta property=\"article:publisher\" content=\"https:\/\/www.facebook.com\/profile.php?id=100064195922650\" \/>\n<meta property=\"article:modified_time\" content=\"2026-04-04T20:28:36+00:00\" \/>\n<meta property=\"og:image\" content=\"https:\/\/sunnysolar.vn\/wp-content\/uploads\/2025\/06\/sunnysolar_may-nuoc-nong-nang-luong-mat-troi-ariston-eco-2-1820-25-210-lit.jpg\" \/>\n\t<meta property=\"og:image:width\" content=\"600\" \/>\n\t<meta property=\"og:image:height\" content=\"600\" \/>\n\t<meta property=\"og:image:type\" content=\"image\/jpeg\" \/>\n<meta name=\"twitter:card\" content=\"summary_large_image\" \/>\n<meta name=\"twitter:label1\" content=\"Est. reading time\" \/>\n\t<meta name=\"twitter:data1\" content=\"2 minutes\" \/>\n<script type=\"application\/ld+json\" class=\"yoast-schema-graph\">{\"@context\":\"https:\\\/\\\/schema.org\",\"@graph\":[{\"@type\":\"WebPage\",\"@id\":\"https:\\\/\\\/sunnysolar.vn\\\/san-pham\\\/may-nuoc-nong-nang-luong-mat-troi-tam-phang-ariston-eco2-160l\\\/\",\"url\":\"https:\\\/\\\/sunnysolar.vn\\\/san-pham\\\/may-nuoc-nong-nang-luong-mat-troi-tam-phang-ariston-eco2-160l\\\/\",\"name\":\"M\u00e1y n\u01b0\u1edbc n\u00f3ng n\u0103ng l\u01b0\u1ee3ng m\u1eb7t tr\u1eddi Ariston ECO2 160L - Sunny Solar\",\"isPartOf\":{\"@id\":\"https:\\\/\\\/sunnysolar.vn\\\/#website\"},\"primaryImageOfPage\":{\"@id\":\"https:\\\/\\\/sunnysolar.vn\\\/san-pham\\\/may-nuoc-nong-nang-luong-mat-troi-tam-phang-ariston-eco2-160l\\\/#primaryimage\"},\"image\":{\"@id\":\"https:\\\/\\\/sunnysolar.vn\\\/san-pham\\\/may-nuoc-nong-nang-luong-mat-troi-tam-phang-ariston-eco2-160l\\\/#primaryimage\"},\"thumbnailUrl\":\"https:\\\/\\\/sunnysolar.vn\\\/wp-content\\\/uploads\\\/2025\\\/06\\\/sunnysolar_may-nuoc-nong-nang-luong-mat-troi-ariston-eco-2-1820-25-210-lit.jpg\",\"datePublished\":\"2025-06-03T08:58:00+00:00\",\"dateModified\":\"2026-04-04T20:28:36+00:00\",\"description\":\"Sunny Solar chuy\u00ean cung c\u1ea5p m\u00e1y n\u01b0\u1edbc n\u00f3ng n\u0103ng l\u01b0\u1ee3ng m\u1eb7t tr\u1eddi Ariston ch\u00ednh h\u00e3ng, gi\u00e1 t\u1ed1t.\",\"breadcrumb\":{\"@id\":\"https:\\\/\\\/sunnysolar.vn\\\/san-pham\\\/may-nuoc-nong-nang-luong-mat-troi-tam-phang-ariston-eco2-160l\\\/#breadcrumb\"},\"inLanguage\":\"en-US\",\"potentialAction\":[{\"@type\":\"ReadAction\",\"target\":[\"https:\\\/\\\/sunnysolar.vn\\\/san-pham\\\/may-nuoc-nong-nang-luong-mat-troi-tam-phang-ariston-eco2-160l\\\/\"]}]},{\"@type\":\"ImageObject\",\"inLanguage\":\"en-US\",\"@id\":\"https:\\\/\\\/sunnysolar.vn\\\/san-pham\\\/may-nuoc-nong-nang-luong-mat-troi-tam-phang-ariston-eco2-160l\\\/#primaryimage\",\"url\":\"https:\\\/\\\/sunnysolar.vn\\\/wp-content\\\/uploads\\\/2025\\\/06\\\/sunnysolar_may-nuoc-nong-nang-luong-mat-troi-ariston-eco-2-1820-25-210-lit.jpg\",\"contentUrl\":\"https:\\\/\\\/sunnysolar.vn\\\/wp-content\\\/uploads\\\/2025\\\/06\\\/sunnysolar_may-nuoc-nong-nang-luong-mat-troi-ariston-eco-2-1820-25-210-lit.jpg\",\"width\":600,\"height\":600},{\"@type\":\"BreadcrumbList\",\"@id\":\"https:\\\/\\\/sunnysolar.vn\\\/san-pham\\\/may-nuoc-nong-nang-luong-mat-troi-tam-phang-ariston-eco2-160l\\\/#breadcrumb\",\"itemListElement\":[{\"@type\":\"ListItem\",\"position\":1,\"name\":\"Trang ch\u1ee7\",\"item\":\"https:\\\/\\\/sunnysolar.vn\\\/\"},{\"@type\":\"ListItem\",\"position\":2,\"name\":\"S\u1ea3n ph\u1ea9m\",\"item\":\"https:\\\/\\\/sunnysolar.vn\\\/san-pham\\\/\"},{\"@type\":\"ListItem\",\"position\":3,\"name\":\"M\u00e1y n\u01b0\u1edbc n\u00f3ng n\u0103ng l\u01b0\u1ee3ng m\u1eb7t tr\u1eddi Ariston ECO2 160L\"}]},{\"@type\":\"WebSite\",\"@id\":\"https:\\\/\\\/sunnysolar.vn\\\/#website\",\"url\":\"https:\\\/\\\/sunnysolar.vn\\\/\",\"name\":\"NANG LUONG THONG MINH\",\"description\":\"H\u00e0ng ch\u00ednh h\u00e3ng - Giao h\u00e0ng nhanh - Gi\u00e1 t\u1ed1t\",\"publisher\":{\"@id\":\"https:\\\/\\\/sunnysolar.vn\\\/#organization\"},\"potentialAction\":[{\"@type\":\"SearchAction\",\"target\":{\"@type\":\"EntryPoint\",\"urlTemplate\":\"https:\\\/\\\/sunnysolar.vn\\\/?s={search_term_string}\"},\"query-input\":{\"@type\":\"PropertyValueSpecification\",\"valueRequired\":true,\"valueName\":\"search_term_string\"}}],\"inLanguage\":\"en-US\"},{\"@type\":\"Organization\",\"@id\":\"https:\\\/\\\/sunnysolar.vn\\\/#organization\",\"name\":\"C\u00d4NG TY TNHH K\u1ef8 THU\u1eacT V\u00c0 TH\u01af\u01a0NG M\u1ea0I SUNNY\",\"url\":\"https:\\\/\\\/sunnysolar.vn\\\/\",\"logo\":{\"@type\":\"ImageObject\",\"inLanguage\":\"en-US\",\"@id\":\"https:\\\/\\\/sunnysolar.vn\\\/#\\\/schema\\\/logo\\\/image\\\/\",\"url\":\"http:\\\/\\\/sunnysolar.vn\\\/wp-content\\\/uploads\\\/2024\\\/11\\\/LOGO-SUNNYSOLAR.png\",\"contentUrl\":\"http:\\\/\\\/sunnysolar.vn\\\/wp-content\\\/uploads\\\/2024\\\/11\\\/LOGO-SUNNYSOLAR.png\",\"width\":783,\"height\":438,\"caption\":\"C\u00d4NG TY TNHH K\u1ef8 THU\u1eacT V\u00c0 TH\u01af\u01a0NG M\u1ea0I SUNNY\"},\"image\":{\"@id\":\"https:\\\/\\\/sunnysolar.vn\\\/#\\\/schema\\\/logo\\\/image\\\/\"},\"sameAs\":[\"https:\\\/\\\/www.facebook.com\\\/profile.php?id=100064195922650\"]}]}<\/script>\n<!-- \/ Yoast SEO plugin. -->","yoast_head_json":{"title":"M\u00e1y n\u01b0\u1edbc n\u00f3ng n\u0103ng l\u01b0\u1ee3ng m\u1eb7t tr\u1eddi Ariston ECO2 160L - Sunny Solar","description":"Sunny Solar chuy\u00ean cung c\u1ea5p m\u00e1y n\u01b0\u1edbc n\u00f3ng n\u0103ng l\u01b0\u1ee3ng m\u1eb7t tr\u1eddi Ariston ch\u00ednh h\u00e3ng, gi\u00e1 t\u1ed1t.","robots":{"index":"index","follow":"follow","max-snippet":"max-snippet:-1","max-image-preview":"max-image-preview:large","max-video-preview":"max-video-preview:-1"},"canonical":"https:\/\/sunnysolar.vn\/en\/product\/may-nuoc-nong-nang-luong-mat-troi-tam-phang-ariston-eco2-160l\/","og_locale":"en_US","og_type":"article","og_title":"M\u00e1y n\u01b0\u1edbc n\u00f3ng n\u0103ng l\u01b0\u1ee3ng m\u1eb7t tr\u1eddi Ariston ECO2 160L - Sunny Solar","og_description":"Sunny Solar chuy\u00ean cung c\u1ea5p m\u00e1y n\u01b0\u1edbc n\u00f3ng n\u0103ng l\u01b0\u1ee3ng m\u1eb7t tr\u1eddi Ariston ch\u00ednh h\u00e3ng, gi\u00e1 t\u1ed1t.","og_url":"https:\/\/sunnysolar.vn\/en\/product\/may-nuoc-nong-nang-luong-mat-troi-tam-phang-ariston-eco2-160l\/","og_site_name":"Sunny Solar","article_publisher":"https:\/\/www.facebook.com\/profile.php?id=100064195922650","article_modified_time":"2026-04-04T20:28:36+00:00","og_image":[{"width":600,"height":600,"url":"https:\/\/sunnysolar.vn\/wp-content\/uploads\/2025\/06\/sunnysolar_may-nuoc-nong-nang-luong-mat-troi-ariston-eco-2-1820-25-210-lit.jpg","type":"image\/jpeg"}],"twitter_card":"summary_large_image","twitter_misc":{"Est. reading time":"2 minutes"},"schema":{"@context":"https:\/\/schema.org","@graph":[{"@type":"WebPage","@id":"https:\/\/sunnysolar.vn\/san-pham\/may-nuoc-nong-nang-luong-mat-troi-tam-phang-ariston-eco2-160l\/","url":"https:\/\/sunnysolar.vn\/san-pham\/may-nuoc-nong-nang-luong-mat-troi-tam-phang-ariston-eco2-160l\/","name":"M\u00e1y n\u01b0\u1edbc n\u00f3ng n\u0103ng l\u01b0\u1ee3ng m\u1eb7t tr\u1eddi Ariston ECO2 160L - Sunny Solar","isPartOf":{"@id":"https:\/\/sunnysolar.vn\/#website"},"primaryImageOfPage":{"@id":"https:\/\/sunnysolar.vn\/san-pham\/may-nuoc-nong-nang-luong-mat-troi-tam-phang-ariston-eco2-160l\/#primaryimage"},"image":{"@id":"https:\/\/sunnysolar.vn\/san-pham\/may-nuoc-nong-nang-luong-mat-troi-tam-phang-ariston-eco2-160l\/#primaryimage"},"thumbnailUrl":"https:\/\/sunnysolar.vn\/wp-content\/uploads\/2025\/06\/sunnysolar_may-nuoc-nong-nang-luong-mat-troi-ariston-eco-2-1820-25-210-lit.jpg","datePublished":"2025-06-03T08:58:00+00:00","dateModified":"2026-04-04T20:28:36+00:00","description":"Sunny Solar chuy\u00ean cung c\u1ea5p m\u00e1y n\u01b0\u1edbc n\u00f3ng n\u0103ng l\u01b0\u1ee3ng m\u1eb7t tr\u1eddi Ariston ch\u00ednh h\u00e3ng, gi\u00e1 t\u1ed1t.","breadcrumb":{"@id":"https:\/\/sunnysolar.vn\/san-pham\/may-nuoc-nong-nang-luong-mat-troi-tam-phang-ariston-eco2-160l\/#breadcrumb"},"inLanguage":"en-US","potentialAction":[{"@type":"ReadAction","target":["https:\/\/sunnysolar.vn\/san-pham\/may-nuoc-nong-nang-luong-mat-troi-tam-phang-ariston-eco2-160l\/"]}]},{"@type":"ImageObject","inLanguage":"en-US","@id":"https:\/\/sunnysolar.vn\/san-pham\/may-nuoc-nong-nang-luong-mat-troi-tam-phang-ariston-eco2-160l\/#primaryimage","url":"https:\/\/sunnysolar.vn\/wp-content\/uploads\/2025\/06\/sunnysolar_may-nuoc-nong-nang-luong-mat-troi-ariston-eco-2-1820-25-210-lit.jpg","contentUrl":"https:\/\/sunnysolar.vn\/wp-content\/uploads\/2025\/06\/sunnysolar_may-nuoc-nong-nang-luong-mat-troi-ariston-eco-2-1820-25-210-lit.jpg","width":600,"height":600},{"@type":"BreadcrumbList","@id":"https:\/\/sunnysolar.vn\/san-pham\/may-nuoc-nong-nang-luong-mat-troi-tam-phang-ariston-eco2-160l\/#breadcrumb","itemListElement":[{"@type":"ListItem","position":1,"name":"Trang ch\u1ee7","item":"https:\/\/sunnysolar.vn\/"},{"@type":"ListItem","position":2,"name":"S\u1ea3n ph\u1ea9m","item":"https:\/\/sunnysolar.vn\/san-pham\/"},{"@type":"ListItem","position":3,"name":"M\u00e1y n\u01b0\u1edbc n\u00f3ng n\u0103ng l\u01b0\u1ee3ng m\u1eb7t tr\u1eddi Ariston ECO2 160L"}]},{"@type":"WebSite","@id":"https:\/\/sunnysolar.vn\/#website","url":"https:\/\/sunnysolar.vn\/","name":"NANG LUONG THONG MINH","description":"H\u00e0ng ch\u00ednh h\u00e3ng - Giao h\u00e0ng nhanh - Gi\u00e1 t\u1ed1t","publisher":{"@id":"https:\/\/sunnysolar.vn\/#organization"},"potentialAction":[{"@type":"SearchAction","target":{"@type":"EntryPoint","urlTemplate":"https:\/\/sunnysolar.vn\/?s={search_term_string}"},"query-input":{"@type":"PropertyValueSpecification","valueRequired":true,"valueName":"search_term_string"}}],"inLanguage":"en-US"},{"@type":"Organization","@id":"https:\/\/sunnysolar.vn\/#organization","name":"C\u00d4NG TY TNHH K\u1ef8 THU\u1eacT V\u00c0 TH\u01af\u01a0NG M\u1ea0I SUNNY","url":"https:\/\/sunnysolar.vn\/","logo":{"@type":"ImageObject","inLanguage":"en-US","@id":"https:\/\/sunnysolar.vn\/#\/schema\/logo\/image\/","url":"http:\/\/sunnysolar.vn\/wp-content\/uploads\/2024\/11\/LOGO-SUNNYSOLAR.png","contentUrl":"http:\/\/sunnysolar.vn\/wp-content\/uploads\/2024\/11\/LOGO-SUNNYSOLAR.png","width":783,"height":438,"caption":"C\u00d4NG TY TNHH K\u1ef8 THU\u1eacT V\u00c0 TH\u01af\u01a0NG M\u1ea0I SUNNY"},"image":{"@id":"https:\/\/sunnysolar.vn\/#\/schema\/logo\/image\/"},"sameAs":["https:\/\/www.facebook.com\/profile.php?id=100064195922650"]}]}},"_links":{"self":[{"href":"https:\/\/sunnysolar.vn\/en\/wp-json\/wp\/v2\/product\/2038","targetHints":{"allow":["GET"]}}],"collection":[{"href":"https:\/\/sunnysolar.vn\/en\/wp-json\/wp\/v2\/product"}],"about":[{"href":"https:\/\/sunnysolar.vn\/en\/wp-json\/wp\/v2\/types\/product"}],"replies":[{"embeddable":true,"href":"https:\/\/sunnysolar.vn\/en\/wp-json\/wp\/v2\/comments?post=2038"}],"wp:featuredmedia":[{"embeddable":true,"href":"https:\/\/sunnysolar.vn\/en\/wp-json\/wp\/v2\/media\/2034"}],"wp:attachment":[{"href":"https:\/\/sunnysolar.vn\/en\/wp-json\/wp\/v2\/media?parent=2038"}],"wp:term":[{"taxonomy":"product_brand","embeddable":true,"href":"https:\/\/sunnysolar.vn\/en\/wp-json\/wp\/v2\/product_brand?post=2038"},{"taxonomy":"product_cat","embeddable":true,"href":"https:\/\/sunnysolar.vn\/en\/wp-json\/wp\/v2\/product_cat?post=2038"},{"taxonomy":"product_tag","embeddable":true,"href":"https:\/\/sunnysolar.vn\/en\/wp-json\/wp\/v2\/product_tag?post=2038"}],"curies":[{"name":"wp","href":"https:\/\/api.w.org\/{rel}","templated":true}]}}