{"id":3438,"date":"2025-11-27T21:40:02","date_gmt":"2025-11-27T14:40:02","guid":{"rendered":"https:\/\/sunnysolar.vn\/?post_type=product&#038;p=3438"},"modified":"2026-03-22T10:53:45","modified_gmt":"2026-03-22T03:53:45","slug":"may-nuoc-nong-gian-tiep-ariston-80-lit-pro-r-80-h","status":"publish","type":"product","link":"https:\/\/sunnysolar.vn\/en\/product\/may-nuoc-nong-gian-tiep-ariston-80-lit-pro-r-80-h\/","title":{"rendered":"M\u00e1y n\u01b0\u1edbc n\u00f3ng gi\u00e1n ti\u1ebfp Ariston 80 l\u00edt PRO R 80 H"},"content":{"rendered":"<table class=\"table\" style=\"height: 854px;\" width=\"956\">\n<thead>\n<tr>\n<th><\/th>\n<th style=\"text-align: left;\"><span style=\"font-size: 130%;\">TH\u00d4NG TIN S\u1ea2N PH\u1ea8M<\/span><\/th>\n<th><\/th>\n<th><\/th>\n<th><\/th>\n<\/tr>\n<\/thead>\n<tbody>\n<tr>\n<td><span style=\"font-size: 120%;\">1<\/span><\/td>\n<td><span style=\"font-size: 120%;\">Lo\u1ea1i m\u00e1y<\/span><\/td>\n<td class=\"imgtd\"><span style=\"font-size: 120%;\">L\u00e0m n\u00f3ng gi\u00e1n ti\u1ebfp<\/span><\/td>\n<td><\/td>\n<td><\/td>\n<\/tr>\n<tr>\n<td><span style=\"font-size: 120%;\">2<\/span><\/td>\n<td><span style=\"font-size: 120%;\">C\u00f4ng su\u1ea5t l\u00e0m n\u00f3ng<\/span><\/td>\n<td class=\"imgtd\"><span style=\"font-size: 120%;\">2500W<\/span><\/td>\n<td><\/td>\n<td><\/td>\n<\/tr>\n<tr>\n<td><span style=\"font-size: 120%;\">3<\/span><\/td>\n<td><span style=\"font-size: 120%;\">Dung t\u00edch b\u00ecnh ch\u1ee9a<\/span><\/td>\n<td class=\"imgtd\"><span style=\"font-size: 120%;\">80 l\u00edt (Kho\u1ea3ng 6-8 ng\u01b0\u1eddi s\u1eed d\u1ee5ng)<\/span><\/td>\n<td><\/td>\n<td><\/td>\n<\/tr>\n<tr>\n<td><span style=\"font-size: 120%;\">4<\/span><\/td>\n<td><span style=\"font-size: 120%;\">B\u01a1m tr\u1ee3 l\u1ef1c\u00a0<\/span><\/td>\n<td class=\"imgtd\"><span style=\"font-size: 120%;\">Kh\u00f4ng c\u00f3 b\u01a1m tr\u1ee3 l\u1ef1c<\/span><\/td>\n<td><\/td>\n<td><\/td>\n<\/tr>\n<tr>\n<td><span style=\"font-size: 120%;\">5<\/span><\/td>\n<td><span style=\"font-size: 120%;\">\u00c1p l\u1ef1c<\/span><\/td>\n<td class=\"imgtd\"><span style=\"font-size: 120%;\">0,75 Mpa<\/span><\/td>\n<td><\/td>\n<td><\/td>\n<\/tr>\n<tr>\n<td><span style=\"font-size: 120%;\">6<\/span><\/td>\n<td><span style=\"font-size: 120%;\">Ch\u1ea5t li\u1ec7u v\u1ecf \/ ru\u1ed9t b\u00ecnh<\/span><\/td>\n<td class=\"imgtd\"><span style=\"font-size: 120%;\">Nh\u1ef1a cao c\u1ea5p \/ Tr\u00e1ng men Titanium<\/span><\/td>\n<td><\/td>\n<td><\/td>\n<\/tr>\n<tr>\n<td><\/td>\n<td><span style=\"font-size: 140%;\"><strong>T\u00ednh n\u0103ng an to\u00e0n<\/strong><\/span><\/td>\n<td class=\"imgtd\"><\/td>\n<td><\/td>\n<td><\/td>\n<\/tr>\n<tr>\n<td><span style=\"font-size: 120%;\">7<\/span><\/td>\n<td><span style=\"font-size: 120%;\">Chu\u1ea9n ch\u1ed1ng n\u01b0\u1edbc<\/span><\/td>\n<td class=\"imgtd\"><span style=\"font-size: 120%;\">IPX1<\/span><\/td>\n<td><\/td>\n<td><\/td>\n<\/tr>\n<tr>\n<td><span style=\"font-size: 120%;\">8<\/span><\/td>\n<td><span style=\"font-size: 120%;\">Ch\u1ed1ng gi\u1eadt ELCB<\/span><\/td>\n<td class=\"imgtd\"><span style=\"font-size: 120%;\">C\u00f3<\/span><\/td>\n<td><\/td>\n<td><\/td>\n<\/tr>\n<tr>\n<td><span style=\"font-size: 120%;\">9<\/span><\/td>\n<td><span style=\"font-size: 120%;\">T\u00ednh n\u0103ng kh\u00e1c<\/span><\/td>\n<td class=\"imgtd\"><span style=\"font-size: 120%;\">H\u1ec7 th\u1ed1ng an to\u00e0n \u0111\u1ed3ng b\u1ed9 TSS, T\u1ef1 ng\u1eaft khi qu\u00e1 nhi\u1ec7t, Van x\u1ea3 \u00e1p an to\u00e0n<\/span><\/td>\n<td><\/td>\n<td><\/td>\n<\/tr>\n<tr>\n<td><span style=\"font-size: 120%;\">10<\/span><\/td>\n<td><span style=\"font-size: 120%;\">Th\u1eddi gian \u0111un n\u01b0\u1edbc n\u00f3ng c\u00f3 th\u1ec3 s\u1eed d\u1ee5ng \u0111\u01b0\u1ee3c<\/span><\/td>\n<td class=\"imgtd\"><span style=\"font-size: 120%;\">Kho\u1ea3ng 1 gi\u1edd 40 ph\u00fat<\/span><\/td>\n<td><\/td>\n<td><\/td>\n<\/tr>\n<tr>\n<td><\/td>\n<td><strong><span style=\"font-size: 140%;\">Ti\u1ec7n \u00edch<\/span><\/strong><\/td>\n<td class=\"imgtd\"><\/td>\n<td><\/td>\n<td><\/td>\n<\/tr>\n<tr>\n<td><span style=\"font-size: 120%;\">11<\/span><\/td>\n<td><span style=\"font-size: 120%;\">M\u00e0n h\u00ecnh hi\u1ec3n th\u1ecb<\/span><\/td>\n<td class=\"imgtd\"><span style=\"font-size: 120%;\">Kh\u00f4ng<\/span><\/td>\n<td><\/td>\n<td><\/td>\n<\/tr>\n<tr>\n<td><span style=\"font-size: 120%;\">12<\/span><\/td>\n<td><span style=\"font-size: 120%;\">Nhi\u1ec7t \u0111\u1ed9 t\u1ed1i \u0111a<\/span><\/td>\n<td class=\"imgtd\"><span style=\"font-size: 120%;\">75\u00baC<\/span><\/td>\n<td><\/td>\n<td><\/td>\n<\/tr>\n<tr>\n<td><span style=\"font-size: 120%;\">13<\/span><\/td>\n<td><span style=\"font-size: 120%;\">Tu\u1ef3 ch\u1ec9nh nhi\u1ec7t \u0111\u1ed9<\/span><\/td>\n<td class=\"imgtd\"><span style=\"font-size: 120%;\">3 m\u1ee9c<\/span><\/td>\n<td><\/td>\n<td><\/td>\n<\/tr>\n<tr>\n<td><\/td>\n<td><strong><span style=\"font-size: 140%;\">Th\u00f4ng s\u1ed1 k\u00edch th\u01b0\u1edbc\/L\u1eafp \u0111\u1eb7t<\/span><\/strong><\/td>\n<td class=\"imgtd\"><\/td>\n<td><\/td>\n<td><\/td>\n<\/tr>\n<tr>\n<td><span style=\"font-size: 120%;\">14<\/span><\/td>\n<td><span style=\"font-size: 120%;\">Ki\u1ec3u d\u00e1ng<\/span><\/td>\n<td class=\"imgtd\"><span style=\"font-size: 120%;\">B\u00ecnh ngang<\/span><\/td>\n<td><\/td>\n<td><\/td>\n<\/tr>\n<tr>\n<td><span style=\"font-size: 120%;\">15<\/span><\/td>\n<td><span style=\"font-size: 120%;\">K\u00edch th\u01b0\u1edbc<\/span><\/td>\n<td class=\"imgtd\"><span style=\"font-size: 120%;\">47 x 76 x 45 \u00a0(Cao x D\u00e0i x R\u1ed9ng)<\/span><\/td>\n<td><\/td>\n<td><\/td>\n<\/tr>\n<tr>\n<td><span style=\"font-size: 120%;\">16<\/span><\/td>\n<td><span style=\"font-size: 120%;\">Tr\u1ecdng l\u01b0\u1ee3ng s\u1ea3n ph\u1ea9m<\/span><\/td>\n<td class=\"imgtd\"><span style=\"font-size: 120%;\">22 Kg<\/span><\/td>\n<td><\/td>\n<td><\/td>\n<\/tr>\n<tr>\n<td><span style=\"font-size: 120%;\">17<\/span><\/td>\n<td><span style=\"font-size: 120%;\">Ngu\u1ed3n \u0111i\u1ec7n c\u1ea5p<\/span><\/td>\n<td class=\"imgtd\"><span style=\"font-size: 120%;\">220V\/50Hz<\/span><\/td>\n<td><\/td>\n<td><\/td>\n<\/tr>\n<tr>\n<td><\/td>\n<td><span style=\"font-size: 140%;\"><strong>Xu\u1ea5t x\u1ee9 &amp; B\u1ea3o h\u00e0nh<\/strong><\/span><\/td>\n<td class=\"imgtd\"><span style=\"font-size: 120%;\">Italia<\/span><\/td>\n<td><\/td>\n<td><\/td>\n<\/tr>\n<tr>\n<td><span style=\"font-size: 120%;\">18<\/span><\/td>\n<td><span style=\"font-size: 120%;\">Th\u01b0\u01a1ng hi\u1ec7u<\/span><\/td>\n<td class=\"imgtd\"><span style=\"font-size: 120%;\">Ariston<\/span><\/td>\n<td><\/td>\n<td><\/td>\n<\/tr>\n<tr>\n<td><span style=\"font-size: 120%;\">19<\/span><\/td>\n<td><span style=\"font-size: 120%;\">Xu\u1ea5t x\u1ee9 th\u01b0\u01a1ng hi\u1ec7u<\/span><\/td>\n<td class=\"imgtd\"><span style=\"font-size: 120%;\">Italy<\/span><\/td>\n<td><\/td>\n<td><\/td>\n<\/tr>\n<tr>\n<td><span style=\"font-size: 120%;\">20<\/span><\/td>\n<td><span style=\"font-size: 120%;\">S\u1ea3n xu\u1ea5t t\u1ea1i<\/span><\/td>\n<td class=\"imgtd\"><span style=\"font-size: 120%;\">Trung Qu\u1ed1c<\/span><\/td>\n<td><\/td>\n<td><\/td>\n<\/tr>\n<tr>\n<td><span style=\"font-size: 120%;\">21<\/span><\/td>\n<td><span style=\"font-size: 120%;\">B\u1ea3o h\u00e0nh<\/span><\/td>\n<td class=\"imgtd\"><span style=\"font-size: 120%;\">7 n\u0103m<\/span><\/td>\n<td><\/td>\n<td><\/td>\n<\/tr>\n<tr>\n<td><\/td>\n<td><\/td>\n<td class=\"imgtd\"><\/td>\n<td><\/td>\n<td><\/td>\n<\/tr>\n<\/tbody>\n<\/table>\n<p>&nbsp;<\/p>","protected":false},"excerpt":{"rendered":"<p>Model: PRO R 80 H<\/p>\n<p>Th\u01b0\u01a1ng hi\u1ec7u: ARISTON<\/p>\n<p>Dung t\u00edch b\u00ecnh ch\u1ee9a: 80 L\u00edt (kho\u1ea3ng 6-8 ng\u01b0\u1eddi s\u1eed d\u1ee5ng)<\/p>\n<p>S\u1ea3n xu\u1ea5t: Trung Qu\u1ed1c<\/p>\n<p>B\u1ea3o h\u00e0nh: 7 n\u0103m<\/p>","protected":false},"featured_media":3477,"comment_status":"open","ping_status":"closed","template":"","meta":[],"product_brand":[],"product_cat":[55],"product_tag":[],"class_list":{"0":"post-3438","1":"product","2":"type-product","3":"status-publish","4":"has-post-thumbnail","6":"product_cat-may-nuoc-nong-gian-tiep-ariston","8":"first","9":"instock","10":"sale","11":"taxable","12":"shipping-taxable","13":"purchasable","14":"product-type-simple"},"yoast_head":"<!-- This site is optimized with the Yoast SEO plugin v27.4 - https:\/\/yoast.com\/product\/yoast-seo-wordpress\/ -->\n<title>M\u00e1y n\u01b0\u1edbc n\u00f3ng gi\u00e1n ti\u1ebfp Ariston 80 l\u00edt PRO R 80 H - Sunny Solar<\/title>\n<meta name=\"robots\" content=\"index, follow, max-snippet:-1, max-image-preview:large, max-video-preview:-1\" \/>\n<link rel=\"canonical\" href=\"https:\/\/sunnysolar.vn\/en\/product\/may-nuoc-nong-gian-tiep-ariston-80-lit-pro-r-80-h\/\" \/>\n<meta property=\"og:locale\" content=\"en_US\" \/>\n<meta property=\"og:type\" content=\"article\" \/>\n<meta property=\"og:title\" content=\"M\u00e1y n\u01b0\u1edbc n\u00f3ng gi\u00e1n ti\u1ebfp Ariston 80 l\u00edt PRO R 80 H - Sunny Solar\" \/>\n<meta property=\"og:description\" content=\"Model: PRO R 80 H  Th\u01b0\u01a1ng hi\u1ec7u: ARISTON  Dung t\u00edch b\u00ecnh ch\u1ee9a: 80 L\u00edt (kho\u1ea3ng 6-8 ng\u01b0\u1eddi s\u1eed d\u1ee5ng)  S\u1ea3n xu\u1ea5t: Trung Qu\u1ed1c  B\u1ea3o h\u00e0nh: 7 n\u0103m\" \/>\n<meta property=\"og:url\" content=\"https:\/\/sunnysolar.vn\/en\/product\/may-nuoc-nong-gian-tiep-ariston-80-lit-pro-r-80-h\/\" \/>\n<meta property=\"og:site_name\" content=\"Sunny Solar\" \/>\n<meta property=\"article:publisher\" content=\"https:\/\/www.facebook.com\/profile.php?id=100064195922650\" \/>\n<meta property=\"article:modified_time\" content=\"2026-03-22T03:53:45+00:00\" \/>\n<meta property=\"og:image\" content=\"https:\/\/sunnysolar.vn\/wp-content\/uploads\/2025\/11\/Ariston-100L-Pro-R-100-H-sunnysolar.png\" \/>\n\t<meta property=\"og:image:width\" content=\"600\" \/>\n\t<meta property=\"og:image:height\" content=\"600\" \/>\n\t<meta property=\"og:image:type\" content=\"image\/png\" \/>\n<meta name=\"twitter:card\" content=\"summary_large_image\" \/>\n<meta name=\"twitter:label1\" content=\"Est. reading time\" \/>\n\t<meta name=\"twitter:data1\" content=\"1 minute\" \/>\n<script type=\"application\/ld+json\" class=\"yoast-schema-graph\">{\"@context\":\"https:\\\/\\\/schema.org\",\"@graph\":[{\"@type\":\"WebPage\",\"@id\":\"https:\\\/\\\/sunnysolar.vn\\\/san-pham\\\/may-nuoc-nong-gian-tiep-ariston-80-lit-pro-r-80-h\\\/\",\"url\":\"https:\\\/\\\/sunnysolar.vn\\\/san-pham\\\/may-nuoc-nong-gian-tiep-ariston-80-lit-pro-r-80-h\\\/\",\"name\":\"M\u00e1y n\u01b0\u1edbc n\u00f3ng gi\u00e1n ti\u1ebfp Ariston 80 l\u00edt PRO R 80 H - Sunny Solar\",\"isPartOf\":{\"@id\":\"https:\\\/\\\/sunnysolar.vn\\\/#website\"},\"primaryImageOfPage\":{\"@id\":\"https:\\\/\\\/sunnysolar.vn\\\/san-pham\\\/may-nuoc-nong-gian-tiep-ariston-80-lit-pro-r-80-h\\\/#primaryimage\"},\"image\":{\"@id\":\"https:\\\/\\\/sunnysolar.vn\\\/san-pham\\\/may-nuoc-nong-gian-tiep-ariston-80-lit-pro-r-80-h\\\/#primaryimage\"},\"thumbnailUrl\":\"https:\\\/\\\/sunnysolar.vn\\\/wp-content\\\/uploads\\\/2025\\\/11\\\/Ariston-100L-Pro-R-100-H-sunnysolar.png\",\"datePublished\":\"2025-11-27T14:40:02+00:00\",\"dateModified\":\"2026-03-22T03:53:45+00:00\",\"breadcrumb\":{\"@id\":\"https:\\\/\\\/sunnysolar.vn\\\/san-pham\\\/may-nuoc-nong-gian-tiep-ariston-80-lit-pro-r-80-h\\\/#breadcrumb\"},\"inLanguage\":\"en-US\",\"potentialAction\":[{\"@type\":\"ReadAction\",\"target\":[\"https:\\\/\\\/sunnysolar.vn\\\/san-pham\\\/may-nuoc-nong-gian-tiep-ariston-80-lit-pro-r-80-h\\\/\"]}]},{\"@type\":\"ImageObject\",\"inLanguage\":\"en-US\",\"@id\":\"https:\\\/\\\/sunnysolar.vn\\\/san-pham\\\/may-nuoc-nong-gian-tiep-ariston-80-lit-pro-r-80-h\\\/#primaryimage\",\"url\":\"https:\\\/\\\/sunnysolar.vn\\\/wp-content\\\/uploads\\\/2025\\\/11\\\/Ariston-100L-Pro-R-100-H-sunnysolar.png\",\"contentUrl\":\"https:\\\/\\\/sunnysolar.vn\\\/wp-content\\\/uploads\\\/2025\\\/11\\\/Ariston-100L-Pro-R-100-H-sunnysolar.png\",\"width\":600,\"height\":600},{\"@type\":\"BreadcrumbList\",\"@id\":\"https:\\\/\\\/sunnysolar.vn\\\/san-pham\\\/may-nuoc-nong-gian-tiep-ariston-80-lit-pro-r-80-h\\\/#breadcrumb\",\"itemListElement\":[{\"@type\":\"ListItem\",\"position\":1,\"name\":\"Trang ch\u1ee7\",\"item\":\"https:\\\/\\\/sunnysolar.vn\\\/\"},{\"@type\":\"ListItem\",\"position\":2,\"name\":\"S\u1ea3n ph\u1ea9m\",\"item\":\"https:\\\/\\\/sunnysolar.vn\\\/san-pham\\\/\"},{\"@type\":\"ListItem\",\"position\":3,\"name\":\"M\u00e1y n\u01b0\u1edbc n\u00f3ng gi\u00e1n ti\u1ebfp Ariston 80 l\u00edt PRO R 80 H\"}]},{\"@type\":\"WebSite\",\"@id\":\"https:\\\/\\\/sunnysolar.vn\\\/#website\",\"url\":\"https:\\\/\\\/sunnysolar.vn\\\/\",\"name\":\"NANG LUONG THONG MINH\",\"description\":\"H\u00e0ng ch\u00ednh h\u00e3ng - Giao h\u00e0ng nhanh - Gi\u00e1 t\u1ed1t\",\"publisher\":{\"@id\":\"https:\\\/\\\/sunnysolar.vn\\\/#organization\"},\"potentialAction\":[{\"@type\":\"SearchAction\",\"target\":{\"@type\":\"EntryPoint\",\"urlTemplate\":\"https:\\\/\\\/sunnysolar.vn\\\/?s={search_term_string}\"},\"query-input\":{\"@type\":\"PropertyValueSpecification\",\"valueRequired\":true,\"valueName\":\"search_term_string\"}}],\"inLanguage\":\"en-US\"},{\"@type\":\"Organization\",\"@id\":\"https:\\\/\\\/sunnysolar.vn\\\/#organization\",\"name\":\"C\u00d4NG TY TNHH K\u1ef8 THU\u1eacT V\u00c0 TH\u01af\u01a0NG M\u1ea0I SUNNY\",\"url\":\"https:\\\/\\\/sunnysolar.vn\\\/\",\"logo\":{\"@type\":\"ImageObject\",\"inLanguage\":\"en-US\",\"@id\":\"https:\\\/\\\/sunnysolar.vn\\\/#\\\/schema\\\/logo\\\/image\\\/\",\"url\":\"http:\\\/\\\/sunnysolar.vn\\\/wp-content\\\/uploads\\\/2024\\\/11\\\/LOGO-SUNNYSOLAR.png\",\"contentUrl\":\"http:\\\/\\\/sunnysolar.vn\\\/wp-content\\\/uploads\\\/2024\\\/11\\\/LOGO-SUNNYSOLAR.png\",\"width\":783,\"height\":438,\"caption\":\"C\u00d4NG TY TNHH K\u1ef8 THU\u1eacT V\u00c0 TH\u01af\u01a0NG M\u1ea0I SUNNY\"},\"image\":{\"@id\":\"https:\\\/\\\/sunnysolar.vn\\\/#\\\/schema\\\/logo\\\/image\\\/\"},\"sameAs\":[\"https:\\\/\\\/www.facebook.com\\\/profile.php?id=100064195922650\"]}]}<\/script>\n<!-- \/ Yoast SEO plugin. -->","yoast_head_json":{"title":"M\u00e1y n\u01b0\u1edbc n\u00f3ng gi\u00e1n ti\u1ebfp Ariston 80 l\u00edt PRO R 80 H - Sunny Solar","robots":{"index":"index","follow":"follow","max-snippet":"max-snippet:-1","max-image-preview":"max-image-preview:large","max-video-preview":"max-video-preview:-1"},"canonical":"https:\/\/sunnysolar.vn\/en\/product\/may-nuoc-nong-gian-tiep-ariston-80-lit-pro-r-80-h\/","og_locale":"en_US","og_type":"article","og_title":"M\u00e1y n\u01b0\u1edbc n\u00f3ng gi\u00e1n ti\u1ebfp Ariston 80 l\u00edt PRO R 80 H - Sunny Solar","og_description":"Model: PRO R 80 H  Th\u01b0\u01a1ng hi\u1ec7u: ARISTON  Dung t\u00edch b\u00ecnh ch\u1ee9a: 80 L\u00edt (kho\u1ea3ng 6-8 ng\u01b0\u1eddi s\u1eed d\u1ee5ng)  S\u1ea3n xu\u1ea5t: Trung Qu\u1ed1c  B\u1ea3o h\u00e0nh: 7 n\u0103m","og_url":"https:\/\/sunnysolar.vn\/en\/product\/may-nuoc-nong-gian-tiep-ariston-80-lit-pro-r-80-h\/","og_site_name":"Sunny Solar","article_publisher":"https:\/\/www.facebook.com\/profile.php?id=100064195922650","article_modified_time":"2026-03-22T03:53:45+00:00","og_image":[{"width":600,"height":600,"url":"https:\/\/sunnysolar.vn\/wp-content\/uploads\/2025\/11\/Ariston-100L-Pro-R-100-H-sunnysolar.png","type":"image\/png"}],"twitter_card":"summary_large_image","twitter_misc":{"Est. reading time":"1 minute"},"schema":{"@context":"https:\/\/schema.org","@graph":[{"@type":"WebPage","@id":"https:\/\/sunnysolar.vn\/san-pham\/may-nuoc-nong-gian-tiep-ariston-80-lit-pro-r-80-h\/","url":"https:\/\/sunnysolar.vn\/san-pham\/may-nuoc-nong-gian-tiep-ariston-80-lit-pro-r-80-h\/","name":"M\u00e1y n\u01b0\u1edbc n\u00f3ng gi\u00e1n ti\u1ebfp Ariston 80 l\u00edt PRO R 80 H - Sunny Solar","isPartOf":{"@id":"https:\/\/sunnysolar.vn\/#website"},"primaryImageOfPage":{"@id":"https:\/\/sunnysolar.vn\/san-pham\/may-nuoc-nong-gian-tiep-ariston-80-lit-pro-r-80-h\/#primaryimage"},"image":{"@id":"https:\/\/sunnysolar.vn\/san-pham\/may-nuoc-nong-gian-tiep-ariston-80-lit-pro-r-80-h\/#primaryimage"},"thumbnailUrl":"https:\/\/sunnysolar.vn\/wp-content\/uploads\/2025\/11\/Ariston-100L-Pro-R-100-H-sunnysolar.png","datePublished":"2025-11-27T14:40:02+00:00","dateModified":"2026-03-22T03:53:45+00:00","breadcrumb":{"@id":"https:\/\/sunnysolar.vn\/san-pham\/may-nuoc-nong-gian-tiep-ariston-80-lit-pro-r-80-h\/#breadcrumb"},"inLanguage":"en-US","potentialAction":[{"@type":"ReadAction","target":["https:\/\/sunnysolar.vn\/san-pham\/may-nuoc-nong-gian-tiep-ariston-80-lit-pro-r-80-h\/"]}]},{"@type":"ImageObject","inLanguage":"en-US","@id":"https:\/\/sunnysolar.vn\/san-pham\/may-nuoc-nong-gian-tiep-ariston-80-lit-pro-r-80-h\/#primaryimage","url":"https:\/\/sunnysolar.vn\/wp-content\/uploads\/2025\/11\/Ariston-100L-Pro-R-100-H-sunnysolar.png","contentUrl":"https:\/\/sunnysolar.vn\/wp-content\/uploads\/2025\/11\/Ariston-100L-Pro-R-100-H-sunnysolar.png","width":600,"height":600},{"@type":"BreadcrumbList","@id":"https:\/\/sunnysolar.vn\/san-pham\/may-nuoc-nong-gian-tiep-ariston-80-lit-pro-r-80-h\/#breadcrumb","itemListElement":[{"@type":"ListItem","position":1,"name":"Trang ch\u1ee7","item":"https:\/\/sunnysolar.vn\/"},{"@type":"ListItem","position":2,"name":"S\u1ea3n ph\u1ea9m","item":"https:\/\/sunnysolar.vn\/san-pham\/"},{"@type":"ListItem","position":3,"name":"M\u00e1y n\u01b0\u1edbc n\u00f3ng gi\u00e1n ti\u1ebfp Ariston 80 l\u00edt PRO R 80 H"}]},{"@type":"WebSite","@id":"https:\/\/sunnysolar.vn\/#website","url":"https:\/\/sunnysolar.vn\/","name":"NANG LUONG THONG MINH","description":"H\u00e0ng ch\u00ednh h\u00e3ng - Giao h\u00e0ng nhanh - Gi\u00e1 t\u1ed1t","publisher":{"@id":"https:\/\/sunnysolar.vn\/#organization"},"potentialAction":[{"@type":"SearchAction","target":{"@type":"EntryPoint","urlTemplate":"https:\/\/sunnysolar.vn\/?s={search_term_string}"},"query-input":{"@type":"PropertyValueSpecification","valueRequired":true,"valueName":"search_term_string"}}],"inLanguage":"en-US"},{"@type":"Organization","@id":"https:\/\/sunnysolar.vn\/#organization","name":"C\u00d4NG TY TNHH K\u1ef8 THU\u1eacT V\u00c0 TH\u01af\u01a0NG M\u1ea0I SUNNY","url":"https:\/\/sunnysolar.vn\/","logo":{"@type":"ImageObject","inLanguage":"en-US","@id":"https:\/\/sunnysolar.vn\/#\/schema\/logo\/image\/","url":"http:\/\/sunnysolar.vn\/wp-content\/uploads\/2024\/11\/LOGO-SUNNYSOLAR.png","contentUrl":"http:\/\/sunnysolar.vn\/wp-content\/uploads\/2024\/11\/LOGO-SUNNYSOLAR.png","width":783,"height":438,"caption":"C\u00d4NG TY TNHH K\u1ef8 THU\u1eacT V\u00c0 TH\u01af\u01a0NG M\u1ea0I SUNNY"},"image":{"@id":"https:\/\/sunnysolar.vn\/#\/schema\/logo\/image\/"},"sameAs":["https:\/\/www.facebook.com\/profile.php?id=100064195922650"]}]}},"_links":{"self":[{"href":"https:\/\/sunnysolar.vn\/en\/wp-json\/wp\/v2\/product\/3438","targetHints":{"allow":["GET"]}}],"collection":[{"href":"https:\/\/sunnysolar.vn\/en\/wp-json\/wp\/v2\/product"}],"about":[{"href":"https:\/\/sunnysolar.vn\/en\/wp-json\/wp\/v2\/types\/product"}],"replies":[{"embeddable":true,"href":"https:\/\/sunnysolar.vn\/en\/wp-json\/wp\/v2\/comments?post=3438"}],"wp:featuredmedia":[{"embeddable":true,"href":"https:\/\/sunnysolar.vn\/en\/wp-json\/wp\/v2\/media\/3477"}],"wp:attachment":[{"href":"https:\/\/sunnysolar.vn\/en\/wp-json\/wp\/v2\/media?parent=3438"}],"wp:term":[{"taxonomy":"product_brand","embeddable":true,"href":"https:\/\/sunnysolar.vn\/en\/wp-json\/wp\/v2\/product_brand?post=3438"},{"taxonomy":"product_cat","embeddable":true,"href":"https:\/\/sunnysolar.vn\/en\/wp-json\/wp\/v2\/product_cat?post=3438"},{"taxonomy":"product_tag","embeddable":true,"href":"https:\/\/sunnysolar.vn\/en\/wp-json\/wp\/v2\/product_tag?post=3438"}],"curies":[{"name":"wp","href":"https:\/\/api.w.org\/{rel}","templated":true}]}}