{"id":3823,"date":"2025-12-03T10:23:59","date_gmt":"2025-12-03T03:23:59","guid":{"rendered":"https:\/\/sunnysolar.vn\/?post_type=product&#038;p=3823"},"modified":"2026-03-12T20:25:12","modified_gmt":"2026-03-12T13:25:12","slug":"may-nuoc-nong-truc-tiep-panasonic-dh-4ms1vw","status":"publish","type":"product","link":"https:\/\/sunnysolar.vn\/en\/product\/may-nuoc-nong-truc-tiep-panasonic-dh-4ms1vw\/","title":{"rendered":"M\u00e1y n\u01b0\u1edbc n\u00f3ng tr\u1ef1c ti\u1ebfp Panasonic DH-4MS1VW"},"content":{"rendered":"<table class=\"tech_specs mobile_fontsizeup\">\n<tbody class=\"body-child\">\n<tr>\n<th colspan=\"2\" rowspan=\"1\" scope=\"row\">Ngu\u1ed3n \u0111i\u1ec7n<\/th>\n<td class=\"tb-blk\">AC 220V\/50Hz<\/td>\n<\/tr>\n<tr>\n<th colspan=\"2\" rowspan=\"1\" scope=\"row\">C\u00f4ng su\u1ea5t<\/th>\n<td class=\"tb-blk\">4.5Kw<\/td>\n<\/tr>\n<tr>\n<th colspan=\"1\" rowspan=\"1\" scope=\"row\">K\u00edch th\u01b0\u1edbc (CxRxS)<\/th>\n<th colspan=\"1\" rowspan=\"1\" scope=\"row\">mm<\/th>\n<td class=\"tb-blk\">420 x 185 x 85<\/td>\n<\/tr>\n<tr>\n<th colspan=\"1\" rowspan=\"1\" scope=\"row\">Kh\u1ed1i l\u01b0\u1ee3ng<\/th>\n<th colspan=\"1\" rowspan=\"1\" scope=\"row\">kg<\/th>\n<td class=\"tb-blk\">1.7kg<\/td>\n<\/tr>\n<tr>\n<th colspan=\"1\" rowspan=\"2\" scope=\"rowgroup\">\u00c1p l\u1ef1c n\u01b0\u1edbc<\/th>\n<th colspan=\"1\" rowspan=\"1\" scope=\"row\">Max<\/th>\n<td class=\"tb-blk\">3,87 kgf\/cm\u00b2<\/td>\n<\/tr>\n<tr>\n<th colspan=\"1\" rowspan=\"1\" scope=\"row\">Min<\/th>\n<td class=\"tb-blk\">0,1 kgf\/cm\u00b2<\/td>\n<\/tr>\n<tr>\n<th colspan=\"2\" rowspan=\"1\" scope=\"row\">\u0110i\u1ec1u ch\u1ec9nh ngu\u1ed3n \u0111i\u1ec7n v\u00e0 nhi\u1ec7t \u0111\u1ed9<\/th>\n<td class=\"tb-blk\">\u0110i\u1ec1u ch\u1ec9nh c\u00f4ng su\u1ea5t theo 3 c\u1ea5p \u0111\u1ed9: th\u1ea5p\/trung b\u00ecnh\/cao<\/td>\n<\/tr>\n<tr>\n<th colspan=\"1\" rowspan=\"4\" scope=\"rowgroup\">Nhi\u1ec7t \u0111\u1ed9<\/th>\n<th colspan=\"1\" rowspan=\"1\" scope=\"row\">2L\/min<\/th>\n<td class=\"tb-blk\">51\u00b0C\/46\u00b0C<\/td>\n<\/tr>\n<tr>\n<th colspan=\"1\" rowspan=\"1\" scope=\"row\">3L\/min<\/th>\n<td class=\"tb-blk\">42\u00b0C\/37\u00b0C<\/td>\n<\/tr>\n<tr>\n<th colspan=\"1\" rowspan=\"1\" scope=\"row\">4L\/min<\/th>\n<td class=\"tb-blk\">38\u00b0C\/33\u00b0C<\/td>\n<\/tr>\n<tr>\n<th colspan=\"1\" rowspan=\"1\" scope=\"row\">5L\/min<\/th>\n<td class=\"tb-blk\">35\u00b0C\/30\u00b0C<\/td>\n<\/tr>\n<tr>\n<th colspan=\"2\" rowspan=\"1\" scope=\"row\">H\u1ec7 th\u1ed1ng ng\u1eebng n\u01b0\u1edbc<\/th>\n<td class=\"tb-blk\">1 n\u00fat nh\u1ea5n<\/td>\n<\/tr>\n<tr>\n<th colspan=\"2\" rowspan=\"1\" scope=\"row\">Th\u00e2n m\u00e1y<\/th>\n<td class=\"tb-blk\">Tr\u1eafng nh\u1ef1a Polyamid si\u00eau m\u1ec1m<\/td>\n<\/tr>\n<tr>\n<th colspan=\"2\" rowspan=\"1\" scope=\"row\">Ki\u1ec3u d\u00e1ng v\u00f2i sen<\/th>\n<td class=\"tb-blk\">Tr\u00f2n<\/td>\n<\/tr>\n<tr>\n<th colspan=\"2\" rowspan=\"1\" scope=\"row\">V\u00f2i sen<\/th>\n<td class=\"tb-blk\">3 ch\u1ebf \u0111\u1ed9<\/td>\n<\/tr>\n<tr>\n<th colspan=\"2\" rowspan=\"1\" scope=\"row\">9 t\u00ednh n\u0103ng an to\u00e0n<\/th>\n<td class=\"tb-blk\">C\u00f3<\/td>\n<\/tr>\n<tr>\n<th colspan=\"2\" rowspan=\"1\" scope=\"row\">T\u00ednh n\u0103ng ch\u1ed1ng khu\u1ea9n v\u00f2i sen<\/th>\n<td class=\"tb-blk\">C\u00f3<\/td>\n<\/tr>\n<tr>\n<th colspan=\"2\" rowspan=\"1\" scope=\"row\">T\u01b0\u01a1ng th\u00edch \u0111i\u1ec7n t\u1eeb EMC<\/th>\n<td class=\"tb-blk\">C\u00f3<\/td>\n<\/tr>\n<\/tbody>\n<\/table>","protected":false},"excerpt":{"rendered":"<p>Model: DH-4MS1VW<\/p>\n<p>Th\u01b0\u01a1ng hi\u1ec7u: Panasonic<\/p>\n<p>C\u00f4ng su\u1ea5t: 4500 W \/ 220V \/ 50Hz<\/p>\n<p>Kh\u00e1ng khu\u1ea9n b\u1eb1ng v\u1eadt li\u1ec7u tinh th\u1ec3 Ag+<\/p>\n<p>B\u01a1m tr\u1ee3 l\u1ef1c v\u1eadn h\u00e0nh si\u00eau \u00eam.<\/p>\n<p>K\u00edch th\u01b0\u1edbc: 420 x 185 x 85 (D\u00e0i x R\u1ed9ng x S\u00e2u) \/ 1,7 Kg<\/p>\n<p>S\u1ea3n xu\u1ea5t: Malaysia<\/p>\n<p>B\u1ea3o h\u00e0nh: 12 th\u00e1ng<\/p>","protected":false},"featured_media":3818,"comment_status":"open","ping_status":"closed","template":"","meta":[],"product_brand":[],"product_cat":[57],"product_tag":[],"class_list":{"0":"post-3823","1":"product","2":"type-product","3":"status-publish","4":"has-post-thumbnail","6":"product_cat-may-nuoc-nong-truc-tiep-panasonic","8":"first","9":"instock","10":"sale","11":"taxable","12":"shipping-taxable","13":"purchasable","14":"product-type-simple"},"_links":{"self":[{"href":"https:\/\/sunnysolar.vn\/en\/wp-json\/wp\/v2\/product\/3823","targetHints":{"allow":["GET"]}}],"collection":[{"href":"https:\/\/sunnysolar.vn\/en\/wp-json\/wp\/v2\/product"}],"about":[{"href":"https:\/\/sunnysolar.vn\/en\/wp-json\/wp\/v2\/types\/product"}],"replies":[{"embeddable":true,"href":"https:\/\/sunnysolar.vn\/en\/wp-json\/wp\/v2\/comments?post=3823"}],"wp:featuredmedia":[{"embeddable":true,"href":"https:\/\/sunnysolar.vn\/en\/wp-json\/wp\/v2\/media\/3818"}],"wp:attachment":[{"href":"https:\/\/sunnysolar.vn\/en\/wp-json\/wp\/v2\/media?parent=3823"}],"wp:term":[{"taxonomy":"product_brand","embeddable":true,"href":"https:\/\/sunnysolar.vn\/en\/wp-json\/wp\/v2\/product_brand?post=3823"},{"taxonomy":"product_cat","embeddable":true,"href":"https:\/\/sunnysolar.vn\/en\/wp-json\/wp\/v2\/product_cat?post=3823"},{"taxonomy":"product_tag","embeddable":true,"href":"https:\/\/sunnysolar.vn\/en\/wp-json\/wp\/v2\/product_tag?post=3823"}],"curies":[{"name":"wp","href":"https:\/\/api.w.org\/{rel}","templated":true}]}}