{"id":3865,"date":"2025-12-04T13:33:39","date_gmt":"2025-12-04T06:33:39","guid":{"rendered":"https:\/\/sunnysolar.vn\/?post_type=product&#038;p=3865"},"modified":"2026-03-12T20:24:29","modified_gmt":"2026-03-12T13:24:29","slug":"dong-may-day-cao-panasonic-gp-200jxk-sv5","status":"publish","type":"product","link":"https:\/\/sunnysolar.vn\/en\/product\/dong-may-day-cao-panasonic-gp-200jxk-sv5\/","title":{"rendered":"D\u00f2ng m\u00e1y \u0111\u1ea9y cao Panasonic 200W GP-200JXK"},"content":{"rendered":"<div class=\"spec__section\">\n<table class=\"table table-striped table-bordered\">\n<colgroup>\n<col width=\"40%\" \/>\n<col \/><\/colgroup>\n<tbody>\n<tr>\n<td><strong>Lo\u1ea1i m\u00e1y<\/strong><\/td>\n<td>M\u00e1y b\u01a1m \u0111\u1ea9y cao<\/td>\n<\/tr>\n<tr>\n<td><strong>L\u01b0u l\u01b0\u1ee3ng \u1edf 12 m\u00e9t<\/strong><\/td>\n<td>29 l\u00edt\/ph\u00fat<\/td>\n<\/tr>\n<tr>\n<td><strong>L\u01b0u l\u01b0\u1ee3ng t\u1ed1i \u0111a:<\/strong><\/td>\n<td>45 l\u00edt\/ph\u00fat<\/td>\n<\/tr>\n<tr>\n<td><strong>C\u00f4ng su\u1ea5t:<\/strong><\/td>\n<td>200W (0.27 HP)<\/td>\n<\/tr>\n<tr>\n<td><strong>Chi\u1ec1u s\u00e2u h\u00fat:<\/strong><\/td>\n<td>9m<\/td>\n<\/tr>\n<tr>\n<td><strong>\u0110\u1ed9 cao h\u00fat \u0111\u1ea9y t\u1ed1i \u0111a<\/strong><\/td>\n<td>30m<\/td>\n<\/tr>\n<tr>\n<td><strong>\u0110\u01b0\u1eddng k\u00ednh \u1ed1ng h\u00fat\/tho\u00e1t:<\/strong><\/td>\n<td>25mm\/25mm<\/td>\n<\/tr>\n<tr>\n<td><strong>Chu\u1ea9n ch\u1ed1ng n\u01b0\u1edbc:<\/strong><\/td>\n<td>IPX4<\/td>\n<\/tr>\n<tr>\n<td><strong>M\u00f4 t\u01a1<\/strong><\/td>\n<td>D\u00e2y \u0111\u1ed3ng<\/td>\n<\/tr>\n<tr>\n<td><strong>H\u00e3ng s\u1ea3n xu\u1ea5t<\/strong><\/td>\n<td>Panasonic<\/td>\n<\/tr>\n<tr>\n<td><strong>Model<\/strong><\/td>\n<td>GP-200JXK-SV5<\/td>\n<\/tr>\n<\/tbody>\n<\/table>\n<\/div>\n<div class=\"typography\">\n<p>&nbsp;<\/p>\n<p>&nbsp;<\/p>\n<\/div>","protected":false},"excerpt":{"rendered":"<ul class=\"product__features w-70\">\n<li><strong>Th\u01b0\u01a1ng hi\u1ec7u:<\/strong>Panasonic<\/li>\n<li><strong>Model:<\/strong>GP-200JXK-SV5<\/li>\n<li><strong>Xu\u1ea5t x\u1ee9:<\/strong>Indonesia<\/li>\n<li><strong>B\u1ea3o h\u00e0nh:<\/strong>12 Th\u00e1ng<\/li>\n<\/ul>","protected":false},"featured_media":3926,"comment_status":"open","ping_status":"closed","template":"","meta":[],"product_brand":[],"product_cat":[61],"product_tag":[],"class_list":{"0":"post-3865","1":"product","2":"type-product","3":"status-publish","4":"has-post-thumbnail","6":"product_cat-may-bom-day-cao","8":"first","9":"instock","10":"sale","11":"taxable","12":"shipping-taxable","13":"purchasable","14":"product-type-simple"},"_links":{"self":[{"href":"https:\/\/sunnysolar.vn\/en\/wp-json\/wp\/v2\/product\/3865","targetHints":{"allow":["GET"]}}],"collection":[{"href":"https:\/\/sunnysolar.vn\/en\/wp-json\/wp\/v2\/product"}],"about":[{"href":"https:\/\/sunnysolar.vn\/en\/wp-json\/wp\/v2\/types\/product"}],"replies":[{"embeddable":true,"href":"https:\/\/sunnysolar.vn\/en\/wp-json\/wp\/v2\/comments?post=3865"}],"wp:featuredmedia":[{"embeddable":true,"href":"https:\/\/sunnysolar.vn\/en\/wp-json\/wp\/v2\/media\/3926"}],"wp:attachment":[{"href":"https:\/\/sunnysolar.vn\/en\/wp-json\/wp\/v2\/media?parent=3865"}],"wp:term":[{"taxonomy":"product_brand","embeddable":true,"href":"https:\/\/sunnysolar.vn\/en\/wp-json\/wp\/v2\/product_brand?post=3865"},{"taxonomy":"product_cat","embeddable":true,"href":"https:\/\/sunnysolar.vn\/en\/wp-json\/wp\/v2\/product_cat?post=3865"},{"taxonomy":"product_tag","embeddable":true,"href":"https:\/\/sunnysolar.vn\/en\/wp-json\/wp\/v2\/product_tag?post=3865"}],"curies":[{"name":"wp","href":"https:\/\/api.w.org\/{rel}","templated":true}]}}