{"id":3932,"date":"2025-12-04T14:30:56","date_gmt":"2025-12-04T07:30:56","guid":{"rendered":"https:\/\/sunnysolar.vn\/?post_type=product&#038;p=3932"},"modified":"2026-03-12T20:24:21","modified_gmt":"2026-03-12T13:24:21","slug":"dong-may-day-cao-panasonic-250w-gp-250jxk","status":"publish","type":"product","link":"https:\/\/sunnysolar.vn\/en\/product\/dong-may-day-cao-panasonic-250w-gp-250jxk\/","title":{"rendered":"D\u00f2ng m\u00e1y \u0111\u1ea9y cao Panasonic 250W GP-250JXK"},"content":{"rendered":"<table class=\"table table-striped table-bordered\" style=\"font-size: 14.4px;\">\n<tbody>\n<tr>\n<td><strong>H\u00e3ng s\u1ea3n xu\u1ea5t<\/strong><\/td>\n<td>Panasonic<\/td>\n<\/tr>\n<tr>\n<td><strong>Xu\u1ea5t x\u1ee9<\/strong><\/td>\n<td>Indonesia<\/td>\n<\/tr>\n<tr>\n<td><strong>Lo\u1ea1i m\u00e1y<\/strong><\/td>\n<td>M\u00e1y b\u01a1m \u0111\u1ea9y cao<\/td>\n<\/tr>\n<tr>\n<td><strong>L\u01b0u l\u01b0\u1ee3ng \u1edf 12 m\u00e9t<\/strong><\/td>\n<td>36 l\u00edt\/ph\u00fat<\/td>\n<\/tr>\n<tr>\n<td><strong>L\u01b0u l\u01b0\u1ee3ng t\u1ed1i \u0111a<\/strong><\/td>\n<td>50 l\u00edt\/ph\u00fat<\/td>\n<\/tr>\n<tr>\n<td><strong>C\u00f4ng su\u1ea5t<\/strong><\/td>\n<td>250W (0.34 HP)<\/td>\n<\/tr>\n<tr>\n<td><strong>Chi\u1ec1u s\u00e2u h\u00fat<\/strong><\/td>\n<td>9m<\/td>\n<\/tr>\n<tr>\n<td><strong>T\u1ed5ng \u0111\u1ed9 cao t\u1ed1i \u0111a<\/strong><\/td>\n<td>38m<\/td>\n<\/tr>\n<tr>\n<td><strong>\u0110\u01b0\u1eddng k\u00ednh \u1ed1ng h\u00fat\/tho\u00e1t<\/strong><\/td>\n<td>25mm\/25mm<\/td>\n<\/tr>\n<tr>\n<td><strong>Chu\u1ea9n ch\u1ed1ng n\u01b0\u1edbc<\/strong><\/td>\n<td>IPX4<\/td>\n<\/tr>\n<tr>\n<td><strong>K\u00edch th\u01b0\u1edbc<\/strong><\/td>\n<td>23.3 cm &#8211; Cao 16.8 cm &#8211; R\u1ed9ng 23.6 cm<\/td>\n<\/tr>\n<tr>\n<td><strong>Tr\u1ecdng l\u01b0\u1ee3ng<\/strong><\/td>\n<td>8.5 kg<\/td>\n<\/tr>\n<tr>\n<td><strong>M\u00f4 t\u01a1<\/strong><\/td>\n<td>D\u00e2y \u0111\u1ed3ng<\/td>\n<\/tr>\n<tr>\n<td><strong>T\u1ed5ng chi\u1ec1u cao<\/strong><\/td>\n<td>T\u1ed5ng chi\u1ec1u cao h\u00fat \u0111\u1ea9y 38 m\u00e9t (h\u00fat 9m, \u0111\u1ea9y cao 29m), ph\u00f9 h\u1ee3p nh\u00e0 cao t\u1eeb 4 &#8211; 5 t\u1ea7ng<\/td>\n<\/tr>\n<\/tbody>\n<\/table>","protected":false},"excerpt":{"rendered":"<ul class=\"product__features w-70\">\n<li><strong>Th\u01b0\u01a1ng hi\u1ec7u:<\/strong>Panasonic<\/li>\n<li><strong>Model:<\/strong>GP-250JXK-SV5<\/li>\n<li><strong>Xu\u1ea5t x\u1ee9:<\/strong>Indonesia<\/li>\n<li><strong>B\u1ea3o h\u00e0nh:<\/strong>12 Th\u00e1ng<\/li>\n<\/ul>","protected":false},"featured_media":3933,"comment_status":"open","ping_status":"closed","template":"","meta":[],"product_brand":[],"product_cat":[61],"product_tag":[],"class_list":{"0":"post-3932","1":"product","2":"type-product","3":"status-publish","4":"has-post-thumbnail","6":"product_cat-may-bom-day-cao","8":"first","9":"instock","10":"sale","11":"taxable","12":"shipping-taxable","13":"purchasable","14":"product-type-simple"},"_links":{"self":[{"href":"https:\/\/sunnysolar.vn\/en\/wp-json\/wp\/v2\/product\/3932","targetHints":{"allow":["GET"]}}],"collection":[{"href":"https:\/\/sunnysolar.vn\/en\/wp-json\/wp\/v2\/product"}],"about":[{"href":"https:\/\/sunnysolar.vn\/en\/wp-json\/wp\/v2\/types\/product"}],"replies":[{"embeddable":true,"href":"https:\/\/sunnysolar.vn\/en\/wp-json\/wp\/v2\/comments?post=3932"}],"wp:featuredmedia":[{"embeddable":true,"href":"https:\/\/sunnysolar.vn\/en\/wp-json\/wp\/v2\/media\/3933"}],"wp:attachment":[{"href":"https:\/\/sunnysolar.vn\/en\/wp-json\/wp\/v2\/media?parent=3932"}],"wp:term":[{"taxonomy":"product_brand","embeddable":true,"href":"https:\/\/sunnysolar.vn\/en\/wp-json\/wp\/v2\/product_brand?post=3932"},{"taxonomy":"product_cat","embeddable":true,"href":"https:\/\/sunnysolar.vn\/en\/wp-json\/wp\/v2\/product_cat?post=3932"},{"taxonomy":"product_tag","embeddable":true,"href":"https:\/\/sunnysolar.vn\/en\/wp-json\/wp\/v2\/product_tag?post=3932"}],"curies":[{"name":"wp","href":"https:\/\/api.w.org\/{rel}","templated":true}]}}