{"id":3936,"date":"2025-12-04T14:39:36","date_gmt":"2025-12-04T07:39:36","guid":{"rendered":"https:\/\/sunnysolar.vn\/?post_type=product&#038;p=3936"},"modified":"2026-03-12T20:24:10","modified_gmt":"2026-03-12T13:24:10","slug":"dong-may-day-cao-panasonic-125w-gp-129jxk","status":"publish","type":"product","link":"https:\/\/sunnysolar.vn\/en\/product\/dong-may-day-cao-panasonic-125w-gp-129jxk\/","title":{"rendered":"D\u00f2ng m\u00e1y \u0111\u1ea9y cao Panasonic 125W GP-129JXK"},"content":{"rendered":"<div class=\"spec__section\">\n<table class=\"table table-striped table-bordered\">\n<tbody>\n<tr>\n<td><strong>H\u00e3ng s\u1ea3n xu\u1ea5t<\/strong><\/td>\n<td>Panasonic<\/td>\n<\/tr>\n<tr>\n<td><strong>Lo\u1ea1i m\u00e1y<\/strong><\/td>\n<td>M\u00e1y b\u01a1m \u0111\u1ea9y cao<\/td>\n<\/tr>\n<tr>\n<td><strong>L\u01b0u l\u01b0\u1ee3ng \u1edf 12 m\u00e9t<\/strong><\/td>\n<td>18 l\u00edt\/ph\u00fat<\/td>\n<\/tr>\n<tr>\n<td><strong>L\u01b0u l\u01b0\u1ee3ng t\u1ed1i \u0111a<\/strong><\/td>\n<td>30 l\u00edt\/ph\u00fat<\/td>\n<\/tr>\n<tr>\n<td><strong>C\u00f4ng su\u1ea5t<\/strong><\/td>\n<td>125W (0.17 HP)<\/td>\n<\/tr>\n<tr>\n<td><strong>Chi\u1ec1u s\u00e2u h\u00fat:<\/strong><\/td>\n<td>9m<\/td>\n<\/tr>\n<tr>\n<td><strong>\u0110\u1ed9 cao h\u00fat \u0111\u1ea9y t\u1ed1i \u0111a<\/strong><\/td>\n<td>30m<\/td>\n<\/tr>\n<tr>\n<td><strong>\u0110\u01b0\u1eddng k\u00ednh \u1ed1ng h\u00fat\/tho\u00e1t<\/strong><\/td>\n<td>25mm\/25mm<\/td>\n<\/tr>\n<tr>\n<td><strong>Chu\u1ea9n ch\u1ed1ng n\u01b0\u1edbc<\/strong><\/td>\n<td>IPX4<\/td>\n<\/tr>\n<tr>\n<td><strong>N\u01a1i s\u1ea3n xu\u1ea5t<\/strong><\/td>\n<td>Indonesia<\/td>\n<\/tr>\n<\/tbody>\n<\/table>\n<\/div>\n<div class=\"typography\">\n<p>&nbsp;<\/p>\n<\/div>","protected":false},"excerpt":{"rendered":"<ul class=\"product__features w-70\">\n<li><strong>Th\u01b0\u01a1ng hi\u1ec7u:<\/strong>Panasonic<\/li>\n<li><strong>Model:<\/strong>GP-129JXK-SV5<\/li>\n<li><strong>Xu\u1ea5t x\u1ee9:<\/strong>Indonesia<\/li>\n<li><strong>B\u1ea3o h\u00e0nh:<\/strong>12 Th\u00e1ng<\/li>\n<\/ul>","protected":false},"featured_media":3937,"comment_status":"open","ping_status":"closed","template":"","meta":[],"product_brand":[],"product_cat":[61],"product_tag":[],"class_list":{"0":"post-3936","1":"product","2":"type-product","3":"status-publish","4":"has-post-thumbnail","6":"product_cat-may-bom-day-cao","8":"first","9":"instock","10":"sale","11":"taxable","12":"shipping-taxable","13":"purchasable","14":"product-type-simple"},"_links":{"self":[{"href":"https:\/\/sunnysolar.vn\/en\/wp-json\/wp\/v2\/product\/3936","targetHints":{"allow":["GET"]}}],"collection":[{"href":"https:\/\/sunnysolar.vn\/en\/wp-json\/wp\/v2\/product"}],"about":[{"href":"https:\/\/sunnysolar.vn\/en\/wp-json\/wp\/v2\/types\/product"}],"replies":[{"embeddable":true,"href":"https:\/\/sunnysolar.vn\/en\/wp-json\/wp\/v2\/comments?post=3936"}],"wp:featuredmedia":[{"embeddable":true,"href":"https:\/\/sunnysolar.vn\/en\/wp-json\/wp\/v2\/media\/3937"}],"wp:attachment":[{"href":"https:\/\/sunnysolar.vn\/en\/wp-json\/wp\/v2\/media?parent=3936"}],"wp:term":[{"taxonomy":"product_brand","embeddable":true,"href":"https:\/\/sunnysolar.vn\/en\/wp-json\/wp\/v2\/product_brand?post=3936"},{"taxonomy":"product_cat","embeddable":true,"href":"https:\/\/sunnysolar.vn\/en\/wp-json\/wp\/v2\/product_cat?post=3936"},{"taxonomy":"product_tag","embeddable":true,"href":"https:\/\/sunnysolar.vn\/en\/wp-json\/wp\/v2\/product_tag?post=3936"}],"curies":[{"name":"wp","href":"https:\/\/api.w.org\/{rel}","templated":true}]}}