{"id":4384,"date":"2026-03-02T15:25:29","date_gmt":"2026-03-02T08:25:29","guid":{"rendered":"https:\/\/sunnysolar.vn\/?post_type=product&#038;p=4384"},"modified":"2026-03-02T15:29:33","modified_gmt":"2026-03-02T08:29:33","slug":"den-pha-led-nang-luong-mat-troi-bluesky-300w-mb-300","status":"publish","type":"product","link":"https:\/\/sunnysolar.vn\/en\/product\/den-pha-led-nang-luong-mat-troi-bluesky-300w-mb-300\/","title":{"rendered":"\u0110\u00e8n pha led n\u0103ng l\u01b0\u1ee3ng m\u1eb7t tr\u1eddi BlueSky 300W MB-300"},"content":{"rendered":"<p><strong>Th\u00f4ng s\u1ed1 k\u1ef9 thu\u1eadt:<\/strong><\/p>\n\n<table id=\"tablepress-35\" class=\"tablepress tablepress-id-35\">\n<tbody class=\"row-striping row-hover\">\n<tr class=\"row-1\">\n\t<td class=\"column-1\"><strong>Model<\/strong><\/td><td class=\"column-2\">MB-300<\/td><td class=\"column-3\"><strong>Chip LED<\/strong><\/td><td class=\"column-4\">644 LED 2835<\/td>\n<\/tr>\n<tr class=\"row-2\">\n\t<td class=\"column-1\"><strong>Th\u01b0\u01a1ng hi\u1ec7u<\/strong><\/td><td class=\"column-2\">BLUE SKY<\/td><td class=\"column-3\"><strong>Nhi\u1ec7t \u0111\u1ed9 m\u00e0u<\/strong><\/td><td class=\"column-4\">6000K<\/td>\n<\/tr>\n<tr class=\"row-3\">\n\t<td class=\"column-1\"><strong>Xu\u1ea5t x\u1ee9<\/strong><\/td><td class=\"column-2\">Trung Qu\u1ed1c<\/td><td class=\"column-3\"><strong>V\u1eadt li\u1ec7u \u0111\u00e8n<\/strong><\/td><td class=\"column-4\">Nh\u00f4m \u0111\u00fac nguy\u00ean kh\u1ed1i<\/td>\n<\/tr>\n<tr class=\"row-4\">\n\t<td class=\"column-1\"><strong>C\u00f4ng su\u1ea5t \u0111\u00e8n (W)<\/strong><\/td><td class=\"column-2\">300W<\/td><td class=\"column-3\"><strong>Chi\u1ec1u cao l\u1eafp \u0111\u1eb7t<\/strong><\/td><td class=\"column-4\">5-6m<\/td>\n<\/tr>\n<tr class=\"row-5\">\n\t<td class=\"column-1\"><strong>T\u1ea5m Pin (W)<\/strong><\/td><td class=\"column-2\">6V\/40W Monocrystalline Silicon<\/td><td class=\"column-3\"><strong>Th\u1eddi gian chi\u1ebfu s\u00e1ng<\/strong><\/td><td class=\"column-4\">10-15h<\/td>\n<\/tr>\n<tr class=\"row-6\">\n\t<td class=\"column-1\"><strong>Dung l\u01b0\u1ee3ng acquy l\u01b0u tr\u1eef <\/strong><\/td><td class=\"column-2\">3.2V\/30Ah LiFePo4<\/td><td class=\"column-3\"><strong>Th\u1eddi gian s\u1ea1c<\/strong><\/td><td class=\"column-4\">4-6h<\/td>\n<\/tr>\n<tr class=\"row-7\">\n\t<td class=\"column-1\"><strong>K\u00edch th\u01b0\u1edbc \u0111\u00e8n led DxRxC (mm)<\/strong><\/td><td class=\"column-2\">330x375x90<\/td><td class=\"column-3\"><strong>Ch\u1ebf \u0111\u1ed9 ho\u1ea1t \u0111\u1ed9ng<\/strong><\/td><td class=\"column-4\">C\u1ea3m bi\u1ebfn \u00e1nh s\u00e1ng v\u00e0 \u0111i\u1ec1u khi\u1ec3n t\u1eeb xa<\/td>\n<\/tr>\n<tr class=\"row-8\">\n\t<td class=\"column-1\"><strong>C\u00e2n n\u1eb7ng (Kg)<\/strong><\/td><td class=\"column-2\">6<\/td><td class=\"column-3\"><strong>K\u00edch th\u01b0\u1edbc t\u1ea5m Pin DxRxC (mm)<\/strong><\/td><td class=\"column-4\">350x600x17<\/td>\n<\/tr>\n<\/tbody>\n<\/table>\n<!-- #tablepress-35 from cache -->\n<h2><strong>T\u00ednh n\u0103ng c\u1ee7a \u0111\u00e8n pha LED n\u0103ng l\u01b0\u1ee3ng m\u1eb7t tr\u1eddi:<\/strong><\/h2>\n<ul>\n<li>\u0110\u00e8n s\u1eed d\u1ee5ng m\u1ed9t hay nhi\u1ec1u chip LED, ph\u00e1t ra \u00e1nh s\u00e1ng v\u1edbi c\u01b0\u1eddng \u0111\u1ed9 m\u1ea1nh v\u00e0 \u1ed5n \u0111\u1ecbnh, ti\u1ebft ki\u1ec7m \u0111i\u1ec7n n\u0103ng so v\u1edbi c\u00e1c lo\u1ea1i \u0111\u00e8n kh\u00e1c c\u00f9ng tu\u1ed5i th\u1ecd cao g\u1ea5p 5 \u0111\u1ebfn 10 l\u1ea7n b\u00f3ng cao \u00e1p halogen.<\/li>\n<li>V\u1edbi tu\u1ed5i th\u1ecd kh\u00e1 cao l\u00ean \u0111\u1ebfn 15.000h, g\u1ea5p 10 l\u1ea7n so v\u1edbi \u0111\u00e8n truy\u1ec1n th\u1ed1ng, \u0111\u00e8n c\u00f3 th\u1eddi gian s\u1eed d\u1ee5ng l\u00e2u d\u00e0i m\u00e0 kh\u00f4ng c\u1ea7n ph\u1ea3i thay b\u00f3ng hay s\u1eeda ch\u1eefa trong qu\u00e1 tr\u00ecnh ho\u1ea1t \u0111\u1ed9ng nh\u01b0 nh\u1eefng lo\u1ea1i \u0111\u00e8n pha truy\u1ec1n th\u1ed1ng.<\/li>\n<li>Chi\u1ebfc \u0111\u00e8n n\u00e0y c\u00f3 kh\u1ea3 n\u0103ng ch\u1ed1ng n\u01b0\u1edbc t\u1ed1t, \u0111\u1ea1t ti\u00eau chu\u1ea9n an to\u00e0n, c\u00f3 th\u1ec3 chi\u1ebfu s\u00e1ng ngo\u00e0i tr\u1eddi v\u1edbi \u0111\u1ed9 b\u1ec1n cao c\u00f9ng s\u1ee9c ch\u1ed1ng ch\u1ecbu \u0111\u01b0\u1ee3c trong m\u1ecdi \u0111i\u1ec1u ki\u1ec7n th\u1eddi ti\u1ebft nh\u01b0 n\u1eafng, m\u01b0a, gi\u00f3, b\u00e3o\u2026<\/li>\n<li>\u0110\u1eb7c bi\u1ec7t, \u0111\u00e8n v\u1edbi l\u1ee3i th\u1ebf ti\u00eau th\u1ee5 \u0111i\u1ec7n n\u0103ng kh\u00e1 th\u1ea5p do s\u1eed d\u1ee5ng n\u0103ng l\u01b0\u1ee3ng t\u1eeb \u00e1nh s\u00e1ng m\u1eb7t tr\u1eddi, c\u00f3 th\u1ec3 ti\u1ebft ki\u1ec7m \u0111\u01b0\u1ee3c chi ph\u00ed \u0111i\u1ec7n h\u00e0ng th\u00e1ng.<\/li>\n<li>\u00c1nh s\u00e1ng do \u0111\u00e8n ph\u00e1t ra v\u1edbi \u00e1nh s\u00e1ng tr\u1eafng kh\u00f4ng ch\u00f3i m\u1eaft, kh\u00e1 th\u00e2n thi\u1ec7n v\u1edbi m\u00f4i tr\u01b0\u1eddng, \u0111\u1ea3m b\u1ea3o kh\u00f4ng ch\u1ee9a b\u1ea5t k\u1ef3 ch\u00ec, th\u1ee7y ng\u00e2n hay c\u00e1c ch\u1ea5t \u0111\u1ed9c h\u1ea1i kh\u00e1c.<\/li>\n<li><strong>\u0110\u00e8n pha n\u0103ng l\u01b0\u1ee3ng m\u1eb7t tr\u1eddi<\/strong>\u00a0ch\u00ednh l\u00e0 l\u1ef1a ch\u1ecdn \u0111\u1ea7u t\u01b0 tuy\u1ec7t v\u1eddi, th\u01b0\u1eddng \u0111\u01b0\u1ee3c \u1ee9ng d\u1ee5ng \u1edf c\u00e1c bi\u1ec3n qu\u1ea3ng c\u00e1o, t\u01b0\u1eddng, s\u00e2n v\u01b0\u1eddn c\u1ee7a c\u00e1c t\u00f2a nh\u00e0, bi\u1ec7t th\u1ef1, s\u00e2n b\u00f3ng \u0111\u00e1 mini\u2026<\/li>\n<\/ul>\n<h2><strong>\u0110\u1ecba ch\u1ec9 b\u00e1n \u0111\u00e8n pha LED ch\u1ea1y b\u1eb1ng n\u0103ng l\u01b0\u1ee3ng m\u1eb7t tr\u1eddi t\u1ed1t nh\u1ea5t?<\/strong><\/h2>\n<p>N\u1ebfu b\u1ea1n mu\u1ed1n t\u00ecm c\u00f4ng ty chuy\u00ean cung c\u1ea5p c\u00e1c\u00a0<strong>\u0111\u00e8n LED\u00a0pha<\/strong> uy t\u00edn, ch\u1ea5t l\u01b0\u1ee3ng, h\u00e3y \u0111\u1ebfn v\u1edbi ch\u00fang t\u00f4i<\/p>\n<ul>\n<li>C\u00f4ng ty s\u1ebd \u0111\u1ea3m b\u1ea3o cung c\u1ea5p t\u1edbi c\u00e1c kh\u00e1ch h\u00e0ng nh\u1eefng s\u1ea3n ph\u1ea9m \u0111\u00e8n n\u0103ng l\u01b0\u1ee3ng m\u1eb7t tr\u1eddi ch\u00ednh h\u00e3ng, ch\u1ea5t l\u01b0\u1ee3ng v\u01b0\u1ee3t b\u1eadc v\u1edbi gi\u00e1 th\u00e0nh t\u1ed1t nh\u1ea5t so v\u1edbi th\u1ecb tr\u01b0\u1eddng.<\/li>\n<li>V\u1edbi c\u00e1c ch\u1ebf \u0111\u1ed9, d\u1ecbch v\u1ee5 t\u1ed1i \u01b0u c\u00f9ng \u0111\u1ed9i ng\u0169 nh\u00e2n vi\u00ean t\u01b0 v\u1ea5n nhi\u1ec7t t\u00ecnh, c\u00f3 kinh nghi\u1ec7m, s\u1ebd t\u01b0 v\u1ea5n v\u00e0 \u0111\u00e1p \u1ee9ng m\u1ecdi nhu c\u1ea7u c\u1ee7a kh\u00e1ch h\u00e0ng.<\/li>\n<\/ul>","protected":false},"excerpt":{"rendered":"<p><b>Model: MB-300<\/b><\/p>\n<p>Th\u01b0\u01a1ng hi\u1ec7u: BLUE SKY<\/p>\n<p>C\u00f4ng su\u1ea5t: 300W<\/p>\n<p>B\u1ea3o h\u00e0nh: 2 n\u0103m<\/p>","protected":false},"featured_media":4387,"comment_status":"open","ping_status":"closed","template":"","meta":[],"product_brand":[],"product_cat":[40],"product_tag":[39],"class_list":{"0":"post-4384","1":"product","2":"type-product","3":"status-publish","4":"has-post-thumbnail","6":"product_cat-den-pha-nang-luong-mat-troi","7":"product_tag-den-pha","9":"first","10":"instock","11":"sale","12":"taxable","13":"shipping-taxable","14":"purchasable","15":"product-type-simple"},"yoast_head":"<!-- This site is optimized with the Yoast SEO plugin v27.4 - https:\/\/yoast.com\/product\/yoast-seo-wordpress\/ -->\n<title>\u0110\u00e8n pha led n\u0103ng l\u01b0\u1ee3ng m\u1eb7t tr\u1eddi BlueSky 300W MB-300 - Sunny Solar<\/title>\n<meta name=\"robots\" content=\"index, follow, max-snippet:-1, max-image-preview:large, max-video-preview:-1\" \/>\n<link rel=\"canonical\" href=\"https:\/\/sunnysolar.vn\/en\/product\/den-pha-led-nang-luong-mat-troi-bluesky-300w-mb-300\/\" \/>\n<meta property=\"og:locale\" content=\"en_US\" \/>\n<meta property=\"og:type\" content=\"article\" \/>\n<meta property=\"og:title\" content=\"\u0110\u00e8n pha led n\u0103ng l\u01b0\u1ee3ng m\u1eb7t tr\u1eddi BlueSky 300W MB-300 - Sunny Solar\" \/>\n<meta property=\"og:description\" content=\"Model: MB-300  Th\u01b0\u01a1ng hi\u1ec7u: BLUE SKY  C\u00f4ng su\u1ea5t: 300W  B\u1ea3o h\u00e0nh: 2 n\u0103m\" \/>\n<meta property=\"og:url\" content=\"https:\/\/sunnysolar.vn\/en\/product\/den-pha-led-nang-luong-mat-troi-bluesky-300w-mb-300\/\" \/>\n<meta property=\"og:site_name\" content=\"Sunny Solar\" \/>\n<meta property=\"article:publisher\" content=\"https:\/\/www.facebook.com\/profile.php?id=100064195922650\" \/>\n<meta property=\"article:modified_time\" content=\"2026-03-02T08:29:33+00:00\" \/>\n<meta property=\"og:image\" content=\"https:\/\/sunnysolar.vn\/wp-content\/uploads\/2026\/03\/den-pha-nang-luong-Bluesky-300W-MB-300-1.jpeg\" \/>\n\t<meta property=\"og:image:width\" content=\"1080\" \/>\n\t<meta property=\"og:image:height\" content=\"1080\" \/>\n\t<meta property=\"og:image:type\" content=\"image\/jpeg\" \/>\n<meta name=\"twitter:card\" content=\"summary_large_image\" \/>\n<meta name=\"twitter:label1\" content=\"Est. reading time\" \/>\n\t<meta name=\"twitter:data1\" content=\"3 minutes\" \/>\n<script type=\"application\/ld+json\" class=\"yoast-schema-graph\">{\"@context\":\"https:\\\/\\\/schema.org\",\"@graph\":[{\"@type\":\"WebPage\",\"@id\":\"https:\\\/\\\/sunnysolar.vn\\\/san-pham\\\/den-pha-led-nang-luong-mat-troi-bluesky-300w-mb-300\\\/\",\"url\":\"https:\\\/\\\/sunnysolar.vn\\\/san-pham\\\/den-pha-led-nang-luong-mat-troi-bluesky-300w-mb-300\\\/\",\"name\":\"\u0110\u00e8n pha led n\u0103ng l\u01b0\u1ee3ng m\u1eb7t tr\u1eddi BlueSky 300W MB-300 - Sunny Solar\",\"isPartOf\":{\"@id\":\"https:\\\/\\\/sunnysolar.vn\\\/#website\"},\"primaryImageOfPage\":{\"@id\":\"https:\\\/\\\/sunnysolar.vn\\\/san-pham\\\/den-pha-led-nang-luong-mat-troi-bluesky-300w-mb-300\\\/#primaryimage\"},\"image\":{\"@id\":\"https:\\\/\\\/sunnysolar.vn\\\/san-pham\\\/den-pha-led-nang-luong-mat-troi-bluesky-300w-mb-300\\\/#primaryimage\"},\"thumbnailUrl\":\"https:\\\/\\\/sunnysolar.vn\\\/wp-content\\\/uploads\\\/2026\\\/03\\\/den-pha-nang-luong-Bluesky-300W-MB-300-1.jpeg\",\"datePublished\":\"2026-03-02T08:25:29+00:00\",\"dateModified\":\"2026-03-02T08:29:33+00:00\",\"breadcrumb\":{\"@id\":\"https:\\\/\\\/sunnysolar.vn\\\/san-pham\\\/den-pha-led-nang-luong-mat-troi-bluesky-300w-mb-300\\\/#breadcrumb\"},\"inLanguage\":\"en-US\",\"potentialAction\":[{\"@type\":\"ReadAction\",\"target\":[\"https:\\\/\\\/sunnysolar.vn\\\/san-pham\\\/den-pha-led-nang-luong-mat-troi-bluesky-300w-mb-300\\\/\"]}]},{\"@type\":\"ImageObject\",\"inLanguage\":\"en-US\",\"@id\":\"https:\\\/\\\/sunnysolar.vn\\\/san-pham\\\/den-pha-led-nang-luong-mat-troi-bluesky-300w-mb-300\\\/#primaryimage\",\"url\":\"https:\\\/\\\/sunnysolar.vn\\\/wp-content\\\/uploads\\\/2026\\\/03\\\/den-pha-nang-luong-Bluesky-300W-MB-300-1.jpeg\",\"contentUrl\":\"https:\\\/\\\/sunnysolar.vn\\\/wp-content\\\/uploads\\\/2026\\\/03\\\/den-pha-nang-luong-Bluesky-300W-MB-300-1.jpeg\",\"width\":1080,\"height\":1080},{\"@type\":\"BreadcrumbList\",\"@id\":\"https:\\\/\\\/sunnysolar.vn\\\/san-pham\\\/den-pha-led-nang-luong-mat-troi-bluesky-300w-mb-300\\\/#breadcrumb\",\"itemListElement\":[{\"@type\":\"ListItem\",\"position\":1,\"name\":\"Trang ch\u1ee7\",\"item\":\"https:\\\/\\\/sunnysolar.vn\\\/\"},{\"@type\":\"ListItem\",\"position\":2,\"name\":\"S\u1ea3n ph\u1ea9m\",\"item\":\"https:\\\/\\\/sunnysolar.vn\\\/san-pham\\\/\"},{\"@type\":\"ListItem\",\"position\":3,\"name\":\"\u0110\u00e8n pha led n\u0103ng l\u01b0\u1ee3ng m\u1eb7t tr\u1eddi BlueSky 300W MB-300\"}]},{\"@type\":\"WebSite\",\"@id\":\"https:\\\/\\\/sunnysolar.vn\\\/#website\",\"url\":\"https:\\\/\\\/sunnysolar.vn\\\/\",\"name\":\"NANG LUONG THONG MINH\",\"description\":\"H\u00e0ng ch\u00ednh h\u00e3ng - Giao h\u00e0ng nhanh - Gi\u00e1 t\u1ed1t\",\"publisher\":{\"@id\":\"https:\\\/\\\/sunnysolar.vn\\\/#organization\"},\"potentialAction\":[{\"@type\":\"SearchAction\",\"target\":{\"@type\":\"EntryPoint\",\"urlTemplate\":\"https:\\\/\\\/sunnysolar.vn\\\/?s={search_term_string}\"},\"query-input\":{\"@type\":\"PropertyValueSpecification\",\"valueRequired\":true,\"valueName\":\"search_term_string\"}}],\"inLanguage\":\"en-US\"},{\"@type\":\"Organization\",\"@id\":\"https:\\\/\\\/sunnysolar.vn\\\/#organization\",\"name\":\"C\u00d4NG TY TNHH K\u1ef8 THU\u1eacT V\u00c0 TH\u01af\u01a0NG M\u1ea0I SUNNY\",\"url\":\"https:\\\/\\\/sunnysolar.vn\\\/\",\"logo\":{\"@type\":\"ImageObject\",\"inLanguage\":\"en-US\",\"@id\":\"https:\\\/\\\/sunnysolar.vn\\\/#\\\/schema\\\/logo\\\/image\\\/\",\"url\":\"http:\\\/\\\/sunnysolar.vn\\\/wp-content\\\/uploads\\\/2024\\\/11\\\/LOGO-SUNNYSOLAR.png\",\"contentUrl\":\"http:\\\/\\\/sunnysolar.vn\\\/wp-content\\\/uploads\\\/2024\\\/11\\\/LOGO-SUNNYSOLAR.png\",\"width\":783,\"height\":438,\"caption\":\"C\u00d4NG TY TNHH K\u1ef8 THU\u1eacT V\u00c0 TH\u01af\u01a0NG M\u1ea0I SUNNY\"},\"image\":{\"@id\":\"https:\\\/\\\/sunnysolar.vn\\\/#\\\/schema\\\/logo\\\/image\\\/\"},\"sameAs\":[\"https:\\\/\\\/www.facebook.com\\\/profile.php?id=100064195922650\"]}]}<\/script>\n<!-- \/ Yoast SEO plugin. -->","yoast_head_json":{"title":"\u0110\u00e8n pha led n\u0103ng l\u01b0\u1ee3ng m\u1eb7t tr\u1eddi BlueSky 300W MB-300 - Sunny Solar","robots":{"index":"index","follow":"follow","max-snippet":"max-snippet:-1","max-image-preview":"max-image-preview:large","max-video-preview":"max-video-preview:-1"},"canonical":"https:\/\/sunnysolar.vn\/en\/product\/den-pha-led-nang-luong-mat-troi-bluesky-300w-mb-300\/","og_locale":"en_US","og_type":"article","og_title":"\u0110\u00e8n pha led n\u0103ng l\u01b0\u1ee3ng m\u1eb7t tr\u1eddi BlueSky 300W MB-300 - Sunny Solar","og_description":"Model: MB-300  Th\u01b0\u01a1ng hi\u1ec7u: BLUE SKY  C\u00f4ng su\u1ea5t: 300W  B\u1ea3o h\u00e0nh: 2 n\u0103m","og_url":"https:\/\/sunnysolar.vn\/en\/product\/den-pha-led-nang-luong-mat-troi-bluesky-300w-mb-300\/","og_site_name":"Sunny Solar","article_publisher":"https:\/\/www.facebook.com\/profile.php?id=100064195922650","article_modified_time":"2026-03-02T08:29:33+00:00","og_image":[{"width":1080,"height":1080,"url":"https:\/\/sunnysolar.vn\/wp-content\/uploads\/2026\/03\/den-pha-nang-luong-Bluesky-300W-MB-300-1.jpeg","type":"image\/jpeg"}],"twitter_card":"summary_large_image","twitter_misc":{"Est. reading time":"3 minutes"},"schema":{"@context":"https:\/\/schema.org","@graph":[{"@type":"WebPage","@id":"https:\/\/sunnysolar.vn\/san-pham\/den-pha-led-nang-luong-mat-troi-bluesky-300w-mb-300\/","url":"https:\/\/sunnysolar.vn\/san-pham\/den-pha-led-nang-luong-mat-troi-bluesky-300w-mb-300\/","name":"\u0110\u00e8n pha led n\u0103ng l\u01b0\u1ee3ng m\u1eb7t tr\u1eddi BlueSky 300W MB-300 - Sunny Solar","isPartOf":{"@id":"https:\/\/sunnysolar.vn\/#website"},"primaryImageOfPage":{"@id":"https:\/\/sunnysolar.vn\/san-pham\/den-pha-led-nang-luong-mat-troi-bluesky-300w-mb-300\/#primaryimage"},"image":{"@id":"https:\/\/sunnysolar.vn\/san-pham\/den-pha-led-nang-luong-mat-troi-bluesky-300w-mb-300\/#primaryimage"},"thumbnailUrl":"https:\/\/sunnysolar.vn\/wp-content\/uploads\/2026\/03\/den-pha-nang-luong-Bluesky-300W-MB-300-1.jpeg","datePublished":"2026-03-02T08:25:29+00:00","dateModified":"2026-03-02T08:29:33+00:00","breadcrumb":{"@id":"https:\/\/sunnysolar.vn\/san-pham\/den-pha-led-nang-luong-mat-troi-bluesky-300w-mb-300\/#breadcrumb"},"inLanguage":"en-US","potentialAction":[{"@type":"ReadAction","target":["https:\/\/sunnysolar.vn\/san-pham\/den-pha-led-nang-luong-mat-troi-bluesky-300w-mb-300\/"]}]},{"@type":"ImageObject","inLanguage":"en-US","@id":"https:\/\/sunnysolar.vn\/san-pham\/den-pha-led-nang-luong-mat-troi-bluesky-300w-mb-300\/#primaryimage","url":"https:\/\/sunnysolar.vn\/wp-content\/uploads\/2026\/03\/den-pha-nang-luong-Bluesky-300W-MB-300-1.jpeg","contentUrl":"https:\/\/sunnysolar.vn\/wp-content\/uploads\/2026\/03\/den-pha-nang-luong-Bluesky-300W-MB-300-1.jpeg","width":1080,"height":1080},{"@type":"BreadcrumbList","@id":"https:\/\/sunnysolar.vn\/san-pham\/den-pha-led-nang-luong-mat-troi-bluesky-300w-mb-300\/#breadcrumb","itemListElement":[{"@type":"ListItem","position":1,"name":"Trang ch\u1ee7","item":"https:\/\/sunnysolar.vn\/"},{"@type":"ListItem","position":2,"name":"S\u1ea3n ph\u1ea9m","item":"https:\/\/sunnysolar.vn\/san-pham\/"},{"@type":"ListItem","position":3,"name":"\u0110\u00e8n pha led n\u0103ng l\u01b0\u1ee3ng m\u1eb7t tr\u1eddi BlueSky 300W MB-300"}]},{"@type":"WebSite","@id":"https:\/\/sunnysolar.vn\/#website","url":"https:\/\/sunnysolar.vn\/","name":"NANG LUONG THONG MINH","description":"H\u00e0ng ch\u00ednh h\u00e3ng - Giao h\u00e0ng nhanh - Gi\u00e1 t\u1ed1t","publisher":{"@id":"https:\/\/sunnysolar.vn\/#organization"},"potentialAction":[{"@type":"SearchAction","target":{"@type":"EntryPoint","urlTemplate":"https:\/\/sunnysolar.vn\/?s={search_term_string}"},"query-input":{"@type":"PropertyValueSpecification","valueRequired":true,"valueName":"search_term_string"}}],"inLanguage":"en-US"},{"@type":"Organization","@id":"https:\/\/sunnysolar.vn\/#organization","name":"C\u00d4NG TY TNHH K\u1ef8 THU\u1eacT V\u00c0 TH\u01af\u01a0NG M\u1ea0I SUNNY","url":"https:\/\/sunnysolar.vn\/","logo":{"@type":"ImageObject","inLanguage":"en-US","@id":"https:\/\/sunnysolar.vn\/#\/schema\/logo\/image\/","url":"http:\/\/sunnysolar.vn\/wp-content\/uploads\/2024\/11\/LOGO-SUNNYSOLAR.png","contentUrl":"http:\/\/sunnysolar.vn\/wp-content\/uploads\/2024\/11\/LOGO-SUNNYSOLAR.png","width":783,"height":438,"caption":"C\u00d4NG TY TNHH K\u1ef8 THU\u1eacT V\u00c0 TH\u01af\u01a0NG M\u1ea0I SUNNY"},"image":{"@id":"https:\/\/sunnysolar.vn\/#\/schema\/logo\/image\/"},"sameAs":["https:\/\/www.facebook.com\/profile.php?id=100064195922650"]}]}},"_links":{"self":[{"href":"https:\/\/sunnysolar.vn\/en\/wp-json\/wp\/v2\/product\/4384","targetHints":{"allow":["GET"]}}],"collection":[{"href":"https:\/\/sunnysolar.vn\/en\/wp-json\/wp\/v2\/product"}],"about":[{"href":"https:\/\/sunnysolar.vn\/en\/wp-json\/wp\/v2\/types\/product"}],"replies":[{"embeddable":true,"href":"https:\/\/sunnysolar.vn\/en\/wp-json\/wp\/v2\/comments?post=4384"}],"wp:featuredmedia":[{"embeddable":true,"href":"https:\/\/sunnysolar.vn\/en\/wp-json\/wp\/v2\/media\/4387"}],"wp:attachment":[{"href":"https:\/\/sunnysolar.vn\/en\/wp-json\/wp\/v2\/media?parent=4384"}],"wp:term":[{"taxonomy":"product_brand","embeddable":true,"href":"https:\/\/sunnysolar.vn\/en\/wp-json\/wp\/v2\/product_brand?post=4384"},{"taxonomy":"product_cat","embeddable":true,"href":"https:\/\/sunnysolar.vn\/en\/wp-json\/wp\/v2\/product_cat?post=4384"},{"taxonomy":"product_tag","embeddable":true,"href":"https:\/\/sunnysolar.vn\/en\/wp-json\/wp\/v2\/product_tag?post=4384"}],"curies":[{"name":"wp","href":"https:\/\/api.w.org\/{rel}","templated":true}]}}