{"id":4433,"date":"2026-03-05T11:10:00","date_gmt":"2026-03-05T04:10:00","guid":{"rendered":"https:\/\/sunnysolar.vn\/?post_type=product&#038;p=4433"},"modified":"2026-04-03T10:06:31","modified_gmt":"2026-04-03T03:06:31","slug":"den-duong-nang-luong-mat-troi-100w-jd-369","status":"publish","type":"product","link":"https:\/\/sunnysolar.vn\/en\/product\/den-duong-nang-luong-mat-troi-100w-jd-369\/","title":{"rendered":"\u0110\u00e8n \u0111\u01b0\u1eddng n\u0103ng l\u01b0\u1ee3ng m\u1eb7t tr\u1eddi 100W JD-369"},"content":{"rendered":"<h3 class=\"isSelectedEnd\">\ud83c\udf1e <strong>GI\u1ea2I PH\u00c1P CHI\u1ebeU S\u00c1NG TH\u00d4NG MINH \u2013 TI\u1ebeT KI\u1ec6M T\u1ed0I \u0110A<\/strong> \ud83c\udf3f<\/h3>\n<p class=\"isSelectedEnd\">B\u1ea1n \u0111ang t\u00ecm ki\u1ebfm m\u1ed9t gi\u1ea3i ph\u00e1p chi\u1ebfu s\u00e1ng <strong>hi\u1ec7u qu\u1ea3 \u2013 ti\u1ebft ki\u1ec7m \u2013 b\u1ec1n b\u1ec9<\/strong> cho s\u00e2n v\u01b0\u1eddn, \u0111\u01b0\u1eddng \u0111i hay khu v\u1ef1c ngo\u00e0i tr\u1eddi?<br \/>\n\ud83d\udc49 \u0110\u00e8n n\u0103ng l\u01b0\u1ee3ng m\u1eb7t tr\u1eddi JD JINDIAN JD-369 ch\u00ednh l\u00e0 l\u1ef1a ch\u1ecdn l\u00fd t\u01b0\u1edfng!<\/p>\n<h3 class=\"isSelectedEnd\">\u2728 <strong>\u01afu \u0111i\u1ec3m n\u1ed5i b\u1eadt:<\/strong><\/h3>\n<p class=\"isSelectedEnd\">\u2714\ufe0f C\u00f4ng su\u1ea5t m\u1ea1nh m\u1ebd 300W \u2013 \u00e1nh s\u00e1ng r\u00f5, ph\u1ee7 r\u1ed9ng<br \/>\n\u2714\ufe0f Chu\u1ea9n ch\u1ed1ng n\u01b0\u1edbc IP66 \u2013 ho\u1ea1t \u0111\u1ed9ng b\u1ec1n b\u1ec9 m\u1ecdi th\u1eddi ti\u1ebft<br \/>\n\u2714\ufe0f S\u1eed d\u1ee5ng n\u0103ng l\u01b0\u1ee3ng m\u1eb7t tr\u1eddi \u2013 <strong>kh\u00f4ng t\u1ed1n \u0111i\u1ec7n<\/strong><br \/>\n\u2714\ufe0f L\u1eafp \u0111\u1eb7t d\u1ec5 d\u00e0ng \u2013 kh\u00f4ng c\u1ea7n \u0111i d\u00e2y ph\u1ee9c t\u1ea1p<br \/>\n\u2714\ufe0f Thi\u1ebft k\u1ebf hi\u1ec7n \u0111\u1ea1i, ch\u1eafc ch\u1eafn, ph\u00f9 h\u1ee3p nhi\u1ec1u kh\u00f4ng gian<\/p>\n<h3 class=\"isSelectedEnd\">\ud83c\udf0d <strong>Th\u00e2n thi\u1ec7n m\u00f4i tr\u01b0\u1eddng \u2013 ti\u1ebft ki\u1ec7m chi ph\u00ed l\u00e2u d\u00e0i<\/strong><\/h3>\n<p class=\"isSelectedEnd\">Kh\u00f4ng ch\u1ec9 chi\u1ebfu s\u00e1ng, \u0111\u00e2y c\u00f2n l\u00e0 gi\u1ea3i ph\u00e1p gi\u00fap b\u1ea1n g\u00f3p ph\u1ea7n b\u1ea3o v\u1ec7 m\u00f4i tr\u01b0\u1eddng \ud83c\udf31<\/p>\n<h3 class=\"isSelectedEnd\">\u2728 <strong>TH\u00d4NG S\u1ed0 K\u1ef8 THU\u1eacT<\/strong><\/h3>\n<table style=\"font-weight: 400;\">\n<tbody>\n<tr>\n<td width=\"135\"><strong>C\u00d4NG SU\u1ea4T<\/strong><\/td>\n<td width=\"209\"><strong>300W<\/strong><\/td>\n<\/tr>\n<tr>\n<td width=\"135\"><strong>K\u00edch th\u01b0\u1edbc \u0111\u00e8n<\/strong><\/td>\n<td width=\"209\">485*210*57mm<\/td>\n<\/tr>\n<tr>\n<td width=\"135\"><strong>Nhi\u1ec7t \u0111\u1ed9 m\u00e0u (CCT)<\/strong><\/td>\n<td width=\"209\">3000K-6500K<\/td>\n<\/tr>\n<tr>\n<td width=\"135\"><strong>Ngu\u1ed3n s\u00e1ng<\/strong><\/td>\n<td width=\"209\"><strong>50 pcs 2835 SMD LED<\/strong><\/td>\n<\/tr>\n<tr>\n<td width=\"135\"><strong>Ch\u1ea5t li\u1ec7u<\/strong><\/td>\n<td width=\"209\">Nh\u00f4m<\/td>\n<\/tr>\n<tr>\n<td width=\"135\"><strong>Th\u1eddi gian s\u00e1ng<\/strong><\/td>\n<td width=\"209\">15-16H<\/td>\n<\/tr>\n<tr>\n<td width=\"135\"><strong>Quang th\u00f4ng (Lumen)<\/strong><\/td>\n<td width=\"209\">190ml\/w<\/td>\n<\/tr>\n<tr>\n<td width=\"135\"><strong>\u0110\u1ed9 cao l\u1eafp \u0111\u1eb7t<\/strong><\/td>\n<td width=\"209\">4-6m<\/td>\n<\/tr>\n<tr>\n<td width=\"135\"><strong>Kh\u00f4ng gian chi\u1ebfu s\u00e1ng<\/strong><\/td>\n<td width=\"209\">300 m2<\/td>\n<\/tr>\n<tr>\n<td width=\"135\"><strong>Pin l\u01b0u tr\u1eef<\/strong><\/td>\n<td width=\"209\"><strong>Li-Ion 3.2V 25AH<\/strong><\/td>\n<\/tr>\n<tr>\n<td width=\"135\"><strong>T\u1ea5m Pin NLMT<\/strong><\/td>\n<td width=\"209\"><strong>6V\/25W<\/strong><\/td>\n<\/tr>\n<tr>\n<td width=\"135\"><strong>K\u00edch th\u01b0\u1edbc t\u1ea5m pin<\/strong><\/td>\n<td width=\"209\">450*350*17mm<\/td>\n<\/tr>\n<tr>\n<td width=\"135\"><strong>Kh\u1ed1i l\u01b0\u1ee3ng th\u00f9ng<\/strong><\/td>\n<td width=\"209\">4.3kg<\/td>\n<\/tr>\n<tr>\n<td width=\"135\"><strong>K\u00edch th\u01b0\u1edbc th\u00f9ng<\/strong><\/td>\n<td width=\"209\">545*390*115mm<\/td>\n<\/tr>\n<tr>\n<td width=\"135\"><strong>B\u1ea3o h\u00e0nh<\/strong><\/td>\n<td width=\"209\"><strong>2 n\u0103m<\/strong><\/td>\n<\/tr>\n<\/tbody>\n<\/table>\n<h3 class=\"isSelectedEnd\"><strong>\ud83d\udccd \u1ee8ng d\u1ee5ng:<\/strong><\/h3>\n<ul data-spread=\"false\">\n<li>S\u00e2n v\u01b0\u1eddn, bi\u1ec7t th\u1ef1<\/li>\n<li>\u0110\u01b0\u1eddng n\u1ed9i b\u1ed9, khu d\u00e2n c\u01b0<\/li>\n<li>Nh\u00e0 x\u01b0\u1edfng, b\u00e3i xe<\/li>\n<li>Khu v\u1ef1c ngo\u00e0i tr\u1eddi c\u1ea7n chi\u1ebfu s\u00e1ng \u0111\u1ed9c l\u1eadp<\/li>\n<\/ul>\n<p class=\"isSelectedEnd\">\ud83d\udca1 <strong>\u0110\u1ea7u t\u01b0 m\u1ed9t l\u1ea7n \u2013 s\u1eed d\u1ee5ng l\u00e2u d\u00e0i \u2013 ti\u1ebft ki\u1ec7m m\u1ed7i ng\u00e0y!<\/strong><\/p>\n<p>\ud83d\udce9 Inbox ngay \u0111\u1ec3 \u0111\u01b0\u1ee3c t\u01b0 v\u1ea5n v\u00e0 b\u00e1o gi\u00e1 t\u1ed1t nh\u1ea5t!<\/p>\n<p><img decoding=\"async\" class=\"emoji\" role=\"img\" draggable=\"false\" src=\"https:\/\/s.w.org\/images\/core\/emoji\/17.0.2\/svg\/1f4de.svg\" alt=\"\ud83d\udcde\" \/> Li\u00ean h\u1ec7 ngay: 0357690717<br \/>\n\ufe0f<img decoding=\"async\" class=\"emoji\" role=\"img\" draggable=\"false\" src=\"https:\/\/s.w.org\/images\/core\/emoji\/17.0.2\/svg\/1f6d2.svg\" alt=\"\ud83d\uded2\" \/> Website: <a href=\"https:\/\/sunnysolar.vn\/en\/\">sunnysolar.vn<\/a><br \/>\n#sunnysolar #dennangluongmattroi #jindian #jd369<\/p>","protected":false},"excerpt":{"rendered":"<p><b>Model: JD-369<\/b><\/p>\n<p>Th\u01b0\u01a1ng hi\u1ec7u: JINDIAN<\/p>\n<p>C\u00f4ng su\u1ea5t: 100W<\/p>\n<p>B\u1ea3o h\u00e0nh: 2 n\u0103m<\/p>","protected":false},"featured_media":4434,"comment_status":"open","ping_status":"closed","template":"","meta":[],"product_brand":[],"product_cat":[34],"product_tag":[33],"class_list":{"0":"post-4433","1":"product","2":"type-product","3":"status-publish","4":"has-post-thumbnail","6":"product_cat-den-duong-nang-luong-mat-troi","7":"product_tag-den-ban-chai","9":"first","10":"instock","11":"sale","12":"taxable","13":"shipping-taxable","14":"purchasable","15":"product-type-simple"},"_links":{"self":[{"href":"https:\/\/sunnysolar.vn\/en\/wp-json\/wp\/v2\/product\/4433","targetHints":{"allow":["GET"]}}],"collection":[{"href":"https:\/\/sunnysolar.vn\/en\/wp-json\/wp\/v2\/product"}],"about":[{"href":"https:\/\/sunnysolar.vn\/en\/wp-json\/wp\/v2\/types\/product"}],"replies":[{"embeddable":true,"href":"https:\/\/sunnysolar.vn\/en\/wp-json\/wp\/v2\/comments?post=4433"}],"wp:featuredmedia":[{"embeddable":true,"href":"https:\/\/sunnysolar.vn\/en\/wp-json\/wp\/v2\/media\/4434"}],"wp:attachment":[{"href":"https:\/\/sunnysolar.vn\/en\/wp-json\/wp\/v2\/media?parent=4433"}],"wp:term":[{"taxonomy":"product_brand","embeddable":true,"href":"https:\/\/sunnysolar.vn\/en\/wp-json\/wp\/v2\/product_brand?post=4433"},{"taxonomy":"product_cat","embeddable":true,"href":"https:\/\/sunnysolar.vn\/en\/wp-json\/wp\/v2\/product_cat?post=4433"},{"taxonomy":"product_tag","embeddable":true,"href":"https:\/\/sunnysolar.vn\/en\/wp-json\/wp\/v2\/product_tag?post=4433"}],"curies":[{"name":"wp","href":"https:\/\/api.w.org\/{rel}","templated":true}]}}