{"id":4479,"date":"2026-03-10T15:26:54","date_gmt":"2026-03-10T08:26:54","guid":{"rendered":"https:\/\/sunnysolar.vn\/?post_type=product&#038;p=4479"},"modified":"2026-03-16T11:46:04","modified_gmt":"2026-03-16T04:46:04","slug":"den-duong-nang-luong-mat-troi-blue-carbon-bct-olj1-0-20w","status":"publish","type":"product","link":"https:\/\/sunnysolar.vn\/en\/product\/den-duong-nang-luong-mat-troi-blue-carbon-bct-olj1-0-20w\/","title":{"rendered":"\u0110\u00e8n \u0111\u01b0\u1eddng n\u0103ng l\u01b0\u1ee3ng m\u1eb7t tr\u1eddi Blue Carbon BCT-OLJ1.0 20W"},"content":{"rendered":"<p><img loading=\"lazy\" decoding=\"async\" class=\"alignnone size-full wp-image-4480\" src=\"http:\/\/sunnysolar.vn\/wp-content\/uploads\/2026\/03\/den-nang-luong-mat-troi-Blue-Carbon-BCT-OLJ1_0-20W-1.jpeg\" alt=\"\" width=\"1080\" height=\"1080\" srcset=\"https:\/\/sunnysolar.vn\/wp-content\/uploads\/2026\/03\/den-nang-luong-mat-troi-Blue-Carbon-BCT-OLJ1_0-20W-1.jpeg 1080w, https:\/\/sunnysolar.vn\/wp-content\/uploads\/2026\/03\/den-nang-luong-mat-troi-Blue-Carbon-BCT-OLJ1_0-20W-1-300x300.jpeg 300w, https:\/\/sunnysolar.vn\/wp-content\/uploads\/2026\/03\/den-nang-luong-mat-troi-Blue-Carbon-BCT-OLJ1_0-20W-1-1024x1024.jpeg 1024w, https:\/\/sunnysolar.vn\/wp-content\/uploads\/2026\/03\/den-nang-luong-mat-troi-Blue-Carbon-BCT-OLJ1_0-20W-1-150x150.jpeg 150w, https:\/\/sunnysolar.vn\/wp-content\/uploads\/2026\/03\/den-nang-luong-mat-troi-Blue-Carbon-BCT-OLJ1_0-20W-1-768x768.jpeg 768w, https:\/\/sunnysolar.vn\/wp-content\/uploads\/2026\/03\/den-nang-luong-mat-troi-Blue-Carbon-BCT-OLJ1_0-20W-1-12x12.jpeg 12w, https:\/\/sunnysolar.vn\/wp-content\/uploads\/2026\/03\/den-nang-luong-mat-troi-Blue-Carbon-BCT-OLJ1_0-20W-1-600x600.jpeg 600w, https:\/\/sunnysolar.vn\/wp-content\/uploads\/2026\/03\/den-nang-luong-mat-troi-Blue-Carbon-BCT-OLJ1_0-20W-1-100x100.jpeg 100w, https:\/\/sunnysolar.vn\/wp-content\/uploads\/2026\/03\/den-nang-luong-mat-troi-Blue-Carbon-BCT-OLJ1_0-20W-1-64x64.jpeg 64w\" sizes=\"auto, (max-width: 1080px) 100vw, 1080px\" \/> <img loading=\"lazy\" decoding=\"async\" class=\"alignnone size-full wp-image-4481\" src=\"http:\/\/sunnysolar.vn\/wp-content\/uploads\/2026\/03\/den-nang-luong-mat-troi-Blue-Carbon-BCT-OLJ1_0-20W-2.jpeg\" alt=\"\" width=\"1080\" height=\"1080\" srcset=\"https:\/\/sunnysolar.vn\/wp-content\/uploads\/2026\/03\/den-nang-luong-mat-troi-Blue-Carbon-BCT-OLJ1_0-20W-2.jpeg 1080w, https:\/\/sunnysolar.vn\/wp-content\/uploads\/2026\/03\/den-nang-luong-mat-troi-Blue-Carbon-BCT-OLJ1_0-20W-2-300x300.jpeg 300w, https:\/\/sunnysolar.vn\/wp-content\/uploads\/2026\/03\/den-nang-luong-mat-troi-Blue-Carbon-BCT-OLJ1_0-20W-2-1024x1024.jpeg 1024w, https:\/\/sunnysolar.vn\/wp-content\/uploads\/2026\/03\/den-nang-luong-mat-troi-Blue-Carbon-BCT-OLJ1_0-20W-2-150x150.jpeg 150w, https:\/\/sunnysolar.vn\/wp-content\/uploads\/2026\/03\/den-nang-luong-mat-troi-Blue-Carbon-BCT-OLJ1_0-20W-2-768x768.jpeg 768w, https:\/\/sunnysolar.vn\/wp-content\/uploads\/2026\/03\/den-nang-luong-mat-troi-Blue-Carbon-BCT-OLJ1_0-20W-2-12x12.jpeg 12w, https:\/\/sunnysolar.vn\/wp-content\/uploads\/2026\/03\/den-nang-luong-mat-troi-Blue-Carbon-BCT-OLJ1_0-20W-2-600x600.jpeg 600w, https:\/\/sunnysolar.vn\/wp-content\/uploads\/2026\/03\/den-nang-luong-mat-troi-Blue-Carbon-BCT-OLJ1_0-20W-2-100x100.jpeg 100w, https:\/\/sunnysolar.vn\/wp-content\/uploads\/2026\/03\/den-nang-luong-mat-troi-Blue-Carbon-BCT-OLJ1_0-20W-2-64x64.jpeg 64w\" sizes=\"auto, (max-width: 1080px) 100vw, 1080px\" \/> <img loading=\"lazy\" decoding=\"async\" class=\"alignnone size-full wp-image-4482\" src=\"http:\/\/sunnysolar.vn\/wp-content\/uploads\/2026\/03\/den-nang-luong-mat-troi-Blue-Carbon-BCT-OLJ1_0-20W-3.jpeg\" alt=\"\" width=\"1080\" height=\"1080\" srcset=\"https:\/\/sunnysolar.vn\/wp-content\/uploads\/2026\/03\/den-nang-luong-mat-troi-Blue-Carbon-BCT-OLJ1_0-20W-3.jpeg 1080w, https:\/\/sunnysolar.vn\/wp-content\/uploads\/2026\/03\/den-nang-luong-mat-troi-Blue-Carbon-BCT-OLJ1_0-20W-3-300x300.jpeg 300w, https:\/\/sunnysolar.vn\/wp-content\/uploads\/2026\/03\/den-nang-luong-mat-troi-Blue-Carbon-BCT-OLJ1_0-20W-3-1024x1024.jpeg 1024w, https:\/\/sunnysolar.vn\/wp-content\/uploads\/2026\/03\/den-nang-luong-mat-troi-Blue-Carbon-BCT-OLJ1_0-20W-3-150x150.jpeg 150w, https:\/\/sunnysolar.vn\/wp-content\/uploads\/2026\/03\/den-nang-luong-mat-troi-Blue-Carbon-BCT-OLJ1_0-20W-3-768x768.jpeg 768w, https:\/\/sunnysolar.vn\/wp-content\/uploads\/2026\/03\/den-nang-luong-mat-troi-Blue-Carbon-BCT-OLJ1_0-20W-3-12x12.jpeg 12w, https:\/\/sunnysolar.vn\/wp-content\/uploads\/2026\/03\/den-nang-luong-mat-troi-Blue-Carbon-BCT-OLJ1_0-20W-3-600x600.jpeg 600w, https:\/\/sunnysolar.vn\/wp-content\/uploads\/2026\/03\/den-nang-luong-mat-troi-Blue-Carbon-BCT-OLJ1_0-20W-3-100x100.jpeg 100w, https:\/\/sunnysolar.vn\/wp-content\/uploads\/2026\/03\/den-nang-luong-mat-troi-Blue-Carbon-BCT-OLJ1_0-20W-3-64x64.jpeg 64w\" sizes=\"auto, (max-width: 1080px) 100vw, 1080px\" \/> <img loading=\"lazy\" decoding=\"async\" class=\"alignnone size-full wp-image-4483\" src=\"http:\/\/sunnysolar.vn\/wp-content\/uploads\/2026\/03\/den-nang-luong-mat-troi-Blue-Carbon-BCT-OLJ1_0-20W-4.jpeg\" alt=\"\" width=\"1080\" height=\"1080\" srcset=\"https:\/\/sunnysolar.vn\/wp-content\/uploads\/2026\/03\/den-nang-luong-mat-troi-Blue-Carbon-BCT-OLJ1_0-20W-4.jpeg 1080w, https:\/\/sunnysolar.vn\/wp-content\/uploads\/2026\/03\/den-nang-luong-mat-troi-Blue-Carbon-BCT-OLJ1_0-20W-4-300x300.jpeg 300w, https:\/\/sunnysolar.vn\/wp-content\/uploads\/2026\/03\/den-nang-luong-mat-troi-Blue-Carbon-BCT-OLJ1_0-20W-4-1024x1024.jpeg 1024w, https:\/\/sunnysolar.vn\/wp-content\/uploads\/2026\/03\/den-nang-luong-mat-troi-Blue-Carbon-BCT-OLJ1_0-20W-4-150x150.jpeg 150w, https:\/\/sunnysolar.vn\/wp-content\/uploads\/2026\/03\/den-nang-luong-mat-troi-Blue-Carbon-BCT-OLJ1_0-20W-4-768x768.jpeg 768w, https:\/\/sunnysolar.vn\/wp-content\/uploads\/2026\/03\/den-nang-luong-mat-troi-Blue-Carbon-BCT-OLJ1_0-20W-4-12x12.jpeg 12w, https:\/\/sunnysolar.vn\/wp-content\/uploads\/2026\/03\/den-nang-luong-mat-troi-Blue-Carbon-BCT-OLJ1_0-20W-4-600x600.jpeg 600w, https:\/\/sunnysolar.vn\/wp-content\/uploads\/2026\/03\/den-nang-luong-mat-troi-Blue-Carbon-BCT-OLJ1_0-20W-4-100x100.jpeg 100w, https:\/\/sunnysolar.vn\/wp-content\/uploads\/2026\/03\/den-nang-luong-mat-troi-Blue-Carbon-BCT-OLJ1_0-20W-4-64x64.jpeg 64w\" sizes=\"auto, (max-width: 1080px) 100vw, 1080px\" \/> <img loading=\"lazy\" decoding=\"async\" class=\"alignnone size-full wp-image-4487\" src=\"http:\/\/sunnysolar.vn\/wp-content\/uploads\/2026\/03\/den-nang-luong-mat-troi-Blue-Carbon-BCT-OLJ1_0-20W-8.jpeg\" alt=\"\" width=\"1080\" height=\"1080\" srcset=\"https:\/\/sunnysolar.vn\/wp-content\/uploads\/2026\/03\/den-nang-luong-mat-troi-Blue-Carbon-BCT-OLJ1_0-20W-8.jpeg 1080w, https:\/\/sunnysolar.vn\/wp-content\/uploads\/2026\/03\/den-nang-luong-mat-troi-Blue-Carbon-BCT-OLJ1_0-20W-8-300x300.jpeg 300w, https:\/\/sunnysolar.vn\/wp-content\/uploads\/2026\/03\/den-nang-luong-mat-troi-Blue-Carbon-BCT-OLJ1_0-20W-8-1024x1024.jpeg 1024w, https:\/\/sunnysolar.vn\/wp-content\/uploads\/2026\/03\/den-nang-luong-mat-troi-Blue-Carbon-BCT-OLJ1_0-20W-8-150x150.jpeg 150w, https:\/\/sunnysolar.vn\/wp-content\/uploads\/2026\/03\/den-nang-luong-mat-troi-Blue-Carbon-BCT-OLJ1_0-20W-8-768x768.jpeg 768w, https:\/\/sunnysolar.vn\/wp-content\/uploads\/2026\/03\/den-nang-luong-mat-troi-Blue-Carbon-BCT-OLJ1_0-20W-8-12x12.jpeg 12w, https:\/\/sunnysolar.vn\/wp-content\/uploads\/2026\/03\/den-nang-luong-mat-troi-Blue-Carbon-BCT-OLJ1_0-20W-8-600x600.jpeg 600w, https:\/\/sunnysolar.vn\/wp-content\/uploads\/2026\/03\/den-nang-luong-mat-troi-Blue-Carbon-BCT-OLJ1_0-20W-8-100x100.jpeg 100w, https:\/\/sunnysolar.vn\/wp-content\/uploads\/2026\/03\/den-nang-luong-mat-troi-Blue-Carbon-BCT-OLJ1_0-20W-8-64x64.jpeg 64w\" sizes=\"auto, (max-width: 1080px) 100vw, 1080px\" \/> <img loading=\"lazy\" decoding=\"async\" class=\"alignnone size-full wp-image-4488\" src=\"http:\/\/sunnysolar.vn\/wp-content\/uploads\/2026\/03\/den-nang-luong-mat-troi-Blue-Carbon-BCT-OLJ1_0-20W-9.jpeg\" alt=\"\" width=\"1080\" height=\"1080\" srcset=\"https:\/\/sunnysolar.vn\/wp-content\/uploads\/2026\/03\/den-nang-luong-mat-troi-Blue-Carbon-BCT-OLJ1_0-20W-9.jpeg 1080w, https:\/\/sunnysolar.vn\/wp-content\/uploads\/2026\/03\/den-nang-luong-mat-troi-Blue-Carbon-BCT-OLJ1_0-20W-9-300x300.jpeg 300w, https:\/\/sunnysolar.vn\/wp-content\/uploads\/2026\/03\/den-nang-luong-mat-troi-Blue-Carbon-BCT-OLJ1_0-20W-9-1024x1024.jpeg 1024w, https:\/\/sunnysolar.vn\/wp-content\/uploads\/2026\/03\/den-nang-luong-mat-troi-Blue-Carbon-BCT-OLJ1_0-20W-9-150x150.jpeg 150w, https:\/\/sunnysolar.vn\/wp-content\/uploads\/2026\/03\/den-nang-luong-mat-troi-Blue-Carbon-BCT-OLJ1_0-20W-9-768x768.jpeg 768w, https:\/\/sunnysolar.vn\/wp-content\/uploads\/2026\/03\/den-nang-luong-mat-troi-Blue-Carbon-BCT-OLJ1_0-20W-9-12x12.jpeg 12w, https:\/\/sunnysolar.vn\/wp-content\/uploads\/2026\/03\/den-nang-luong-mat-troi-Blue-Carbon-BCT-OLJ1_0-20W-9-600x600.jpeg 600w, https:\/\/sunnysolar.vn\/wp-content\/uploads\/2026\/03\/den-nang-luong-mat-troi-Blue-Carbon-BCT-OLJ1_0-20W-9-100x100.jpeg 100w, https:\/\/sunnysolar.vn\/wp-content\/uploads\/2026\/03\/den-nang-luong-mat-troi-Blue-Carbon-BCT-OLJ1_0-20W-9-64x64.jpeg 64w\" sizes=\"auto, (max-width: 1080px) 100vw, 1080px\" \/> <img loading=\"lazy\" decoding=\"async\" class=\"alignnone size-full wp-image-4492\" src=\"http:\/\/sunnysolar.vn\/wp-content\/uploads\/2026\/03\/den-nang-luong-mat-troi-Blue-Carbon-BCT-OLJ1_0-20W-13.jpeg\" alt=\"\" width=\"1080\" height=\"1080\" srcset=\"https:\/\/sunnysolar.vn\/wp-content\/uploads\/2026\/03\/den-nang-luong-mat-troi-Blue-Carbon-BCT-OLJ1_0-20W-13.jpeg 1080w, https:\/\/sunnysolar.vn\/wp-content\/uploads\/2026\/03\/den-nang-luong-mat-troi-Blue-Carbon-BCT-OLJ1_0-20W-13-300x300.jpeg 300w, https:\/\/sunnysolar.vn\/wp-content\/uploads\/2026\/03\/den-nang-luong-mat-troi-Blue-Carbon-BCT-OLJ1_0-20W-13-1024x1024.jpeg 1024w, https:\/\/sunnysolar.vn\/wp-content\/uploads\/2026\/03\/den-nang-luong-mat-troi-Blue-Carbon-BCT-OLJ1_0-20W-13-150x150.jpeg 150w, https:\/\/sunnysolar.vn\/wp-content\/uploads\/2026\/03\/den-nang-luong-mat-troi-Blue-Carbon-BCT-OLJ1_0-20W-13-768x768.jpeg 768w, https:\/\/sunnysolar.vn\/wp-content\/uploads\/2026\/03\/den-nang-luong-mat-troi-Blue-Carbon-BCT-OLJ1_0-20W-13-12x12.jpeg 12w, https:\/\/sunnysolar.vn\/wp-content\/uploads\/2026\/03\/den-nang-luong-mat-troi-Blue-Carbon-BCT-OLJ1_0-20W-13-600x600.jpeg 600w, https:\/\/sunnysolar.vn\/wp-content\/uploads\/2026\/03\/den-nang-luong-mat-troi-Blue-Carbon-BCT-OLJ1_0-20W-13-100x100.jpeg 100w, https:\/\/sunnysolar.vn\/wp-content\/uploads\/2026\/03\/den-nang-luong-mat-troi-Blue-Carbon-BCT-OLJ1_0-20W-13-64x64.jpeg 64w\" sizes=\"auto, (max-width: 1080px) 100vw, 1080px\" \/> <img loading=\"lazy\" decoding=\"async\" class=\"alignnone size-full wp-image-4493\" src=\"http:\/\/sunnysolar.vn\/wp-content\/uploads\/2026\/03\/den-nang-luong-mat-troi-Blue-Carbon-BCT-OLJ1_0-20W-14.jpeg\" alt=\"\" width=\"1080\" height=\"1080\" srcset=\"https:\/\/sunnysolar.vn\/wp-content\/uploads\/2026\/03\/den-nang-luong-mat-troi-Blue-Carbon-BCT-OLJ1_0-20W-14.jpeg 1080w, https:\/\/sunnysolar.vn\/wp-content\/uploads\/2026\/03\/den-nang-luong-mat-troi-Blue-Carbon-BCT-OLJ1_0-20W-14-300x300.jpeg 300w, https:\/\/sunnysolar.vn\/wp-content\/uploads\/2026\/03\/den-nang-luong-mat-troi-Blue-Carbon-BCT-OLJ1_0-20W-14-1024x1024.jpeg 1024w, https:\/\/sunnysolar.vn\/wp-content\/uploads\/2026\/03\/den-nang-luong-mat-troi-Blue-Carbon-BCT-OLJ1_0-20W-14-150x150.jpeg 150w, https:\/\/sunnysolar.vn\/wp-content\/uploads\/2026\/03\/den-nang-luong-mat-troi-Blue-Carbon-BCT-OLJ1_0-20W-14-768x768.jpeg 768w, https:\/\/sunnysolar.vn\/wp-content\/uploads\/2026\/03\/den-nang-luong-mat-troi-Blue-Carbon-BCT-OLJ1_0-20W-14-12x12.jpeg 12w, https:\/\/sunnysolar.vn\/wp-content\/uploads\/2026\/03\/den-nang-luong-mat-troi-Blue-Carbon-BCT-OLJ1_0-20W-14-600x600.jpeg 600w, https:\/\/sunnysolar.vn\/wp-content\/uploads\/2026\/03\/den-nang-luong-mat-troi-Blue-Carbon-BCT-OLJ1_0-20W-14-100x100.jpeg 100w, https:\/\/sunnysolar.vn\/wp-content\/uploads\/2026\/03\/den-nang-luong-mat-troi-Blue-Carbon-BCT-OLJ1_0-20W-14-64x64.jpeg 64w\" sizes=\"auto, (max-width: 1080px) 100vw, 1080px\" \/> <img loading=\"lazy\" decoding=\"async\" class=\"alignnone size-full wp-image-4494\" src=\"http:\/\/sunnysolar.vn\/wp-content\/uploads\/2026\/03\/den-nang-luong-mat-troi-Blue-Carbon-BCT-OLJ1_0-20W-15.jpeg\" alt=\"\" width=\"1080\" height=\"1080\" srcset=\"https:\/\/sunnysolar.vn\/wp-content\/uploads\/2026\/03\/den-nang-luong-mat-troi-Blue-Carbon-BCT-OLJ1_0-20W-15.jpeg 1080w, https:\/\/sunnysolar.vn\/wp-content\/uploads\/2026\/03\/den-nang-luong-mat-troi-Blue-Carbon-BCT-OLJ1_0-20W-15-300x300.jpeg 300w, https:\/\/sunnysolar.vn\/wp-content\/uploads\/2026\/03\/den-nang-luong-mat-troi-Blue-Carbon-BCT-OLJ1_0-20W-15-1024x1024.jpeg 1024w, https:\/\/sunnysolar.vn\/wp-content\/uploads\/2026\/03\/den-nang-luong-mat-troi-Blue-Carbon-BCT-OLJ1_0-20W-15-150x150.jpeg 150w, https:\/\/sunnysolar.vn\/wp-content\/uploads\/2026\/03\/den-nang-luong-mat-troi-Blue-Carbon-BCT-OLJ1_0-20W-15-768x768.jpeg 768w, https:\/\/sunnysolar.vn\/wp-content\/uploads\/2026\/03\/den-nang-luong-mat-troi-Blue-Carbon-BCT-OLJ1_0-20W-15-12x12.jpeg 12w, https:\/\/sunnysolar.vn\/wp-content\/uploads\/2026\/03\/den-nang-luong-mat-troi-Blue-Carbon-BCT-OLJ1_0-20W-15-600x600.jpeg 600w, https:\/\/sunnysolar.vn\/wp-content\/uploads\/2026\/03\/den-nang-luong-mat-troi-Blue-Carbon-BCT-OLJ1_0-20W-15-100x100.jpeg 100w, https:\/\/sunnysolar.vn\/wp-content\/uploads\/2026\/03\/den-nang-luong-mat-troi-Blue-Carbon-BCT-OLJ1_0-20W-15-64x64.jpeg 64w\" sizes=\"auto, (max-width: 1080px) 100vw, 1080px\" \/><\/p>","protected":false},"excerpt":{"rendered":"<p>Model: BCT-OLJ1.0<\/p>\n<p>Th\u01b0\u01a1ng hi\u1ec7u: Blue Carbon<\/p>\n<p>C\u00f4ng su\u1ea5t: 20W<\/p>\n<p>Quang th\u00f4ng: 2,100 Lm<\/p>\n<p>B\u1ea3o h\u00e0nh: 5 n\u0103m<\/p>","protected":false},"featured_media":4680,"comment_status":"open","ping_status":"closed","template":"","meta":[],"product_brand":[],"product_cat":[34],"product_tag":[],"class_list":{"0":"post-4479","1":"product","2":"type-product","3":"status-publish","4":"has-post-thumbnail","6":"product_cat-den-duong-nang-luong-mat-troi","8":"first","9":"instock","10":"sale","11":"taxable","12":"shipping-taxable","13":"purchasable","14":"product-type-simple"},"_links":{"self":[{"href":"https:\/\/sunnysolar.vn\/en\/wp-json\/wp\/v2\/product\/4479","targetHints":{"allow":["GET"]}}],"collection":[{"href":"https:\/\/sunnysolar.vn\/en\/wp-json\/wp\/v2\/product"}],"about":[{"href":"https:\/\/sunnysolar.vn\/en\/wp-json\/wp\/v2\/types\/product"}],"replies":[{"embeddable":true,"href":"https:\/\/sunnysolar.vn\/en\/wp-json\/wp\/v2\/comments?post=4479"}],"wp:featuredmedia":[{"embeddable":true,"href":"https:\/\/sunnysolar.vn\/en\/wp-json\/wp\/v2\/media\/4680"}],"wp:attachment":[{"href":"https:\/\/sunnysolar.vn\/en\/wp-json\/wp\/v2\/media?parent=4479"}],"wp:term":[{"taxonomy":"product_brand","embeddable":true,"href":"https:\/\/sunnysolar.vn\/en\/wp-json\/wp\/v2\/product_brand?post=4479"},{"taxonomy":"product_cat","embeddable":true,"href":"https:\/\/sunnysolar.vn\/en\/wp-json\/wp\/v2\/product_cat?post=4479"},{"taxonomy":"product_tag","embeddable":true,"href":"https:\/\/sunnysolar.vn\/en\/wp-json\/wp\/v2\/product_tag?post=4479"}],"curies":[{"name":"wp","href":"https:\/\/api.w.org\/{rel}","templated":true}]}}