{"id":4496,"date":"2026-03-10T21:51:55","date_gmt":"2026-03-10T14:51:55","guid":{"rendered":"https:\/\/sunnysolar.vn\/?post_type=product&#038;p=4496"},"modified":"2026-03-30T14:01:28","modified_gmt":"2026-03-30T07:01:28","slug":"den-duong-nang-luong-mat-troi-bluecarbon-bct-olk-2-0-36w","status":"publish","type":"product","link":"https:\/\/sunnysolar.vn\/en\/product\/den-duong-nang-luong-mat-troi-bluecarbon-bct-olk-2-0-36w\/","title":{"rendered":"\u0110\u00e8n \u0111\u01b0\u1eddng n\u0103ng l\u01b0\u1ee3ng m\u1eb7t tr\u1eddi BlueCarbon BCT-OLK 2.0 36W"},"content":{"rendered":"<p><img loading=\"lazy\" decoding=\"async\" class=\"alignnone size-full wp-image-4501\" src=\"http:\/\/sunnysolar.vn\/wp-content\/uploads\/2026\/03\/den-nang-luong-mat-troi-BlueCarbon-36W-BCT-OLK2.0-5.jpeg\" alt=\"\" width=\"1080\" height=\"650\" srcset=\"https:\/\/sunnysolar.vn\/wp-content\/uploads\/2026\/03\/den-nang-luong-mat-troi-BlueCarbon-36W-BCT-OLK2.0-5.jpeg 1080w, https:\/\/sunnysolar.vn\/wp-content\/uploads\/2026\/03\/den-nang-luong-mat-troi-BlueCarbon-36W-BCT-OLK2.0-5-300x181.jpeg 300w, https:\/\/sunnysolar.vn\/wp-content\/uploads\/2026\/03\/den-nang-luong-mat-troi-BlueCarbon-36W-BCT-OLK2.0-5-1024x616.jpeg 1024w, https:\/\/sunnysolar.vn\/wp-content\/uploads\/2026\/03\/den-nang-luong-mat-troi-BlueCarbon-36W-BCT-OLK2.0-5-768x462.jpeg 768w, https:\/\/sunnysolar.vn\/wp-content\/uploads\/2026\/03\/den-nang-luong-mat-troi-BlueCarbon-36W-BCT-OLK2.0-5-18x12.jpeg 18w, https:\/\/sunnysolar.vn\/wp-content\/uploads\/2026\/03\/den-nang-luong-mat-troi-BlueCarbon-36W-BCT-OLK2.0-5-600x361.jpeg 600w, https:\/\/sunnysolar.vn\/wp-content\/uploads\/2026\/03\/den-nang-luong-mat-troi-BlueCarbon-36W-BCT-OLK2.0-5-64x39.jpeg 64w\" sizes=\"auto, (max-width: 1080px) 100vw, 1080px\" \/> <img loading=\"lazy\" decoding=\"async\" class=\"alignnone size-full wp-image-4502\" src=\"http:\/\/sunnysolar.vn\/wp-content\/uploads\/2026\/03\/den-nang-luong-mat-troi-BlueCarbon-36W-BCT-OLK2.0-6.jpeg\" alt=\"\" width=\"1080\" height=\"1000\" srcset=\"https:\/\/sunnysolar.vn\/wp-content\/uploads\/2026\/03\/den-nang-luong-mat-troi-BlueCarbon-36W-BCT-OLK2.0-6.jpeg 1080w, https:\/\/sunnysolar.vn\/wp-content\/uploads\/2026\/03\/den-nang-luong-mat-troi-BlueCarbon-36W-BCT-OLK2.0-6-300x278.jpeg 300w, https:\/\/sunnysolar.vn\/wp-content\/uploads\/2026\/03\/den-nang-luong-mat-troi-BlueCarbon-36W-BCT-OLK2.0-6-1024x948.jpeg 1024w, https:\/\/sunnysolar.vn\/wp-content\/uploads\/2026\/03\/den-nang-luong-mat-troi-BlueCarbon-36W-BCT-OLK2.0-6-768x711.jpeg 768w, https:\/\/sunnysolar.vn\/wp-content\/uploads\/2026\/03\/den-nang-luong-mat-troi-BlueCarbon-36W-BCT-OLK2.0-6-13x12.jpeg 13w, https:\/\/sunnysolar.vn\/wp-content\/uploads\/2026\/03\/den-nang-luong-mat-troi-BlueCarbon-36W-BCT-OLK2.0-6-600x556.jpeg 600w, https:\/\/sunnysolar.vn\/wp-content\/uploads\/2026\/03\/den-nang-luong-mat-troi-BlueCarbon-36W-BCT-OLK2.0-6-64x59.jpeg 64w\" sizes=\"auto, (max-width: 1080px) 100vw, 1080px\" \/> <img loading=\"lazy\" decoding=\"async\" class=\"alignnone size-full wp-image-4503\" src=\"http:\/\/sunnysolar.vn\/wp-content\/uploads\/2026\/03\/den-nang-luong-mat-troi-BlueCarbon-36W-BCT-OLK2.0-7.jpeg\" alt=\"\" width=\"1080\" height=\"650\" srcset=\"https:\/\/sunnysolar.vn\/wp-content\/uploads\/2026\/03\/den-nang-luong-mat-troi-BlueCarbon-36W-BCT-OLK2.0-7.jpeg 1080w, https:\/\/sunnysolar.vn\/wp-content\/uploads\/2026\/03\/den-nang-luong-mat-troi-BlueCarbon-36W-BCT-OLK2.0-7-300x181.jpeg 300w, https:\/\/sunnysolar.vn\/wp-content\/uploads\/2026\/03\/den-nang-luong-mat-troi-BlueCarbon-36W-BCT-OLK2.0-7-1024x616.jpeg 1024w, https:\/\/sunnysolar.vn\/wp-content\/uploads\/2026\/03\/den-nang-luong-mat-troi-BlueCarbon-36W-BCT-OLK2.0-7-768x462.jpeg 768w, https:\/\/sunnysolar.vn\/wp-content\/uploads\/2026\/03\/den-nang-luong-mat-troi-BlueCarbon-36W-BCT-OLK2.0-7-18x12.jpeg 18w, https:\/\/sunnysolar.vn\/wp-content\/uploads\/2026\/03\/den-nang-luong-mat-troi-BlueCarbon-36W-BCT-OLK2.0-7-600x361.jpeg 600w, https:\/\/sunnysolar.vn\/wp-content\/uploads\/2026\/03\/den-nang-luong-mat-troi-BlueCarbon-36W-BCT-OLK2.0-7-64x39.jpeg 64w\" sizes=\"auto, (max-width: 1080px) 100vw, 1080px\" \/> <img loading=\"lazy\" decoding=\"async\" class=\"alignnone size-full wp-image-4504\" src=\"http:\/\/sunnysolar.vn\/wp-content\/uploads\/2026\/03\/den-nang-luong-mat-troi-BlueCarbon-36W-BCT-OLK2.0-8.jpeg\" alt=\"\" width=\"1080\" height=\"550\" srcset=\"https:\/\/sunnysolar.vn\/wp-content\/uploads\/2026\/03\/den-nang-luong-mat-troi-BlueCarbon-36W-BCT-OLK2.0-8.jpeg 1080w, https:\/\/sunnysolar.vn\/wp-content\/uploads\/2026\/03\/den-nang-luong-mat-troi-BlueCarbon-36W-BCT-OLK2.0-8-300x153.jpeg 300w, https:\/\/sunnysolar.vn\/wp-content\/uploads\/2026\/03\/den-nang-luong-mat-troi-BlueCarbon-36W-BCT-OLK2.0-8-1024x521.jpeg 1024w, https:\/\/sunnysolar.vn\/wp-content\/uploads\/2026\/03\/den-nang-luong-mat-troi-BlueCarbon-36W-BCT-OLK2.0-8-768x391.jpeg 768w, https:\/\/sunnysolar.vn\/wp-content\/uploads\/2026\/03\/den-nang-luong-mat-troi-BlueCarbon-36W-BCT-OLK2.0-8-18x9.jpeg 18w, https:\/\/sunnysolar.vn\/wp-content\/uploads\/2026\/03\/den-nang-luong-mat-troi-BlueCarbon-36W-BCT-OLK2.0-8-600x306.jpeg 600w, https:\/\/sunnysolar.vn\/wp-content\/uploads\/2026\/03\/den-nang-luong-mat-troi-BlueCarbon-36W-BCT-OLK2.0-8-64x33.jpeg 64w\" sizes=\"auto, (max-width: 1080px) 100vw, 1080px\" \/> <img loading=\"lazy\" decoding=\"async\" class=\"alignnone size-full wp-image-4505\" src=\"http:\/\/sunnysolar.vn\/wp-content\/uploads\/2026\/03\/den-nang-luong-mat-troi-BlueCarbon-36W-BCT-OLK2.0-9.jpeg\" alt=\"\" width=\"1080\" height=\"1080\" srcset=\"https:\/\/sunnysolar.vn\/wp-content\/uploads\/2026\/03\/den-nang-luong-mat-troi-BlueCarbon-36W-BCT-OLK2.0-9.jpeg 1080w, https:\/\/sunnysolar.vn\/wp-content\/uploads\/2026\/03\/den-nang-luong-mat-troi-BlueCarbon-36W-BCT-OLK2.0-9-300x300.jpeg 300w, https:\/\/sunnysolar.vn\/wp-content\/uploads\/2026\/03\/den-nang-luong-mat-troi-BlueCarbon-36W-BCT-OLK2.0-9-1024x1024.jpeg 1024w, https:\/\/sunnysolar.vn\/wp-content\/uploads\/2026\/03\/den-nang-luong-mat-troi-BlueCarbon-36W-BCT-OLK2.0-9-150x150.jpeg 150w, https:\/\/sunnysolar.vn\/wp-content\/uploads\/2026\/03\/den-nang-luong-mat-troi-BlueCarbon-36W-BCT-OLK2.0-9-768x768.jpeg 768w, https:\/\/sunnysolar.vn\/wp-content\/uploads\/2026\/03\/den-nang-luong-mat-troi-BlueCarbon-36W-BCT-OLK2.0-9-12x12.jpeg 12w, https:\/\/sunnysolar.vn\/wp-content\/uploads\/2026\/03\/den-nang-luong-mat-troi-BlueCarbon-36W-BCT-OLK2.0-9-600x600.jpeg 600w, https:\/\/sunnysolar.vn\/wp-content\/uploads\/2026\/03\/den-nang-luong-mat-troi-BlueCarbon-36W-BCT-OLK2.0-9-100x100.jpeg 100w, https:\/\/sunnysolar.vn\/wp-content\/uploads\/2026\/03\/den-nang-luong-mat-troi-BlueCarbon-36W-BCT-OLK2.0-9-64x64.jpeg 64w\" sizes=\"auto, (max-width: 1080px) 100vw, 1080px\" \/> <img loading=\"lazy\" decoding=\"async\" class=\"alignnone size-full wp-image-4506\" src=\"http:\/\/sunnysolar.vn\/wp-content\/uploads\/2026\/03\/den-nang-luong-mat-troi-BlueCarbon-36W-BCT-OLK2.0-10.jpeg\" alt=\"\" width=\"1080\" height=\"1080\" srcset=\"https:\/\/sunnysolar.vn\/wp-content\/uploads\/2026\/03\/den-nang-luong-mat-troi-BlueCarbon-36W-BCT-OLK2.0-10.jpeg 1080w, https:\/\/sunnysolar.vn\/wp-content\/uploads\/2026\/03\/den-nang-luong-mat-troi-BlueCarbon-36W-BCT-OLK2.0-10-300x300.jpeg 300w, https:\/\/sunnysolar.vn\/wp-content\/uploads\/2026\/03\/den-nang-luong-mat-troi-BlueCarbon-36W-BCT-OLK2.0-10-1024x1024.jpeg 1024w, https:\/\/sunnysolar.vn\/wp-content\/uploads\/2026\/03\/den-nang-luong-mat-troi-BlueCarbon-36W-BCT-OLK2.0-10-150x150.jpeg 150w, https:\/\/sunnysolar.vn\/wp-content\/uploads\/2026\/03\/den-nang-luong-mat-troi-BlueCarbon-36W-BCT-OLK2.0-10-768x768.jpeg 768w, https:\/\/sunnysolar.vn\/wp-content\/uploads\/2026\/03\/den-nang-luong-mat-troi-BlueCarbon-36W-BCT-OLK2.0-10-12x12.jpeg 12w, https:\/\/sunnysolar.vn\/wp-content\/uploads\/2026\/03\/den-nang-luong-mat-troi-BlueCarbon-36W-BCT-OLK2.0-10-600x600.jpeg 600w, https:\/\/sunnysolar.vn\/wp-content\/uploads\/2026\/03\/den-nang-luong-mat-troi-BlueCarbon-36W-BCT-OLK2.0-10-100x100.jpeg 100w, https:\/\/sunnysolar.vn\/wp-content\/uploads\/2026\/03\/den-nang-luong-mat-troi-BlueCarbon-36W-BCT-OLK2.0-10-64x64.jpeg 64w\" sizes=\"auto, (max-width: 1080px) 100vw, 1080px\" \/> <img loading=\"lazy\" decoding=\"async\" class=\"alignnone size-full wp-image-4507\" src=\"http:\/\/sunnysolar.vn\/wp-content\/uploads\/2026\/03\/den-nang-luong-mat-troi-BlueCarbon-36W-BCT-OLK2.0-11.jpeg\" alt=\"\" width=\"1080\" height=\"1080\" srcset=\"https:\/\/sunnysolar.vn\/wp-content\/uploads\/2026\/03\/den-nang-luong-mat-troi-BlueCarbon-36W-BCT-OLK2.0-11.jpeg 1080w, https:\/\/sunnysolar.vn\/wp-content\/uploads\/2026\/03\/den-nang-luong-mat-troi-BlueCarbon-36W-BCT-OLK2.0-11-300x300.jpeg 300w, https:\/\/sunnysolar.vn\/wp-content\/uploads\/2026\/03\/den-nang-luong-mat-troi-BlueCarbon-36W-BCT-OLK2.0-11-1024x1024.jpeg 1024w, https:\/\/sunnysolar.vn\/wp-content\/uploads\/2026\/03\/den-nang-luong-mat-troi-BlueCarbon-36W-BCT-OLK2.0-11-150x150.jpeg 150w, https:\/\/sunnysolar.vn\/wp-content\/uploads\/2026\/03\/den-nang-luong-mat-troi-BlueCarbon-36W-BCT-OLK2.0-11-768x768.jpeg 768w, https:\/\/sunnysolar.vn\/wp-content\/uploads\/2026\/03\/den-nang-luong-mat-troi-BlueCarbon-36W-BCT-OLK2.0-11-12x12.jpeg 12w, https:\/\/sunnysolar.vn\/wp-content\/uploads\/2026\/03\/den-nang-luong-mat-troi-BlueCarbon-36W-BCT-OLK2.0-11-600x600.jpeg 600w, https:\/\/sunnysolar.vn\/wp-content\/uploads\/2026\/03\/den-nang-luong-mat-troi-BlueCarbon-36W-BCT-OLK2.0-11-100x100.jpeg 100w, https:\/\/sunnysolar.vn\/wp-content\/uploads\/2026\/03\/den-nang-luong-mat-troi-BlueCarbon-36W-BCT-OLK2.0-11-64x64.jpeg 64w\" sizes=\"auto, (max-width: 1080px) 100vw, 1080px\" \/><\/p>","protected":false},"excerpt":{"rendered":"<p>Model: BCT-OLK 2.0<\/p>\n<p>Th\u01b0\u01a1ng hi\u1ec7u: Blue Carbon<\/p>\n<p>C\u00f4ng su\u1ea5t: 36W<\/p>\n<p>T\u1ea5m Pin NLMT: 5V\/90W MONO<\/p>\n<p>Quang th\u00f4ng: 3,600Lm Chip CREE-USA<\/p>\n<p>B\u1ea3o h\u00e0nh: 5 n\u0103m<\/p>","protected":false},"featured_media":4497,"comment_status":"open","ping_status":"closed","template":"","meta":[],"product_brand":[],"product_cat":[34],"product_tag":[],"class_list":{"0":"post-4496","1":"product","2":"type-product","3":"status-publish","4":"has-post-thumbnail","6":"product_cat-den-duong-nang-luong-mat-troi","8":"first","9":"instock","10":"sale","11":"taxable","12":"shipping-taxable","13":"purchasable","14":"product-type-simple"},"_links":{"self":[{"href":"https:\/\/sunnysolar.vn\/en\/wp-json\/wp\/v2\/product\/4496","targetHints":{"allow":["GET"]}}],"collection":[{"href":"https:\/\/sunnysolar.vn\/en\/wp-json\/wp\/v2\/product"}],"about":[{"href":"https:\/\/sunnysolar.vn\/en\/wp-json\/wp\/v2\/types\/product"}],"replies":[{"embeddable":true,"href":"https:\/\/sunnysolar.vn\/en\/wp-json\/wp\/v2\/comments?post=4496"}],"wp:featuredmedia":[{"embeddable":true,"href":"https:\/\/sunnysolar.vn\/en\/wp-json\/wp\/v2\/media\/4497"}],"wp:attachment":[{"href":"https:\/\/sunnysolar.vn\/en\/wp-json\/wp\/v2\/media?parent=4496"}],"wp:term":[{"taxonomy":"product_brand","embeddable":true,"href":"https:\/\/sunnysolar.vn\/en\/wp-json\/wp\/v2\/product_brand?post=4496"},{"taxonomy":"product_cat","embeddable":true,"href":"https:\/\/sunnysolar.vn\/en\/wp-json\/wp\/v2\/product_cat?post=4496"},{"taxonomy":"product_tag","embeddable":true,"href":"https:\/\/sunnysolar.vn\/en\/wp-json\/wp\/v2\/product_tag?post=4496"}],"curies":[{"name":"wp","href":"https:\/\/api.w.org\/{rel}","templated":true}]}}