{"id":4516,"date":"2026-03-11T11:07:17","date_gmt":"2026-03-11T04:07:17","guid":{"rendered":"https:\/\/sunnysolar.vn\/?post_type=product&#038;p=4516"},"modified":"2026-03-18T14:46:08","modified_gmt":"2026-03-18T07:46:08","slug":"den-duong-nang-luong-mat-troi-blue-carbon-bct-olj2-0-30w","status":"publish","type":"product","link":"https:\/\/sunnysolar.vn\/en\/product\/den-duong-nang-luong-mat-troi-blue-carbon-bct-olj2-0-30w\/","title":{"rendered":"\u0110\u00e8n \u0111\u01b0\u1eddng n\u0103ng l\u01b0\u1ee3ng m\u1eb7t tr\u1eddi Blue Carbon BCT-OLJ2.0 30W"},"content":{"rendered":"<h3><strong>TH\u00d4NG S\u1ed0 K\u1ef8 THU\u1eacT<\/strong><\/h3>\n<table style=\"font-weight: 400;\">\n<tbody>\n<tr>\n<td width=\"168\"><strong>C\u00d4NG<\/strong> <strong>SU\u1ea4T<\/strong><\/td>\n<td width=\"229\"><strong>30W<\/strong><\/td>\n<\/tr>\n<tr>\n<td width=\"168\">T\u1ea5m Pin NLMT<\/td>\n<td width=\"229\">5V\/90W <strong>MONO<\/strong><\/td>\n<\/tr>\n<tr>\n<td width=\"168\">K\u00edch th\u01b0\u1edbc t\u1ea5m pin<\/td>\n<td width=\"229\">590 x 780 x 30 mm<\/td>\n<\/tr>\n<tr>\n<td width=\"168\">Pin<\/td>\n<td width=\"229\">3.2V\/45 Ah Pin LiFePO4<\/td>\n<\/tr>\n<tr>\n<td width=\"168\">LED<\/td>\n<td width=\"229\">3200Lm Chip Cree USA<\/td>\n<\/tr>\n<tr>\n<td width=\"168\">K\u00edch th\u01b0\u1edbc \u0111\u00e8n<\/td>\n<td width=\"229\">511 x 210 x 89 mm<\/td>\n<\/tr>\n<tr>\n<td width=\"168\">Ch\u1ebf \u0111\u1ed9 \u0111i\u1ec1u khi\u1ec3n<\/td>\n<td width=\"229\">C\u1ea3m bi\u1ebfn \u00e1nh s\u00e1ng v\u00e0 \u0111i\u1ec1u khi\u1ec3n<\/td>\n<\/tr>\n<tr>\n<td width=\"168\">Ch\u1ed1ng n\u01b0\u1edbc &#8211; Ch\u1ed1ng va \u0111\u1eadp<\/td>\n<td width=\"229\">IP66 &#8211; IK08<\/td>\n<\/tr>\n<tr>\n<td width=\"168\">Th\u1eddi gian s\u00e1ng<\/td>\n<td width=\"229\"><strong>12-<\/strong><strong>18h<\/strong><\/td>\n<\/tr>\n<tr>\n<td width=\"168\">Chi\u1ec1u cao\/Kho\u1ea3ng c\u00e1ch l\u1eafp \u0111\u1eb7t<\/td>\n<td width=\"229\">6-8 m \/ 25-35 m<\/td>\n<\/tr>\n<tr>\n<td width=\"168\">Ch\u1ea5t li\u1ec7u<\/td>\n<td width=\"229\">Nh\u00f4m<\/td>\n<\/tr>\n<tr>\n<td width=\"168\">B\u1ed9 s\u1ea3n ph\u1ea9m g\u1ed3m<\/td>\n<td width=\"229\">\u0110\u00e8n + T\u1ea5m pin NLMT<\/td>\n<\/tr>\n<tr>\n<td width=\"168\">B\u1ea3o h\u00e0nh<\/td>\n<td width=\"229\"><strong>05 n\u0103m<\/strong><\/td>\n<\/tr>\n<\/tbody>\n<\/table>\n<p><img loading=\"lazy\" decoding=\"async\" class=\"alignnone size-full wp-image-4529\" src=\"http:\/\/sunnysolar.vn\/wp-content\/uploads\/2026\/03\/Den-duong-nang-luong-mat-troi-Blue-Carbon-BCT-OLJ2.0-30W-1.jpg.webp\" alt=\"\" width=\"1000\" height=\"629\" srcset=\"https:\/\/sunnysolar.vn\/wp-content\/uploads\/2026\/03\/Den-duong-nang-luong-mat-troi-Blue-Carbon-BCT-OLJ2.0-30W-1.jpg.webp 1000w, https:\/\/sunnysolar.vn\/wp-content\/uploads\/2026\/03\/Den-duong-nang-luong-mat-troi-Blue-Carbon-BCT-OLJ2.0-30W-1.jpg-300x189.webp 300w, https:\/\/sunnysolar.vn\/wp-content\/uploads\/2026\/03\/Den-duong-nang-luong-mat-troi-Blue-Carbon-BCT-OLJ2.0-30W-1.jpg-768x483.webp 768w, https:\/\/sunnysolar.vn\/wp-content\/uploads\/2026\/03\/Den-duong-nang-luong-mat-troi-Blue-Carbon-BCT-OLJ2.0-30W-1.jpg-18x12.webp 18w, https:\/\/sunnysolar.vn\/wp-content\/uploads\/2026\/03\/Den-duong-nang-luong-mat-troi-Blue-Carbon-BCT-OLJ2.0-30W-1.jpg-600x377.webp 600w, https:\/\/sunnysolar.vn\/wp-content\/uploads\/2026\/03\/Den-duong-nang-luong-mat-troi-Blue-Carbon-BCT-OLJ2.0-30W-1.jpg-64x40.webp 64w\" sizes=\"auto, (max-width: 1000px) 100vw, 1000px\" \/> <img loading=\"lazy\" decoding=\"async\" class=\"alignnone size-full wp-image-4530\" src=\"http:\/\/sunnysolar.vn\/wp-content\/uploads\/2026\/03\/Den-duong-nang-luong-mat-troi-Blue-Carbon-BCT-OLJ2.0-30W-2.jpg.webp\" alt=\"\" width=\"1000\" height=\"1248\" srcset=\"https:\/\/sunnysolar.vn\/wp-content\/uploads\/2026\/03\/Den-duong-nang-luong-mat-troi-Blue-Carbon-BCT-OLJ2.0-30W-2.jpg.webp 1000w, https:\/\/sunnysolar.vn\/wp-content\/uploads\/2026\/03\/Den-duong-nang-luong-mat-troi-Blue-Carbon-BCT-OLJ2.0-30W-2.jpg-240x300.webp 240w, https:\/\/sunnysolar.vn\/wp-content\/uploads\/2026\/03\/Den-duong-nang-luong-mat-troi-Blue-Carbon-BCT-OLJ2.0-30W-2.jpg-821x1024.webp 821w, https:\/\/sunnysolar.vn\/wp-content\/uploads\/2026\/03\/Den-duong-nang-luong-mat-troi-Blue-Carbon-BCT-OLJ2.0-30W-2.jpg-768x958.webp 768w, https:\/\/sunnysolar.vn\/wp-content\/uploads\/2026\/03\/Den-duong-nang-luong-mat-troi-Blue-Carbon-BCT-OLJ2.0-30W-2.jpg-10x12.webp 10w, https:\/\/sunnysolar.vn\/wp-content\/uploads\/2026\/03\/Den-duong-nang-luong-mat-troi-Blue-Carbon-BCT-OLJ2.0-30W-2.jpg-600x749.webp 600w, https:\/\/sunnysolar.vn\/wp-content\/uploads\/2026\/03\/Den-duong-nang-luong-mat-troi-Blue-Carbon-BCT-OLJ2.0-30W-2.jpg-64x80.webp 64w\" sizes=\"auto, (max-width: 1000px) 100vw, 1000px\" \/> <img loading=\"lazy\" decoding=\"async\" class=\"alignnone size-full wp-image-4531\" src=\"http:\/\/sunnysolar.vn\/wp-content\/uploads\/2026\/03\/Den-duong-nang-luong-mat-troi-Blue-Carbon-BCT-OLJ2.0-30W-3.jpg.webp\" alt=\"\" width=\"1000\" height=\"1284\" srcset=\"https:\/\/sunnysolar.vn\/wp-content\/uploads\/2026\/03\/Den-duong-nang-luong-mat-troi-Blue-Carbon-BCT-OLJ2.0-30W-3.jpg.webp 1000w, https:\/\/sunnysolar.vn\/wp-content\/uploads\/2026\/03\/Den-duong-nang-luong-mat-troi-Blue-Carbon-BCT-OLJ2.0-30W-3.jpg-234x300.webp 234w, https:\/\/sunnysolar.vn\/wp-content\/uploads\/2026\/03\/Den-duong-nang-luong-mat-troi-Blue-Carbon-BCT-OLJ2.0-30W-3.jpg-798x1024.webp 798w, https:\/\/sunnysolar.vn\/wp-content\/uploads\/2026\/03\/Den-duong-nang-luong-mat-troi-Blue-Carbon-BCT-OLJ2.0-30W-3.jpg-768x986.webp 768w, https:\/\/sunnysolar.vn\/wp-content\/uploads\/2026\/03\/Den-duong-nang-luong-mat-troi-Blue-Carbon-BCT-OLJ2.0-30W-3.jpg-9x12.webp 9w, https:\/\/sunnysolar.vn\/wp-content\/uploads\/2026\/03\/Den-duong-nang-luong-mat-troi-Blue-Carbon-BCT-OLJ2.0-30W-3.jpg-600x770.webp 600w, https:\/\/sunnysolar.vn\/wp-content\/uploads\/2026\/03\/Den-duong-nang-luong-mat-troi-Blue-Carbon-BCT-OLJ2.0-30W-3.jpg-64x82.webp 64w\" sizes=\"auto, (max-width: 1000px) 100vw, 1000px\" \/> <img loading=\"lazy\" decoding=\"async\" class=\"alignnone size-full wp-image-4532\" src=\"http:\/\/sunnysolar.vn\/wp-content\/uploads\/2026\/03\/Den-duong-nang-luong-mat-troi-Blue-Carbon-BCT-OLJ2.0-30W-4.jpg.webp\" alt=\"\" width=\"1000\" height=\"1024\" srcset=\"https:\/\/sunnysolar.vn\/wp-content\/uploads\/2026\/03\/Den-duong-nang-luong-mat-troi-Blue-Carbon-BCT-OLJ2.0-30W-4.jpg.webp 1000w, https:\/\/sunnysolar.vn\/wp-content\/uploads\/2026\/03\/Den-duong-nang-luong-mat-troi-Blue-Carbon-BCT-OLJ2.0-30W-4.jpg-293x300.webp 293w, https:\/\/sunnysolar.vn\/wp-content\/uploads\/2026\/03\/Den-duong-nang-luong-mat-troi-Blue-Carbon-BCT-OLJ2.0-30W-4.jpg-768x786.webp 768w, https:\/\/sunnysolar.vn\/wp-content\/uploads\/2026\/03\/Den-duong-nang-luong-mat-troi-Blue-Carbon-BCT-OLJ2.0-30W-4.jpg-12x12.webp 12w, https:\/\/sunnysolar.vn\/wp-content\/uploads\/2026\/03\/Den-duong-nang-luong-mat-troi-Blue-Carbon-BCT-OLJ2.0-30W-4.jpg-600x614.webp 600w, https:\/\/sunnysolar.vn\/wp-content\/uploads\/2026\/03\/Den-duong-nang-luong-mat-troi-Blue-Carbon-BCT-OLJ2.0-30W-4.jpg-64x66.webp 64w\" sizes=\"auto, (max-width: 1000px) 100vw, 1000px\" \/> <img loading=\"lazy\" decoding=\"async\" class=\"size-full wp-image-4533 aligncenter\" src=\"http:\/\/sunnysolar.vn\/wp-content\/uploads\/2026\/03\/Den-duong-nang-luong-mat-troi-Blue-Carbon-BCT-OLJ2.0-30W-5-scaled.webp\" alt=\"\" width=\"766\" height=\"2560\" srcset=\"https:\/\/sunnysolar.vn\/wp-content\/uploads\/2026\/03\/Den-duong-nang-luong-mat-troi-Blue-Carbon-BCT-OLJ2.0-30W-5-scaled.webp 766w, https:\/\/sunnysolar.vn\/wp-content\/uploads\/2026\/03\/Den-duong-nang-luong-mat-troi-Blue-Carbon-BCT-OLJ2.0-30W-5-90x300.webp 90w, https:\/\/sunnysolar.vn\/wp-content\/uploads\/2026\/03\/Den-duong-nang-luong-mat-troi-Blue-Carbon-BCT-OLJ2.0-30W-5-460x1536.webp 460w, https:\/\/sunnysolar.vn\/wp-content\/uploads\/2026\/03\/Den-duong-nang-luong-mat-troi-Blue-Carbon-BCT-OLJ2.0-30W-5-613x2048.webp 613w, https:\/\/sunnysolar.vn\/wp-content\/uploads\/2026\/03\/Den-duong-nang-luong-mat-troi-Blue-Carbon-BCT-OLJ2.0-30W-5-4x12.webp 4w, https:\/\/sunnysolar.vn\/wp-content\/uploads\/2026\/03\/Den-duong-nang-luong-mat-troi-Blue-Carbon-BCT-OLJ2.0-30W-5-600x2004.webp 600w, https:\/\/sunnysolar.vn\/wp-content\/uploads\/2026\/03\/Den-duong-nang-luong-mat-troi-Blue-Carbon-BCT-OLJ2.0-30W-5-64x214.webp 64w\" sizes=\"auto, (max-width: 766px) 100vw, 766px\" \/><\/p>","protected":false},"excerpt":{"rendered":"<p>Model: BCT-OLJ2.0<\/p>\n<p>Th\u01b0\u01a1ng hi\u1ec7u: Blue Carbon<\/p>\n<p>C\u00f4ng su\u1ea5t: 30W<\/p>\n<p>Quang th\u00f4ng: 3,200 Lm<\/p>\n<p>B\u1ea3o h\u00e0nh: 5 n\u0103m<\/p>","protected":false},"featured_media":4780,"comment_status":"open","ping_status":"closed","template":"","meta":[],"product_brand":[],"product_cat":[34],"product_tag":[],"class_list":{"0":"post-4516","1":"product","2":"type-product","3":"status-publish","4":"has-post-thumbnail","6":"product_cat-den-duong-nang-luong-mat-troi","8":"first","9":"instock","10":"sale","11":"taxable","12":"shipping-taxable","13":"purchasable","14":"product-type-simple"},"_links":{"self":[{"href":"https:\/\/sunnysolar.vn\/en\/wp-json\/wp\/v2\/product\/4516","targetHints":{"allow":["GET"]}}],"collection":[{"href":"https:\/\/sunnysolar.vn\/en\/wp-json\/wp\/v2\/product"}],"about":[{"href":"https:\/\/sunnysolar.vn\/en\/wp-json\/wp\/v2\/types\/product"}],"replies":[{"embeddable":true,"href":"https:\/\/sunnysolar.vn\/en\/wp-json\/wp\/v2\/comments?post=4516"}],"wp:featuredmedia":[{"embeddable":true,"href":"https:\/\/sunnysolar.vn\/en\/wp-json\/wp\/v2\/media\/4780"}],"wp:attachment":[{"href":"https:\/\/sunnysolar.vn\/en\/wp-json\/wp\/v2\/media?parent=4516"}],"wp:term":[{"taxonomy":"product_brand","embeddable":true,"href":"https:\/\/sunnysolar.vn\/en\/wp-json\/wp\/v2\/product_brand?post=4516"},{"taxonomy":"product_cat","embeddable":true,"href":"https:\/\/sunnysolar.vn\/en\/wp-json\/wp\/v2\/product_cat?post=4516"},{"taxonomy":"product_tag","embeddable":true,"href":"https:\/\/sunnysolar.vn\/en\/wp-json\/wp\/v2\/product_tag?post=4516"}],"curies":[{"name":"wp","href":"https:\/\/api.w.org\/{rel}","templated":true}]}}