{"id":4544,"date":"2026-03-11T16:05:38","date_gmt":"2026-03-11T09:05:38","guid":{"rendered":"https:\/\/sunnysolar.vn\/?post_type=product&#038;p=4544"},"modified":"2026-04-05T03:23:29","modified_gmt":"2026-04-04T20:23:29","slug":"den-nang-luong-mat-troi-oriana-db01-1-40w","status":"publish","type":"product","link":"https:\/\/sunnysolar.vn\/en\/product\/den-nang-luong-mat-troi-oriana-db01-1-40w\/","title":{"rendered":"\u0110\u00e8n n\u0103ng l\u01b0\u1ee3ng m\u1eb7t tr\u1eddi Oriana DB01-1 40W"},"content":{"rendered":"<p><img loading=\"lazy\" decoding=\"async\" class=\"alignnone size-full wp-image-4563\" src=\"http:\/\/sunnysolar.vn\/wp-content\/uploads\/2026\/03\/DEN-nang-luong-mat-troi-Oriana-DB01-0.jpeg\" alt=\"\" width=\"1080\" height=\"1080\" srcset=\"https:\/\/sunnysolar.vn\/wp-content\/uploads\/2026\/03\/DEN-nang-luong-mat-troi-Oriana-DB01-0.jpeg 1080w, https:\/\/sunnysolar.vn\/wp-content\/uploads\/2026\/03\/DEN-nang-luong-mat-troi-Oriana-DB01-0-300x300.jpeg 300w, https:\/\/sunnysolar.vn\/wp-content\/uploads\/2026\/03\/DEN-nang-luong-mat-troi-Oriana-DB01-0-1024x1024.jpeg 1024w, https:\/\/sunnysolar.vn\/wp-content\/uploads\/2026\/03\/DEN-nang-luong-mat-troi-Oriana-DB01-0-150x150.jpeg 150w, https:\/\/sunnysolar.vn\/wp-content\/uploads\/2026\/03\/DEN-nang-luong-mat-troi-Oriana-DB01-0-768x768.jpeg 768w, https:\/\/sunnysolar.vn\/wp-content\/uploads\/2026\/03\/DEN-nang-luong-mat-troi-Oriana-DB01-0-12x12.jpeg 12w, https:\/\/sunnysolar.vn\/wp-content\/uploads\/2026\/03\/DEN-nang-luong-mat-troi-Oriana-DB01-0-600x600.jpeg 600w, https:\/\/sunnysolar.vn\/wp-content\/uploads\/2026\/03\/DEN-nang-luong-mat-troi-Oriana-DB01-0-100x100.jpeg 100w, https:\/\/sunnysolar.vn\/wp-content\/uploads\/2026\/03\/DEN-nang-luong-mat-troi-Oriana-DB01-0-64x64.jpeg 64w\" sizes=\"auto, (max-width: 1080px) 100vw, 1080px\" \/> <img loading=\"lazy\" decoding=\"async\" class=\"alignnone size-full wp-image-4564\" src=\"http:\/\/sunnysolar.vn\/wp-content\/uploads\/2026\/03\/DEN-nang-luong-mat-troi-Oriana-DB01-1.jpeg\" alt=\"\" width=\"1080\" height=\"2000\" srcset=\"https:\/\/sunnysolar.vn\/wp-content\/uploads\/2026\/03\/DEN-nang-luong-mat-troi-Oriana-DB01-1.jpeg 1080w, https:\/\/sunnysolar.vn\/wp-content\/uploads\/2026\/03\/DEN-nang-luong-mat-troi-Oriana-DB01-1-162x300.jpeg 162w, https:\/\/sunnysolar.vn\/wp-content\/uploads\/2026\/03\/DEN-nang-luong-mat-troi-Oriana-DB01-1-553x1024.jpeg 553w, https:\/\/sunnysolar.vn\/wp-content\/uploads\/2026\/03\/DEN-nang-luong-mat-troi-Oriana-DB01-1-768x1422.jpeg 768w, https:\/\/sunnysolar.vn\/wp-content\/uploads\/2026\/03\/DEN-nang-luong-mat-troi-Oriana-DB01-1-829x1536.jpeg 829w, https:\/\/sunnysolar.vn\/wp-content\/uploads\/2026\/03\/DEN-nang-luong-mat-troi-Oriana-DB01-1-6x12.jpeg 6w, https:\/\/sunnysolar.vn\/wp-content\/uploads\/2026\/03\/DEN-nang-luong-mat-troi-Oriana-DB01-1-600x1111.jpeg 600w, https:\/\/sunnysolar.vn\/wp-content\/uploads\/2026\/03\/DEN-nang-luong-mat-troi-Oriana-DB01-1-64x119.jpeg 64w\" sizes=\"auto, (max-width: 1080px) 100vw, 1080px\" \/> <img loading=\"lazy\" decoding=\"async\" class=\"alignnone size-full wp-image-4565\" src=\"http:\/\/sunnysolar.vn\/wp-content\/uploads\/2026\/03\/DEN-nang-luong-mat-troi-Oriana-DB01-2.jpeg\" alt=\"\" width=\"1080\" height=\"1080\" srcset=\"https:\/\/sunnysolar.vn\/wp-content\/uploads\/2026\/03\/DEN-nang-luong-mat-troi-Oriana-DB01-2.jpeg 1080w, https:\/\/sunnysolar.vn\/wp-content\/uploads\/2026\/03\/DEN-nang-luong-mat-troi-Oriana-DB01-2-300x300.jpeg 300w, https:\/\/sunnysolar.vn\/wp-content\/uploads\/2026\/03\/DEN-nang-luong-mat-troi-Oriana-DB01-2-1024x1024.jpeg 1024w, https:\/\/sunnysolar.vn\/wp-content\/uploads\/2026\/03\/DEN-nang-luong-mat-troi-Oriana-DB01-2-150x150.jpeg 150w, https:\/\/sunnysolar.vn\/wp-content\/uploads\/2026\/03\/DEN-nang-luong-mat-troi-Oriana-DB01-2-768x768.jpeg 768w, https:\/\/sunnysolar.vn\/wp-content\/uploads\/2026\/03\/DEN-nang-luong-mat-troi-Oriana-DB01-2-12x12.jpeg 12w, https:\/\/sunnysolar.vn\/wp-content\/uploads\/2026\/03\/DEN-nang-luong-mat-troi-Oriana-DB01-2-600x600.jpeg 600w, https:\/\/sunnysolar.vn\/wp-content\/uploads\/2026\/03\/DEN-nang-luong-mat-troi-Oriana-DB01-2-100x100.jpeg 100w, https:\/\/sunnysolar.vn\/wp-content\/uploads\/2026\/03\/DEN-nang-luong-mat-troi-Oriana-DB01-2-64x64.jpeg 64w\" sizes=\"auto, (max-width: 1080px) 100vw, 1080px\" \/> <img loading=\"lazy\" decoding=\"async\" class=\"alignnone size-full wp-image-4566\" src=\"http:\/\/sunnysolar.vn\/wp-content\/uploads\/2026\/03\/DEN-nang-luong-mat-troi-Oriana-DB01-3.jpeg\" alt=\"\" width=\"1080\" height=\"1350\" srcset=\"https:\/\/sunnysolar.vn\/wp-content\/uploads\/2026\/03\/DEN-nang-luong-mat-troi-Oriana-DB01-3.jpeg 1080w, https:\/\/sunnysolar.vn\/wp-content\/uploads\/2026\/03\/DEN-nang-luong-mat-troi-Oriana-DB01-3-240x300.jpeg 240w, https:\/\/sunnysolar.vn\/wp-content\/uploads\/2026\/03\/DEN-nang-luong-mat-troi-Oriana-DB01-3-819x1024.jpeg 819w, https:\/\/sunnysolar.vn\/wp-content\/uploads\/2026\/03\/DEN-nang-luong-mat-troi-Oriana-DB01-3-768x960.jpeg 768w, https:\/\/sunnysolar.vn\/wp-content\/uploads\/2026\/03\/DEN-nang-luong-mat-troi-Oriana-DB01-3-10x12.jpeg 10w, https:\/\/sunnysolar.vn\/wp-content\/uploads\/2026\/03\/DEN-nang-luong-mat-troi-Oriana-DB01-3-600x750.jpeg 600w, https:\/\/sunnysolar.vn\/wp-content\/uploads\/2026\/03\/DEN-nang-luong-mat-troi-Oriana-DB01-3-64x80.jpeg 64w\" sizes=\"auto, (max-width: 1080px) 100vw, 1080px\" \/> <img loading=\"lazy\" decoding=\"async\" class=\"alignnone size-full wp-image-4567\" src=\"http:\/\/sunnysolar.vn\/wp-content\/uploads\/2026\/03\/DEN-nang-luong-mat-troi-Oriana-DB01-4.jpeg\" alt=\"\" width=\"1080\" height=\"1080\" srcset=\"https:\/\/sunnysolar.vn\/wp-content\/uploads\/2026\/03\/DEN-nang-luong-mat-troi-Oriana-DB01-4.jpeg 1080w, https:\/\/sunnysolar.vn\/wp-content\/uploads\/2026\/03\/DEN-nang-luong-mat-troi-Oriana-DB01-4-300x300.jpeg 300w, https:\/\/sunnysolar.vn\/wp-content\/uploads\/2026\/03\/DEN-nang-luong-mat-troi-Oriana-DB01-4-1024x1024.jpeg 1024w, https:\/\/sunnysolar.vn\/wp-content\/uploads\/2026\/03\/DEN-nang-luong-mat-troi-Oriana-DB01-4-150x150.jpeg 150w, https:\/\/sunnysolar.vn\/wp-content\/uploads\/2026\/03\/DEN-nang-luong-mat-troi-Oriana-DB01-4-768x768.jpeg 768w, https:\/\/sunnysolar.vn\/wp-content\/uploads\/2026\/03\/DEN-nang-luong-mat-troi-Oriana-DB01-4-12x12.jpeg 12w, https:\/\/sunnysolar.vn\/wp-content\/uploads\/2026\/03\/DEN-nang-luong-mat-troi-Oriana-DB01-4-600x600.jpeg 600w, https:\/\/sunnysolar.vn\/wp-content\/uploads\/2026\/03\/DEN-nang-luong-mat-troi-Oriana-DB01-4-100x100.jpeg 100w, https:\/\/sunnysolar.vn\/wp-content\/uploads\/2026\/03\/DEN-nang-luong-mat-troi-Oriana-DB01-4-64x64.jpeg 64w\" sizes=\"auto, (max-width: 1080px) 100vw, 1080px\" \/> <img loading=\"lazy\" decoding=\"async\" class=\"alignnone size-full wp-image-4568\" src=\"http:\/\/sunnysolar.vn\/wp-content\/uploads\/2026\/03\/DEN-nang-luong-mat-troi-Oriana-DB01-5.jpeg\" alt=\"\" width=\"1080\" height=\"1080\" srcset=\"https:\/\/sunnysolar.vn\/wp-content\/uploads\/2026\/03\/DEN-nang-luong-mat-troi-Oriana-DB01-5.jpeg 1080w, https:\/\/sunnysolar.vn\/wp-content\/uploads\/2026\/03\/DEN-nang-luong-mat-troi-Oriana-DB01-5-300x300.jpeg 300w, https:\/\/sunnysolar.vn\/wp-content\/uploads\/2026\/03\/DEN-nang-luong-mat-troi-Oriana-DB01-5-1024x1024.jpeg 1024w, https:\/\/sunnysolar.vn\/wp-content\/uploads\/2026\/03\/DEN-nang-luong-mat-troi-Oriana-DB01-5-150x150.jpeg 150w, https:\/\/sunnysolar.vn\/wp-content\/uploads\/2026\/03\/DEN-nang-luong-mat-troi-Oriana-DB01-5-768x768.jpeg 768w, https:\/\/sunnysolar.vn\/wp-content\/uploads\/2026\/03\/DEN-nang-luong-mat-troi-Oriana-DB01-5-12x12.jpeg 12w, https:\/\/sunnysolar.vn\/wp-content\/uploads\/2026\/03\/DEN-nang-luong-mat-troi-Oriana-DB01-5-600x600.jpeg 600w, https:\/\/sunnysolar.vn\/wp-content\/uploads\/2026\/03\/DEN-nang-luong-mat-troi-Oriana-DB01-5-100x100.jpeg 100w, https:\/\/sunnysolar.vn\/wp-content\/uploads\/2026\/03\/DEN-nang-luong-mat-troi-Oriana-DB01-5-64x64.jpeg 64w\" sizes=\"auto, (max-width: 1080px) 100vw, 1080px\" \/> <img loading=\"lazy\" decoding=\"async\" class=\"alignnone size-full wp-image-4569\" src=\"http:\/\/sunnysolar.vn\/wp-content\/uploads\/2026\/03\/DEN-nang-luong-mat-troi-Oriana-DB01-6.jpeg\" alt=\"\" width=\"1080\" height=\"1080\" srcset=\"https:\/\/sunnysolar.vn\/wp-content\/uploads\/2026\/03\/DEN-nang-luong-mat-troi-Oriana-DB01-6.jpeg 1080w, https:\/\/sunnysolar.vn\/wp-content\/uploads\/2026\/03\/DEN-nang-luong-mat-troi-Oriana-DB01-6-300x300.jpeg 300w, https:\/\/sunnysolar.vn\/wp-content\/uploads\/2026\/03\/DEN-nang-luong-mat-troi-Oriana-DB01-6-1024x1024.jpeg 1024w, https:\/\/sunnysolar.vn\/wp-content\/uploads\/2026\/03\/DEN-nang-luong-mat-troi-Oriana-DB01-6-150x150.jpeg 150w, https:\/\/sunnysolar.vn\/wp-content\/uploads\/2026\/03\/DEN-nang-luong-mat-troi-Oriana-DB01-6-768x768.jpeg 768w, https:\/\/sunnysolar.vn\/wp-content\/uploads\/2026\/03\/DEN-nang-luong-mat-troi-Oriana-DB01-6-12x12.jpeg 12w, https:\/\/sunnysolar.vn\/wp-content\/uploads\/2026\/03\/DEN-nang-luong-mat-troi-Oriana-DB01-6-600x600.jpeg 600w, https:\/\/sunnysolar.vn\/wp-content\/uploads\/2026\/03\/DEN-nang-luong-mat-troi-Oriana-DB01-6-100x100.jpeg 100w, https:\/\/sunnysolar.vn\/wp-content\/uploads\/2026\/03\/DEN-nang-luong-mat-troi-Oriana-DB01-6-64x64.jpeg 64w\" sizes=\"auto, (max-width: 1080px) 100vw, 1080px\" \/> <img loading=\"lazy\" decoding=\"async\" class=\"alignnone size-full wp-image-4570\" src=\"http:\/\/sunnysolar.vn\/wp-content\/uploads\/2026\/03\/DEN-nang-luong-mat-troi-Oriana-DB01-7.jpeg\" alt=\"\" width=\"1080\" height=\"850\" srcset=\"https:\/\/sunnysolar.vn\/wp-content\/uploads\/2026\/03\/DEN-nang-luong-mat-troi-Oriana-DB01-7.jpeg 1080w, https:\/\/sunnysolar.vn\/wp-content\/uploads\/2026\/03\/DEN-nang-luong-mat-troi-Oriana-DB01-7-300x236.jpeg 300w, https:\/\/sunnysolar.vn\/wp-content\/uploads\/2026\/03\/DEN-nang-luong-mat-troi-Oriana-DB01-7-1024x806.jpeg 1024w, https:\/\/sunnysolar.vn\/wp-content\/uploads\/2026\/03\/DEN-nang-luong-mat-troi-Oriana-DB01-7-768x604.jpeg 768w, https:\/\/sunnysolar.vn\/wp-content\/uploads\/2026\/03\/DEN-nang-luong-mat-troi-Oriana-DB01-7-15x12.jpeg 15w, https:\/\/sunnysolar.vn\/wp-content\/uploads\/2026\/03\/DEN-nang-luong-mat-troi-Oriana-DB01-7-600x472.jpeg 600w, https:\/\/sunnysolar.vn\/wp-content\/uploads\/2026\/03\/DEN-nang-luong-mat-troi-Oriana-DB01-7-64x50.jpeg 64w\" sizes=\"auto, (max-width: 1080px) 100vw, 1080px\" \/> <img loading=\"lazy\" decoding=\"async\" class=\"alignnone size-full wp-image-4571\" src=\"http:\/\/sunnysolar.vn\/wp-content\/uploads\/2026\/03\/DEN-nang-luong-mat-troi-Oriana-DB01-8.jpeg\" alt=\"\" width=\"1080\" height=\"1080\" srcset=\"https:\/\/sunnysolar.vn\/wp-content\/uploads\/2026\/03\/DEN-nang-luong-mat-troi-Oriana-DB01-8.jpeg 1080w, https:\/\/sunnysolar.vn\/wp-content\/uploads\/2026\/03\/DEN-nang-luong-mat-troi-Oriana-DB01-8-300x300.jpeg 300w, https:\/\/sunnysolar.vn\/wp-content\/uploads\/2026\/03\/DEN-nang-luong-mat-troi-Oriana-DB01-8-1024x1024.jpeg 1024w, https:\/\/sunnysolar.vn\/wp-content\/uploads\/2026\/03\/DEN-nang-luong-mat-troi-Oriana-DB01-8-150x150.jpeg 150w, https:\/\/sunnysolar.vn\/wp-content\/uploads\/2026\/03\/DEN-nang-luong-mat-troi-Oriana-DB01-8-768x768.jpeg 768w, https:\/\/sunnysolar.vn\/wp-content\/uploads\/2026\/03\/DEN-nang-luong-mat-troi-Oriana-DB01-8-12x12.jpeg 12w, https:\/\/sunnysolar.vn\/wp-content\/uploads\/2026\/03\/DEN-nang-luong-mat-troi-Oriana-DB01-8-600x600.jpeg 600w, https:\/\/sunnysolar.vn\/wp-content\/uploads\/2026\/03\/DEN-nang-luong-mat-troi-Oriana-DB01-8-100x100.jpeg 100w, https:\/\/sunnysolar.vn\/wp-content\/uploads\/2026\/03\/DEN-nang-luong-mat-troi-Oriana-DB01-8-64x64.jpeg 64w\" sizes=\"auto, (max-width: 1080px) 100vw, 1080px\" \/><\/p>\n<p><img loading=\"lazy\" decoding=\"async\" class=\"alignnone size-full wp-image-4562\" src=\"http:\/\/sunnysolar.vn\/wp-content\/uploads\/2026\/03\/THONG-SO-KY-THUAT-DB01-1.png\" alt=\"\" width=\"1080\" height=\"1080\" srcset=\"https:\/\/sunnysolar.vn\/wp-content\/uploads\/2026\/03\/THONG-SO-KY-THUAT-DB01-1.png 1080w, https:\/\/sunnysolar.vn\/wp-content\/uploads\/2026\/03\/THONG-SO-KY-THUAT-DB01-1-300x300.png 300w, https:\/\/sunnysolar.vn\/wp-content\/uploads\/2026\/03\/THONG-SO-KY-THUAT-DB01-1-1024x1024.png 1024w, https:\/\/sunnysolar.vn\/wp-content\/uploads\/2026\/03\/THONG-SO-KY-THUAT-DB01-1-150x150.png 150w, https:\/\/sunnysolar.vn\/wp-content\/uploads\/2026\/03\/THONG-SO-KY-THUAT-DB01-1-768x768.png 768w, https:\/\/sunnysolar.vn\/wp-content\/uploads\/2026\/03\/THONG-SO-KY-THUAT-DB01-1-12x12.png 12w, https:\/\/sunnysolar.vn\/wp-content\/uploads\/2026\/03\/THONG-SO-KY-THUAT-DB01-1-600x600.png 600w, https:\/\/sunnysolar.vn\/wp-content\/uploads\/2026\/03\/THONG-SO-KY-THUAT-DB01-1-100x100.png 100w, https:\/\/sunnysolar.vn\/wp-content\/uploads\/2026\/03\/THONG-SO-KY-THUAT-DB01-1-64x64.png 64w\" sizes=\"auto, (max-width: 1080px) 100vw, 1080px\" \/><\/p>","protected":false},"excerpt":{"rendered":"<p>Model: DB01-1<\/p>\n<p>Th\u01b0\u01a1ng hi\u1ec7u: ORIANA<\/p>\n<p>C\u00f4ng su\u1ea5t: 40W<\/p>\n<p>Quang th\u00f4ng: 5,200Lm<\/p>\n<p>Chip LED: 108pcs Philips 3030<\/p>\n<p>C\u1ea5p b\u1ea3o v\u1ec7: IP66<\/p>\n<p>V\u1ecf \u0111\u00e8n: Nh\u00f4m \u0111\u00fac nguy\u00ean kh\u1ed1i<\/p>\n<p>B\u1ea3o h\u00e0nh: 3 n\u0103m<\/p>","protected":false},"featured_media":4545,"comment_status":"open","ping_status":"closed","template":"","meta":[],"product_brand":[],"product_cat":[34],"product_tag":[],"class_list":{"0":"post-4544","1":"product","2":"type-product","3":"status-publish","4":"has-post-thumbnail","6":"product_cat-den-duong-nang-luong-mat-troi","8":"first","9":"instock","10":"sale","11":"taxable","12":"shipping-taxable","13":"purchasable","14":"product-type-simple"},"_links":{"self":[{"href":"https:\/\/sunnysolar.vn\/en\/wp-json\/wp\/v2\/product\/4544","targetHints":{"allow":["GET"]}}],"collection":[{"href":"https:\/\/sunnysolar.vn\/en\/wp-json\/wp\/v2\/product"}],"about":[{"href":"https:\/\/sunnysolar.vn\/en\/wp-json\/wp\/v2\/types\/product"}],"replies":[{"embeddable":true,"href":"https:\/\/sunnysolar.vn\/en\/wp-json\/wp\/v2\/comments?post=4544"}],"wp:featuredmedia":[{"embeddable":true,"href":"https:\/\/sunnysolar.vn\/en\/wp-json\/wp\/v2\/media\/4545"}],"wp:attachment":[{"href":"https:\/\/sunnysolar.vn\/en\/wp-json\/wp\/v2\/media?parent=4544"}],"wp:term":[{"taxonomy":"product_brand","embeddable":true,"href":"https:\/\/sunnysolar.vn\/en\/wp-json\/wp\/v2\/product_brand?post=4544"},{"taxonomy":"product_cat","embeddable":true,"href":"https:\/\/sunnysolar.vn\/en\/wp-json\/wp\/v2\/product_cat?post=4544"},{"taxonomy":"product_tag","embeddable":true,"href":"https:\/\/sunnysolar.vn\/en\/wp-json\/wp\/v2\/product_tag?post=4544"}],"curies":[{"name":"wp","href":"https:\/\/api.w.org\/{rel}","templated":true}]}}