{"id":4583,"date":"2026-03-12T21:22:23","date_gmt":"2026-03-12T14:22:23","guid":{"rendered":"https:\/\/sunnysolar.vn\/?post_type=product&#038;p=4583"},"modified":"2026-03-12T21:23:04","modified_gmt":"2026-03-12T14:23:04","slug":"den-san-vuon-nang-luong-mat-troi-ufo-1000","status":"publish","type":"product","link":"https:\/\/sunnysolar.vn\/en\/product\/den-san-vuon-nang-luong-mat-troi-ufo-1000\/","title":{"rendered":"\u0110\u00e8n s\u00e2n v\u01b0\u1eddn n\u0103ng l\u01b0\u1ee3ng m\u1eb7t tr\u1eddi UFO-1000"},"content":{"rendered":"<h3><strong>TH\u00d4NG S\u1ed0 K\u1ef8 THU\u1eacT:<\/strong><\/h3>\n<table cellspacing=\"0\" cellpadding=\"0\">\n<tbody>\n<tr>\n<td valign=\"top\">\n<p class=\"p1\"><span class=\"s1\">Nhi\u1ec7t \u0111\u1ed9 m\u00e0u (CCT) <\/span><\/p>\n<\/td>\n<td valign=\"top\">\n<p class=\"p1\"><span class=\"s1\">6500K<\/span><\/p>\n<\/td>\n<\/tr>\n<tr>\n<td valign=\"top\">\n<p class=\"p1\"><span class=\"s1\">Chipled <\/span><\/p>\n<\/td>\n<td valign=\"top\">\n<p class=\"p1\"><span class=\"s1\">908pcs*5730 SMD<\/span><\/p>\n<\/td>\n<\/tr>\n<tr>\n<td valign=\"top\">\n<p class=\"p1\"><span class=\"s1\">Ch\u1ea5t li\u1ec7u <\/span><\/p>\n<\/td>\n<td valign=\"top\">\n<p class=\"p1\"><span class=\"s1\">PP<\/span><\/p>\n<\/td>\n<\/tr>\n<tr>\n<td valign=\"top\">\n<p class=\"p1\"><span class=\"s1\">Th\u1eddi gian s\u00e1ng <\/span><\/p>\n<\/td>\n<td valign=\"top\">\n<p class=\"p1\"><span class=\"s1\">10-15H<\/span><\/p>\n<\/td>\n<\/tr>\n<tr>\n<td valign=\"top\">\n<p class=\"p1\"><span class=\"s1\">K\u00edch th\u01b0\u1edbc \u0111\u00e8n <\/span><\/p>\n<\/td>\n<td valign=\"top\">\n<p class=\"p1\"><span class=\"s1\">550*550*130mm<\/span><\/p>\n<\/td>\n<\/tr>\n<tr>\n<td valign=\"top\">\n<p class=\"p1\"><span class=\"s1\">\u0110\u1ed9 cao <\/span><\/p>\n<\/td>\n<td valign=\"top\">\n<p class=\"p1\"><span class=\"s1\">3-4M<\/span><\/p>\n<\/td>\n<\/tr>\n<tr>\n<td valign=\"top\">\n<p class=\"p1\"><span class=\"s1\">Pin l\u01b0u tr\u1eef <\/span><\/p>\n<\/td>\n<td valign=\"top\">\n<p class=\"p1\"><span class=\"s1\">Li-ion 20AH<\/span><\/p>\n<\/td>\n<\/tr>\n<tr>\n<td valign=\"top\">\n<p class=\"p1\"><span class=\"s1\">T\u1ea5m Pin NLMT <\/span><\/p>\n<\/td>\n<td valign=\"top\">\n<p class=\"p1\"><span class=\"s1\">6V\/25W Polycrystalline<\/span><\/p>\n<\/td>\n<\/tr>\n<tr>\n<td valign=\"top\">\n<p class=\"p1\"><span class=\"s1\">K\u00edch th\u01b0\u1edbc t\u1ea5m pin <\/span><\/p>\n<\/td>\n<td valign=\"top\">\n<p class=\"p1\"><span class=\"s1\">550*550mm<\/span><\/p>\n<\/td>\n<\/tr>\n<tr>\n<td valign=\"top\">\n<p class=\"p1\"><span class=\"s1\">S\u1ed1 l\u01b0\u1ee3ng\/ th\u00f9ng <\/span><\/p>\n<\/td>\n<td valign=\"top\">\n<p class=\"p1\"><span class=\"s1\">1pcs\/cnt<\/span><\/p>\n<\/td>\n<\/tr>\n<tr>\n<td valign=\"top\">\n<p class=\"p1\"><span class=\"s1\">Kh\u1ed1i l\u01b0\u1ee3ng th\u00f9ng <\/span><\/p>\n<\/td>\n<td valign=\"top\">\n<p class=\"p1\"><span class=\"s1\">4.8kg<\/span><\/p>\n<\/td>\n<\/tr>\n<tr>\n<td valign=\"top\">\n<p class=\"p1\"><span class=\"s1\">K\u00edch th\u01b0\u1edbc th\u00f9ng <\/span><\/p>\n<\/td>\n<td valign=\"top\">\n<p class=\"p1\"><span class=\"s1\">560*140*560mm<\/span><\/p>\n<\/td>\n<\/tr>\n<tr>\n<td valign=\"top\">\n<p class=\"p1\"><span class=\"s1\">B\u1ea3o h\u00e0nh <\/span><\/p>\n<\/td>\n<td valign=\"top\">\n<p class=\"p1\"><span class=\"s1\">2 n\u0103m<\/span><\/p>\n<\/td>\n<\/tr>\n<\/tbody>\n<\/table>","protected":false},"excerpt":{"rendered":"<p>Model: UFO-1000<\/p>\n<p>Chip LED: 908pcs 5730SMD<\/p>\n<p>Ch\u1ea5t li\u1ec7u: PP<\/p>\n<p>T\u1ea5m Pin: 6V\/25W Polycrystalline<\/p>\n<p>Pin l\u01b0u tr\u1eef: Li-ion 20Ah<\/p>\n<p>B\u1ea3o h\u00e0nh: 2 n\u0103m<\/p>","protected":false},"featured_media":4585,"comment_status":"open","ping_status":"closed","template":"","meta":[],"product_brand":[],"product_cat":[65],"product_tag":[],"class_list":{"0":"post-4583","1":"product","2":"type-product","3":"status-publish","4":"has-post-thumbnail","6":"product_cat-den-san-vuon-va-tru-cong-nang-luong-mat-troi","8":"first","9":"instock","10":"sale","11":"taxable","12":"shipping-taxable","13":"purchasable","14":"product-type-simple"},"_links":{"self":[{"href":"https:\/\/sunnysolar.vn\/en\/wp-json\/wp\/v2\/product\/4583","targetHints":{"allow":["GET"]}}],"collection":[{"href":"https:\/\/sunnysolar.vn\/en\/wp-json\/wp\/v2\/product"}],"about":[{"href":"https:\/\/sunnysolar.vn\/en\/wp-json\/wp\/v2\/types\/product"}],"replies":[{"embeddable":true,"href":"https:\/\/sunnysolar.vn\/en\/wp-json\/wp\/v2\/comments?post=4583"}],"wp:featuredmedia":[{"embeddable":true,"href":"https:\/\/sunnysolar.vn\/en\/wp-json\/wp\/v2\/media\/4585"}],"wp:attachment":[{"href":"https:\/\/sunnysolar.vn\/en\/wp-json\/wp\/v2\/media?parent=4583"}],"wp:term":[{"taxonomy":"product_brand","embeddable":true,"href":"https:\/\/sunnysolar.vn\/en\/wp-json\/wp\/v2\/product_brand?post=4583"},{"taxonomy":"product_cat","embeddable":true,"href":"https:\/\/sunnysolar.vn\/en\/wp-json\/wp\/v2\/product_cat?post=4583"},{"taxonomy":"product_tag","embeddable":true,"href":"https:\/\/sunnysolar.vn\/en\/wp-json\/wp\/v2\/product_tag?post=4583"}],"curies":[{"name":"wp","href":"https:\/\/api.w.org\/{rel}","templated":true}]}}