{"id":4592,"date":"2026-03-12T21:43:56","date_gmt":"2026-03-12T14:43:56","guid":{"rendered":"https:\/\/sunnysolar.vn\/?post_type=product&#038;p=4592"},"modified":"2026-03-12T22:12:22","modified_gmt":"2026-03-12T15:12:22","slug":"den-san-vuon-nang-luong-mat-troi-ufo1000w","status":"publish","type":"product","link":"https:\/\/sunnysolar.vn\/en\/product\/den-san-vuon-nang-luong-mat-troi-ufo1000w\/","title":{"rendered":"\u0110\u00e8n s\u00e2n v\u01b0\u1eddn n\u0103ng l\u01b0\u1ee3ng m\u1eb7t tr\u1eddi UFO1000W"},"content":{"rendered":"<div class=\"title-tabs mb-30\">\n<div class=\"content-tabs\">\n<h3><strong>TH\u00d4NG S\u1ed0 K\u1ef8 THU\u1eacT<\/strong><\/h3>\n<table class=\"product-compare\" border=\"0\" cellspacing=\"0\" cellpadding=\"0\">\n<tbody>\n<tr>\n<td width=\"35%\">Ch\u1ebf \u0111\u1ed9 b\u1ea3o h\u00e0nh<\/td>\n<td>12 th\u00e1ng<\/td>\n<\/tr>\n<tr>\n<td>Lo\u1ea1i thi\u1ebft b\u1ecb<\/td>\n<td>\u0110\u00e8n n\u0103ng l\u01b0\u1ee3ng m\u1eb7t tr\u1eddi<\/td>\n<\/tr>\n<tr>\n<td>C\u00f4ng su\u1ea5t \u0111\u00e8n<\/td>\n<td>1000W<\/td>\n<\/tr>\n<tr>\n<td>V\u1eadt li\u1ec7u<\/td>\n<td>Nh\u1ef1a ABS + K\u00ednh C\u01b0\u1eddng L\u1ef1c<\/td>\n<\/tr>\n<tr>\n<td>Ti\u00eau chu\u1ea9n ch\u1ed1ng n\u01b0\u1edbc<\/td>\n<td>IP65<\/td>\n<\/tr>\n<tr>\n<td>\u1ee8ng d\u1ee5ng<\/td>\n<td>Chi\u1ebfu s\u00e1ng l\u1ed1i \u0111i<\/td>\n<\/tr>\n<tr>\n<td>Ngu\u1ed3n s\u00e1ng<\/td>\n<td>\u0110\u00e8n LED<\/td>\n<\/tr>\n<tr>\n<td>Ngu\u1ed3n s\u00e1ng LED<\/td>\n<td>led SMD<\/td>\n<\/tr>\n<tr>\n<td>Ch\u1ebf \u0111\u1ed9 chi\u1ebfu s\u00e1ng<\/td>\n<td>C\u00f3 \u0111i\u1ec1u khi\u1ec3n t\u1eeb xa<\/td>\n<\/tr>\n<tr>\n<td>Th\u1eddi gian chi\u1ebfu s\u00e1ng<\/td>\n<td>10-12 gi\u1edd<\/td>\n<\/tr>\n<tr>\n<td>Th\u1eddi gian s\u1ea1c<\/td>\n<td>4-6 gi\u1edd<\/td>\n<\/tr>\n<tr>\n<td>Di\u1ec7n t\u00edch chi\u1ebfu s\u00e1ng<\/td>\n<td>250m2<\/td>\n<\/tr>\n<tr>\n<td>Dung l\u01b0\u1ee3ng pin<\/td>\n<td>30000 mAh<\/td>\n<\/tr>\n<tr>\n<td>\u0110i\u1ec7n \u00e1p \u0111\u1ea7u v\u00e0o (V)<\/td>\n<td>6V\/30W<\/td>\n<\/tr>\n<tr>\n<td>K\u00edch th\u01b0\u1edbc \u0111\u00e8n<\/td>\n<td>\u2013<\/td>\n<\/tr>\n<tr>\n<td>K\u00edch th\u01b0\u1edbc t\u1ea5m pin<\/td>\n<td>\u2013<\/td>\n<\/tr>\n<\/tbody>\n<\/table>\n<\/div>\n<\/div>\n<div class=\"title-tabs mb-30\"><\/div>","protected":false},"excerpt":{"rendered":"<p>Model: UFO1000W<\/p>\n<p>\u0110\u00e8n \u0111\u01b0\u1eddng UFO c\u00f4ng su\u1ea5t 1000<\/p>\n<p>Ch\u00edp led SMD: 450 ch\u00edp 5730<\/p>\n<p>Ch\u1ebf \u0111\u1ed9 \u0111i\u1ec1u khi\u1ec3n: C\u1ea3m bi\u1ebfn \u00e1nh s\u00e1ng, c\u1ea3m bi\u1ebfn chuy\u1ec3n \u0111\u1ed9ng<\/p>\n<p>Ph\u01b0\u01a1ng ph\u00e1p s\u1ea1c, th\u1eddi gian: s\u1ea1c n\u0103ng l\u01b0\u1ee3ng m\u1eb7t tr\u1eddi, kho\u1ea3ng 6 gi\u1edd<\/p>\n<p>Th\u1eddi gian chi\u1ebfu s\u00e1ng: kho\u1ea3ng 6-12 gi\u1edd<\/p>\n<p>Ch\u1ea5t li\u1ec7u: ABS<\/p>\n<p>C\u1ea5p \u0111\u1ed9 ch\u1ed1ng n\u01b0\u1edbc: IP65<\/p>\n<p>B\u1ea3o h\u00e0nh: 1 n\u0103m<\/p>","protected":false},"featured_media":4598,"comment_status":"open","ping_status":"closed","template":"","meta":[],"product_brand":[],"product_cat":[65],"product_tag":[],"class_list":{"0":"post-4592","1":"product","2":"type-product","3":"status-publish","4":"has-post-thumbnail","6":"product_cat-den-san-vuon-va-tru-cong-nang-luong-mat-troi","8":"first","9":"instock","10":"sale","11":"taxable","12":"shipping-taxable","13":"purchasable","14":"product-type-simple"},"_links":{"self":[{"href":"https:\/\/sunnysolar.vn\/en\/wp-json\/wp\/v2\/product\/4592","targetHints":{"allow":["GET"]}}],"collection":[{"href":"https:\/\/sunnysolar.vn\/en\/wp-json\/wp\/v2\/product"}],"about":[{"href":"https:\/\/sunnysolar.vn\/en\/wp-json\/wp\/v2\/types\/product"}],"replies":[{"embeddable":true,"href":"https:\/\/sunnysolar.vn\/en\/wp-json\/wp\/v2\/comments?post=4592"}],"wp:featuredmedia":[{"embeddable":true,"href":"https:\/\/sunnysolar.vn\/en\/wp-json\/wp\/v2\/media\/4598"}],"wp:attachment":[{"href":"https:\/\/sunnysolar.vn\/en\/wp-json\/wp\/v2\/media?parent=4592"}],"wp:term":[{"taxonomy":"product_brand","embeddable":true,"href":"https:\/\/sunnysolar.vn\/en\/wp-json\/wp\/v2\/product_brand?post=4592"},{"taxonomy":"product_cat","embeddable":true,"href":"https:\/\/sunnysolar.vn\/en\/wp-json\/wp\/v2\/product_cat?post=4592"},{"taxonomy":"product_tag","embeddable":true,"href":"https:\/\/sunnysolar.vn\/en\/wp-json\/wp\/v2\/product_tag?post=4592"}],"curies":[{"name":"wp","href":"https:\/\/api.w.org\/{rel}","templated":true}]}}