{"id":4600,"date":"2026-03-13T09:09:20","date_gmt":"2026-03-13T02:09:20","guid":{"rendered":"https:\/\/sunnysolar.vn\/?post_type=product&#038;p=4600"},"modified":"2026-03-23T14:26:46","modified_gmt":"2026-03-23T07:26:46","slug":"den-san-vuon-nang-luong-mat-troi-bluecarbon-bct-olp1-0-15w","status":"publish","type":"product","link":"https:\/\/sunnysolar.vn\/en\/product\/den-san-vuon-nang-luong-mat-troi-bluecarbon-bct-olp1-0-15w\/","title":{"rendered":"\u0110\u00e8n s\u00e2n v\u01b0\u1eddn n\u0103ng l\u01b0\u1ee3ng m\u1eb7t tr\u1eddi BlueCarbon BCT-OLP1.0 15W"},"content":{"rendered":"<div class=\"title-tabs mb-30\">\n<div class=\"content-tabs\">\n<h3><strong>TH\u00d4NG S\u1ed0 K\u1ef8 THU\u1eacT<\/strong><\/h3>\n<table class=\"product-compare\" border=\"0\" cellspacing=\"0\" cellpadding=\"0\">\n<tbody>\n<tr>\n<td width=\"35%\">T\u1ea5m Pin NLMT<\/td>\n<td>5V\/36W<\/td>\n<\/tr>\n<tr>\n<td>Pin l\u01b0u tr\u1eef<\/td>\n<td>3.2V\/26Ah LifePO4<\/td>\n<\/tr>\n<tr>\n<td>Chip LED<\/td>\n<td>880Lm Chip Nichia<\/td>\n<\/tr>\n<tr>\n<td>K\u00edch th\u01b0\u1edbc t\u1ea5m pin<\/td>\n<td>583 x 360 mm<\/td>\n<\/tr>\n<tr>\n<td>K\u00edch th\u01b0\u1edbc \u0111\u00e8n<\/td>\n<td>220 x 200 mm<\/td>\n<\/tr>\n<tr>\n<td>Ch\u1ebf \u0111\u1ed9 \u0111i\u1ec1u khi\u1ec3n<\/td>\n<td>C\u1ea3m bi\u1ebfn \u00e1nh s\u00e1ng<\/td>\n<\/tr>\n<tr>\n<td>Th\u1eddi gian s\u00e1ng<\/td>\n<td>Chi\u1ebfu s\u00e1ng c\u1ea3 \u0111\u00eam \/ ki\u1ec3m so\u00e1t n\u0103ng l\u01b0\u1ee3ng th\u00f4ng minh<\/td>\n<\/tr>\n<tr>\n<td>Ch\u1ed1ng n\u01b0\u1edbc &#8211; ch\u1ed1ng va \u0111\u1eadp<\/td>\n<td>IP66 &#8211; IK08<\/td>\n<\/tr>\n<tr>\n<td>Ch\u1ea5t li\u1ec7u gi\u00e1 \u0111\u1ee1<\/td>\n<td>H\u1ee3p kim nh\u00f4m Magie<\/td>\n<\/tr>\n<tr>\n<td>Chi\u1ec1u cao \/ Kho\u1ea3ng c\u00e1ch l\u1eafp \u0111\u1eb7t<\/td>\n<td>3 -5 m \/ 15 &#8211; 20 m<\/td>\n<\/tr>\n<tr>\n<td>B\u1ed9 s\u1ea3n ph\u1ea9m g\u1ed3m<\/td>\n<td>\u0110\u00e8n + T\u1ea5m Pin NLMT<\/td>\n<\/tr>\n<tr>\n<td>B\u1ea3o h\u00e0nh<\/td>\n<td>05 n\u0103m<\/td>\n<\/tr>\n<tr>\n<td><\/td>\n<\/tr>\n<\/tbody>\n<\/table>\n<\/div>\n<\/div>\n<div class=\"title-tabs mb-30\"><\/div>","protected":false},"excerpt":{"rendered":"<p>Model: BCT-OLP1.0<\/p>\n<p>Ch\u00edp LED: 880Lm Chip Nichia Japan<\/p>\n<p>Ch\u1ebf \u0111\u1ed9 \u0111i\u1ec1u khi\u1ec3n: C\u1ea3m bi\u1ebfn \u00e1nh s\u00e1ng<\/p>\n<p>Ch\u1ea5t li\u1ec7u: H\u1ee3p kim nh\u00f4m magie<\/p>\n<p>C\u1ea5p \u0111\u1ed9 ch\u1ed1ng n\u01b0\u1edbc: IP66<\/p>\n<p>B\u1ea3o h\u00e0nh: 5 n\u0103m<\/p>","protected":false},"featured_media":4601,"comment_status":"open","ping_status":"closed","template":"","meta":[],"product_brand":[],"product_cat":[65],"product_tag":[],"class_list":{"0":"post-4600","1":"product","2":"type-product","3":"status-publish","4":"has-post-thumbnail","6":"product_cat-den-san-vuon-va-tru-cong-nang-luong-mat-troi","8":"first","9":"instock","10":"sale","11":"taxable","12":"shipping-taxable","13":"purchasable","14":"product-type-simple"},"_links":{"self":[{"href":"https:\/\/sunnysolar.vn\/en\/wp-json\/wp\/v2\/product\/4600","targetHints":{"allow":["GET"]}}],"collection":[{"href":"https:\/\/sunnysolar.vn\/en\/wp-json\/wp\/v2\/product"}],"about":[{"href":"https:\/\/sunnysolar.vn\/en\/wp-json\/wp\/v2\/types\/product"}],"replies":[{"embeddable":true,"href":"https:\/\/sunnysolar.vn\/en\/wp-json\/wp\/v2\/comments?post=4600"}],"wp:featuredmedia":[{"embeddable":true,"href":"https:\/\/sunnysolar.vn\/en\/wp-json\/wp\/v2\/media\/4601"}],"wp:attachment":[{"href":"https:\/\/sunnysolar.vn\/en\/wp-json\/wp\/v2\/media?parent=4600"}],"wp:term":[{"taxonomy":"product_brand","embeddable":true,"href":"https:\/\/sunnysolar.vn\/en\/wp-json\/wp\/v2\/product_brand?post=4600"},{"taxonomy":"product_cat","embeddable":true,"href":"https:\/\/sunnysolar.vn\/en\/wp-json\/wp\/v2\/product_cat?post=4600"},{"taxonomy":"product_tag","embeddable":true,"href":"https:\/\/sunnysolar.vn\/en\/wp-json\/wp\/v2\/product_tag?post=4600"}],"curies":[{"name":"wp","href":"https:\/\/api.w.org\/{rel}","templated":true}]}}