{"id":4679,"date":"2026-03-16T11:39:06","date_gmt":"2026-03-16T04:39:06","guid":{"rendered":"https:\/\/sunnysolar.vn\/?post_type=product&#038;p=4679"},"modified":"2026-03-20T08:43:53","modified_gmt":"2026-03-20T01:43:53","slug":"den-duong-nang-luong-mat-troi-blue-carbon-bct-olmj1-0-20w","status":"publish","type":"product","link":"https:\/\/sunnysolar.vn\/en\/product\/den-duong-nang-luong-mat-troi-blue-carbon-bct-olmj1-0-20w\/","title":{"rendered":"\u0110\u00e8n \u0111\u01b0\u1eddng n\u0103ng l\u01b0\u1ee3ng m\u1eb7t tr\u1eddi Blue Carbon BCT-OLMJ1.0 20W"},"content":{"rendered":"<h3><strong>TH\u00d4NG S\u1ed0 K\u1ef8 THU\u1eacT<\/strong><\/h3>\n<table style=\"font-weight: 400;\">\n<tbody>\n<tr>\n<td width=\"168\"><strong>C\u00d4NG<\/strong> <strong>SU\u1ea4T<\/strong><\/td>\n<td width=\"229\"><strong>20W<\/strong><\/td>\n<\/tr>\n<tr>\n<td width=\"168\">T\u1ea5m Pin NLMT<\/td>\n<td width=\"229\">5V\/30W<\/td>\n<\/tr>\n<tr>\n<td width=\"168\">K\u00edch th\u01b0\u1edbc t\u1ea5m pin<\/td>\n<td width=\"229\">443 x 346 x 25 mm<\/td>\n<\/tr>\n<tr>\n<td width=\"168\">Pin<\/td>\n<td width=\"229\">3.2V\/20 Ah Pin LiFePO4<\/td>\n<\/tr>\n<tr>\n<td width=\"168\">LED<\/td>\n<td width=\"229\">1800Lm Chip Cree USA<\/td>\n<\/tr>\n<tr>\n<td width=\"168\">K\u00edch th\u01b0\u1edbc \u0111\u00e8n<\/td>\n<td width=\"229\">497 x 209 x 55 mm<\/td>\n<\/tr>\n<tr>\n<td width=\"168\">Ch\u1ebf \u0111\u1ed9 \u0111i\u1ec1u khi\u1ec3n<\/td>\n<td width=\"229\">C\u1ea3m bi\u1ebfn \u00e1nh s\u00e1ng v\u00e0 \u0111i\u1ec1u khi\u1ec3n<\/td>\n<\/tr>\n<tr>\n<td width=\"168\">Ch\u1ed1ng n\u01b0\u1edbc &#8211; Ch\u1ed1ng va \u0111\u1eadp<\/td>\n<td width=\"229\">IP66 &#8211; IK08<\/td>\n<\/tr>\n<tr>\n<td width=\"168\">Th\u1eddi gian s\u00e1ng<\/td>\n<td width=\"229\"><strong>12-<\/strong><strong>18h<\/strong><\/td>\n<\/tr>\n<tr>\n<td width=\"168\">Chi\u1ec1u cao\/Kho\u1ea3ng c\u00e1ch l\u1eafp \u0111\u1eb7t<\/td>\n<td width=\"229\">5-6 m \/ 20-30 m<\/td>\n<\/tr>\n<tr>\n<td width=\"168\">Ch\u1ea5t li\u1ec7u<\/td>\n<td width=\"229\">Nh\u00f4m<\/td>\n<\/tr>\n<tr>\n<td width=\"168\">B\u1ed9 s\u1ea3n ph\u1ea9m g\u1ed3m<\/td>\n<td width=\"229\">\u0110\u00e8n + T\u1ea5m pin + Gi\u00e1 \u0111\u1ee1 t\u1ea5m pin + C\u1ea7n \u0111\u00e8n<\/td>\n<\/tr>\n<tr>\n<td width=\"168\">B\u1ea3o h\u00e0nh<\/td>\n<td width=\"229\"><strong>05 n\u0103m<\/strong><\/td>\n<\/tr>\n<\/tbody>\n<\/table>\n<p>&nbsp;<\/p>","protected":false},"excerpt":{"rendered":"<p>Model: BCT-OLMJ1.0<\/p>\n<p>Th\u01b0\u01a1ng hi\u1ec7u: Blue Carbon<\/p>\n<p>C\u00f4ng su\u1ea5t: 20W<\/p>\n<p>Quang th\u00f4ng: 1,800 Lm<\/p>\n<p>B\u1ea3o h\u00e0nh: 5 n\u0103m<\/p>","protected":false},"featured_media":4680,"comment_status":"open","ping_status":"closed","template":"","meta":[],"product_brand":[],"product_cat":[34],"product_tag":[],"class_list":{"0":"post-4679","1":"product","2":"type-product","3":"status-publish","4":"has-post-thumbnail","6":"product_cat-den-duong-nang-luong-mat-troi","8":"first","9":"instock","10":"sale","11":"taxable","12":"shipping-taxable","13":"purchasable","14":"product-type-simple"},"_links":{"self":[{"href":"https:\/\/sunnysolar.vn\/en\/wp-json\/wp\/v2\/product\/4679","targetHints":{"allow":["GET"]}}],"collection":[{"href":"https:\/\/sunnysolar.vn\/en\/wp-json\/wp\/v2\/product"}],"about":[{"href":"https:\/\/sunnysolar.vn\/en\/wp-json\/wp\/v2\/types\/product"}],"replies":[{"embeddable":true,"href":"https:\/\/sunnysolar.vn\/en\/wp-json\/wp\/v2\/comments?post=4679"}],"wp:featuredmedia":[{"embeddable":true,"href":"https:\/\/sunnysolar.vn\/en\/wp-json\/wp\/v2\/media\/4680"}],"wp:attachment":[{"href":"https:\/\/sunnysolar.vn\/en\/wp-json\/wp\/v2\/media?parent=4679"}],"wp:term":[{"taxonomy":"product_brand","embeddable":true,"href":"https:\/\/sunnysolar.vn\/en\/wp-json\/wp\/v2\/product_brand?post=4679"},{"taxonomy":"product_cat","embeddable":true,"href":"https:\/\/sunnysolar.vn\/en\/wp-json\/wp\/v2\/product_cat?post=4679"},{"taxonomy":"product_tag","embeddable":true,"href":"https:\/\/sunnysolar.vn\/en\/wp-json\/wp\/v2\/product_tag?post=4679"}],"curies":[{"name":"wp","href":"https:\/\/api.w.org\/{rel}","templated":true}]}}