{"id":4718,"date":"2026-03-17T21:06:41","date_gmt":"2026-03-17T14:06:41","guid":{"rendered":"https:\/\/sunnysolar.vn\/?post_type=product&#038;p=4718"},"modified":"2026-03-19T15:07:36","modified_gmt":"2026-03-19T08:07:36","slug":"den-op-tran-nang-luong-mat-troi-jdl-ot400-400w","status":"publish","type":"product","link":"https:\/\/sunnysolar.vn\/en\/product\/den-op-tran-nang-luong-mat-troi-jdl-ot400-400w\/","title":{"rendered":"\u0110\u00e8n \u1ed1p tr\u1ea7n n\u0103ng l\u01b0\u1ee3ng m\u1eb7t tr\u1eddi JDL-OT400 400W"},"content":{"rendered":"<h3><strong>TH\u00d4NG S\u1ed0 K\u1ef8 THU\u1eacT<\/strong><\/h3>\n<table style=\"font-weight: 400;\">\n<tbody>\n<tr>\n<td width=\"223\"><strong>C\u00d4NG SU\u1ea4T<\/strong><\/td>\n<td width=\"208\"><strong>400W<\/strong><\/td>\n<\/tr>\n<tr>\n<td width=\"223\">Ngu\u1ed3n s\u00e1ng<\/td>\n<td width=\"208\"><strong>400pcs*5730 SMD<\/strong><\/td>\n<\/tr>\n<tr>\n<td width=\"223\">Pin l\u01b0u tr\u1eef<\/td>\n<td width=\"208\"><strong>3.2V,36000mAh, Lithium<\/strong><\/td>\n<\/tr>\n<tr>\n<td width=\"223\">T\u1ea5m Pin NLMT<\/td>\n<td width=\"208\"><strong>6V\/32W MONO (d\u00e2y ngu\u1ed3n 10m)<\/strong><\/td>\n<\/tr>\n<tr>\n<td width=\"223\">\u0110\u01b0\u1eddng k\u00ednh \u0111\u00e8n<\/td>\n<td width=\"208\">360mm<\/td>\n<\/tr>\n<tr>\n<td width=\"223\">K\u00edch th\u01b0\u1edbc t\u1ea5m pin<\/td>\n<td width=\"208\">600*350*17mm<\/td>\n<\/tr>\n<tr>\n<td width=\"223\">Ch\u1ea5t li\u1ec7u<\/td>\n<td width=\"208\">ABS+Optical lens<\/td>\n<\/tr>\n<tr>\n<td width=\"223\">Th\u1eddi gian s\u1ea1c<\/td>\n<td width=\"208\">6h<\/td>\n<\/tr>\n<tr>\n<td width=\"223\">Th\u1eddi gian s\u00e1ng<\/td>\n<td width=\"208\">10-14H<\/td>\n<\/tr>\n<tr>\n<td width=\"223\">Th\u1eddi gian b\u1ea3o h\u00e0nh<\/td>\n<td width=\"208\"><strong>2 n\u0103m<\/strong><\/td>\n<\/tr>\n<\/tbody>\n<\/table>\n<p><img loading=\"lazy\" decoding=\"async\" class=\"alignnone size-full wp-image-4724\" src=\"http:\/\/sunnysolar.vn\/wp-content\/uploads\/2026\/03\/den-op-tran-nang-luong-mat-troi-JDL-OT400-6.jpeg\" alt=\"\" width=\"1080\" height=\"1500\" srcset=\"https:\/\/sunnysolar.vn\/wp-content\/uploads\/2026\/03\/den-op-tran-nang-luong-mat-troi-JDL-OT400-6.jpeg 1080w, https:\/\/sunnysolar.vn\/wp-content\/uploads\/2026\/03\/den-op-tran-nang-luong-mat-troi-JDL-OT400-6-216x300.jpeg 216w, https:\/\/sunnysolar.vn\/wp-content\/uploads\/2026\/03\/den-op-tran-nang-luong-mat-troi-JDL-OT400-6-737x1024.jpeg 737w, https:\/\/sunnysolar.vn\/wp-content\/uploads\/2026\/03\/den-op-tran-nang-luong-mat-troi-JDL-OT400-6-768x1067.jpeg 768w, https:\/\/sunnysolar.vn\/wp-content\/uploads\/2026\/03\/den-op-tran-nang-luong-mat-troi-JDL-OT400-6-9x12.jpeg 9w, https:\/\/sunnysolar.vn\/wp-content\/uploads\/2026\/03\/den-op-tran-nang-luong-mat-troi-JDL-OT400-6-600x833.jpeg 600w, https:\/\/sunnysolar.vn\/wp-content\/uploads\/2026\/03\/den-op-tran-nang-luong-mat-troi-JDL-OT400-6-64x89.jpeg 64w\" sizes=\"auto, (max-width: 1080px) 100vw, 1080px\" \/> <img loading=\"lazy\" decoding=\"async\" class=\"alignnone size-full wp-image-4725\" src=\"http:\/\/sunnysolar.vn\/wp-content\/uploads\/2026\/03\/den-op-tran-nang-luong-mat-troi-JDL-OT400-7.jpeg\" alt=\"\" width=\"1080\" height=\"1500\" srcset=\"https:\/\/sunnysolar.vn\/wp-content\/uploads\/2026\/03\/den-op-tran-nang-luong-mat-troi-JDL-OT400-7.jpeg 1080w, https:\/\/sunnysolar.vn\/wp-content\/uploads\/2026\/03\/den-op-tran-nang-luong-mat-troi-JDL-OT400-7-216x300.jpeg 216w, https:\/\/sunnysolar.vn\/wp-content\/uploads\/2026\/03\/den-op-tran-nang-luong-mat-troi-JDL-OT400-7-737x1024.jpeg 737w, https:\/\/sunnysolar.vn\/wp-content\/uploads\/2026\/03\/den-op-tran-nang-luong-mat-troi-JDL-OT400-7-768x1067.jpeg 768w, https:\/\/sunnysolar.vn\/wp-content\/uploads\/2026\/03\/den-op-tran-nang-luong-mat-troi-JDL-OT400-7-9x12.jpeg 9w, https:\/\/sunnysolar.vn\/wp-content\/uploads\/2026\/03\/den-op-tran-nang-luong-mat-troi-JDL-OT400-7-600x833.jpeg 600w, https:\/\/sunnysolar.vn\/wp-content\/uploads\/2026\/03\/den-op-tran-nang-luong-mat-troi-JDL-OT400-7-64x89.jpeg 64w\" sizes=\"auto, (max-width: 1080px) 100vw, 1080px\" \/> <img loading=\"lazy\" decoding=\"async\" class=\"alignnone size-full wp-image-4726\" src=\"http:\/\/sunnysolar.vn\/wp-content\/uploads\/2026\/03\/den-op-tran-nang-luong-mat-troi-JDL-OT400-8.jpeg\" alt=\"\" width=\"1080\" height=\"1080\" srcset=\"https:\/\/sunnysolar.vn\/wp-content\/uploads\/2026\/03\/den-op-tran-nang-luong-mat-troi-JDL-OT400-8.jpeg 1080w, https:\/\/sunnysolar.vn\/wp-content\/uploads\/2026\/03\/den-op-tran-nang-luong-mat-troi-JDL-OT400-8-300x300.jpeg 300w, https:\/\/sunnysolar.vn\/wp-content\/uploads\/2026\/03\/den-op-tran-nang-luong-mat-troi-JDL-OT400-8-1024x1024.jpeg 1024w, https:\/\/sunnysolar.vn\/wp-content\/uploads\/2026\/03\/den-op-tran-nang-luong-mat-troi-JDL-OT400-8-150x150.jpeg 150w, https:\/\/sunnysolar.vn\/wp-content\/uploads\/2026\/03\/den-op-tran-nang-luong-mat-troi-JDL-OT400-8-768x768.jpeg 768w, https:\/\/sunnysolar.vn\/wp-content\/uploads\/2026\/03\/den-op-tran-nang-luong-mat-troi-JDL-OT400-8-12x12.jpeg 12w, https:\/\/sunnysolar.vn\/wp-content\/uploads\/2026\/03\/den-op-tran-nang-luong-mat-troi-JDL-OT400-8-600x600.jpeg 600w, https:\/\/sunnysolar.vn\/wp-content\/uploads\/2026\/03\/den-op-tran-nang-luong-mat-troi-JDL-OT400-8-100x100.jpeg 100w, https:\/\/sunnysolar.vn\/wp-content\/uploads\/2026\/03\/den-op-tran-nang-luong-mat-troi-JDL-OT400-8-64x64.jpeg 64w\" sizes=\"auto, (max-width: 1080px) 100vw, 1080px\" \/> <img loading=\"lazy\" decoding=\"async\" class=\"alignnone size-full wp-image-4727\" src=\"http:\/\/sunnysolar.vn\/wp-content\/uploads\/2026\/03\/den-op-tran-nang-luong-mat-troi-JDL-OT400-9.jpeg\" alt=\"\" width=\"1080\" height=\"1080\" srcset=\"https:\/\/sunnysolar.vn\/wp-content\/uploads\/2026\/03\/den-op-tran-nang-luong-mat-troi-JDL-OT400-9.jpeg 1080w, https:\/\/sunnysolar.vn\/wp-content\/uploads\/2026\/03\/den-op-tran-nang-luong-mat-troi-JDL-OT400-9-300x300.jpeg 300w, https:\/\/sunnysolar.vn\/wp-content\/uploads\/2026\/03\/den-op-tran-nang-luong-mat-troi-JDL-OT400-9-1024x1024.jpeg 1024w, https:\/\/sunnysolar.vn\/wp-content\/uploads\/2026\/03\/den-op-tran-nang-luong-mat-troi-JDL-OT400-9-150x150.jpeg 150w, https:\/\/sunnysolar.vn\/wp-content\/uploads\/2026\/03\/den-op-tran-nang-luong-mat-troi-JDL-OT400-9-768x768.jpeg 768w, https:\/\/sunnysolar.vn\/wp-content\/uploads\/2026\/03\/den-op-tran-nang-luong-mat-troi-JDL-OT400-9-12x12.jpeg 12w, https:\/\/sunnysolar.vn\/wp-content\/uploads\/2026\/03\/den-op-tran-nang-luong-mat-troi-JDL-OT400-9-600x600.jpeg 600w, https:\/\/sunnysolar.vn\/wp-content\/uploads\/2026\/03\/den-op-tran-nang-luong-mat-troi-JDL-OT400-9-100x100.jpeg 100w, https:\/\/sunnysolar.vn\/wp-content\/uploads\/2026\/03\/den-op-tran-nang-luong-mat-troi-JDL-OT400-9-64x64.jpeg 64w\" sizes=\"auto, (max-width: 1080px) 100vw, 1080px\" \/><\/p>","protected":false},"excerpt":{"rendered":"<p>Model: JDL-OT400<\/p>\n<p>C\u00f4ng su\u1ea5t: 400W<\/p>\n<p>Pin NLMT: 6V\/32W (MONO)<\/p>\n<p>Pin l\u01b0u tr\u1eef: 3.2V\/36Ah<\/p>\n<p>B\u1ea3o h\u00e0nh: 2 n\u0103m<\/p>","protected":false},"featured_media":4719,"comment_status":"open","ping_status":"closed","template":"","meta":[],"product_brand":[],"product_cat":[65],"product_tag":[],"class_list":{"0":"post-4718","1":"product","2":"type-product","3":"status-publish","4":"has-post-thumbnail","6":"product_cat-den-san-vuon-va-tru-cong-nang-luong-mat-troi","8":"first","9":"instock","10":"sale","11":"taxable","12":"shipping-taxable","13":"purchasable","14":"product-type-simple"},"_links":{"self":[{"href":"https:\/\/sunnysolar.vn\/en\/wp-json\/wp\/v2\/product\/4718","targetHints":{"allow":["GET"]}}],"collection":[{"href":"https:\/\/sunnysolar.vn\/en\/wp-json\/wp\/v2\/product"}],"about":[{"href":"https:\/\/sunnysolar.vn\/en\/wp-json\/wp\/v2\/types\/product"}],"replies":[{"embeddable":true,"href":"https:\/\/sunnysolar.vn\/en\/wp-json\/wp\/v2\/comments?post=4718"}],"wp:featuredmedia":[{"embeddable":true,"href":"https:\/\/sunnysolar.vn\/en\/wp-json\/wp\/v2\/media\/4719"}],"wp:attachment":[{"href":"https:\/\/sunnysolar.vn\/en\/wp-json\/wp\/v2\/media?parent=4718"}],"wp:term":[{"taxonomy":"product_brand","embeddable":true,"href":"https:\/\/sunnysolar.vn\/en\/wp-json\/wp\/v2\/product_brand?post=4718"},{"taxonomy":"product_cat","embeddable":true,"href":"https:\/\/sunnysolar.vn\/en\/wp-json\/wp\/v2\/product_cat?post=4718"},{"taxonomy":"product_tag","embeddable":true,"href":"https:\/\/sunnysolar.vn\/en\/wp-json\/wp\/v2\/product_tag?post=4718"}],"curies":[{"name":"wp","href":"https:\/\/api.w.org\/{rel}","templated":true}]}}