{"id":4819,"date":"2026-03-18T16:57:59","date_gmt":"2026-03-18T09:57:59","guid":{"rendered":"https:\/\/sunnysolar.vn\/?post_type=product&#038;p=4819"},"modified":"2026-03-20T08:46:53","modified_gmt":"2026-03-20T01:46:53","slug":"den-tru-cong-nang-luong-mat-troi-wl-0407","status":"publish","type":"product","link":"https:\/\/sunnysolar.vn\/en\/product\/den-tru-cong-nang-luong-mat-troi-wl-0407\/","title":{"rendered":"\u0110\u00e8n tr\u1ee5 c\u1ed5ng n\u0103ng l\u01b0\u1ee3ng m\u1eb7t tr\u1eddi WL-0407"},"content":{"rendered":"<h3><strong>TH\u00d4NG S\u1ed0 K\u1ef8 THU\u1eacT<\/strong><\/h3>\n<table style=\"font-weight: 400;\">\n<tbody>\n<tr>\n<td width=\"135\">MODEL<\/td>\n<td width=\"209\">WL-0407(205X205XH360)<\/td>\n<\/tr>\n<tr>\n<td width=\"135\">T\u1ea5m Pin NLMT<\/td>\n<td width=\"209\">6V\/5W<\/td>\n<\/tr>\n<tr>\n<td width=\"135\">Pin<\/td>\n<td width=\"209\">3.7V\/2200mah<\/td>\n<\/tr>\n<tr>\n<td width=\"135\">K\u00edch th\u01b0\u1edbc \u0111\u00e8n<\/td>\n<td width=\"209\">205x205xH360mm (\u0110\u1ebf 200\u00d7200 mm)<\/td>\n<\/tr>\n<tr>\n<td width=\"135\">Ch\u1ea5t li\u1ec7u<\/td>\n<td width=\"209\">Nh\u00f4m \u0111\u00fac nguy\u00ean kh\u1ed1i + k\u00ednh<\/td>\n<\/tr>\n<tr>\n<td width=\"135\">M\u00e0u s\u1eafc<\/td>\n<td width=\"209\">M\u00e0u c\u00e0 ph\u00ea<\/td>\n<\/tr>\n<tr>\n<td width=\"135\">Th\u1eddi gian s\u1ea1c<\/td>\n<td width=\"209\"><strong>4-6 gi\u1edd<\/strong><\/td>\n<\/tr>\n<tr>\n<td width=\"135\">Th\u1eddi gian ho\u1ea1t \u0111\u1ed9ng<\/td>\n<td width=\"209\"><strong>24 gi\u1edd<\/strong><\/td>\n<\/tr>\n<tr>\n<td width=\"135\">Th\u1eddi gian b\u1ea3o h\u00e0nh<\/td>\n<td width=\"209\"><strong>01 n\u0103m<\/strong><\/td>\n<\/tr>\n<\/tbody>\n<\/table>\n<p>&nbsp;<\/p>\n<table style=\"font-weight: 400;\">\n<tbody>\n<tr>\n<td width=\"135\">MODEL<\/td>\n<td width=\"209\">WL-0407 (205X205XH580)<\/td>\n<\/tr>\n<tr>\n<td width=\"135\">T\u1ea5m Pin NLMT<\/td>\n<td width=\"209\">6V\/5W<\/td>\n<\/tr>\n<tr>\n<td width=\"135\">Pin<\/td>\n<td width=\"209\">3.7V\/2200mah<\/td>\n<\/tr>\n<tr>\n<td width=\"135\">K\u00edch th\u01b0\u1edbc \u0111\u00e8n<\/td>\n<td width=\"209\">205x205xH580mm (\u0110\u1ebf 200\u00d7200 mm)<\/td>\n<\/tr>\n<tr>\n<td width=\"135\">Ch\u1ea5t li\u1ec7u<\/td>\n<td width=\"209\">Nh\u00f4m \u0111\u00fac nguy\u00ean kh\u1ed1i + k\u00ednh<\/td>\n<\/tr>\n<tr>\n<td width=\"135\">M\u00e0u s\u1eafc<\/td>\n<td width=\"209\">M\u00e0u c\u00e0 ph\u00ea<\/td>\n<\/tr>\n<tr>\n<td width=\"135\">Th\u1eddi gian s\u1ea1c<\/td>\n<td width=\"209\"><strong>4-6 gi\u1edd<\/strong><\/td>\n<\/tr>\n<tr>\n<td width=\"135\">Th\u1eddi gian ho\u1ea1t \u0111\u1ed9ng<\/td>\n<td width=\"209\"><strong>24 gi\u1edd<\/strong><\/td>\n<\/tr>\n<tr>\n<td width=\"135\">Th\u1eddi gian b\u1ea3o h\u00e0nh<\/td>\n<td width=\"209\"><strong>01 n\u0103m<\/strong><\/td>\n<\/tr>\n<\/tbody>\n<\/table>","protected":false},"excerpt":{"rendered":"<p>TH\u00d4NG S\u1ed0 K\u1ef8 THU\u1eacT MODEL WL-0407(205X205XH360) T\u1ea5m Pin NLMT 6V\/5W Pin 3.7V\/2200mah K\u00edch th\u01b0\u1edbc \u0111\u00e8n 205x205xH360mm (\u0110\u1ebf 200\u00d7200 mm) Ch\u1ea5t li\u1ec7u Nh\u00f4m \u0111\u00fac nguy\u00ean kh\u1ed1i + k\u00ednh M\u00e0u s\u1eafc M\u00e0u c\u00e0 ph\u00ea Th\u1eddi gian s\u1ea1c 4-6 gi\u1edd Th\u1eddi gian ho\u1ea1t \u0111\u1ed9ng 24 gi\u1edd Th\u1eddi gian b\u1ea3o h\u00e0nh 01 n\u0103m &nbsp; MODEL WL-0407 (205X205XH580) T\u1ea5m Pin [&#8230;]","protected":false},"featured_media":4820,"comment_status":"open","ping_status":"closed","template":"","meta":[],"product_brand":[],"product_cat":[65],"product_tag":[],"class_list":{"0":"post-4819","1":"product","2":"type-product","3":"status-publish","4":"has-post-thumbnail","6":"product_cat-den-san-vuon-va-tru-cong-nang-luong-mat-troi","8":"first","9":"instock","10":"taxable","11":"shipping-taxable","12":"purchasable","13":"product-type-variable"},"_links":{"self":[{"href":"https:\/\/sunnysolar.vn\/en\/wp-json\/wp\/v2\/product\/4819","targetHints":{"allow":["GET"]}}],"collection":[{"href":"https:\/\/sunnysolar.vn\/en\/wp-json\/wp\/v2\/product"}],"about":[{"href":"https:\/\/sunnysolar.vn\/en\/wp-json\/wp\/v2\/types\/product"}],"replies":[{"embeddable":true,"href":"https:\/\/sunnysolar.vn\/en\/wp-json\/wp\/v2\/comments?post=4819"}],"wp:featuredmedia":[{"embeddable":true,"href":"https:\/\/sunnysolar.vn\/en\/wp-json\/wp\/v2\/media\/4820"}],"wp:attachment":[{"href":"https:\/\/sunnysolar.vn\/en\/wp-json\/wp\/v2\/media?parent=4819"}],"wp:term":[{"taxonomy":"product_brand","embeddable":true,"href":"https:\/\/sunnysolar.vn\/en\/wp-json\/wp\/v2\/product_brand?post=4819"},{"taxonomy":"product_cat","embeddable":true,"href":"https:\/\/sunnysolar.vn\/en\/wp-json\/wp\/v2\/product_cat?post=4819"},{"taxonomy":"product_tag","embeddable":true,"href":"https:\/\/sunnysolar.vn\/en\/wp-json\/wp\/v2\/product_tag?post=4819"}],"curies":[{"name":"wp","href":"https:\/\/api.w.org\/{rel}","templated":true}]}}