{"id":4828,"date":"2026-03-18T18:01:18","date_gmt":"2026-03-18T11:01:18","guid":{"rendered":"https:\/\/sunnysolar.vn\/?post_type=product&#038;p=4828"},"modified":"2026-03-18T18:01:47","modified_gmt":"2026-03-18T11:01:47","slug":"den-treo-tuong-nang-luong-mat-troi-wl-0410","status":"publish","type":"product","link":"https:\/\/sunnysolar.vn\/en\/product\/den-treo-tuong-nang-luong-mat-troi-wl-0410\/","title":{"rendered":"\u0110\u00e8n treo t\u01b0\u1eddng n\u0103ng l\u01b0\u1ee3ng m\u1eb7t tr\u1eddi WL-0410"},"content":{"rendered":"<h3><strong>TH\u00d4NG S\u1ed0 K\u1ef8 THU\u1eacT<\/strong><\/h3>\n<table style=\"font-weight: 400;\">\n<tbody>\n<tr>\n<td width=\"135\">MODEL<\/td>\n<td width=\"209\">WL-0410<\/td>\n<\/tr>\n<tr>\n<td width=\"135\">T\u1ea5m Pin NLMT<\/td>\n<td width=\"209\">3V\/3W<\/td>\n<\/tr>\n<tr>\n<td width=\"135\">Pin<\/td>\n<td width=\"209\">3.7V\/2200mah<\/td>\n<\/tr>\n<tr>\n<td width=\"135\">K\u00edch th\u01b0\u1edbc \u0111\u00e8n<\/td>\n<td width=\"209\">230x300HxH520mm (\u0110\u1ebf \u1ed1p t\u01b0\u1eddng 360\u00d7130 mm)<\/td>\n<\/tr>\n<tr>\n<td width=\"135\">Ch\u1ea5t li\u1ec7u<\/td>\n<td width=\"209\">Nh\u00f4m \u0111\u00fac nguy\u00ean kh\u1ed1i + k\u00ednh<\/td>\n<\/tr>\n<tr>\n<td width=\"135\">M\u00e0u s\u1eafc<\/td>\n<td width=\"209\">M\u00e0u v\u00e0ng \u0111\u1ed3ng<\/td>\n<\/tr>\n<tr>\n<td width=\"135\">Th\u1eddi gian s\u1ea1c<\/td>\n<td width=\"209\"><strong>4-6 gi\u1edd<\/strong><\/td>\n<\/tr>\n<tr>\n<td width=\"135\">Th\u1eddi gian ho\u1ea1t \u0111\u1ed9ng<\/td>\n<td width=\"209\"><strong>24 gi\u1edd<\/strong><\/td>\n<\/tr>\n<tr>\n<td width=\"135\">Th\u1eddi gian b\u1ea3o h\u00e0nh<\/td>\n<td width=\"209\"><strong>01 n\u0103m<\/strong><\/td>\n<\/tr>\n<\/tbody>\n<\/table>","protected":false},"excerpt":{"rendered":"<p>TH\u00d4NG S\u1ed0 K\u1ef8 THU\u1eacT MODEL WL-0410 T\u1ea5m Pin NLMT 3V\/3W Pin 3.7V\/2200mah K\u00edch th\u01b0\u1edbc \u0111\u00e8n 230x300HxH520mm (\u0110\u1ebf \u1ed1p t\u01b0\u1eddng 360\u00d7130 mm) Ch\u1ea5t li\u1ec7u Nh\u00f4m \u0111\u00fac nguy\u00ean kh\u1ed1i + k\u00ednh M\u00e0u s\u1eafc M\u00e0u v\u00e0ng \u0111\u1ed3ng Th\u1eddi gian s\u1ea1c 4-6 gi\u1edd Th\u1eddi gian ho\u1ea1t \u0111\u1ed9ng 24 gi\u1edd Th\u1eddi gian b\u1ea3o h\u00e0nh 01 n\u0103m<\/p>","protected":false},"featured_media":4829,"comment_status":"open","ping_status":"closed","template":"","meta":[],"product_brand":[],"product_cat":[65],"product_tag":[],"class_list":{"0":"post-4828","1":"product","2":"type-product","3":"status-publish","4":"has-post-thumbnail","6":"product_cat-den-san-vuon-va-tru-cong-nang-luong-mat-troi","8":"first","9":"instock","10":"taxable","11":"shipping-taxable","12":"purchasable","13":"product-type-simple"},"_links":{"self":[{"href":"https:\/\/sunnysolar.vn\/en\/wp-json\/wp\/v2\/product\/4828","targetHints":{"allow":["GET"]}}],"collection":[{"href":"https:\/\/sunnysolar.vn\/en\/wp-json\/wp\/v2\/product"}],"about":[{"href":"https:\/\/sunnysolar.vn\/en\/wp-json\/wp\/v2\/types\/product"}],"replies":[{"embeddable":true,"href":"https:\/\/sunnysolar.vn\/en\/wp-json\/wp\/v2\/comments?post=4828"}],"wp:featuredmedia":[{"embeddable":true,"href":"https:\/\/sunnysolar.vn\/en\/wp-json\/wp\/v2\/media\/4829"}],"wp:attachment":[{"href":"https:\/\/sunnysolar.vn\/en\/wp-json\/wp\/v2\/media?parent=4828"}],"wp:term":[{"taxonomy":"product_brand","embeddable":true,"href":"https:\/\/sunnysolar.vn\/en\/wp-json\/wp\/v2\/product_brand?post=4828"},{"taxonomy":"product_cat","embeddable":true,"href":"https:\/\/sunnysolar.vn\/en\/wp-json\/wp\/v2\/product_cat?post=4828"},{"taxonomy":"product_tag","embeddable":true,"href":"https:\/\/sunnysolar.vn\/en\/wp-json\/wp\/v2\/product_tag?post=4828"}],"curies":[{"name":"wp","href":"https:\/\/api.w.org\/{rel}","templated":true}]}}