{"id":4855,"date":"2026-03-19T10:55:07","date_gmt":"2026-03-19T03:55:07","guid":{"rendered":"https:\/\/sunnysolar.vn\/?post_type=product&#038;p=4855"},"modified":"2026-04-05T15:48:36","modified_gmt":"2026-04-05T08:48:36","slug":"quat-nang-luong-mat-troi-blue-fan","status":"publish","type":"product","link":"https:\/\/sunnysolar.vn\/en\/product\/quat-nang-luong-mat-troi-blue-fan\/","title":{"rendered":"Qu\u1ea1t n\u0103ng l\u01b0\u1ee3ng m\u1eb7t tr\u1eddi Blue Fan"},"content":{"rendered":"<h3><strong>TH\u00d4NG S\u1ed0 K\u1ef8 THU\u1eacT<\/strong><\/h3>\n<table style=\"font-weight: 400;\">\n<tbody>\n<tr>\n<td width=\"223\"><strong>C\u00d4NG SU\u1ea4T<\/strong><\/td>\n<td width=\"208\"><strong>20W<\/strong><\/td>\n<\/tr>\n<tr>\n<td width=\"223\">K\u00edch th\u01b0\u1edbc Qu\u1ea1t<\/td>\n<td width=\"208\">45 x 143 cm<\/td>\n<\/tr>\n<tr>\n<td width=\"223\">C\u00e1nh qu\u1ea1t<\/td>\n<td width=\"208\"><strong>16 inch 5 c\u00e1nh qu\u1ea1t<\/strong><\/td>\n<\/tr>\n<tr>\n<td width=\"223\">\u0110i\u1ec7n \u00e1p \/ T\u1ea7n s\u1ed1<\/td>\n<td width=\"208\">110-240V \/ 50\/60Hz<\/td>\n<\/tr>\n<tr>\n<td width=\"223\">M\u00f4-t\u01a1<\/td>\n<td width=\"208\"><strong>12V ( Brushless engine-\u0110\u1ed9ng c\u01a1 Kh\u00f4ng ch\u1ed7i than)<\/strong><\/td>\n<\/tr>\n<tr>\n<td width=\"223\">Pin l\u01b0u tr\u1eef<\/td>\n<td width=\"208\">Pin LiFePO4 12.8V 5.5Ah<\/td>\n<\/tr>\n<tr>\n<td width=\"223\"><strong>\u00a0<\/strong><\/p>\n<p>3 T\u1ed1c \u0111\u1ed9 gi\u00f3<\/td>\n<td width=\"208\">-T\u1ed1c \u0111\u1ed9 gi\u00f3 <strong>1<\/strong>: Qu\u1ea1t \u0111\u1ea7y pin ho\u1ea1t \u0111\u1ed9ng t\u1eeb <strong>5-6H<\/strong><\/p>\n<p>-T\u1ed1c \u0111\u1ed9 gi\u00f3 <strong>2<\/strong>: Qu\u1ea1t \u0111\u1ea7y pin ho\u1ea1t \u0111\u1ed9ng t\u1eeb <strong>8-10H<\/strong><\/p>\n<p>-T\u1ed1c \u0111\u1ed9 gi\u00f3 <strong>3<\/strong>:Qu\u1ea1t \u0111\u1ea7y pin ho\u1ea1t \u0111\u1ed9ng t\u1eeb <strong>10-12H<\/strong><\/td>\n<\/tr>\n<tr>\n<td width=\"223\">\u0110\u00e8n<\/td>\n<td width=\"208\">32 pcs LED x 0.2W<\/td>\n<\/tr>\n<tr>\n<td width=\"223\">Ch\u1ea5t li\u1ec7u<\/td>\n<td width=\"208\">L\u1ed3ng qu\u1ea1t: Kim lo\u1ea1i \/ Th\u00e2n qu\u1ea1t: ABS + PP<\/td>\n<\/tr>\n<tr>\n<td width=\"223\">Ho\u1ea1t \u0111\u1ed9ng<\/td>\n<td width=\"208\">AC \/ DC<\/td>\n<\/tr>\n<tr>\n<td width=\"223\">Th\u1eddi gian s\u1ea1c<\/td>\n<td width=\"208\">6-8 gi\u1edd<\/td>\n<\/tr>\n<tr>\n<td width=\"223\">K\u00edch th\u01b0\u1edbc t\u1ea5m Pin<\/td>\n<td width=\"208\">350 x 350 mm <strong>(Mono)<\/strong><\/td>\n<\/tr>\n<tr>\n<td width=\"223\">Pmax &#8211; Vmp &#8211; Lmp &#8211; VOC &#8211; Lsc<\/td>\n<td width=\"208\">20W &#8211; 16V &#8211; 0.88A &#8211; 18V &#8211; 0.933A<\/td>\n<\/tr>\n<tr>\n<td width=\"223\">B\u1ed9 s\u1ea3n ph\u1ea9m g\u1ed3m<\/td>\n<td width=\"208\">Qu\u1ea1t + T\u1ea5m pin + \u0110\u00e8n + Remote + d\u00e2y<\/td>\n<\/tr>\n<tr>\n<td width=\"223\">B\u1ea3o h\u00e0nh<\/td>\n<td width=\"208\"><strong>1 n\u0103m<\/strong><\/td>\n<\/tr>\n<\/tbody>\n<\/table>\n<div style=\"width: 1020px;\" class=\"wp-video\"><video class=\"wp-video-shortcode\" id=\"video-4855-1\" width=\"1020\" height=\"1813\" preload=\"metadata\" controls=\"controls\"><source type=\"video\/mp4\" src=\"http:\/\/sunnysolar.vn\/wp-content\/uploads\/2026\/03\/QUAT-NANG-LUONG-BLUE-FAN.mp4?_=1\" \/><a href=\"http:\/\/sunnysolar.vn\/wp-content\/uploads\/2026\/03\/QUAT-NANG-LUONG-BLUE-FAN.mp4\">http:\/\/sunnysolar.vn\/wp-content\/uploads\/2026\/03\/QUAT-NANG-LUONG-BLUE-FAN.mp4<\/a><\/video><\/div>","protected":false},"excerpt":{"rendered":"<p>TH\u00d4NG S\u1ed0 K\u1ef8 THU\u1eacT C\u00d4NG SU\u1ea4T 20W K\u00edch th\u01b0\u1edbc Qu\u1ea1t 45 x 143 cm C\u00e1nh qu\u1ea1t 16 inch 5 c\u00e1nh qu\u1ea1t \u0110i\u1ec7n \u00e1p \/ T\u1ea7n s\u1ed1 110-240V \/ 50\/60Hz M\u00f4-t\u01a1 12V ( Brushless engine-\u0110\u1ed9ng c\u01a1 Kh\u00f4ng ch\u1ed7i than) Pin l\u01b0u tr\u1eef Pin LiFePO4 12.8V 5.5Ah \u00a0 3 T\u1ed1c \u0111\u1ed9 gi\u00f3 -T\u1ed1c \u0111\u1ed9 gi\u00f3 1: Qu\u1ea1t [&#8230;]","protected":false},"featured_media":4856,"comment_status":"open","ping_status":"closed","template":"","meta":[],"product_brand":[],"product_cat":[65],"product_tag":[],"class_list":{"0":"post-4855","1":"product","2":"type-product","3":"status-publish","4":"has-post-thumbnail","6":"product_cat-den-san-vuon-va-tru-cong-nang-luong-mat-troi","8":"first","9":"instock","10":"taxable","11":"shipping-taxable","12":"purchasable","13":"product-type-simple"},"_links":{"self":[{"href":"https:\/\/sunnysolar.vn\/en\/wp-json\/wp\/v2\/product\/4855","targetHints":{"allow":["GET"]}}],"collection":[{"href":"https:\/\/sunnysolar.vn\/en\/wp-json\/wp\/v2\/product"}],"about":[{"href":"https:\/\/sunnysolar.vn\/en\/wp-json\/wp\/v2\/types\/product"}],"replies":[{"embeddable":true,"href":"https:\/\/sunnysolar.vn\/en\/wp-json\/wp\/v2\/comments?post=4855"}],"wp:featuredmedia":[{"embeddable":true,"href":"https:\/\/sunnysolar.vn\/en\/wp-json\/wp\/v2\/media\/4856"}],"wp:attachment":[{"href":"https:\/\/sunnysolar.vn\/en\/wp-json\/wp\/v2\/media?parent=4855"}],"wp:term":[{"taxonomy":"product_brand","embeddable":true,"href":"https:\/\/sunnysolar.vn\/en\/wp-json\/wp\/v2\/product_brand?post=4855"},{"taxonomy":"product_cat","embeddable":true,"href":"https:\/\/sunnysolar.vn\/en\/wp-json\/wp\/v2\/product_cat?post=4855"},{"taxonomy":"product_tag","embeddable":true,"href":"https:\/\/sunnysolar.vn\/en\/wp-json\/wp\/v2\/product_tag?post=4855"}],"curies":[{"name":"wp","href":"https:\/\/api.w.org\/{rel}","templated":true}]}}