{"id":4881,"date":"2026-03-19T16:01:49","date_gmt":"2026-03-19T09:01:49","guid":{"rendered":"https:\/\/sunnysolar.vn\/?post_type=product&#038;p=4881"},"modified":"2026-03-19T16:01:49","modified_gmt":"2026-03-19T09:01:49","slug":"den-duong-nang-luong-mat-troi-bluecarbon-bct-olf-80-140w","status":"publish","type":"product","link":"https:\/\/sunnysolar.vn\/en\/product\/den-duong-nang-luong-mat-troi-bluecarbon-bct-olf-80-140w\/","title":{"rendered":"\u0110\u00e8n \u0111\u01b0\u1eddng n\u0103ng l\u01b0\u1ee3ng m\u1eb7t tr\u1eddi BlueCarbon BCT-OLF 80-140W"},"content":{"rendered":"<p>&nbsp;<\/p>\n<table style=\"font-weight: 400;\" width=\"726\">\n<tbody>\n<tr>\n<td width=\"141\"><strong>C\u00d4NG<\/strong> <strong>SU\u1ea4T<\/strong><\/td>\n<td width=\"161\"><strong>80W<\/strong><\/td>\n<td width=\"142\"><strong>100W<\/strong><\/td>\n<td width=\"142\"><strong>120W<\/strong><\/td>\n<td width=\"142\"><strong>1<\/strong><strong>4<\/strong><strong>0W<\/strong><\/td>\n<\/tr>\n<tr>\n<td width=\"141\">T\u1ea5m Pin NLMT<\/td>\n<td width=\"161\">5V\/80W <strong>(Mono)<\/strong><\/td>\n<td width=\"142\">5V\/100W <strong>(Mono)<\/strong><\/td>\n<td width=\"142\">5V\/100W <strong>(Mono)<\/strong><\/td>\n<td width=\"142\">5V\/140W <strong>(Mono)<\/strong><\/td>\n<\/tr>\n<tr>\n<td width=\"141\">Pin<\/td>\n<td width=\"161\">3.2v\/100Ah Pin LiFePO4<\/td>\n<td width=\"142\">3.2v\/200Ah Pin LiFePO4<\/td>\n<td width=\"142\">3.2v\/300Ah Pin LiFePO4<\/td>\n<td width=\"142\">3.2v\/300Ah Pin LiFePO4<\/td>\n<\/tr>\n<tr>\n<td width=\"141\">LED<\/td>\n<td width=\"161\">6000Lm Chip Cree USA<\/td>\n<td width=\"142\">8000Lm Chip Cree USA<\/td>\n<td width=\"142\">11000Lm Chip Cree USA<\/td>\n<td width=\"142\">14000Lm Chip Cree USA<\/td>\n<\/tr>\n<tr>\n<td width=\"141\">K\u00edch th\u01b0\u1edbc \u0111\u00e8n<\/td>\n<td width=\"161\">1042 x 384 x 229 mm<\/td>\n<td width=\"142\">1338 x 384 x 253 mm<\/td>\n<td width=\"142\">1338 x 384 x 253 mm<\/td>\n<td width=\"142\">1738 x 434 x 263 mm<\/td>\n<\/tr>\n<tr>\n<td width=\"141\">Ch\u1ebf \u0111\u1ed9 \u0111i\u1ec1u khi\u1ec3n<\/td>\n<td colspan=\"4\" width=\"586\">C\u1ea3m bi\u1ebfn \u00e1nh s\u00e1ng v\u00e0 \u0111i\u1ec1u khi\u1ec3n<\/td>\n<\/tr>\n<tr>\n<td width=\"141\">Ch\u1ed1ng n\u01b0\u1edbc &#8211; Ch\u1ed1ng va \u0111\u1eadp<\/td>\n<td colspan=\"4\" width=\"586\">IP66 &#8211; IK08<\/td>\n<\/tr>\n<tr>\n<td width=\"141\">Th\u1eddi gian s\u00e1ng<\/td>\n<td colspan=\"4\" width=\"586\"><strong>12-<\/strong><strong>18h<\/strong><\/td>\n<\/tr>\n<tr>\n<td width=\"141\">Chi\u1ec1u cao\/Kho\u1ea3ng c\u00e1ch l\u1eafp \u0111\u1eb7t<\/td>\n<td width=\"161\">8-10 m \/ 35-45 m<\/td>\n<td colspan=\"3\" width=\"425\">8-10 m \/ 45-50 m<\/td>\n<\/tr>\n<tr>\n<td width=\"141\">Ch\u1ea5t li\u1ec7u<\/td>\n<td colspan=\"4\" width=\"586\">Nh\u00f4m<\/td>\n<\/tr>\n<tr>\n<td width=\"141\">B\u1ed9 s\u1ea3n ph\u1ea9m g\u1ed3m<\/td>\n<td colspan=\"4\" width=\"586\">\u0110\u00e8n li\u1ec1n th\u1ec3 + Tr\u1ee5c \u0111\u00e8n<\/td>\n<\/tr>\n<tr>\n<td width=\"141\">B\u1ea3o h\u00e0nh<\/td>\n<td colspan=\"4\" width=\"586\"><strong>05 n\u0103m<\/strong><\/td>\n<\/tr>\n<\/tbody>\n<\/table>\n<p style=\"font-weight: 400;\">","protected":false},"excerpt":{"rendered":"<p>&nbsp; C\u00d4NG SU\u1ea4T 80W 100W 120W 140W T\u1ea5m Pin NLMT 5V\/80W (Mono) 5V\/100W (Mono) 5V\/100W (Mono) 5V\/140W (Mono) Pin 3.2v\/100Ah Pin LiFePO4 3.2v\/200Ah Pin LiFePO4 3.2v\/300Ah Pin LiFePO4 3.2v\/300Ah Pin LiFePO4 LED 6000Lm Chip Cree USA 8000Lm Chip Cree USA 11000Lm Chip Cree USA 14000Lm Chip Cree USA K\u00edch th\u01b0\u1edbc \u0111\u00e8n 1042 x 384 x [&#8230;]","protected":false},"featured_media":4882,"comment_status":"open","ping_status":"closed","template":"","meta":[],"product_brand":[],"product_cat":[34],"product_tag":[],"class_list":{"0":"post-4881","1":"product","2":"type-product","3":"status-publish","4":"has-post-thumbnail","6":"product_cat-den-duong-nang-luong-mat-troi","8":"first","9":"instock","10":"taxable","11":"shipping-taxable","12":"purchasable","13":"product-type-variable"},"_links":{"self":[{"href":"https:\/\/sunnysolar.vn\/en\/wp-json\/wp\/v2\/product\/4881","targetHints":{"allow":["GET"]}}],"collection":[{"href":"https:\/\/sunnysolar.vn\/en\/wp-json\/wp\/v2\/product"}],"about":[{"href":"https:\/\/sunnysolar.vn\/en\/wp-json\/wp\/v2\/types\/product"}],"replies":[{"embeddable":true,"href":"https:\/\/sunnysolar.vn\/en\/wp-json\/wp\/v2\/comments?post=4881"}],"wp:featuredmedia":[{"embeddable":true,"href":"https:\/\/sunnysolar.vn\/en\/wp-json\/wp\/v2\/media\/4882"}],"wp:attachment":[{"href":"https:\/\/sunnysolar.vn\/en\/wp-json\/wp\/v2\/media?parent=4881"}],"wp:term":[{"taxonomy":"product_brand","embeddable":true,"href":"https:\/\/sunnysolar.vn\/en\/wp-json\/wp\/v2\/product_brand?post=4881"},{"taxonomy":"product_cat","embeddable":true,"href":"https:\/\/sunnysolar.vn\/en\/wp-json\/wp\/v2\/product_cat?post=4881"},{"taxonomy":"product_tag","embeddable":true,"href":"https:\/\/sunnysolar.vn\/en\/wp-json\/wp\/v2\/product_tag?post=4881"}],"curies":[{"name":"wp","href":"https:\/\/api.w.org\/{rel}","templated":true}]}}