{"id":4937,"date":"2026-03-20T16:03:21","date_gmt":"2026-03-20T09:03:21","guid":{"rendered":"https:\/\/sunnysolar.vn\/?post_type=product&#038;p=4937"},"modified":"2026-04-05T15:38:50","modified_gmt":"2026-04-05T08:38:50","slug":"den-nang-luong-mat-troi-jindian-jd-9300-300w","status":"publish","type":"product","link":"https:\/\/sunnysolar.vn\/en\/product\/den-nang-luong-mat-troi-jindian-jd-9300-300w\/","title":{"rendered":"\u0110\u00e8n \u0111\u01b0\u1eddng n\u0103ng l\u01b0\u1ee3ng m\u1eb7t tr\u1eddi JINDIAN JD-9300 300W"},"content":{"rendered":"<h3><strong>TH\u00d4NG S\u1ed0 K\u1ef8 THU\u1eacT<\/strong><\/h3>\n<table style=\"font-weight: 400;\">\n<tbody>\n<tr>\n<td width=\"135\"><strong>C\u00d4NG SU\u1ea4T<\/strong><\/td>\n<td width=\"209\"><strong>300W<\/strong><\/td>\n<\/tr>\n<tr>\n<td width=\"135\">Nhi\u1ec7t \u0111\u1ed9 m\u00e0u (CCT)<\/td>\n<td width=\"209\">3000-6500k<\/td>\n<\/tr>\n<tr>\n<td width=\"135\">Ch\u1ea5t li\u1ec7u<\/td>\n<td width=\"209\">ABS<\/td>\n<\/tr>\n<tr>\n<td width=\"135\">K\u00edch th\u01b0\u1edbc \u0111\u00e8n<\/td>\n<td width=\"209\">535*255mm<\/td>\n<\/tr>\n<tr>\n<td width=\"135\">Di\u1ec7n t\u00edch s\u00e1ng<\/td>\n<td width=\"209\">130m2<\/td>\n<\/tr>\n<tr>\n<td width=\"135\">Ch\u1ebf \u0111\u1ed9 l\u00e0m vi\u1ec7c<\/td>\n<td width=\"209\">\u0111i\u1ec1u khi\u1ec3n t\u1eeb xa ho\u1eb7c rada<\/td>\n<\/tr>\n<tr>\n<td width=\"135\">Th\u1eddi gian s\u00e1ng<\/td>\n<td width=\"209\">\u2265 12H<\/td>\n<\/tr>\n<tr>\n<td width=\"135\">T\u1ea5m Pin NLMT<\/td>\n<td width=\"209\"><strong>6V 10W, Polycrystalline<\/strong><\/td>\n<\/tr>\n<tr>\n<td width=\"135\">Pin l\u01b0u tr\u1eef<\/td>\n<td width=\"209\"><strong>Li-Ion 3.2V 12AH<\/strong><\/td>\n<\/tr>\n<tr>\n<td width=\"135\">B\u1ed9 s\u1ea3n ph\u1ea9m g\u1ed3m<\/td>\n<td width=\"209\">\u0110\u00e8n<\/td>\n<\/tr>\n<tr>\n<td width=\"135\">S\u1ed1 l\u01b0\u1ee3ng\/ th\u00f9ng<\/td>\n<td width=\"209\">8pcs\/cnt<\/td>\n<\/tr>\n<tr>\n<td width=\"135\">Kh\u1ed1i l\u01b0\u1ee3ng th\u00f9ng<\/td>\n<td width=\"209\">28kg<\/td>\n<\/tr>\n<tr>\n<td width=\"135\">K\u00edch th\u01b0\u1edbc th\u00f9ng<\/td>\n<td width=\"209\"><strong>910*580*405mm<\/strong><\/td>\n<\/tr>\n<\/tbody>\n<\/table>","protected":false},"excerpt":{"rendered":"<p>Model: JD-9300<\/p>\n<p>C\u00f4ng su\u1ea5t: 300W<\/p>\n<p>Th\u01b0\u01a1n hi\u1ec7u: JINDIAN<\/p>\n<p>B\u1ea3o h\u00e0nh: 2 n\u0103m<\/p>","protected":false},"featured_media":4941,"comment_status":"open","ping_status":"closed","template":"","meta":[],"product_brand":[],"product_cat":[34],"product_tag":[],"class_list":{"0":"post-4937","1":"product","2":"type-product","3":"status-publish","4":"has-post-thumbnail","6":"product_cat-den-duong-nang-luong-mat-troi","8":"first","9":"instock","10":"sale","11":"taxable","12":"shipping-taxable","13":"purchasable","14":"product-type-simple"},"_links":{"self":[{"href":"https:\/\/sunnysolar.vn\/en\/wp-json\/wp\/v2\/product\/4937","targetHints":{"allow":["GET"]}}],"collection":[{"href":"https:\/\/sunnysolar.vn\/en\/wp-json\/wp\/v2\/product"}],"about":[{"href":"https:\/\/sunnysolar.vn\/en\/wp-json\/wp\/v2\/types\/product"}],"replies":[{"embeddable":true,"href":"https:\/\/sunnysolar.vn\/en\/wp-json\/wp\/v2\/comments?post=4937"}],"wp:featuredmedia":[{"embeddable":true,"href":"https:\/\/sunnysolar.vn\/en\/wp-json\/wp\/v2\/media\/4941"}],"wp:attachment":[{"href":"https:\/\/sunnysolar.vn\/en\/wp-json\/wp\/v2\/media?parent=4937"}],"wp:term":[{"taxonomy":"product_brand","embeddable":true,"href":"https:\/\/sunnysolar.vn\/en\/wp-json\/wp\/v2\/product_brand?post=4937"},{"taxonomy":"product_cat","embeddable":true,"href":"https:\/\/sunnysolar.vn\/en\/wp-json\/wp\/v2\/product_cat?post=4937"},{"taxonomy":"product_tag","embeddable":true,"href":"https:\/\/sunnysolar.vn\/en\/wp-json\/wp\/v2\/product_tag?post=4937"}],"curies":[{"name":"wp","href":"https:\/\/api.w.org\/{rel}","templated":true}]}}