{"id":4972,"date":"2026-03-21T15:24:56","date_gmt":"2026-03-21T08:24:56","guid":{"rendered":"https:\/\/sunnysolar.vn\/?post_type=product&#038;p=4972"},"modified":"2026-03-21T15:24:56","modified_gmt":"2026-03-21T08:24:56","slug":"den-duong-nang-luong-mat-troi-oriana-db-19600w","status":"publish","type":"product","link":"https:\/\/sunnysolar.vn\/en\/product\/den-duong-nang-luong-mat-troi-oriana-db-19600w\/","title":{"rendered":"\u0110\u00e8n \u0111\u01b0\u1eddng n\u0103ng l\u01b0\u1ee3ng m\u1eb7t tr\u1eddi Oriana DB-19600W"},"content":{"rendered":"<h3><strong>TH\u00d4NG S\u1ed0 K\u1ef8 THU\u1eacT<\/strong><\/h3>\n<table style=\"font-weight: 400;\">\n<tbody>\n<tr>\n<td width=\"223\"><strong>C\u00d4NG SU\u1ea4T<\/strong><\/td>\n<td width=\"208\"><strong>600W<\/strong><\/td>\n<\/tr>\n<tr>\n<td width=\"223\">Ngu\u1ed3n s\u00e1ng<\/td>\n<td width=\"208\"><strong>1536 b\u00f3ng LED SMD 2835<\/strong><\/td>\n<\/tr>\n<tr>\n<td width=\"223\">Lumen<\/td>\n<td width=\"208\">2550 LM<\/td>\n<\/tr>\n<tr>\n<td width=\"223\">K\u00edch th\u01b0\u1edbc \u0111\u00e8n<\/td>\n<td width=\"208\"><strong>590 \u00d7 335 mm<\/strong><\/td>\n<\/tr>\n<tr>\n<td width=\"223\">Th\u1eddi gian s\u1ea1c<\/td>\n<td width=\"208\">4 \u2013 6 gi\u1edd<\/td>\n<\/tr>\n<tr>\n<td width=\"223\">Th\u1eddi gian s\u00e1ng<\/td>\n<td width=\"208\">12 \u2013 15 gi\u1edd<\/td>\n<\/tr>\n<tr>\n<td width=\"223\">Pin l\u01b0u tr\u1eef<\/td>\n<td width=\"208\"><strong>pin 32650 LiFePO\u2084, 30.000mAh, 5 vi\u00ean<\/strong><\/td>\n<\/tr>\n<tr>\n<td width=\"223\">T\u1ea5m Pin NLMT<\/td>\n<td width=\"208\"><strong>5V\/30W<\/strong><\/td>\n<\/tr>\n<tr>\n<td width=\"223\">IP<\/td>\n<td width=\"208\">IP66<\/td>\n<\/tr>\n<tr>\n<td width=\"223\">Ch\u1ea5t li\u1ec7u<\/td>\n<td width=\"208\">Nh\u1ef1a ABS k\u1ef9 thu\u1eadt + th\u1ea5u k\u00ednh quang h\u1ecdc<\/td>\n<\/tr>\n<tr>\n<td width=\"223\">B\u1ed9 s\u1ea3n ph\u1ea9m bao g\u1ed3m<\/td>\n<td width=\"208\">\u0110\u00e8n + remote + c\u1ea7n \u0111\u00e8n<\/td>\n<\/tr>\n<tr>\n<td width=\"223\">B\u1ea3o h\u00e0nh<\/td>\n<td width=\"208\"><strong>2 n\u0103m<\/strong><\/td>\n<\/tr>\n<\/tbody>\n<\/table>","protected":false},"excerpt":{"rendered":"<p>Model: DB-19600W<\/p>\n<p>C\u00f4ng su\u1ea5t: 600W<\/p>\n<p>Th\u01b0\u01a1ng hi\u1ec7u: Oriana<\/p>\n<p>B\u1ea3o h\u00e0nh: 2 n\u0103m<\/p>","protected":false},"featured_media":4973,"comment_status":"open","ping_status":"closed","template":"","meta":[],"product_brand":[],"product_cat":[34],"product_tag":[],"class_list":{"0":"post-4972","1":"product","2":"type-product","3":"status-publish","4":"has-post-thumbnail","6":"product_cat-den-duong-nang-luong-mat-troi","8":"first","9":"instock","10":"sale","11":"taxable","12":"shipping-taxable","13":"purchasable","14":"product-type-simple"},"_links":{"self":[{"href":"https:\/\/sunnysolar.vn\/en\/wp-json\/wp\/v2\/product\/4972","targetHints":{"allow":["GET"]}}],"collection":[{"href":"https:\/\/sunnysolar.vn\/en\/wp-json\/wp\/v2\/product"}],"about":[{"href":"https:\/\/sunnysolar.vn\/en\/wp-json\/wp\/v2\/types\/product"}],"replies":[{"embeddable":true,"href":"https:\/\/sunnysolar.vn\/en\/wp-json\/wp\/v2\/comments?post=4972"}],"wp:featuredmedia":[{"embeddable":true,"href":"https:\/\/sunnysolar.vn\/en\/wp-json\/wp\/v2\/media\/4973"}],"wp:attachment":[{"href":"https:\/\/sunnysolar.vn\/en\/wp-json\/wp\/v2\/media?parent=4972"}],"wp:term":[{"taxonomy":"product_brand","embeddable":true,"href":"https:\/\/sunnysolar.vn\/en\/wp-json\/wp\/v2\/product_brand?post=4972"},{"taxonomy":"product_cat","embeddable":true,"href":"https:\/\/sunnysolar.vn\/en\/wp-json\/wp\/v2\/product_cat?post=4972"},{"taxonomy":"product_tag","embeddable":true,"href":"https:\/\/sunnysolar.vn\/en\/wp-json\/wp\/v2\/product_tag?post=4972"}],"curies":[{"name":"wp","href":"https:\/\/api.w.org\/{rel}","templated":true}]}}