{"id":4984,"date":"2026-03-21T15:54:30","date_gmt":"2026-03-21T08:54:30","guid":{"rendered":"https:\/\/sunnysolar.vn\/?post_type=product&#038;p=4984"},"modified":"2026-04-05T15:38:34","modified_gmt":"2026-04-05T08:38:34","slug":"den-duong-nang-luong-mat-troi-oriana-db-6300s","status":"publish","type":"product","link":"https:\/\/sunnysolar.vn\/en\/product\/den-duong-nang-luong-mat-troi-oriana-db-6300s\/","title":{"rendered":"\u0110\u00e8n \u0111\u01b0\u1eddng n\u0103ng l\u01b0\u1ee3ng m\u1eb7t tr\u1eddi Oriana DB-6300S"},"content":{"rendered":"<h3><strong>TH\u00d4NG S\u1ed0 K\u1ef8 THU\u1eacT<\/strong><\/h3>\n<table style=\"font-weight: 400;\">\n<tbody>\n<tr>\n<td width=\"223\"><strong>C\u00d4NG SU\u1ea4T<\/strong><\/td>\n<td width=\"208\"><strong>300W<\/strong><\/td>\n<\/tr>\n<tr>\n<td width=\"223\">Ngu\u1ed3n s\u00e1ng<\/td>\n<td width=\"208\"><strong>SMD 5054 210pcs (Bridgelux)<\/strong><\/td>\n<\/tr>\n<tr>\n<td width=\"223\">Lumen<\/td>\n<td width=\"208\"><strong>1800LM<\/strong><\/td>\n<\/tr>\n<tr>\n<td width=\"223\">K\u00edch th\u01b0\u1edbc \u0111\u00e8n<\/td>\n<td width=\"208\">500*210*50mm<\/td>\n<\/tr>\n<tr>\n<td width=\"223\">Th\u1eddi gian s\u1ea1c<\/td>\n<td width=\"208\">6-8H<\/td>\n<\/tr>\n<tr>\n<td width=\"223\">Th\u1eddi gian s\u00e1ng<\/td>\n<td width=\"208\">10-14H<\/td>\n<\/tr>\n<tr>\n<td width=\"223\">Pin l\u01b0u tr\u1eef<\/td>\n<td width=\"208\"><strong>3.2V\/45AH LiFePO4 <\/strong>(pin: 38121, 15AH*3pcs)<\/td>\n<\/tr>\n<tr>\n<td width=\"223\">T\u1ea5m Pin NLMT<\/td>\n<td width=\"208\"><strong>6V\/40W MONO<\/strong><\/td>\n<\/tr>\n<tr>\n<td width=\"223\">K\u00edch th\u01b0\u1edbc t\u1ea5m pin<\/td>\n<td width=\"208\">700*350*17mm<\/td>\n<\/tr>\n<tr>\n<td width=\"223\">IP<\/td>\n<td width=\"208\">IP66<\/td>\n<\/tr>\n<tr>\n<td width=\"223\">Ch\u1ea5t li\u1ec7u<\/td>\n<td width=\"208\">Nh\u00f4m \u0111\u00fac<\/td>\n<\/tr>\n<tr>\n<td width=\"223\">B\u1ed9 s\u1ea3n ph\u1ea9m bao g\u1ed3m<\/td>\n<td width=\"208\"><strong>\u0110\u00e8n + t\u1ea5m pin + remote + c\u1ea7n \u0111\u00e8n<\/strong><\/td>\n<\/tr>\n<tr>\n<td width=\"223\">B\u1ea3o h\u00e0nh<\/td>\n<td width=\"208\"><strong>2 n\u0103m<\/strong><\/td>\n<\/tr>\n<\/tbody>\n<\/table>","protected":false},"excerpt":{"rendered":"<p>Model: DB-6300S<\/p>\n<p>C\u00f4ng su\u1ea5t: 300W<\/p>\n<p>Th\u01b0\u01a1ng hi\u1ec7u: Oriana<\/p>\n<p>B\u1ea3o h\u00e0nh: 2 n\u0103m<\/p>\n<p>&nbsp;<\/p>","protected":false},"featured_media":4985,"comment_status":"open","ping_status":"closed","template":"","meta":[],"product_brand":[],"product_cat":[34],"product_tag":[],"class_list":{"0":"post-4984","1":"product","2":"type-product","3":"status-publish","4":"has-post-thumbnail","6":"product_cat-den-duong-nang-luong-mat-troi","8":"first","9":"instock","10":"sale","11":"taxable","12":"shipping-taxable","13":"purchasable","14":"product-type-simple"},"_links":{"self":[{"href":"https:\/\/sunnysolar.vn\/en\/wp-json\/wp\/v2\/product\/4984","targetHints":{"allow":["GET"]}}],"collection":[{"href":"https:\/\/sunnysolar.vn\/en\/wp-json\/wp\/v2\/product"}],"about":[{"href":"https:\/\/sunnysolar.vn\/en\/wp-json\/wp\/v2\/types\/product"}],"replies":[{"embeddable":true,"href":"https:\/\/sunnysolar.vn\/en\/wp-json\/wp\/v2\/comments?post=4984"}],"wp:featuredmedia":[{"embeddable":true,"href":"https:\/\/sunnysolar.vn\/en\/wp-json\/wp\/v2\/media\/4985"}],"wp:attachment":[{"href":"https:\/\/sunnysolar.vn\/en\/wp-json\/wp\/v2\/media?parent=4984"}],"wp:term":[{"taxonomy":"product_brand","embeddable":true,"href":"https:\/\/sunnysolar.vn\/en\/wp-json\/wp\/v2\/product_brand?post=4984"},{"taxonomy":"product_cat","embeddable":true,"href":"https:\/\/sunnysolar.vn\/en\/wp-json\/wp\/v2\/product_cat?post=4984"},{"taxonomy":"product_tag","embeddable":true,"href":"https:\/\/sunnysolar.vn\/en\/wp-json\/wp\/v2\/product_tag?post=4984"}],"curies":[{"name":"wp","href":"https:\/\/api.w.org\/{rel}","templated":true}]}}