{"id":4987,"date":"2026-03-21T16:08:41","date_gmt":"2026-03-21T09:08:41","guid":{"rendered":"https:\/\/sunnysolar.vn\/?post_type=product&#038;p=4987"},"modified":"2026-03-21T16:08:41","modified_gmt":"2026-03-21T09:08:41","slug":"den-op-tran-nang-luong-mat-troi-db-ot1000","status":"publish","type":"product","link":"https:\/\/sunnysolar.vn\/en\/product\/den-op-tran-nang-luong-mat-troi-db-ot1000\/","title":{"rendered":"\u0110\u00e8n \u1ed1p tr\u1ea7n n\u0103ng l\u01b0\u1ee3ng m\u1eb7t tr\u1eddi DB-OT1000"},"content":{"rendered":"<h3><strong>TH\u00d4NG S\u1ed0 K\u1ef8 THU\u1eacT<\/strong><\/h3>\n<table style=\"font-weight: 400;\">\n<tbody>\n<tr>\n<td width=\"223\"><strong>C\u00d4NG SU\u1ea4T<\/strong><\/td>\n<td width=\"208\"><strong>1000W<\/strong><\/td>\n<\/tr>\n<tr>\n<td width=\"223\">Ngu\u1ed3n s\u00e1ng<\/td>\n<td width=\"208\"><strong>192pcs SMD 5054 7500K<\/strong><\/td>\n<\/tr>\n<tr>\n<td width=\"223\">Pin l\u01b0u tr\u1eef<\/td>\n<td width=\"208\"><strong>48000mAh, 8PCV 32650<\/strong><\/td>\n<\/tr>\n<tr>\n<td width=\"223\">T\u1ea5m Pin NLMT<\/td>\n<td width=\"208\">6V\/50W <strong>MONO (D\u00e2y ngu\u1ed3n 5m)<\/strong><\/td>\n<\/tr>\n<tr>\n<td width=\"223\">\u0110\u01b0\u1eddng k\u00ednh \u0111\u00e8n<\/td>\n<td width=\"208\">420mm * 420 mm<\/td>\n<\/tr>\n<tr>\n<td width=\"223\">K\u00edch th\u01b0\u1edbc t\u1ea5m pin<\/td>\n<td width=\"208\">670*445mm<\/td>\n<\/tr>\n<tr>\n<td width=\"223\">Ch\u1ea5t li\u1ec7u<\/td>\n<td width=\"208\">ABS<\/td>\n<\/tr>\n<tr>\n<td width=\"223\">Th\u1eddi gian s\u1ea1c<\/td>\n<td width=\"208\"><strong>4-6 h<\/strong><\/td>\n<\/tr>\n<tr>\n<td width=\"223\">Th\u1eddi gian s\u00e1ng<\/td>\n<td width=\"208\">10-14H<\/td>\n<\/tr>\n<tr>\n<td width=\"223\">Th\u1eddi gian b\u1ea3o h\u00e0nh<\/td>\n<td width=\"208\">2 n\u0103m<\/td>\n<\/tr>\n<\/tbody>\n<\/table>","protected":false},"excerpt":{"rendered":"<p>Model: DB-OT1000<\/p>\n<p>C\u00f4ng su\u1ea5t: 1000W<\/p>\n<p>B\u1ea3o h\u00e0nh: 2 n\u0103m<\/p>","protected":false},"featured_media":4988,"comment_status":"open","ping_status":"closed","template":"","meta":[],"product_brand":[],"product_cat":[65],"product_tag":[],"class_list":{"0":"post-4987","1":"product","2":"type-product","3":"status-publish","4":"has-post-thumbnail","6":"product_cat-den-san-vuon-va-tru-cong-nang-luong-mat-troi","8":"first","9":"instock","10":"sale","11":"taxable","12":"shipping-taxable","13":"purchasable","14":"product-type-simple"},"_links":{"self":[{"href":"https:\/\/sunnysolar.vn\/en\/wp-json\/wp\/v2\/product\/4987","targetHints":{"allow":["GET"]}}],"collection":[{"href":"https:\/\/sunnysolar.vn\/en\/wp-json\/wp\/v2\/product"}],"about":[{"href":"https:\/\/sunnysolar.vn\/en\/wp-json\/wp\/v2\/types\/product"}],"replies":[{"embeddable":true,"href":"https:\/\/sunnysolar.vn\/en\/wp-json\/wp\/v2\/comments?post=4987"}],"wp:featuredmedia":[{"embeddable":true,"href":"https:\/\/sunnysolar.vn\/en\/wp-json\/wp\/v2\/media\/4988"}],"wp:attachment":[{"href":"https:\/\/sunnysolar.vn\/en\/wp-json\/wp\/v2\/media?parent=4987"}],"wp:term":[{"taxonomy":"product_brand","embeddable":true,"href":"https:\/\/sunnysolar.vn\/en\/wp-json\/wp\/v2\/product_brand?post=4987"},{"taxonomy":"product_cat","embeddable":true,"href":"https:\/\/sunnysolar.vn\/en\/wp-json\/wp\/v2\/product_cat?post=4987"},{"taxonomy":"product_tag","embeddable":true,"href":"https:\/\/sunnysolar.vn\/en\/wp-json\/wp\/v2\/product_tag?post=4987"}],"curies":[{"name":"wp","href":"https:\/\/api.w.org\/{rel}","templated":true}]}}