{"id":5058,"date":"2026-03-24T15:16:38","date_gmt":"2026-03-24T08:16:38","guid":{"rendered":"https:\/\/sunnysolar.vn\/?post_type=product&#038;p=5058"},"modified":"2026-03-24T15:41:32","modified_gmt":"2026-03-24T08:41:32","slug":"den-duong-nang-luong-mat-troi-jindian-jd-l2000","status":"publish","type":"product","link":"https:\/\/sunnysolar.vn\/en\/product\/den-duong-nang-luong-mat-troi-jindian-jd-l2000\/","title":{"rendered":"\u0110\u00e8n \u0111\u01b0\u1eddng n\u0103ng l\u01b0\u1ee3ng m\u1eb7t tr\u1eddi JINDIAN JD-L2000 NEW"},"content":{"rendered":"<h3><strong>TH\u00d4NG S\u1ed0 K\u1ef8 THU\u1eacT<\/strong><\/h3>\n<table style=\"font-weight: 400;\">\n<tbody>\n<tr>\n<td width=\"135\"><strong>C\u00d4NG SU\u1ea4T<\/strong><\/td>\n<td width=\"209\"><strong>2000W<\/strong><\/td>\n<\/tr>\n<tr>\n<td width=\"135\">Ch\u1ea5t li\u1ec7u<\/td>\n<td width=\"209\">Nh\u00f4m<\/td>\n<\/tr>\n<tr>\n<td width=\"135\">Ngu\u1ed3n s\u00e1ng<\/td>\n<td width=\"209\"><strong>144pcs*5054 SMD LED<\/strong><\/td>\n<\/tr>\n<tr>\n<td width=\"135\">Th\u1eddi gian s\u1ea1c<\/td>\n<td width=\"209\">4-6H<\/td>\n<\/tr>\n<tr>\n<td width=\"135\">Th\u1eddi gian s\u00e1ng<\/td>\n<td width=\"209\">12-18H<\/td>\n<\/tr>\n<tr>\n<td width=\"135\">Pin l\u01b0u tr\u1eef<\/td>\n<td width=\"209\"><strong>Lithium-Ion 6.4V\/42AH<\/strong><\/td>\n<\/tr>\n<tr>\n<td width=\"135\">T\u1ea5m Pin NLMT<\/td>\n<td width=\"209\"><strong>9V\/90W MONO<\/strong><\/td>\n<\/tr>\n<tr>\n<td width=\"135\">B\u1ed9 s\u1ea3n ph\u1ea9m g\u1ed3m<\/td>\n<td width=\"209\">\u0110\u00e8n + t\u1ea5m pin n\u0103ng l\u01b0\u1ee3ng m\u1eb7t tr\u1eddi + \u0111i\u1ec1u khi\u1ec3n t\u1eeb<\/p>\n<p>xa<\/td>\n<\/tr>\n<tr>\n<td width=\"135\">S\u1ed1 l\u01b0\u1ee3ng\/ th\u00f9ng<\/td>\n<td width=\"209\">4pcs\/ctn<\/td>\n<\/tr>\n<tr>\n<td width=\"135\">K\u00edch th\u01b0\u1edbc \u0111\u00e8n<\/td>\n<td width=\"209\">700*260mm<\/td>\n<\/tr>\n<tr>\n<td width=\"135\">K\u00edch th\u01b0\u1edbc t\u1ea5m pin<\/td>\n<td width=\"209\">670*835mm<\/td>\n<\/tr>\n<tr>\n<td width=\"135\">B\u1ea3o h\u00e0nh<\/td>\n<td width=\"209\"><strong>2 n\u0103m<\/strong><\/td>\n<\/tr>\n<\/tbody>\n<\/table>","protected":false},"excerpt":{"rendered":"<p>Model: JD-L2000 NEW<\/p>\n<p>C\u00f4ng su\u1ea5t: 2000W<\/p>\n<p>Th\u01b0\u01a1ng hi\u1ec7u: JINDIAN<\/p>\n<p>B\u1ea3o h\u00e0nh: 2 n\u0103m<\/p>","protected":false},"featured_media":5047,"comment_status":"open","ping_status":"closed","template":"","meta":[],"product_brand":[],"product_cat":[34],"product_tag":[],"class_list":{"0":"post-5058","1":"product","2":"type-product","3":"status-publish","4":"has-post-thumbnail","6":"product_cat-den-duong-nang-luong-mat-troi","8":"first","9":"instock","10":"sale","11":"taxable","12":"shipping-taxable","13":"purchasable","14":"product-type-simple"},"_links":{"self":[{"href":"https:\/\/sunnysolar.vn\/en\/wp-json\/wp\/v2\/product\/5058","targetHints":{"allow":["GET"]}}],"collection":[{"href":"https:\/\/sunnysolar.vn\/en\/wp-json\/wp\/v2\/product"}],"about":[{"href":"https:\/\/sunnysolar.vn\/en\/wp-json\/wp\/v2\/types\/product"}],"replies":[{"embeddable":true,"href":"https:\/\/sunnysolar.vn\/en\/wp-json\/wp\/v2\/comments?post=5058"}],"wp:featuredmedia":[{"embeddable":true,"href":"https:\/\/sunnysolar.vn\/en\/wp-json\/wp\/v2\/media\/5047"}],"wp:attachment":[{"href":"https:\/\/sunnysolar.vn\/en\/wp-json\/wp\/v2\/media?parent=5058"}],"wp:term":[{"taxonomy":"product_brand","embeddable":true,"href":"https:\/\/sunnysolar.vn\/en\/wp-json\/wp\/v2\/product_brand?post=5058"},{"taxonomy":"product_cat","embeddable":true,"href":"https:\/\/sunnysolar.vn\/en\/wp-json\/wp\/v2\/product_cat?post=5058"},{"taxonomy":"product_tag","embeddable":true,"href":"https:\/\/sunnysolar.vn\/en\/wp-json\/wp\/v2\/product_tag?post=5058"}],"curies":[{"name":"wp","href":"https:\/\/api.w.org\/{rel}","templated":true}]}}