{"id":5091,"date":"2026-03-30T13:41:35","date_gmt":"2026-03-30T06:41:35","guid":{"rendered":"https:\/\/sunnysolar.vn\/?post_type=product&#038;p=5091"},"modified":"2026-03-30T13:59:35","modified_gmt":"2026-03-30T06:59:35","slug":"den-duong-nang-luong-mat-troi-bluecarbon-bct-olk-2-0p-56w","status":"publish","type":"product","link":"https:\/\/sunnysolar.vn\/en\/product\/den-duong-nang-luong-mat-troi-bluecarbon-bct-olk-2-0p-56w\/","title":{"rendered":"\u0110\u00e8n \u0111\u01b0\u1eddng n\u0103ng l\u01b0\u1ee3ng m\u1eb7t tr\u1eddi BlueCarbon BCT-OLK 2.0P 56W"},"content":{"rendered":"<p><img loading=\"lazy\" decoding=\"async\" class=\"alignnone size-full wp-image-4501\" src=\"http:\/\/sunnysolar.vn\/wp-content\/uploads\/2026\/03\/den-nang-luong-mat-troi-BlueCarbon-36W-BCT-OLK2.0-5.jpeg\" alt=\"\" width=\"1080\" height=\"650\" srcset=\"https:\/\/sunnysolar.vn\/wp-content\/uploads\/2026\/03\/den-nang-luong-mat-troi-BlueCarbon-36W-BCT-OLK2.0-5.jpeg 1080w, https:\/\/sunnysolar.vn\/wp-content\/uploads\/2026\/03\/den-nang-luong-mat-troi-BlueCarbon-36W-BCT-OLK2.0-5-300x181.jpeg 300w, https:\/\/sunnysolar.vn\/wp-content\/uploads\/2026\/03\/den-nang-luong-mat-troi-BlueCarbon-36W-BCT-OLK2.0-5-1024x616.jpeg 1024w, https:\/\/sunnysolar.vn\/wp-content\/uploads\/2026\/03\/den-nang-luong-mat-troi-BlueCarbon-36W-BCT-OLK2.0-5-768x462.jpeg 768w, https:\/\/sunnysolar.vn\/wp-content\/uploads\/2026\/03\/den-nang-luong-mat-troi-BlueCarbon-36W-BCT-OLK2.0-5-18x12.jpeg 18w, https:\/\/sunnysolar.vn\/wp-content\/uploads\/2026\/03\/den-nang-luong-mat-troi-BlueCarbon-36W-BCT-OLK2.0-5-600x361.jpeg 600w, https:\/\/sunnysolar.vn\/wp-content\/uploads\/2026\/03\/den-nang-luong-mat-troi-BlueCarbon-36W-BCT-OLK2.0-5-64x39.jpeg 64w\" sizes=\"auto, (max-width: 1080px) 100vw, 1080px\" \/> <img loading=\"lazy\" decoding=\"async\" class=\"alignnone size-full wp-image-4502\" src=\"http:\/\/sunnysolar.vn\/wp-content\/uploads\/2026\/03\/den-nang-luong-mat-troi-BlueCarbon-36W-BCT-OLK2.0-6.jpeg\" alt=\"\" width=\"1080\" height=\"1000\" srcset=\"https:\/\/sunnysolar.vn\/wp-content\/uploads\/2026\/03\/den-nang-luong-mat-troi-BlueCarbon-36W-BCT-OLK2.0-6.jpeg 1080w, https:\/\/sunnysolar.vn\/wp-content\/uploads\/2026\/03\/den-nang-luong-mat-troi-BlueCarbon-36W-BCT-OLK2.0-6-300x278.jpeg 300w, https:\/\/sunnysolar.vn\/wp-content\/uploads\/2026\/03\/den-nang-luong-mat-troi-BlueCarbon-36W-BCT-OLK2.0-6-1024x948.jpeg 1024w, https:\/\/sunnysolar.vn\/wp-content\/uploads\/2026\/03\/den-nang-luong-mat-troi-BlueCarbon-36W-BCT-OLK2.0-6-768x711.jpeg 768w, https:\/\/sunnysolar.vn\/wp-content\/uploads\/2026\/03\/den-nang-luong-mat-troi-BlueCarbon-36W-BCT-OLK2.0-6-13x12.jpeg 13w, https:\/\/sunnysolar.vn\/wp-content\/uploads\/2026\/03\/den-nang-luong-mat-troi-BlueCarbon-36W-BCT-OLK2.0-6-600x556.jpeg 600w, https:\/\/sunnysolar.vn\/wp-content\/uploads\/2026\/03\/den-nang-luong-mat-troi-BlueCarbon-36W-BCT-OLK2.0-6-64x59.jpeg 64w\" sizes=\"auto, (max-width: 1080px) 100vw, 1080px\" \/> <img loading=\"lazy\" decoding=\"async\" class=\"alignnone size-full wp-image-4503\" src=\"http:\/\/sunnysolar.vn\/wp-content\/uploads\/2026\/03\/den-nang-luong-mat-troi-BlueCarbon-36W-BCT-OLK2.0-7.jpeg\" alt=\"\" width=\"1080\" height=\"650\" srcset=\"https:\/\/sunnysolar.vn\/wp-content\/uploads\/2026\/03\/den-nang-luong-mat-troi-BlueCarbon-36W-BCT-OLK2.0-7.jpeg 1080w, https:\/\/sunnysolar.vn\/wp-content\/uploads\/2026\/03\/den-nang-luong-mat-troi-BlueCarbon-36W-BCT-OLK2.0-7-300x181.jpeg 300w, https:\/\/sunnysolar.vn\/wp-content\/uploads\/2026\/03\/den-nang-luong-mat-troi-BlueCarbon-36W-BCT-OLK2.0-7-1024x616.jpeg 1024w, https:\/\/sunnysolar.vn\/wp-content\/uploads\/2026\/03\/den-nang-luong-mat-troi-BlueCarbon-36W-BCT-OLK2.0-7-768x462.jpeg 768w, https:\/\/sunnysolar.vn\/wp-content\/uploads\/2026\/03\/den-nang-luong-mat-troi-BlueCarbon-36W-BCT-OLK2.0-7-18x12.jpeg 18w, https:\/\/sunnysolar.vn\/wp-content\/uploads\/2026\/03\/den-nang-luong-mat-troi-BlueCarbon-36W-BCT-OLK2.0-7-600x361.jpeg 600w, https:\/\/sunnysolar.vn\/wp-content\/uploads\/2026\/03\/den-nang-luong-mat-troi-BlueCarbon-36W-BCT-OLK2.0-7-64x39.jpeg 64w\" sizes=\"auto, (max-width: 1080px) 100vw, 1080px\" \/> <img loading=\"lazy\" decoding=\"async\" class=\"alignnone size-full wp-image-4504\" src=\"http:\/\/sunnysolar.vn\/wp-content\/uploads\/2026\/03\/den-nang-luong-mat-troi-BlueCarbon-36W-BCT-OLK2.0-8.jpeg\" alt=\"\" width=\"1080\" height=\"550\" srcset=\"https:\/\/sunnysolar.vn\/wp-content\/uploads\/2026\/03\/den-nang-luong-mat-troi-BlueCarbon-36W-BCT-OLK2.0-8.jpeg 1080w, https:\/\/sunnysolar.vn\/wp-content\/uploads\/2026\/03\/den-nang-luong-mat-troi-BlueCarbon-36W-BCT-OLK2.0-8-300x153.jpeg 300w, https:\/\/sunnysolar.vn\/wp-content\/uploads\/2026\/03\/den-nang-luong-mat-troi-BlueCarbon-36W-BCT-OLK2.0-8-1024x521.jpeg 1024w, https:\/\/sunnysolar.vn\/wp-content\/uploads\/2026\/03\/den-nang-luong-mat-troi-BlueCarbon-36W-BCT-OLK2.0-8-768x391.jpeg 768w, https:\/\/sunnysolar.vn\/wp-content\/uploads\/2026\/03\/den-nang-luong-mat-troi-BlueCarbon-36W-BCT-OLK2.0-8-18x9.jpeg 18w, https:\/\/sunnysolar.vn\/wp-content\/uploads\/2026\/03\/den-nang-luong-mat-troi-BlueCarbon-36W-BCT-OLK2.0-8-600x306.jpeg 600w, https:\/\/sunnysolar.vn\/wp-content\/uploads\/2026\/03\/den-nang-luong-mat-troi-BlueCarbon-36W-BCT-OLK2.0-8-64x33.jpeg 64w\" sizes=\"auto, (max-width: 1080px) 100vw, 1080px\" \/> <img loading=\"lazy\" decoding=\"async\" class=\"alignnone size-full wp-image-4505\" src=\"http:\/\/sunnysolar.vn\/wp-content\/uploads\/2026\/03\/den-nang-luong-mat-troi-BlueCarbon-36W-BCT-OLK2.0-9.jpeg\" alt=\"\" width=\"1080\" height=\"1080\" srcset=\"https:\/\/sunnysolar.vn\/wp-content\/uploads\/2026\/03\/den-nang-luong-mat-troi-BlueCarbon-36W-BCT-OLK2.0-9.jpeg 1080w, https:\/\/sunnysolar.vn\/wp-content\/uploads\/2026\/03\/den-nang-luong-mat-troi-BlueCarbon-36W-BCT-OLK2.0-9-300x300.jpeg 300w, https:\/\/sunnysolar.vn\/wp-content\/uploads\/2026\/03\/den-nang-luong-mat-troi-BlueCarbon-36W-BCT-OLK2.0-9-1024x1024.jpeg 1024w, https:\/\/sunnysolar.vn\/wp-content\/uploads\/2026\/03\/den-nang-luong-mat-troi-BlueCarbon-36W-BCT-OLK2.0-9-150x150.jpeg 150w, https:\/\/sunnysolar.vn\/wp-content\/uploads\/2026\/03\/den-nang-luong-mat-troi-BlueCarbon-36W-BCT-OLK2.0-9-768x768.jpeg 768w, https:\/\/sunnysolar.vn\/wp-content\/uploads\/2026\/03\/den-nang-luong-mat-troi-BlueCarbon-36W-BCT-OLK2.0-9-12x12.jpeg 12w, https:\/\/sunnysolar.vn\/wp-content\/uploads\/2026\/03\/den-nang-luong-mat-troi-BlueCarbon-36W-BCT-OLK2.0-9-600x600.jpeg 600w, https:\/\/sunnysolar.vn\/wp-content\/uploads\/2026\/03\/den-nang-luong-mat-troi-BlueCarbon-36W-BCT-OLK2.0-9-100x100.jpeg 100w, https:\/\/sunnysolar.vn\/wp-content\/uploads\/2026\/03\/den-nang-luong-mat-troi-BlueCarbon-36W-BCT-OLK2.0-9-64x64.jpeg 64w\" sizes=\"auto, (max-width: 1080px) 100vw, 1080px\" \/> <img loading=\"lazy\" decoding=\"async\" class=\"alignnone size-full wp-image-4506\" src=\"http:\/\/sunnysolar.vn\/wp-content\/uploads\/2026\/03\/den-nang-luong-mat-troi-BlueCarbon-36W-BCT-OLK2.0-10.jpeg\" alt=\"\" width=\"1080\" height=\"1080\" srcset=\"https:\/\/sunnysolar.vn\/wp-content\/uploads\/2026\/03\/den-nang-luong-mat-troi-BlueCarbon-36W-BCT-OLK2.0-10.jpeg 1080w, https:\/\/sunnysolar.vn\/wp-content\/uploads\/2026\/03\/den-nang-luong-mat-troi-BlueCarbon-36W-BCT-OLK2.0-10-300x300.jpeg 300w, https:\/\/sunnysolar.vn\/wp-content\/uploads\/2026\/03\/den-nang-luong-mat-troi-BlueCarbon-36W-BCT-OLK2.0-10-1024x1024.jpeg 1024w, https:\/\/sunnysolar.vn\/wp-content\/uploads\/2026\/03\/den-nang-luong-mat-troi-BlueCarbon-36W-BCT-OLK2.0-10-150x150.jpeg 150w, https:\/\/sunnysolar.vn\/wp-content\/uploads\/2026\/03\/den-nang-luong-mat-troi-BlueCarbon-36W-BCT-OLK2.0-10-768x768.jpeg 768w, https:\/\/sunnysolar.vn\/wp-content\/uploads\/2026\/03\/den-nang-luong-mat-troi-BlueCarbon-36W-BCT-OLK2.0-10-12x12.jpeg 12w, https:\/\/sunnysolar.vn\/wp-content\/uploads\/2026\/03\/den-nang-luong-mat-troi-BlueCarbon-36W-BCT-OLK2.0-10-600x600.jpeg 600w, https:\/\/sunnysolar.vn\/wp-content\/uploads\/2026\/03\/den-nang-luong-mat-troi-BlueCarbon-36W-BCT-OLK2.0-10-100x100.jpeg 100w, https:\/\/sunnysolar.vn\/wp-content\/uploads\/2026\/03\/den-nang-luong-mat-troi-BlueCarbon-36W-BCT-OLK2.0-10-64x64.jpeg 64w\" sizes=\"auto, (max-width: 1080px) 100vw, 1080px\" \/><\/p>\n<h3><strong>TH\u00d4NG S\u1ed0 K\u1ef8 THU\u1eacT<\/strong><\/h3>\n<table style=\"font-weight: 400;\">\n<tbody>\n<tr>\n<td width=\"168\"><strong>C\u00d4NG<\/strong> <strong>SU\u1ea4T<\/strong><\/td>\n<td width=\"229\"><strong>56W<\/strong><\/td>\n<\/tr>\n<tr>\n<td width=\"168\">T\u1ea5m Pin NLMT<\/td>\n<td width=\"229\"><span style=\"color: #ff0000;\"><strong>5V\/120W<\/strong> <strong>MONO<\/strong><\/span><\/td>\n<\/tr>\n<tr>\n<td width=\"168\">K\u00edch th\u01b0\u1edbc t\u1ea5m pin: Ph\u01b0\u01a1ng \u00e1n 1:<\/td>\n<td width=\"229\">780*780*30 mm<\/td>\n<\/tr>\n<tr>\n<td width=\"168\">K\u00edch th\u01b0\u1edbc t\u1ea5m pin: Ph\u01b0\u01a1ng \u00e1n 2:<\/td>\n<td width=\"229\">992*680*30 mm<\/td>\n<\/tr>\n<tr>\n<td width=\"168\">Pin<\/td>\n<td width=\"229\"><strong><span style=\"color: #ff0000;\">3.2v\/145Ah Pin LiFePO4<\/span><\/strong><\/td>\n<\/tr>\n<tr>\n<td width=\"168\">LED<\/td>\n<td width=\"229\"><strong><span style=\"color: #ff0000;\">7800Lm Chip Cree USA<\/span><\/strong><\/td>\n<\/tr>\n<tr>\n<td width=\"168\">K\u00edch th\u01b0\u1edbc \u0111\u00e8n<\/td>\n<td width=\"229\">585 x 260 x 85 mm<\/td>\n<\/tr>\n<tr>\n<td width=\"168\">Ch\u1ebf \u0111\u1ed9 \u0111i\u1ec1u khi\u1ec3n<\/td>\n<td width=\"229\">C\u1ea3m bi\u1ebfn \u00e1nh s\u00e1ng v\u00e0 \u0111i\u1ec1u khi\u1ec3n<\/td>\n<\/tr>\n<tr>\n<td width=\"168\">Ch\u1ed1ng n\u01b0\u1edbc &#8211; Ch\u1ed1ng va \u0111\u1eadp<\/td>\n<td width=\"229\">IP66 &#8211; IK08<\/td>\n<\/tr>\n<tr>\n<td width=\"168\">Th\u1eddi gian s\u00e1ng<\/td>\n<td width=\"229\"><strong>12-<\/strong><strong>18h<\/strong><\/td>\n<\/tr>\n<tr>\n<td width=\"168\">Chi\u1ec1u cao\/Kho\u1ea3ng c\u00e1ch l\u1eafp \u0111\u1eb7t<\/td>\n<td width=\"229\">8-10 m \/ 35-45 m<\/td>\n<\/tr>\n<tr>\n<td width=\"168\">Ch\u1ea5t li\u1ec7u<\/td>\n<td width=\"229\">Nh\u00f4m<\/td>\n<\/tr>\n<tr>\n<td width=\"168\">B\u1ed9 s\u1ea3n ph\u1ea9m g\u1ed3m<\/td>\n<td width=\"229\">\u0110\u00e8n + T\u1ea5m pin NLMT<\/td>\n<\/tr>\n<tr>\n<td width=\"168\">B\u1ea3o h\u00e0nh<\/td>\n<td width=\"229\"><strong>05 n\u0103m<\/strong><\/td>\n<\/tr>\n<\/tbody>\n<\/table>","protected":false},"excerpt":{"rendered":"<p>Model: BCT-OLK 2.0P<\/p>\n<p>Th\u01b0\u01a1ng hi\u1ec7u: Blue Carbon<\/p>\n<p>C\u00f4ng su\u1ea5t: 56W<\/p>\n<p>T\u1ea5m Pin NLMT: 5V\/120W MONO<\/p>\n<p>Quang th\u00f4ng: 7,800Lm Chip CREE-USA<\/p>\n<p>B\u1ea3o h\u00e0nh: 5 n\u0103m<\/p>","protected":false},"featured_media":4497,"comment_status":"open","ping_status":"closed","template":"","meta":[],"product_brand":[],"product_cat":[34],"product_tag":[],"class_list":{"0":"post-5091","1":"product","2":"type-product","3":"status-publish","4":"has-post-thumbnail","6":"product_cat-den-duong-nang-luong-mat-troi","8":"first","9":"instock","10":"sale","11":"taxable","12":"shipping-taxable","13":"purchasable","14":"product-type-simple"},"_links":{"self":[{"href":"https:\/\/sunnysolar.vn\/en\/wp-json\/wp\/v2\/product\/5091","targetHints":{"allow":["GET"]}}],"collection":[{"href":"https:\/\/sunnysolar.vn\/en\/wp-json\/wp\/v2\/product"}],"about":[{"href":"https:\/\/sunnysolar.vn\/en\/wp-json\/wp\/v2\/types\/product"}],"replies":[{"embeddable":true,"href":"https:\/\/sunnysolar.vn\/en\/wp-json\/wp\/v2\/comments?post=5091"}],"wp:featuredmedia":[{"embeddable":true,"href":"https:\/\/sunnysolar.vn\/en\/wp-json\/wp\/v2\/media\/4497"}],"wp:attachment":[{"href":"https:\/\/sunnysolar.vn\/en\/wp-json\/wp\/v2\/media?parent=5091"}],"wp:term":[{"taxonomy":"product_brand","embeddable":true,"href":"https:\/\/sunnysolar.vn\/en\/wp-json\/wp\/v2\/product_brand?post=5091"},{"taxonomy":"product_cat","embeddable":true,"href":"https:\/\/sunnysolar.vn\/en\/wp-json\/wp\/v2\/product_cat?post=5091"},{"taxonomy":"product_tag","embeddable":true,"href":"https:\/\/sunnysolar.vn\/en\/wp-json\/wp\/v2\/product_tag?post=5091"}],"curies":[{"name":"wp","href":"https:\/\/api.w.org\/{rel}","templated":true}]}}