{"id":5096,"date":"2026-03-30T15:20:09","date_gmt":"2026-03-30T08:20:09","guid":{"rendered":"https:\/\/sunnysolar.vn\/?post_type=product&#038;p=5096"},"modified":"2026-03-30T15:20:09","modified_gmt":"2026-03-30T08:20:09","slug":"den-duong-nang-luong-mat-troi-blue-carbon-bct-olk3-0-80w","status":"publish","type":"product","link":"https:\/\/sunnysolar.vn\/en\/product\/den-duong-nang-luong-mat-troi-blue-carbon-bct-olk3-0-80w\/","title":{"rendered":"\u0110\u00e8n \u0111\u01b0\u1eddng n\u0103ng l\u01b0\u1ee3ng m\u1eb7t tr\u1eddi Blue Carbon BCT-OLK3.0 80W"},"content":{"rendered":"<p><img loading=\"lazy\" decoding=\"async\" class=\"alignnone size-full wp-image-5101\" src=\"http:\/\/sunnysolar.vn\/wp-content\/uploads\/2026\/03\/Den-duong-nang-luong-mat-troi-Bluecarbon-BCT-OLK3.0-5.jpeg\" alt=\"\" width=\"1080\" height=\"700\" srcset=\"https:\/\/sunnysolar.vn\/wp-content\/uploads\/2026\/03\/Den-duong-nang-luong-mat-troi-Bluecarbon-BCT-OLK3.0-5.jpeg 1080w, https:\/\/sunnysolar.vn\/wp-content\/uploads\/2026\/03\/Den-duong-nang-luong-mat-troi-Bluecarbon-BCT-OLK3.0-5-300x194.jpeg 300w, https:\/\/sunnysolar.vn\/wp-content\/uploads\/2026\/03\/Den-duong-nang-luong-mat-troi-Bluecarbon-BCT-OLK3.0-5-1024x664.jpeg 1024w, https:\/\/sunnysolar.vn\/wp-content\/uploads\/2026\/03\/Den-duong-nang-luong-mat-troi-Bluecarbon-BCT-OLK3.0-5-768x498.jpeg 768w, https:\/\/sunnysolar.vn\/wp-content\/uploads\/2026\/03\/Den-duong-nang-luong-mat-troi-Bluecarbon-BCT-OLK3.0-5-18x12.jpeg 18w, https:\/\/sunnysolar.vn\/wp-content\/uploads\/2026\/03\/Den-duong-nang-luong-mat-troi-Bluecarbon-BCT-OLK3.0-5-600x389.jpeg 600w, https:\/\/sunnysolar.vn\/wp-content\/uploads\/2026\/03\/Den-duong-nang-luong-mat-troi-Bluecarbon-BCT-OLK3.0-5-64x41.jpeg 64w\" sizes=\"auto, (max-width: 1080px) 100vw, 1080px\" \/><\/p>\n<table style=\"font-weight: 400;\">\n<tbody>\n<tr>\n<td width=\"168\"><strong>C\u00d4NG<\/strong> <strong>SU\u1ea4T<\/strong><\/td>\n<td width=\"229\"><strong>80W<\/strong><\/td>\n<\/tr>\n<tr>\n<td width=\"168\"><strong>T\u1ea5m Pin NLMT<\/strong><\/td>\n<td width=\"229\"><strong>5V\/160W<\/strong> <strong>MONO<\/strong><\/td>\n<\/tr>\n<tr>\n<td width=\"168\"><strong>K\u00edch th\u01b0\u1edbc t\u1ea5m pin<\/strong><\/td>\n<td width=\"229\"><strong>1134 x 680 x 30 mm<\/strong><\/td>\n<\/tr>\n<tr>\n<td width=\"168\"><strong>Pin<\/strong><\/td>\n<td width=\"229\">3.2v\/160Ah Pin LiFePO4<\/td>\n<\/tr>\n<tr>\n<td width=\"168\"><strong>LED<\/strong><\/td>\n<td width=\"229\">8400Lm Chip Cree USA<\/td>\n<\/tr>\n<tr>\n<td width=\"168\"><strong>K\u00edch<\/strong> <strong>th\u01b0\u1edbc <\/strong><strong>\u0111\u00e8n<\/strong><\/td>\n<td width=\"229\">848 x 288 x 128 mm<\/td>\n<\/tr>\n<tr>\n<td width=\"168\"><strong>Ch\u1ebf \u0111\u1ed9 \u0111i\u1ec1u khi\u1ec3n<\/strong><\/td>\n<td width=\"229\">C\u1ea3m bi\u1ebfn \u00e1nh s\u00e1ng v\u00e0 \u0111i\u1ec1u khi\u1ec3n<\/td>\n<\/tr>\n<tr>\n<td width=\"168\"><strong>Ch\u1ed1ng n\u01b0\u1edbc &#8211; Ch\u1ed1ng va \u0111\u1eadp<\/strong><\/td>\n<td width=\"229\">IP66 &#8211; IK08<\/td>\n<\/tr>\n<tr>\n<td width=\"168\"><strong>Th\u1eddi gian s\u00e1ng<\/strong><\/td>\n<td width=\"229\"><strong>12-<\/strong><strong>18h<\/strong><\/td>\n<\/tr>\n<tr>\n<td width=\"168\"><strong>Chi\u1ec1u<\/strong> <strong>cao\/Kho\u1ea3ng<\/strong> <strong>c\u00e1ch<\/strong> <strong>l\u1eafp<\/strong> <strong>\u0111\u1eb7t<\/strong><\/td>\n<td width=\"229\">8-10 m \/ 40-50 m<\/td>\n<\/tr>\n<tr>\n<td width=\"168\"><strong>Ch\u1ea5t li\u1ec7u<\/strong><\/td>\n<td width=\"229\">Nh\u00f4m<\/td>\n<\/tr>\n<tr>\n<td width=\"168\"><strong>B\u1ed9 s\u1ea3n ph\u1ea9m g\u1ed3m<\/strong><\/td>\n<td width=\"229\">\u0110\u00e8n + T\u1ea5m pin NLMT<\/td>\n<\/tr>\n<tr>\n<td width=\"168\"><strong>B\u1ea3o h\u00e0nh<\/strong><\/td>\n<td width=\"229\"><strong>05 n\u0103m<\/strong><\/td>\n<\/tr>\n<\/tbody>\n<\/table>\n<p><img loading=\"lazy\" decoding=\"async\" class=\"alignnone size-full wp-image-5102\" src=\"http:\/\/sunnysolar.vn\/wp-content\/uploads\/2026\/03\/Den-duong-nang-luong-mat-troi-Bluecarbon-BCT-OLK3.0-6.jpeg\" alt=\"\" width=\"1080\" height=\"1080\" srcset=\"https:\/\/sunnysolar.vn\/wp-content\/uploads\/2026\/03\/Den-duong-nang-luong-mat-troi-Bluecarbon-BCT-OLK3.0-6.jpeg 1080w, https:\/\/sunnysolar.vn\/wp-content\/uploads\/2026\/03\/Den-duong-nang-luong-mat-troi-Bluecarbon-BCT-OLK3.0-6-300x300.jpeg 300w, https:\/\/sunnysolar.vn\/wp-content\/uploads\/2026\/03\/Den-duong-nang-luong-mat-troi-Bluecarbon-BCT-OLK3.0-6-1024x1024.jpeg 1024w, https:\/\/sunnysolar.vn\/wp-content\/uploads\/2026\/03\/Den-duong-nang-luong-mat-troi-Bluecarbon-BCT-OLK3.0-6-150x150.jpeg 150w, https:\/\/sunnysolar.vn\/wp-content\/uploads\/2026\/03\/Den-duong-nang-luong-mat-troi-Bluecarbon-BCT-OLK3.0-6-768x768.jpeg 768w, https:\/\/sunnysolar.vn\/wp-content\/uploads\/2026\/03\/Den-duong-nang-luong-mat-troi-Bluecarbon-BCT-OLK3.0-6-12x12.jpeg 12w, https:\/\/sunnysolar.vn\/wp-content\/uploads\/2026\/03\/Den-duong-nang-luong-mat-troi-Bluecarbon-BCT-OLK3.0-6-600x600.jpeg 600w, https:\/\/sunnysolar.vn\/wp-content\/uploads\/2026\/03\/Den-duong-nang-luong-mat-troi-Bluecarbon-BCT-OLK3.0-6-100x100.jpeg 100w, https:\/\/sunnysolar.vn\/wp-content\/uploads\/2026\/03\/Den-duong-nang-luong-mat-troi-Bluecarbon-BCT-OLK3.0-6-64x64.jpeg 64w\" sizes=\"auto, (max-width: 1080px) 100vw, 1080px\" \/> <img loading=\"lazy\" decoding=\"async\" class=\"alignnone size-full wp-image-5103\" src=\"http:\/\/sunnysolar.vn\/wp-content\/uploads\/2026\/03\/Den-duong-nang-luong-mat-troi-Bluecarbon-BCT-OLK3.0-7.jpeg\" alt=\"\" width=\"1080\" height=\"1250\" srcset=\"https:\/\/sunnysolar.vn\/wp-content\/uploads\/2026\/03\/Den-duong-nang-luong-mat-troi-Bluecarbon-BCT-OLK3.0-7.jpeg 1080w, https:\/\/sunnysolar.vn\/wp-content\/uploads\/2026\/03\/Den-duong-nang-luong-mat-troi-Bluecarbon-BCT-OLK3.0-7-259x300.jpeg 259w, https:\/\/sunnysolar.vn\/wp-content\/uploads\/2026\/03\/Den-duong-nang-luong-mat-troi-Bluecarbon-BCT-OLK3.0-7-885x1024.jpeg 885w, https:\/\/sunnysolar.vn\/wp-content\/uploads\/2026\/03\/Den-duong-nang-luong-mat-troi-Bluecarbon-BCT-OLK3.0-7-768x889.jpeg 768w, https:\/\/sunnysolar.vn\/wp-content\/uploads\/2026\/03\/Den-duong-nang-luong-mat-troi-Bluecarbon-BCT-OLK3.0-7-10x12.jpeg 10w, https:\/\/sunnysolar.vn\/wp-content\/uploads\/2026\/03\/Den-duong-nang-luong-mat-troi-Bluecarbon-BCT-OLK3.0-7-600x694.jpeg 600w, https:\/\/sunnysolar.vn\/wp-content\/uploads\/2026\/03\/Den-duong-nang-luong-mat-troi-Bluecarbon-BCT-OLK3.0-7-64x74.jpeg 64w\" sizes=\"auto, (max-width: 1080px) 100vw, 1080px\" \/> <img loading=\"lazy\" decoding=\"async\" class=\"alignnone size-full wp-image-5104\" src=\"http:\/\/sunnysolar.vn\/wp-content\/uploads\/2026\/03\/Den-duong-nang-luong-mat-troi-Bluecarbon-BCT-OLK3.0-8.jpeg\" alt=\"\" width=\"1080\" height=\"1080\" srcset=\"https:\/\/sunnysolar.vn\/wp-content\/uploads\/2026\/03\/Den-duong-nang-luong-mat-troi-Bluecarbon-BCT-OLK3.0-8.jpeg 1080w, https:\/\/sunnysolar.vn\/wp-content\/uploads\/2026\/03\/Den-duong-nang-luong-mat-troi-Bluecarbon-BCT-OLK3.0-8-300x300.jpeg 300w, https:\/\/sunnysolar.vn\/wp-content\/uploads\/2026\/03\/Den-duong-nang-luong-mat-troi-Bluecarbon-BCT-OLK3.0-8-1024x1024.jpeg 1024w, https:\/\/sunnysolar.vn\/wp-content\/uploads\/2026\/03\/Den-duong-nang-luong-mat-troi-Bluecarbon-BCT-OLK3.0-8-150x150.jpeg 150w, https:\/\/sunnysolar.vn\/wp-content\/uploads\/2026\/03\/Den-duong-nang-luong-mat-troi-Bluecarbon-BCT-OLK3.0-8-768x768.jpeg 768w, https:\/\/sunnysolar.vn\/wp-content\/uploads\/2026\/03\/Den-duong-nang-luong-mat-troi-Bluecarbon-BCT-OLK3.0-8-12x12.jpeg 12w, https:\/\/sunnysolar.vn\/wp-content\/uploads\/2026\/03\/Den-duong-nang-luong-mat-troi-Bluecarbon-BCT-OLK3.0-8-600x600.jpeg 600w, https:\/\/sunnysolar.vn\/wp-content\/uploads\/2026\/03\/Den-duong-nang-luong-mat-troi-Bluecarbon-BCT-OLK3.0-8-100x100.jpeg 100w, https:\/\/sunnysolar.vn\/wp-content\/uploads\/2026\/03\/Den-duong-nang-luong-mat-troi-Bluecarbon-BCT-OLK3.0-8-64x64.jpeg 64w\" sizes=\"auto, (max-width: 1080px) 100vw, 1080px\" \/> <img loading=\"lazy\" decoding=\"async\" class=\"alignnone size-full wp-image-5105\" src=\"http:\/\/sunnysolar.vn\/wp-content\/uploads\/2026\/03\/Den-duong-nang-luong-mat-troi-Bluecarbon-BCT-OLK3.0-9.jpeg\" alt=\"\" width=\"1080\" height=\"1080\" srcset=\"https:\/\/sunnysolar.vn\/wp-content\/uploads\/2026\/03\/Den-duong-nang-luong-mat-troi-Bluecarbon-BCT-OLK3.0-9.jpeg 1080w, https:\/\/sunnysolar.vn\/wp-content\/uploads\/2026\/03\/Den-duong-nang-luong-mat-troi-Bluecarbon-BCT-OLK3.0-9-300x300.jpeg 300w, https:\/\/sunnysolar.vn\/wp-content\/uploads\/2026\/03\/Den-duong-nang-luong-mat-troi-Bluecarbon-BCT-OLK3.0-9-1024x1024.jpeg 1024w, https:\/\/sunnysolar.vn\/wp-content\/uploads\/2026\/03\/Den-duong-nang-luong-mat-troi-Bluecarbon-BCT-OLK3.0-9-150x150.jpeg 150w, https:\/\/sunnysolar.vn\/wp-content\/uploads\/2026\/03\/Den-duong-nang-luong-mat-troi-Bluecarbon-BCT-OLK3.0-9-768x768.jpeg 768w, https:\/\/sunnysolar.vn\/wp-content\/uploads\/2026\/03\/Den-duong-nang-luong-mat-troi-Bluecarbon-BCT-OLK3.0-9-12x12.jpeg 12w, https:\/\/sunnysolar.vn\/wp-content\/uploads\/2026\/03\/Den-duong-nang-luong-mat-troi-Bluecarbon-BCT-OLK3.0-9-600x600.jpeg 600w, https:\/\/sunnysolar.vn\/wp-content\/uploads\/2026\/03\/Den-duong-nang-luong-mat-troi-Bluecarbon-BCT-OLK3.0-9-100x100.jpeg 100w, https:\/\/sunnysolar.vn\/wp-content\/uploads\/2026\/03\/Den-duong-nang-luong-mat-troi-Bluecarbon-BCT-OLK3.0-9-64x64.jpeg 64w\" sizes=\"auto, (max-width: 1080px) 100vw, 1080px\" \/> <img loading=\"lazy\" decoding=\"async\" class=\"alignnone size-full wp-image-5106\" src=\"http:\/\/sunnysolar.vn\/wp-content\/uploads\/2026\/03\/Den-duong-nang-luong-mat-troi-Bluecarbon-BCT-OLK3.0-10.jpeg\" alt=\"\" width=\"1080\" height=\"600\" srcset=\"https:\/\/sunnysolar.vn\/wp-content\/uploads\/2026\/03\/Den-duong-nang-luong-mat-troi-Bluecarbon-BCT-OLK3.0-10.jpeg 1080w, https:\/\/sunnysolar.vn\/wp-content\/uploads\/2026\/03\/Den-duong-nang-luong-mat-troi-Bluecarbon-BCT-OLK3.0-10-300x167.jpeg 300w, https:\/\/sunnysolar.vn\/wp-content\/uploads\/2026\/03\/Den-duong-nang-luong-mat-troi-Bluecarbon-BCT-OLK3.0-10-1024x569.jpeg 1024w, https:\/\/sunnysolar.vn\/wp-content\/uploads\/2026\/03\/Den-duong-nang-luong-mat-troi-Bluecarbon-BCT-OLK3.0-10-768x427.jpeg 768w, https:\/\/sunnysolar.vn\/wp-content\/uploads\/2026\/03\/Den-duong-nang-luong-mat-troi-Bluecarbon-BCT-OLK3.0-10-18x10.jpeg 18w, https:\/\/sunnysolar.vn\/wp-content\/uploads\/2026\/03\/Den-duong-nang-luong-mat-troi-Bluecarbon-BCT-OLK3.0-10-600x333.jpeg 600w, https:\/\/sunnysolar.vn\/wp-content\/uploads\/2026\/03\/Den-duong-nang-luong-mat-troi-Bluecarbon-BCT-OLK3.0-10-64x36.jpeg 64w\" sizes=\"auto, (max-width: 1080px) 100vw, 1080px\" \/> <img loading=\"lazy\" decoding=\"async\" class=\"alignnone size-full wp-image-5107\" src=\"http:\/\/sunnysolar.vn\/wp-content\/uploads\/2026\/03\/Den-duong-nang-luong-mat-troi-Bluecarbon-BCT-OLK3.0-11.jpeg\" alt=\"\" width=\"1080\" height=\"1150\" srcset=\"https:\/\/sunnysolar.vn\/wp-content\/uploads\/2026\/03\/Den-duong-nang-luong-mat-troi-Bluecarbon-BCT-OLK3.0-11.jpeg 1080w, https:\/\/sunnysolar.vn\/wp-content\/uploads\/2026\/03\/Den-duong-nang-luong-mat-troi-Bluecarbon-BCT-OLK3.0-11-282x300.jpeg 282w, https:\/\/sunnysolar.vn\/wp-content\/uploads\/2026\/03\/Den-duong-nang-luong-mat-troi-Bluecarbon-BCT-OLK3.0-11-962x1024.jpeg 962w, https:\/\/sunnysolar.vn\/wp-content\/uploads\/2026\/03\/Den-duong-nang-luong-mat-troi-Bluecarbon-BCT-OLK3.0-11-768x818.jpeg 768w, https:\/\/sunnysolar.vn\/wp-content\/uploads\/2026\/03\/Den-duong-nang-luong-mat-troi-Bluecarbon-BCT-OLK3.0-11-11x12.jpeg 11w, https:\/\/sunnysolar.vn\/wp-content\/uploads\/2026\/03\/Den-duong-nang-luong-mat-troi-Bluecarbon-BCT-OLK3.0-11-600x639.jpeg 600w, https:\/\/sunnysolar.vn\/wp-content\/uploads\/2026\/03\/Den-duong-nang-luong-mat-troi-Bluecarbon-BCT-OLK3.0-11-64x68.jpeg 64w\" sizes=\"auto, (max-width: 1080px) 100vw, 1080px\" \/><\/p>","protected":false},"excerpt":{"rendered":"<p>Model: BCT-OLK3.0<\/p>\n<p>Th\u01b0\u01a1ng hi\u1ec7u: Blue Carbon<\/p>\n<p>C\u00f4ng su\u1ea5t: 80W<\/p>\n<p>Quang th\u00f4ng: 8,400Lm<\/p>\n<p>T\u1ea5m Pin NLMT: 5V\/160W MONO<\/p>\n<p>B\u1ea3o h\u00e0nh: 5 n\u0103m<\/p>\n<p>&nbsp;<\/p>","protected":false},"featured_media":5097,"comment_status":"open","ping_status":"closed","template":"","meta":[],"product_brand":[],"product_cat":[34],"product_tag":[],"class_list":{"0":"post-5096","1":"product","2":"type-product","3":"status-publish","4":"has-post-thumbnail","6":"product_cat-den-duong-nang-luong-mat-troi","8":"first","9":"instock","10":"sale","11":"taxable","12":"shipping-taxable","13":"purchasable","14":"product-type-simple"},"_links":{"self":[{"href":"https:\/\/sunnysolar.vn\/en\/wp-json\/wp\/v2\/product\/5096","targetHints":{"allow":["GET"]}}],"collection":[{"href":"https:\/\/sunnysolar.vn\/en\/wp-json\/wp\/v2\/product"}],"about":[{"href":"https:\/\/sunnysolar.vn\/en\/wp-json\/wp\/v2\/types\/product"}],"replies":[{"embeddable":true,"href":"https:\/\/sunnysolar.vn\/en\/wp-json\/wp\/v2\/comments?post=5096"}],"wp:featuredmedia":[{"embeddable":true,"href":"https:\/\/sunnysolar.vn\/en\/wp-json\/wp\/v2\/media\/5097"}],"wp:attachment":[{"href":"https:\/\/sunnysolar.vn\/en\/wp-json\/wp\/v2\/media?parent=5096"}],"wp:term":[{"taxonomy":"product_brand","embeddable":true,"href":"https:\/\/sunnysolar.vn\/en\/wp-json\/wp\/v2\/product_brand?post=5096"},{"taxonomy":"product_cat","embeddable":true,"href":"https:\/\/sunnysolar.vn\/en\/wp-json\/wp\/v2\/product_cat?post=5096"},{"taxonomy":"product_tag","embeddable":true,"href":"https:\/\/sunnysolar.vn\/en\/wp-json\/wp\/v2\/product_tag?post=5096"}],"curies":[{"name":"wp","href":"https:\/\/api.w.org\/{rel}","templated":true}]}}