{"id":5112,"date":"2026-03-30T15:29:17","date_gmt":"2026-03-30T08:29:17","guid":{"rendered":"https:\/\/sunnysolar.vn\/?post_type=product&#038;p=5112"},"modified":"2026-03-30T15:35:26","modified_gmt":"2026-03-30T08:35:26","slug":"den-duong-nang-luong-mat-troi-blue-carbon-bct-olk3-0p-new-120w","status":"publish","type":"product","link":"https:\/\/sunnysolar.vn\/en\/product\/den-duong-nang-luong-mat-troi-blue-carbon-bct-olk3-0p-new-120w\/","title":{"rendered":"\u0110\u00e8n \u0111\u01b0\u1eddng n\u0103ng l\u01b0\u1ee3ng m\u1eb7t tr\u1eddi Blue Carbon BCT-OLK3.0P NEW 120W"},"content":{"rendered":"<p><img loading=\"lazy\" decoding=\"async\" class=\"alignnone size-full wp-image-5101\" src=\"http:\/\/sunnysolar.vn\/wp-content\/uploads\/2026\/03\/Den-duong-nang-luong-mat-troi-Bluecarbon-BCT-OLK3.0-5.jpeg\" alt=\"\" width=\"1080\" height=\"700\" srcset=\"https:\/\/sunnysolar.vn\/wp-content\/uploads\/2026\/03\/Den-duong-nang-luong-mat-troi-Bluecarbon-BCT-OLK3.0-5.jpeg 1080w, https:\/\/sunnysolar.vn\/wp-content\/uploads\/2026\/03\/Den-duong-nang-luong-mat-troi-Bluecarbon-BCT-OLK3.0-5-300x194.jpeg 300w, https:\/\/sunnysolar.vn\/wp-content\/uploads\/2026\/03\/Den-duong-nang-luong-mat-troi-Bluecarbon-BCT-OLK3.0-5-1024x664.jpeg 1024w, https:\/\/sunnysolar.vn\/wp-content\/uploads\/2026\/03\/Den-duong-nang-luong-mat-troi-Bluecarbon-BCT-OLK3.0-5-768x498.jpeg 768w, https:\/\/sunnysolar.vn\/wp-content\/uploads\/2026\/03\/Den-duong-nang-luong-mat-troi-Bluecarbon-BCT-OLK3.0-5-18x12.jpeg 18w, https:\/\/sunnysolar.vn\/wp-content\/uploads\/2026\/03\/Den-duong-nang-luong-mat-troi-Bluecarbon-BCT-OLK3.0-5-600x389.jpeg 600w, https:\/\/sunnysolar.vn\/wp-content\/uploads\/2026\/03\/Den-duong-nang-luong-mat-troi-Bluecarbon-BCT-OLK3.0-5-64x41.jpeg 64w\" sizes=\"auto, (max-width: 1080px) 100vw, 1080px\" \/><\/p>\n<table style=\"font-weight: 400;\">\n<tbody>\n<tr>\n<td width=\"168\"><strong>C\u00d4NG<\/strong> <strong>SU\u1ea4T<\/strong><\/td>\n<td width=\"229\"><strong>120W<\/strong><\/td>\n<\/tr>\n<tr>\n<td width=\"168\">T\u1ea5m Pin NLMT<\/td>\n<td width=\"229\">5V\/180W (<strong>Mono<\/strong>)<\/td>\n<\/tr>\n<tr>\n<td width=\"168\">K\u00edch th\u01b0\u1edbc t\u1ea5m pin: Ph\u01b0\u01a1ng \u00e1n 1:<\/td>\n<td width=\"229\"><strong>1326 x 680 x 30 mm<\/strong><\/td>\n<\/tr>\n<tr>\n<td width=\"168\">K\u00edch th\u01b0\u1edbc t\u1ea5m pin: Ph\u01b0\u01a1ng \u00e1n 2:<\/td>\n<td width=\"229\"><strong>1134 x 730 x 30 mm<\/strong><\/td>\n<\/tr>\n<tr>\n<td width=\"168\">Pin<\/td>\n<td width=\"229\"><strong><span style=\"color: #ed1c24;\">3.2v\/300,000 mAh Pin LiFePO4<\/span><\/strong><\/td>\n<\/tr>\n<tr>\n<td width=\"168\">LED<\/td>\n<td width=\"229\">14000Lm Chip Cree USA<\/td>\n<\/tr>\n<tr>\n<td width=\"168\">K\u00edch th\u01b0\u1edbc \u0111\u00e8n<\/td>\n<td width=\"229\">848 x 288 x 128 mm<\/td>\n<\/tr>\n<tr>\n<td width=\"168\">Ch\u1ebf \u0111\u1ed9 \u0111i\u1ec1u khi\u1ec3n<\/td>\n<td width=\"229\">C\u1ea3m bi\u1ebfn \u00e1nh s\u00e1ng v\u00e0 \u0111i\u1ec1u khi\u1ec3n<\/td>\n<\/tr>\n<tr>\n<td width=\"168\">Ch\u1ed1ng n\u01b0\u1edbc &#8211; Ch\u1ed1ng va \u0111\u1eadp<\/td>\n<td width=\"229\">IP66 &#8211; IK08<\/td>\n<\/tr>\n<tr>\n<td width=\"168\">Th\u1eddi gian s\u00e1ng<\/td>\n<td width=\"229\"><strong>12-<\/strong><strong>18h<\/strong><\/td>\n<\/tr>\n<tr>\n<td width=\"168\">Chi\u1ec1u cao\/Kho\u1ea3ng c\u00e1ch l\u1eafp \u0111\u1eb7t<\/td>\n<td width=\"229\">10-12 m \/ 40-50 m<\/td>\n<\/tr>\n<tr>\n<td width=\"168\">Ch\u1ea5t li\u1ec7u<\/td>\n<td width=\"229\">Nh\u00f4m<\/td>\n<\/tr>\n<tr>\n<td width=\"168\">B\u1ed9 s\u1ea3n ph\u1ea9m g\u1ed3m<\/td>\n<td width=\"229\">\u0110\u00e8n + T\u1ea5m pin NLMT<\/td>\n<\/tr>\n<tr>\n<td width=\"168\">B\u1ea3o h\u00e0nh<\/td>\n<td width=\"229\"><strong>05 n\u0103m<\/strong><\/td>\n<\/tr>\n<\/tbody>\n<\/table>\n<p><img loading=\"lazy\" decoding=\"async\" class=\"alignnone size-full wp-image-5102\" src=\"http:\/\/sunnysolar.vn\/wp-content\/uploads\/2026\/03\/Den-duong-nang-luong-mat-troi-Bluecarbon-BCT-OLK3.0-6.jpeg\" alt=\"\" width=\"1080\" height=\"1080\" srcset=\"https:\/\/sunnysolar.vn\/wp-content\/uploads\/2026\/03\/Den-duong-nang-luong-mat-troi-Bluecarbon-BCT-OLK3.0-6.jpeg 1080w, https:\/\/sunnysolar.vn\/wp-content\/uploads\/2026\/03\/Den-duong-nang-luong-mat-troi-Bluecarbon-BCT-OLK3.0-6-300x300.jpeg 300w, https:\/\/sunnysolar.vn\/wp-content\/uploads\/2026\/03\/Den-duong-nang-luong-mat-troi-Bluecarbon-BCT-OLK3.0-6-1024x1024.jpeg 1024w, https:\/\/sunnysolar.vn\/wp-content\/uploads\/2026\/03\/Den-duong-nang-luong-mat-troi-Bluecarbon-BCT-OLK3.0-6-150x150.jpeg 150w, https:\/\/sunnysolar.vn\/wp-content\/uploads\/2026\/03\/Den-duong-nang-luong-mat-troi-Bluecarbon-BCT-OLK3.0-6-768x768.jpeg 768w, https:\/\/sunnysolar.vn\/wp-content\/uploads\/2026\/03\/Den-duong-nang-luong-mat-troi-Bluecarbon-BCT-OLK3.0-6-12x12.jpeg 12w, https:\/\/sunnysolar.vn\/wp-content\/uploads\/2026\/03\/Den-duong-nang-luong-mat-troi-Bluecarbon-BCT-OLK3.0-6-600x600.jpeg 600w, https:\/\/sunnysolar.vn\/wp-content\/uploads\/2026\/03\/Den-duong-nang-luong-mat-troi-Bluecarbon-BCT-OLK3.0-6-100x100.jpeg 100w, https:\/\/sunnysolar.vn\/wp-content\/uploads\/2026\/03\/Den-duong-nang-luong-mat-troi-Bluecarbon-BCT-OLK3.0-6-64x64.jpeg 64w\" sizes=\"auto, (max-width: 1080px) 100vw, 1080px\" \/> <img loading=\"lazy\" decoding=\"async\" class=\"alignnone size-full wp-image-5103\" src=\"http:\/\/sunnysolar.vn\/wp-content\/uploads\/2026\/03\/Den-duong-nang-luong-mat-troi-Bluecarbon-BCT-OLK3.0-7.jpeg\" alt=\"\" width=\"1080\" height=\"1250\" srcset=\"https:\/\/sunnysolar.vn\/wp-content\/uploads\/2026\/03\/Den-duong-nang-luong-mat-troi-Bluecarbon-BCT-OLK3.0-7.jpeg 1080w, https:\/\/sunnysolar.vn\/wp-content\/uploads\/2026\/03\/Den-duong-nang-luong-mat-troi-Bluecarbon-BCT-OLK3.0-7-259x300.jpeg 259w, https:\/\/sunnysolar.vn\/wp-content\/uploads\/2026\/03\/Den-duong-nang-luong-mat-troi-Bluecarbon-BCT-OLK3.0-7-885x1024.jpeg 885w, https:\/\/sunnysolar.vn\/wp-content\/uploads\/2026\/03\/Den-duong-nang-luong-mat-troi-Bluecarbon-BCT-OLK3.0-7-768x889.jpeg 768w, https:\/\/sunnysolar.vn\/wp-content\/uploads\/2026\/03\/Den-duong-nang-luong-mat-troi-Bluecarbon-BCT-OLK3.0-7-10x12.jpeg 10w, https:\/\/sunnysolar.vn\/wp-content\/uploads\/2026\/03\/Den-duong-nang-luong-mat-troi-Bluecarbon-BCT-OLK3.0-7-600x694.jpeg 600w, https:\/\/sunnysolar.vn\/wp-content\/uploads\/2026\/03\/Den-duong-nang-luong-mat-troi-Bluecarbon-BCT-OLK3.0-7-64x74.jpeg 64w\" sizes=\"auto, (max-width: 1080px) 100vw, 1080px\" \/> <img loading=\"lazy\" decoding=\"async\" class=\"alignnone size-full wp-image-5104\" src=\"http:\/\/sunnysolar.vn\/wp-content\/uploads\/2026\/03\/Den-duong-nang-luong-mat-troi-Bluecarbon-BCT-OLK3.0-8.jpeg\" alt=\"\" width=\"1080\" height=\"1080\" srcset=\"https:\/\/sunnysolar.vn\/wp-content\/uploads\/2026\/03\/Den-duong-nang-luong-mat-troi-Bluecarbon-BCT-OLK3.0-8.jpeg 1080w, https:\/\/sunnysolar.vn\/wp-content\/uploads\/2026\/03\/Den-duong-nang-luong-mat-troi-Bluecarbon-BCT-OLK3.0-8-300x300.jpeg 300w, https:\/\/sunnysolar.vn\/wp-content\/uploads\/2026\/03\/Den-duong-nang-luong-mat-troi-Bluecarbon-BCT-OLK3.0-8-1024x1024.jpeg 1024w, https:\/\/sunnysolar.vn\/wp-content\/uploads\/2026\/03\/Den-duong-nang-luong-mat-troi-Bluecarbon-BCT-OLK3.0-8-150x150.jpeg 150w, https:\/\/sunnysolar.vn\/wp-content\/uploads\/2026\/03\/Den-duong-nang-luong-mat-troi-Bluecarbon-BCT-OLK3.0-8-768x768.jpeg 768w, https:\/\/sunnysolar.vn\/wp-content\/uploads\/2026\/03\/Den-duong-nang-luong-mat-troi-Bluecarbon-BCT-OLK3.0-8-12x12.jpeg 12w, https:\/\/sunnysolar.vn\/wp-content\/uploads\/2026\/03\/Den-duong-nang-luong-mat-troi-Bluecarbon-BCT-OLK3.0-8-600x600.jpeg 600w, https:\/\/sunnysolar.vn\/wp-content\/uploads\/2026\/03\/Den-duong-nang-luong-mat-troi-Bluecarbon-BCT-OLK3.0-8-100x100.jpeg 100w, https:\/\/sunnysolar.vn\/wp-content\/uploads\/2026\/03\/Den-duong-nang-luong-mat-troi-Bluecarbon-BCT-OLK3.0-8-64x64.jpeg 64w\" sizes=\"auto, (max-width: 1080px) 100vw, 1080px\" \/> <img loading=\"lazy\" decoding=\"async\" class=\"alignnone size-full wp-image-5105\" src=\"http:\/\/sunnysolar.vn\/wp-content\/uploads\/2026\/03\/Den-duong-nang-luong-mat-troi-Bluecarbon-BCT-OLK3.0-9.jpeg\" alt=\"\" width=\"1080\" height=\"1080\" srcset=\"https:\/\/sunnysolar.vn\/wp-content\/uploads\/2026\/03\/Den-duong-nang-luong-mat-troi-Bluecarbon-BCT-OLK3.0-9.jpeg 1080w, https:\/\/sunnysolar.vn\/wp-content\/uploads\/2026\/03\/Den-duong-nang-luong-mat-troi-Bluecarbon-BCT-OLK3.0-9-300x300.jpeg 300w, https:\/\/sunnysolar.vn\/wp-content\/uploads\/2026\/03\/Den-duong-nang-luong-mat-troi-Bluecarbon-BCT-OLK3.0-9-1024x1024.jpeg 1024w, https:\/\/sunnysolar.vn\/wp-content\/uploads\/2026\/03\/Den-duong-nang-luong-mat-troi-Bluecarbon-BCT-OLK3.0-9-150x150.jpeg 150w, https:\/\/sunnysolar.vn\/wp-content\/uploads\/2026\/03\/Den-duong-nang-luong-mat-troi-Bluecarbon-BCT-OLK3.0-9-768x768.jpeg 768w, https:\/\/sunnysolar.vn\/wp-content\/uploads\/2026\/03\/Den-duong-nang-luong-mat-troi-Bluecarbon-BCT-OLK3.0-9-12x12.jpeg 12w, https:\/\/sunnysolar.vn\/wp-content\/uploads\/2026\/03\/Den-duong-nang-luong-mat-troi-Bluecarbon-BCT-OLK3.0-9-600x600.jpeg 600w, https:\/\/sunnysolar.vn\/wp-content\/uploads\/2026\/03\/Den-duong-nang-luong-mat-troi-Bluecarbon-BCT-OLK3.0-9-100x100.jpeg 100w, https:\/\/sunnysolar.vn\/wp-content\/uploads\/2026\/03\/Den-duong-nang-luong-mat-troi-Bluecarbon-BCT-OLK3.0-9-64x64.jpeg 64w\" sizes=\"auto, (max-width: 1080px) 100vw, 1080px\" \/> <img loading=\"lazy\" decoding=\"async\" class=\"alignnone size-full wp-image-5106\" src=\"http:\/\/sunnysolar.vn\/wp-content\/uploads\/2026\/03\/Den-duong-nang-luong-mat-troi-Bluecarbon-BCT-OLK3.0-10.jpeg\" alt=\"\" width=\"1080\" height=\"600\" srcset=\"https:\/\/sunnysolar.vn\/wp-content\/uploads\/2026\/03\/Den-duong-nang-luong-mat-troi-Bluecarbon-BCT-OLK3.0-10.jpeg 1080w, https:\/\/sunnysolar.vn\/wp-content\/uploads\/2026\/03\/Den-duong-nang-luong-mat-troi-Bluecarbon-BCT-OLK3.0-10-300x167.jpeg 300w, https:\/\/sunnysolar.vn\/wp-content\/uploads\/2026\/03\/Den-duong-nang-luong-mat-troi-Bluecarbon-BCT-OLK3.0-10-1024x569.jpeg 1024w, https:\/\/sunnysolar.vn\/wp-content\/uploads\/2026\/03\/Den-duong-nang-luong-mat-troi-Bluecarbon-BCT-OLK3.0-10-768x427.jpeg 768w, https:\/\/sunnysolar.vn\/wp-content\/uploads\/2026\/03\/Den-duong-nang-luong-mat-troi-Bluecarbon-BCT-OLK3.0-10-18x10.jpeg 18w, https:\/\/sunnysolar.vn\/wp-content\/uploads\/2026\/03\/Den-duong-nang-luong-mat-troi-Bluecarbon-BCT-OLK3.0-10-600x333.jpeg 600w, https:\/\/sunnysolar.vn\/wp-content\/uploads\/2026\/03\/Den-duong-nang-luong-mat-troi-Bluecarbon-BCT-OLK3.0-10-64x36.jpeg 64w\" sizes=\"auto, (max-width: 1080px) 100vw, 1080px\" \/> <img loading=\"lazy\" decoding=\"async\" class=\"alignnone size-full wp-image-5107\" src=\"http:\/\/sunnysolar.vn\/wp-content\/uploads\/2026\/03\/Den-duong-nang-luong-mat-troi-Bluecarbon-BCT-OLK3.0-11.jpeg\" alt=\"\" width=\"1080\" height=\"1150\" srcset=\"https:\/\/sunnysolar.vn\/wp-content\/uploads\/2026\/03\/Den-duong-nang-luong-mat-troi-Bluecarbon-BCT-OLK3.0-11.jpeg 1080w, https:\/\/sunnysolar.vn\/wp-content\/uploads\/2026\/03\/Den-duong-nang-luong-mat-troi-Bluecarbon-BCT-OLK3.0-11-282x300.jpeg 282w, https:\/\/sunnysolar.vn\/wp-content\/uploads\/2026\/03\/Den-duong-nang-luong-mat-troi-Bluecarbon-BCT-OLK3.0-11-962x1024.jpeg 962w, https:\/\/sunnysolar.vn\/wp-content\/uploads\/2026\/03\/Den-duong-nang-luong-mat-troi-Bluecarbon-BCT-OLK3.0-11-768x818.jpeg 768w, https:\/\/sunnysolar.vn\/wp-content\/uploads\/2026\/03\/Den-duong-nang-luong-mat-troi-Bluecarbon-BCT-OLK3.0-11-11x12.jpeg 11w, https:\/\/sunnysolar.vn\/wp-content\/uploads\/2026\/03\/Den-duong-nang-luong-mat-troi-Bluecarbon-BCT-OLK3.0-11-600x639.jpeg 600w, https:\/\/sunnysolar.vn\/wp-content\/uploads\/2026\/03\/Den-duong-nang-luong-mat-troi-Bluecarbon-BCT-OLK3.0-11-64x68.jpeg 64w\" sizes=\"auto, (max-width: 1080px) 100vw, 1080px\" \/><\/p>","protected":false},"excerpt":{"rendered":"<p>Model: BCT-OLK3.0P NEW<\/p>\n<p>Th\u01b0\u01a1ng hi\u1ec7u: Blue Carbon<\/p>\n<p>C\u00f4ng su\u1ea5t: 120W<\/p>\n<p>Quang th\u00f4ng: 14,000Lm<\/p>\n<p>T\u1ea5m Pin NLMT: 5V\/180W MONO<\/p>\n<p>Pin l\u01b0u tr\u1eef:<span style=\"color: #ed1c24;\"> 3.2V\/300Ah LiFePO4<\/span><\/p>\n<p>B\u1ea3o h\u00e0nh: 5 n\u0103m<\/p>\n<p>&nbsp;<\/p>","protected":false},"featured_media":5097,"comment_status":"open","ping_status":"closed","template":"","meta":[],"product_brand":[],"product_cat":[34],"product_tag":[],"class_list":{"0":"post-5112","1":"product","2":"type-product","3":"status-publish","4":"has-post-thumbnail","6":"product_cat-den-duong-nang-luong-mat-troi","8":"first","9":"instock","10":"sale","11":"taxable","12":"shipping-taxable","13":"purchasable","14":"product-type-simple"},"_links":{"self":[{"href":"https:\/\/sunnysolar.vn\/en\/wp-json\/wp\/v2\/product\/5112","targetHints":{"allow":["GET"]}}],"collection":[{"href":"https:\/\/sunnysolar.vn\/en\/wp-json\/wp\/v2\/product"}],"about":[{"href":"https:\/\/sunnysolar.vn\/en\/wp-json\/wp\/v2\/types\/product"}],"replies":[{"embeddable":true,"href":"https:\/\/sunnysolar.vn\/en\/wp-json\/wp\/v2\/comments?post=5112"}],"wp:featuredmedia":[{"embeddable":true,"href":"https:\/\/sunnysolar.vn\/en\/wp-json\/wp\/v2\/media\/5097"}],"wp:attachment":[{"href":"https:\/\/sunnysolar.vn\/en\/wp-json\/wp\/v2\/media?parent=5112"}],"wp:term":[{"taxonomy":"product_brand","embeddable":true,"href":"https:\/\/sunnysolar.vn\/en\/wp-json\/wp\/v2\/product_brand?post=5112"},{"taxonomy":"product_cat","embeddable":true,"href":"https:\/\/sunnysolar.vn\/en\/wp-json\/wp\/v2\/product_cat?post=5112"},{"taxonomy":"product_tag","embeddable":true,"href":"https:\/\/sunnysolar.vn\/en\/wp-json\/wp\/v2\/product_tag?post=5112"}],"curies":[{"name":"wp","href":"https:\/\/api.w.org\/{rel}","templated":true}]}}